{"id":13711,"date":"2025-10-24T09:52:42","date_gmt":"2025-10-24T02:52:42","guid":{"rendered":"https:\/\/web-ban-le.mbws.vn\/oto-xe-may-xe-dap\/?post_type=product&#038;p=13711"},"modified":"2025-11-04T00:13:59","modified_gmt":"2025-11-03T17:13:59","slug":"xe-may-yamaha-janus-phien-ban-tieu-chuan","status":"publish","type":"product","link":"https:\/\/web-ban-le.mbws.vn\/oto-xe-may-xe-dap\/san-pham\/xe-may-yamaha-janus-phien-ban-tieu-chuan\/","title":{"rendered":"Xe M\u00e1y YAMAHA Janus Phi\u00ean B\u1ea3n Ti\u00eau Chu\u1ea9n"},"content":{"rendered":"<div class=\"e8lZp3\">\n<p class=\"QN2lPu\">Xe m\u00e1y Janus Yamaha 125 Ho\u00e0n to\u00e0n m\u1edbi \u0111\u01b0\u1ee3c n\u00e2ng c\u1ea5p to\u00e0n di\u1ec7n t\u1eeb thi\u1ebft k\u1ebf \u0111\u1ebfn t\u00ednh n\u0103ng. Thi\u1ebft k\u1ebf s\u1eafc n\u00e9t th\u1eddi th\u01b0\u1ee3ng v\u1edbi th\u00e2n xe vu\u1ed1t g\u1ecdn, v\u1eadn h\u00e0nh m\u01b0\u1ee3t m\u00e0 c\u00f9ng \u0111\u1ed9ng c\u01a1 Bluecore, Janus m\u1edbi c\u00f3 m\u1ee9c ti\u00eau th\u1ee5 nhi\u00ean li\u1ec7u ch\u1ec9 1,88 l\u00edt\/100km.<\/p>\n<p class=\"QN2lPu\">\n<p class=\"QN2lPu\">\u2026Gi\u00e1 b\u00e1n xe \u0111\u00e3 bao g\u1ed3m thu\u1ebf VAT, ch\u01b0a bao g\u1ed3m thu\u1ebf tr\u01b0\u1edbc b\u1ea1, bi\u1ec3n s\u1ed1, v\u00e0  chi ph\u00ed thanh to\u00e1n c\u1ee7a Shopee.<\/p>\n<p class=\"QN2lPu\">YAMAHA 74 KH\u00c2M THI\u00caN    c\u00f3 h\u1ed7 tr\u1ee3 v\u1ec1 th\u1ee7 t\u1ee5c \u0111\u0103ng k\u00fd, kh\u00e1ch h\u00e0ng mua xe c\u00f3 th\u1ec3 T\u1ef0 \u0110I \u0110\u0102NG K\u00cd <\/p>\n<p class=\"QN2lPu\">Kh\u00e1ch h\u00e0ng nh\u1eadn xe t\u1ea1i c\u1eeda h\u00e0ng.<\/p>\n<p class=\"QN2lPu\">Th\u1eddi h\u1ea1n b\u1ea3o h\u00e0nh: 3 n\u0103m<\/p>\n<p class=\"QN2lPu\">\n<p class=\"QN2lPu\">QUY TR\u00ccNH \u0110\u1eb6T XE :<\/p>\n<p class=\"QN2lPu\">B1: Ch\u1ecdn xe\/ M\u00e0u xe cho v\u00e0o gi\u1ecf h\u00e0ng<\/p>\n<p class=\"QN2lPu\">B2 : Chat c\u00f9ng c\u1eeda h\u00e0ng \u0111\u1ec3 bi\u1ebft th\u00eam th\u00f4ng tin v\u1ec1 s\u1ea3n ph\u1ea9m v\u00e0 c\u00e1c chi ph\u00ed ph\u00e1t sinh k\u00e8m theo.<\/p>\n<p class=\"QN2lPu\">B3: Kh\u00e1ch \u0111\u1ed3ng \u00fd -&gt; \u0111\u1eb7t xe -&gt; c\u1eeda h\u00e0ng nh\u1eadn \u0111\u01a1n-&gt;giao xe cho kh\u00e1ch. <\/p>\n<p class=\"QN2lPu\">\n<p class=\"QN2lPu\">C\u1eeda h\u00e0ng c\u00f3 h\u1ed7 tr\u1ee3 v\u1ec1 th\u1ee7 t\u1ee5c \u0111\u0103ng k\u00fd, kh\u00e1ch h\u00e0ng mua xe c\u00f3 th\u1ec3 t\u1ef1 \u0111i \u0111\u0103ng k\u00fd.<\/p>\n<p class=\"QN2lPu\">Kh\u00e1ch \u0111\u1ebfn nh\u1eadn xe t\u1ea1i c\u1eeda h\u00e0ng.<\/p>\n<p class=\"QN2lPu\">Th\u1eddi h\u1ea1n b\u1ea3o h\u00e0nh: 3 n\u0103m<\/p>\n<p class=\"QN2lPu\">*Sau khi \u0111\u1eb7t h\u00e0ng th\u00e0nh c\u00f4ng, c\u1eeda h\u00e0ng s\u1ebd li\u00ean h\u1ec7 v\u00e0 th\u00f4ng b\u00e1o th\u1eddi gian nh\u1eadn xe trong v\u00f2ng 24h.<\/p>\n<p class=\"QN2lPu\">\u0110\u1ea1i l\u00fd Yamaha Xe M\u00e1y 74 <\/p>\n<\/div>\n","protected":false},"excerpt":{"rendered":"<p>Xe m\u00e1y Janus Yamaha 125 Ho\u00e0n to\u00e0n m\u1edbi \u0111\u01b0\u1ee3c n\u00e2ng c\u1ea5p to\u00e0n di\u1ec7n t\u1eeb thi\u1ebft k\u1ebf \u0111\u1ebfn t\u00ednh n\u0103ng. Thi\u1ebft k\u1ebf s\u1eafc n\u00e9t th\u1eddi th\u01b0\u1ee3ng v\u1edbi th\u00e2n xe vu\u1ed1t g\u1ecdn, v\u1eadn h\u00e0nh m\u01b0\u1ee3t m\u00e0 c\u00f9ng \u0111\u1ed9ng c\u01a1 Bluecore, Janus m\u1edbi c\u00f3 m\u1ee9c ti\u00eau th\u1ee5 nhi\u00ean li\u1ec7u ch\u1ec9 1,88 l\u00edt\/100km. \u2026Gi\u00e1 b\u00e1n xe \u0111\u00e3 bao g\u1ed3m&#8230;<\/p>\n","protected":false},"featured_media":13748,"comment_status":"open","ping_status":"closed","template":"","meta":[],"product_brand":[1383],"product_cat":[1211,1213],"product_tag":[],"class_list":{"0":"post-13711","1":"product","2":"type-product","3":"status-publish","4":"has-post-thumbnail","6":"product_brand-yamaha","7":"product_cat-mo-to","8":"product_cat-xe-tay-ga","10":"first","11":"instock","12":"featured","13":"shipping-taxable","14":"purchasable","15":"product-type-variable"},"_links":{"self":[{"href":"https:\/\/web-ban-le.mbws.vn\/oto-xe-may-xe-dap\/wp-json\/wp\/v2\/product\/13711","targetHints":{"allow":["GET"]}}],"collection":[{"href":"https:\/\/web-ban-le.mbws.vn\/oto-xe-may-xe-dap\/wp-json\/wp\/v2\/product"}],"about":[{"href":"https:\/\/web-ban-le.mbws.vn\/oto-xe-may-xe-dap\/wp-json\/wp\/v2\/types\/product"}],"replies":[{"embeddable":true,"href":"https:\/\/web-ban-le.mbws.vn\/oto-xe-may-xe-dap\/wp-json\/wp\/v2\/comments?post=13711"}],"wp:featuredmedia":[{"embeddable":true,"href":"https:\/\/web-ban-le.mbws.vn\/oto-xe-may-xe-dap\/wp-json\/wp\/v2\/media\/13748"}],"wp:attachment":[{"href":"https:\/\/web-ban-le.mbws.vn\/oto-xe-may-xe-dap\/wp-json\/wp\/v2\/media?parent=13711"}],"wp:term":[{"taxonomy":"product_brand","embeddable":true,"href":"https:\/\/web-ban-le.mbws.vn\/oto-xe-may-xe-dap\/wp-json\/wp\/v2\/product_brand?post=13711"},{"taxonomy":"product_cat","embeddable":true,"href":"https:\/\/web-ban-le.mbws.vn\/oto-xe-may-xe-dap\/wp-json\/wp\/v2\/product_cat?post=13711"},{"taxonomy":"product_tag","embeddable":true,"href":"https:\/\/web-ban-le.mbws.vn\/oto-xe-may-xe-dap\/wp-json\/wp\/v2\/product_tag?post=13711"}],"curies":[{"name":"wp","href":"https:\/\/api.w.org\/{rel}","templated":true}]}}