{"id":13712,"date":"2025-10-24T09:52:43","date_gmt":"2025-10-24T02:52:43","guid":{"rendered":"https:\/\/web-ban-le.mbws.vn\/oto-xe-may-xe-dap\/?post_type=product&#038;p=13712"},"modified":"2025-10-24T09:53:25","modified_gmt":"2025-10-24T02:53:25","slug":"xe-may-yamaha-nvx-155-abs-the-he-moi","status":"publish","type":"product","link":"https:\/\/web-ban-le.mbws.vn\/oto-xe-may-xe-dap\/san-pham\/xe-may-yamaha-nvx-155-abs-the-he-moi\/","title":{"rendered":"Xe M\u00e1y Yamaha NVX 155 ABS th\u1ebf h\u1ec7 m\u1edbi"},"content":{"rendered":"<div class=\"e8lZp3\">\n<p class=\"QN2lPu\">YAMAHA NVX \u0111\u01b0\u1ee3c b\u1ea3o h\u00e0nh 3 n\u0103m ho\u1eb7c 30.000 km tu\u1ef3 theo \u0111i\u1ec1u ki\u00ean n\u00e0o \u0111\u1ebfn tr\u01b0\u1edbc <\/p>\n<p class=\"QN2lPu\">L\u01afU \u00dd : tr\u01b0\u1edbc khi \u0111\u1eb7t mua xe kh\u00e1ch h\u00e0ng chat v\u1edbi shop \u0111\u1ec3 bi\u1ebft th\u00f4ng tin v\u1ec1 h\u00e0ng ho\u00e1 <\/p>\n<p class=\"QN2lPu\">Gi\u00e1 b\u00e1n xe \u0111\u00e3 bao g\u1ed3m thu\u1ebf VAT, ch\u01b0a bao g\u1ed3m thu\u1ebf tr\u01b0\u1edbc b\u1ea1, bi\u1ec3n s\u1ed1, chi ph\u00ed thanh to\u00e1n c\u1ee7a shopee<\/p>\n<p class=\"QN2lPu\">YAMAHA 74 KH\u00c2M THI\u00caN    c\u00f3 h\u1ed7 tr\u1ee3 v\u1ec1 th\u1ee7 t\u1ee5c \u0111\u0103ng k\u00fd, kh\u00e1ch h\u00e0ng mua xe c\u00f3 th\u1ec3 T\u1ef0 \u0110I \u0110\u0102NG K\u00cd <\/p>\n<p class=\"QN2lPu\">Kh\u00e1ch h\u00e0ng nh\u1eadn xe t\u1ea1i YAMAHA TOWN 74 KH\u00c2M THI\u00caN HN<\/p>\n<p class=\"QN2lPu\">C\u00c1C B\u01af\u1edaC MUA H\u00c0NG<\/p>\n<p class=\"QN2lPu\">1. Ch\u1ecdn xe:<\/p>\n<p class=\"QN2lPu\">Kh\u00e1ch h\u00e0ng ch\u1ecdn xe m\u00e0u s\u1eafc, phi\u00ean b\u1ea3n  v\u00e0 chat v\u1edbi c\u1eeda h\u00e0ng \u0111\u1ec3 bi\u1ebft th\u00eam th\u00f4ng tin v\u1ec1 s\u1ea3n ph\u1ea9m v\u00e0 c\u00e1c chi ph\u00ed ph\u00e1t sinh.<\/p>\n<p class=\"QN2lPu\">2. Ch\u1ecdn h\u00ecnh th\u1ee9c thanh to\u00e1n:<\/p>\n<p class=\"QN2lPu\"> &#8211; Tr\u1ea3 th\u1eb3ng: b\u1eb1ng Th\u1ebb t\u00edn d\u1ee5ng, V\u00ed AirPay<\/p>\n<p class=\"QN2lPu\"> &#8211; Tr\u1ea3 g\u00f3p 0% b\u1eb1ng th\u1ebb t\u00edn d\u1ee5ng ( credit ) <\/p>\n<p class=\"QN2lPu\">3. X\u00e1c nh\u1eadn \u0111\u01a1n h\u00e0ng<\/p>\n<p class=\"QN2lPu\">Sau khi \u0111\u1eb7t h\u00e0ng th\u00e0nh c\u00f4ng Shop li\u00ean h\u1ec7 v\u00e0 th\u00f4ng b\u00e1o th\u1eddi gian nh\u1eadn xe trong v\u00f2ng 24h<\/p>\n<p class=\"QN2lPu\">4. Nh\u1eadn xe:<\/p>\n<p class=\"QN2lPu\">Kh\u00e1ch h\u00e0ng ra nh\u1eadn xe t\u1ea1i \u0111\u1ea1i l\u00fd ch\u00ednh h\u00e3ng <\/p>\n<p class=\"QN2lPu\">\u0110\u1ea1i l\u00fd Yamaha Xe M\u00e1y 74 Kh\u00e2m Thi\u00ean HN<\/p>\n<p class=\"QN2lPu\">\n<p class=\"QN2lPu\">YAMAHA NVX 155 cc<\/p>\n<p class=\"QN2lPu\">Thi\u1ebft k\u1ebf kh\u1ecfe kho\u1eafn, mang \u0111\u1eadm n\u00e9t th\u1ec3 thao v\u1edbi hi\u1ec7u su\u1ea5t v\u1eadn h\u00e0nh m\u1ea1nh m\u1ebd. Phi\u00ean b\u1ea3n m\u1edbi nh\u1ea5t NVX 155 VVA th\u1ebf h\u1ec7 II \u0111\u01b0\u1ee3c trang b\u1ecb h\u00e0ng lo\u1ea1t c\u00e1c t\u00ednh n\u0103ng hi\u1ec7n \u0111\u1ea1i nh\u01b0: \u1ee9ng d\u1ee5ng Y-Connect &#8211; \u1ee9ng d\u1ee5ng k\u1ebft n\u1ed1i xe v\u00e0 \u0111i\u1ec7n tho\u1ea1i, \u0111\u1ed9ng c\u01a1 BlueCore 155cc VVA, phanh ABS, kh\u00f3a th\u00f4ng minh SmartKey, h\u1ec7 th\u1ed1ng ng\u1eaft \u0111\u1ed9ng c\u01a1 t\u1ea1m th\u1eddi Stop &amp; Start System (SSS), c\u1ed1p xe r\u1ed9ng l\u00ean t\u1edbi 25 l\u00edt,&#8230;<\/p>\n<\/div>\n","protected":false},"excerpt":{"rendered":"<p>YAMAHA NVX \u0111\u01b0\u1ee3c b\u1ea3o h\u00e0nh 3 n\u0103m ho\u1eb7c 30.000 km tu\u1ef3 theo \u0111i\u1ec1u ki\u00ean n\u00e0o \u0111\u1ebfn tr\u01b0\u1edbc L\u01afU \u00dd : tr\u01b0\u1edbc khi \u0111\u1eb7t mua xe kh\u00e1ch h\u00e0ng chat v\u1edbi shop \u0111\u1ec3 bi\u1ebft th\u00f4ng tin v\u1ec1 h\u00e0ng ho\u00e1 Gi\u00e1 b\u00e1n xe \u0111\u00e3 bao g\u1ed3m thu\u1ebf VAT, ch\u01b0a bao g\u1ed3m thu\u1ebf tr\u01b0\u1edbc b\u1ea1, bi\u1ec3n s\u1ed1, chi ph\u00ed&#8230;<\/p>\n","protected":false},"featured_media":13763,"comment_status":"open","ping_status":"closed","template":"","meta":[],"product_brand":[],"product_cat":[1211,1213],"product_tag":[],"class_list":{"0":"post-13712","1":"product","2":"type-product","3":"status-publish","4":"has-post-thumbnail","6":"product_cat-mo-to","7":"product_cat-xe-tay-ga","9":"first","10":"instock","11":"sale","12":"shipping-taxable","13":"purchasable","14":"product-type-variable"},"_links":{"self":[{"href":"https:\/\/web-ban-le.mbws.vn\/oto-xe-may-xe-dap\/wp-json\/wp\/v2\/product\/13712","targetHints":{"allow":["GET"]}}],"collection":[{"href":"https:\/\/web-ban-le.mbws.vn\/oto-xe-may-xe-dap\/wp-json\/wp\/v2\/product"}],"about":[{"href":"https:\/\/web-ban-le.mbws.vn\/oto-xe-may-xe-dap\/wp-json\/wp\/v2\/types\/product"}],"replies":[{"embeddable":true,"href":"https:\/\/web-ban-le.mbws.vn\/oto-xe-may-xe-dap\/wp-json\/wp\/v2\/comments?post=13712"}],"wp:featuredmedia":[{"embeddable":true,"href":"https:\/\/web-ban-le.mbws.vn\/oto-xe-may-xe-dap\/wp-json\/wp\/v2\/media\/13763"}],"wp:attachment":[{"href":"https:\/\/web-ban-le.mbws.vn\/oto-xe-may-xe-dap\/wp-json\/wp\/v2\/media?parent=13712"}],"wp:term":[{"taxonomy":"product_brand","embeddable":true,"href":"https:\/\/web-ban-le.mbws.vn\/oto-xe-may-xe-dap\/wp-json\/wp\/v2\/product_brand?post=13712"},{"taxonomy":"product_cat","embeddable":true,"href":"https:\/\/web-ban-le.mbws.vn\/oto-xe-may-xe-dap\/wp-json\/wp\/v2\/product_cat?post=13712"},{"taxonomy":"product_tag","embeddable":true,"href":"https:\/\/web-ban-le.mbws.vn\/oto-xe-may-xe-dap\/wp-json\/wp\/v2\/product_tag?post=13712"}],"curies":[{"name":"wp","href":"https:\/\/api.w.org\/{rel}","templated":true}]}}