{"id":13713,"date":"2025-10-24T09:52:43","date_gmt":"2025-10-24T02:52:43","guid":{"rendered":"https:\/\/web-ban-le.mbws.vn\/oto-xe-may-xe-dap\/?post_type=product&#038;p=13713"},"modified":"2025-11-04T00:13:58","modified_gmt":"2025-11-03T17:13:58","slug":"xe-may-yamaha-grande-phien-ban-gioi-han","status":"publish","type":"product","link":"https:\/\/web-ban-le.mbws.vn\/oto-xe-may-xe-dap\/san-pham\/xe-may-yamaha-grande-phien-ban-gioi-han\/","title":{"rendered":"Xe M\u00e1y Yamaha Grande Phi\u00ean B\u1ea3n Gi\u1edbi H\u1ea1n"},"content":{"rendered":"<div class=\"e8lZp3\">\n<p class=\"QN2lPu\">L\u01afU \u00dd : tr\u01b0\u1edbc khi \u0111\u1eb7t h\u00e0ng b\u1ea1n li\u00ean h\u1ec7 v\u1edbi shop \u0111\u1ec3 \u0111\u01b0\u1ee3c t\u01b0 v\u1ea5n tr\u01b0\u1edbc khi \u0111\u1eb7t xe <\/p>\n<p class=\"QN2lPu\">Gi\u00e1 b\u00e1n xe \u0111\u00e3 bao g\u1ed3m thu\u1ebf VAT, ch\u01b0a bao g\u1ed3m thu\u1ebf tr\u01b0\u1edbc b\u1ea1, bi\u1ec3n s\u1ed1, v\u00e0 c\u00e1c chi ph\u00ed mua tr\u00ean shopee<\/p>\n<p class=\"QN2lPu\">C\u1eeda h\u00e0ng c\u00f3 h\u1ed7 tr\u1ee3 v\u1ec1 th\u1ee7 t\u1ee5c \u0111\u0103ng k\u00fd, kh\u00e1ch h\u00e0ng mua xe c\u00f3 th\u1ec3 t\u1ef1 \u0111i \u0111\u0103ng k\u00fd.<\/p>\n<p class=\"QN2lPu\">\n<p class=\"QN2lPu\">QUY TR\u00ccNH \u0110\u1eb6T XE :<\/p>\n<p class=\"QN2lPu\">B1: Ch\u1ecdn xe\/ M\u00e0u xe cho v\u00e0o gi\u1ecf h\u00e0ng<\/p>\n<p class=\"QN2lPu\">B2 : Chat c\u00f9ng c\u1eeda h\u00e0ng \u0111\u1ec3 bi\u1ebft th\u00eam th\u00f4ng tin v\u1ec1 s\u1ea3n ph\u1ea9m v\u00e0 c\u00e1c chi ph\u00ed ph\u00e1t sinh k\u00e8m theo.<\/p>\n<p class=\"QN2lPu\">B3: Kh\u00e1ch \u0111\u1ed3ng \u00fd -&gt; \u0111\u1eb7t xe -&gt; c\u1eeda h\u00e0ng nh\u1eadn \u0111\u01a1n-&gt;giao xe cho kh\u00e1ch. <\/p>\n<p class=\"QN2lPu\">Kh\u00e1ch \u0111\u1ebfn nh\u1eadn xe t\u1ea1i c\u1eeda h\u00e0ng.<\/p>\n<p class=\"QN2lPu\">Th\u1eddi h\u1ea1n b\u1ea3o h\u00e0nh: 3 n\u0103m<\/p>\n<p class=\"QN2lPu\">*Sau khi \u0111\u1eb7t h\u00e0ng th\u00e0nh c\u00f4ng, c\u1eeda h\u00e0ng s\u1ebd li\u00ean h\u1ec7 v\u00e0 th\u00f4ng b\u00e1o th\u1eddi gian nh\u1eadn xe trong v\u00f2ng 24h.<\/p>\n<p class=\"QN2lPu\">\u0110\u1ea1i l\u00fd Yamaha Xe M\u00e1y 74 Kh\u00e2m thi\u00ean<\/p>\n<p class=\"QN2lPu\">\n<p class=\"QN2lPu\">Yamaha Grande l\u00e0 m\u1eabu xe tay ga ti\u1ebft ki\u1ec7m x\u0103ng s\u1ed1 1 Vi\u1ec7t Nam v\u1edbi m\u1ee9c ti\u00eau th\u1ee5 ch\u1ec9 1,69 l\u00edt\/100km, theo s\u1ed1 li\u1ec7u th\u1ed1ng k\u00ea v\u00e0 ph\u00e2n t\u00edch \u0111\u01b0\u1ee3c C\u1ee5c \u0110\u0103ng ki\u1ec3m Vi\u1ec7t Nam c\u00f4ng b\u1ed1, x\u00e1c nh\u1eadn b\u1edfi B\u00e1o Giao th\u00f4ng. B\u00ean c\u1ea1nh thi\u1ebft k\u1ebf th\u1eddi trang, thanh l\u1ecbch, \u1edf phi\u00ean b\u1ea3n Grande Bluecore Hybrid m\u1edbi c\u00f2n s\u1edf h\u1eefu c\u1ed1p xe si\u00eau r\u1ed9ng 27 l\u00edt v\u00e0 \u0111\u01b0\u1ee3c trang b\u1ecb h\u00e0ng lo\u1ea1t t\u00ednh n\u0103ng hi\u1ec7n \u0111\u1ea1i nh\u01b0 tr\u1ee3 l\u1ef1c Hybrid, Smart key, h\u1ec7 th\u1ed1ng Stop &amp; Start System, phanh ABS,.. v\u1edbi m\u1ee9c gi\u00e1 r\u1ea5t h\u1ea5p d\u1eabn.<\/p>\n<p class=\"QN2lPu\">\n<p class=\"QN2lPu\">\n<p class=\"QN2lPu\">\n<\/div>\n","protected":false},"excerpt":{"rendered":"<p>L\u01afU \u00dd : tr\u01b0\u1edbc khi \u0111\u1eb7t h\u00e0ng b\u1ea1n li\u00ean h\u1ec7 v\u1edbi shop \u0111\u1ec3 \u0111\u01b0\u1ee3c t\u01b0 v\u1ea5n tr\u01b0\u1edbc khi \u0111\u1eb7t xe Gi\u00e1 b\u00e1n xe \u0111\u00e3 bao g\u1ed3m thu\u1ebf VAT, ch\u01b0a bao g\u1ed3m thu\u1ebf tr\u01b0\u1edbc b\u1ea1, bi\u1ec3n s\u1ed1, v\u00e0 c\u00e1c chi ph\u00ed mua tr\u00ean shopee C\u1eeda h\u00e0ng c\u00f3 h\u1ed7 tr\u1ee3 v\u1ec1 th\u1ee7 t\u1ee5c \u0111\u0103ng k\u00fd, kh\u00e1ch h\u00e0ng&#8230;<\/p>\n","protected":false},"featured_media":13770,"comment_status":"open","ping_status":"closed","template":"","meta":[],"product_brand":[1383],"product_cat":[1211,1213],"product_tag":[],"class_list":{"0":"post-13713","1":"product","2":"type-product","3":"status-publish","4":"has-post-thumbnail","6":"product_brand-yamaha","7":"product_cat-mo-to","8":"product_cat-xe-tay-ga","10":"first","11":"instock","12":"sale","13":"shipping-taxable","14":"purchasable","15":"product-type-variable"},"_links":{"self":[{"href":"https:\/\/web-ban-le.mbws.vn\/oto-xe-may-xe-dap\/wp-json\/wp\/v2\/product\/13713","targetHints":{"allow":["GET"]}}],"collection":[{"href":"https:\/\/web-ban-le.mbws.vn\/oto-xe-may-xe-dap\/wp-json\/wp\/v2\/product"}],"about":[{"href":"https:\/\/web-ban-le.mbws.vn\/oto-xe-may-xe-dap\/wp-json\/wp\/v2\/types\/product"}],"replies":[{"embeddable":true,"href":"https:\/\/web-ban-le.mbws.vn\/oto-xe-may-xe-dap\/wp-json\/wp\/v2\/comments?post=13713"}],"wp:featuredmedia":[{"embeddable":true,"href":"https:\/\/web-ban-le.mbws.vn\/oto-xe-may-xe-dap\/wp-json\/wp\/v2\/media\/13770"}],"wp:attachment":[{"href":"https:\/\/web-ban-le.mbws.vn\/oto-xe-may-xe-dap\/wp-json\/wp\/v2\/media?parent=13713"}],"wp:term":[{"taxonomy":"product_brand","embeddable":true,"href":"https:\/\/web-ban-le.mbws.vn\/oto-xe-may-xe-dap\/wp-json\/wp\/v2\/product_brand?post=13713"},{"taxonomy":"product_cat","embeddable":true,"href":"https:\/\/web-ban-le.mbws.vn\/oto-xe-may-xe-dap\/wp-json\/wp\/v2\/product_cat?post=13713"},{"taxonomy":"product_tag","embeddable":true,"href":"https:\/\/web-ban-le.mbws.vn\/oto-xe-may-xe-dap\/wp-json\/wp\/v2\/product_tag?post=13713"}],"curies":[{"name":"wp","href":"https:\/\/api.w.org\/{rel}","templated":true}]}}