{"id":13799,"date":"2025-10-24T09:53:25","date_gmt":"2025-10-24T02:53:25","guid":{"rendered":"https:\/\/web-ban-le.mbws.vn\/oto-xe-may-xe-dap\/?post_type=product&#038;p=13799"},"modified":"2025-11-04T00:10:52","modified_gmt":"2025-11-03T17:10:52","slug":"xe-may-yamaha-freego-cac-phien-ban","status":"publish","type":"product","link":"https:\/\/web-ban-le.mbws.vn\/oto-xe-may-xe-dap\/san-pham\/xe-may-yamaha-freego-cac-phien-ban\/","title":{"rendered":"Xe M\u00e1y Yamaha Freego c\u00e1c Phi\u00ean B\u1ea3n"},"content":{"rendered":"<div class=\"e8lZp3\">\n<p class=\"QN2lPu\">L\u01afU \u00dd : kh\u00e1ch h\u00e0ng nh\u1eafn tin cho shop \u0111\u1ec3 \u0111\u01b0\u1ee3c t\u01b0 v\u1ea5n tr\u01b0\u1edbc khi \u0111\u1eb7t h\u00e0ng&nbsp;<\/p>\n<p class=\"QN2lPu\">Gi\u00e1 b\u00e1n xe \u0111\u00e3 bao g\u1ed3m thu\u1ebf VAT, ch\u01b0a bao g\u1ed3m thu\u1ebf tr\u01b0\u1edbc b\u1ea1, bi\u1ec3n s\u1ed1, chi ph\u00ed thanh to\u00e1n qua Shopee.<\/p>\n<p class=\"QN2lPu\">YAMAHA 74 KH\u00c2M THI\u00caN    c\u00f3 h\u1ed7 tr\u1ee3 v\u1ec1 th\u1ee7 t\u1ee5c \u0111\u0103ng k\u00fd, kh\u00e1ch h\u00e0ng mua xe c\u00f3 th\u1ec3 T\u1ef0 \u0110I \u0110\u0102NG K\u00cd <\/p>\n<p class=\"QN2lPu\">Kh\u00e1ch h\u00e0ng nh\u1eadn xe t\u1ea1i c\u1eeda h\u00e0ng.<\/p>\n<p class=\"QN2lPu\">Th\u1eddi h\u1ea1n b\u1ea3o h\u00e0nh: 3 n\u0103m<\/p>\n<p class=\"QN2lPu\">C\u00c1C B\u01af\u1edaC MUA H\u00c0NG<\/p>\n<p class=\"QN2lPu\">1. Ch\u1ecdn xe:<\/p>\n<p class=\"QN2lPu\">Kh\u00e1ch h\u00e0ng ch\u1ecdn xe m\u00e0u s\u1eafc, phi\u00ean b\u1ea3n  v\u00e0 chat v\u1edbi c\u1eeda h\u00e0ng \u0111\u1ec3 bi\u1ebft th\u00eam th\u00f4ng tin v\u1ec1 s\u1ea3n ph\u1ea9m v\u00e0 c\u00e1c chi ph\u00ed ph\u00e1t sinh.<\/p>\n<p class=\"QN2lPu\">2. Ch\u1ecdn h\u00ecnh th\u1ee9c thanh to\u00e1n:<\/p>\n<p class=\"QN2lPu\"> &#8211; Tr\u1ea3 th\u1eb3ng: b\u1eb1ng Th\u1ebb t\u00edn d\u1ee5ng, V\u00ed AirPay<\/p>\n<p class=\"QN2lPu\"> &#8211; Tr\u1ea3 g\u00f3p 0% b\u1eb1ng th\u1ebb t\u00edn d\u1ee5ng ( credit ) <\/p>\n<p class=\"QN2lPu\">3. X\u00e1c nh\u1eadn \u0111\u01a1n h\u00e0ng<\/p>\n<p class=\"QN2lPu\">Sau khi \u0111\u1eb7t h\u00e0ng th\u00e0nh c\u00f4ng Shop li\u00ean h\u1ec7 v\u00e0 th\u00f4ng b\u00e1o th\u1eddi gian nh\u1eadn xe trong v\u00f2ng 24h<\/p>\n<p class=\"QN2lPu\">4. Nh\u1eadn xe:<\/p>\n<p class=\"QN2lPu\">Kh\u00e1ch h\u00e0ng ra nh\u1eadn xe t\u1ea1i \u0111\u1ea1i l\u00fd ch\u00ednh h\u00e3ng <\/p>\n<p class=\"QN2lPu\">74 Kh\u00e2m thi\u00ean HN<\/p>\n<p class=\"QN2lPu\">\n<p class=\"QN2lPu\">Xe m\u00e1y Freego Yamaha l\u00e0 m\u1eabu xe tay ga th\u1ec3 thao \u0111\u1eddi m\u1edbi c\u00f3 m\u1ee9c gi\u00e1 r\u1ea5t h\u1ee3p l\u00fd, \u0111\u01b0\u1ee3c trang b\u1ecb to\u00e0n di\u1ec7n c\u00e1c t\u00ednh n\u0103ng nh\u01b0: kh\u00f3a th\u00f4ng minh Smart Key, phanh ABS, c\u1ed1p xe r\u1ed9ng 25 l\u00edt, t\u00edch h\u1ee3p c\u1ed9ng s\u1ea1c \u0111i\u1ec7n tho\u1ea1i ti\u1ec7n l\u1ee3i&#8230;<\/p>\n<p class=\"QN2lPu\">N\u1ed5i b\u1eadt b\u1edfi d\u1ea5u \u1ea5n \u0111\u01b0\u1eddng ph\u1ed1, k\u1ebf th\u1eeba n\u00e9t thi\u1ebft k\u1ebf th\u1ec3 thao m\u1ea1nh m\u1ebd &#8211; \u0111\u1eadm ch\u1ea5t DNA th\u1ec3 thao c\u1ee7a Yamaha, Freego l\u00e0 s\u1ef1 k\u1ebft h\u1ee3p h\u00e0i ho\u00e0 gi\u1eefa t\u00ednh th\u1ef1c t\u1ebf, s\u1ef1 tho\u1ea3i m\u00e1i trong qu\u00e1 tr\u00ecnh s\u1eed d\u1ee5ng v\u00e0 ki\u1ec3u d\u00e1ng hi\u1ec7n \u0111\u1ea1i, n\u0103ng \u0111\u1ed9ng, \u0111\u1ea7y nam t\u00ednh v\u1edbi s\u00e0n \u0111\u1ec3 ch\u00e2n r\u1ed9ng r\u00e3i.<\/p>\n<\/div>\n","protected":false},"excerpt":{"rendered":"<p>L\u01afU \u00dd : kh\u00e1ch h\u00e0ng nh\u1eafn tin cho shop \u0111\u1ec3 \u0111\u01b0\u1ee3c t\u01b0 v\u1ea5n tr\u01b0\u1edbc khi \u0111\u1eb7t h\u00e0ng&nbsp; Gi\u00e1 b\u00e1n xe \u0111\u00e3 bao g\u1ed3m thu\u1ebf VAT, ch\u01b0a bao g\u1ed3m thu\u1ebf tr\u01b0\u1edbc b\u1ea1, bi\u1ec3n s\u1ed1, chi ph\u00ed thanh to\u00e1n qua Shopee. YAMAHA 74 KH\u00c2M THI\u00caN c\u00f3 h\u1ed7 tr\u1ee3 v\u1ec1 th\u1ee7 t\u1ee5c \u0111\u0103ng k\u00fd, kh\u00e1ch h\u00e0ng mua xe&#8230;<\/p>\n","protected":false},"featured_media":13856,"comment_status":"open","ping_status":"closed","template":"","meta":[],"product_brand":[],"product_cat":[1211,1213],"product_tag":[],"class_list":{"0":"post-13799","1":"product","2":"type-product","3":"status-publish","4":"has-post-thumbnail","6":"product_cat-mo-to","7":"product_cat-xe-tay-ga","9":"first","10":"instock","11":"featured","12":"shipping-taxable","13":"purchasable","14":"product-type-variable"},"_links":{"self":[{"href":"https:\/\/web-ban-le.mbws.vn\/oto-xe-may-xe-dap\/wp-json\/wp\/v2\/product\/13799","targetHints":{"allow":["GET"]}}],"collection":[{"href":"https:\/\/web-ban-le.mbws.vn\/oto-xe-may-xe-dap\/wp-json\/wp\/v2\/product"}],"about":[{"href":"https:\/\/web-ban-le.mbws.vn\/oto-xe-may-xe-dap\/wp-json\/wp\/v2\/types\/product"}],"replies":[{"embeddable":true,"href":"https:\/\/web-ban-le.mbws.vn\/oto-xe-may-xe-dap\/wp-json\/wp\/v2\/comments?post=13799"}],"wp:featuredmedia":[{"embeddable":true,"href":"https:\/\/web-ban-le.mbws.vn\/oto-xe-may-xe-dap\/wp-json\/wp\/v2\/media\/13856"}],"wp:attachment":[{"href":"https:\/\/web-ban-le.mbws.vn\/oto-xe-may-xe-dap\/wp-json\/wp\/v2\/media?parent=13799"}],"wp:term":[{"taxonomy":"product_brand","embeddable":true,"href":"https:\/\/web-ban-le.mbws.vn\/oto-xe-may-xe-dap\/wp-json\/wp\/v2\/product_brand?post=13799"},{"taxonomy":"product_cat","embeddable":true,"href":"https:\/\/web-ban-le.mbws.vn\/oto-xe-may-xe-dap\/wp-json\/wp\/v2\/product_cat?post=13799"},{"taxonomy":"product_tag","embeddable":true,"href":"https:\/\/web-ban-le.mbws.vn\/oto-xe-may-xe-dap\/wp-json\/wp\/v2\/product_tag?post=13799"}],"curies":[{"name":"wp","href":"https:\/\/api.w.org\/{rel}","templated":true}]}}