{"id":14014,"date":"2025-10-24T10:08:39","date_gmt":"2025-10-24T03:08:39","guid":{"rendered":"https:\/\/web-ban-le.mbws.vn\/oto-xe-may-xe-dap\/?post_type=product&#038;p=14014"},"modified":"2025-11-04T00:19:18","modified_gmt":"2025-11-03T17:19:18","slug":"xe-dap-the-thao-touring-duong-truong-fornix-f9-khung-thep-vong-banh-700c-bo-truyen-dong-21-toc-do","status":"publish","type":"product","link":"https:\/\/web-ban-le.mbws.vn\/oto-xe-may-xe-dap\/san-pham\/xe-dap-the-thao-touring-duong-truong-fornix-f9-khung-thep-vong-banh-700c-bo-truyen-dong-21-toc-do\/","title":{"rendered":"Xe \u0110\u1ea1p Th\u1ec3 Thao Touring\/\u0110\u01b0\u1eddng Tr\u01b0\u1eddng FORNIX F9 Khung Th\u00e9p V\u00f2ng B\u00e1nh 700C B\u1ed9 Truy\u1ec1n \u0110\u1ed9ng 21 T\u1ed1c \u0110\u1ed9"},"content":{"rendered":"<div class=\"e8lZp3\">\n<p class=\"QN2lPu\">Xe \u0110\u1ea1p Th\u1ec3 Thao Touring\/\u0110\u01b0\u1eddng Tr\u01b0\u1eddng FORNIX F9 Khung Th\u00e9p V\u00f2ng B\u00e1nh 700C B\u1ed9 Truy\u1ec1n \u0110\u1ed9ng 21 T\u1ed1c \u0110\u1ed9 3 \u0110\u0129a 7 L\u00edp<\/p>\n<p class=\"QN2lPu\">Th\u00f4ng tin th\u01b0\u01a1ng hi\u1ec7u<\/p>\n<p class=\"QN2lPu\">Fornix l\u00e0 m\u1ed9t th\u01b0\u01a1ng hi\u1ec7u xe \u0111\u1ea1p \u0111\u1ebfn t\u1eeb H\u1ed3ng Kong. Th\u01b0\u01a1ng hi\u1ec7u xe \u0111\u1ea1p Fornix&nbsp;\u0111\u01b0\u1ee3c nhi\u1ec1u ng\u01b0\u1eddi tin d\u00f9ng nh\u1edd v\u00e0o ch\u1ea5t l\u01b0\u1ee3ng, thi\u1ebft k\u1ebf hi\u1ec7n \u0111\u1ea1i v\u00e0 gi\u00e1 c\u1ea3 h\u1ee3p l\u00fd. V\u1edbi nhi\u1ec1u d\u00f2ng xe \u0111a d\u1ea1ng, Fornix \u0111\u00e1p \u1ee9ng t\u1ed1t nhu c\u1ea7u c\u1ee7a c\u00e1c \u0111\u1ed1i t\u01b0\u1ee3ng ng\u01b0\u1eddi d\u00f9ng kh\u00e1c nhau, t\u1eeb tr\u1ebb em, ng\u01b0\u1eddi \u0111i l\u00e0m h\u00e0ng ng\u00e0y, \u0111\u1ebfn nh\u1eefng ng\u01b0\u1eddi \u0111am m\u00ea th\u1ec3 thao v\u00e0 phi\u00eau l\u01b0u.<\/p>\n<p class=\"QN2lPu\">\n<p class=\"QN2lPu\">***M\u00f4 T\u1ea3 C\u01a1 B\u1ea3n<\/p>\n<p class=\"QN2lPu\">&#8211; M\u00e3 s\u1ea3n ph\u1ea9m: F9<\/p>\n<p class=\"QN2lPu\">&#8211; Th\u01b0\u01a1ng hi\u1ec7u: Fornix<\/p>\n<p class=\"QN2lPu\">&#8211; K\u00edch th\u01b0\u1edbc: 29\u201d<\/p>\n<p class=\"QN2lPu\">&#8211; Nh\u1eadp kh\u1ea9u: Trung Qu\u1ed1c<\/p>\n<p class=\"QN2lPu\">&#8211; M\u00e0u s\u1eafc: Tr\u1eafng, H\u1ed3ng, \u0110en H\u1ed3ng, \u0110en Tr\u1eafng, X\u00e1m<\/p>\n<p class=\"QN2lPu\">&#8211; \u0110\u1ed9 tu\u1ed5i th\u00edch h\u1ee3p: `1m55-1m80<\/p>\n<p class=\"QN2lPu\">&#8211; T\u1ea3i Tr\u1ecdng: 130kg<\/p>\n<p class=\"QN2lPu\">***CHI TI\u1ebeT S\u1ea2N PH\u1ea8M:<\/p>\n<p class=\"QN2lPu\">Xe \u0111\u1ea1p \u0111\u01b0\u1eddng tr\u01b0\u1eddng F9 (Touring bike) \u0111\u01b0\u1ee3c thi\u1ebft k\u1ebf \u0111\u1ec3 ch\u1ea1y tr\u00ean c\u00e1c b\u1ec1 m\u1eb7t nh\u1eb5n, ch\u1ee7 y\u1ebfu l\u00e0 \u0111\u01b0\u1eddng tr\u1ea3i nh\u1ef1a, v\u1edbi m\u1ee5c \u0111\u00edch t\u1ed1i \u01b0u h\u00f3a t\u1ed1c \u0111\u1ed9 v\u00e0 hi\u1ec7u su\u1ea5t. C\u1ea5u t\u1ea1o c\u1ee7a xe \u0111\u1ea1p \u0111\u01b0\u1eddng tr\u01b0\u1eddng bao g\u1ed3m c\u00e1c th\u00e0nh ph\u1ea7n ch\u00ednh sau:<\/p>\n<p class=\"QN2lPu\">1.&nbsp;Khung xe: \u0110\u01b0\u1ee3c l\u00e0m t\u1eeb c\u00e1c v\u1eadt li\u1ec7u th\u00e9p carbon, Touring F9 c\u00f3 thi\u1ebft k\u1ebf thanh m\u1ea3nh v\u00e0 nh\u1eb9, gi\u00fap gi\u1ea3m tr\u1ecdng l\u01b0\u1ee3ng v\u00e0 t\u0103ng \u0111\u1ed9 c\u1ee9ng cho xe, gi\u00fap c\u1ea3i thi\u1ec7n t\u1ed1c \u0111\u1ed9 v\u00e0 hi\u1ec7u su\u1ea5t khi \u0111\u1ea1p.<\/p>\n<p class=\"QN2lPu\">&nbsp;<\/p>\n<div class=\"QN2lPu\">\n<div style=\"position: relative; width: 100%; padding-bottom: 66.6223%;\"><picture class=\"UkIsx8\"><source srcset=\"https:\/\/down-vn.img.susercontent.com\/file\/vn-11134208-7ras8-mb7t47s8oq0jcc@resize_w875_nl.webp 1x, https:\/\/down-vn.img.susercontent.com\/file\/vn-11134208-7ras8-mb7t47s8oq0jcc@resize_w1750_nl.webp 2x\" type=\"image\/webp\" class=\"UkIsx8\"><img decoding=\"async\" width=\"875\" loading=\"lazy\" class=\"uXN1L5 lazyload GqYslU\" srcset=\"https:\/\/down-vn.img.susercontent.com\/file\/vn-11134208-7ras8-mb7t47s8oq0jcc@resize_w875_nl 1x, https:\/\/down-vn.img.susercontent.com\/file\/vn-11134208-7ras8-mb7t47s8oq0jcc@resize_w1750_nl 2x\" src=\"https:\/\/down-vn.img.susercontent.com\/file\/vn-11134208-7ras8-mb7t47s8oq0jcc\" height=\"583\"><\/picture><\/div>\n<\/div>\n<p class=\"QN2lPu\">\n<p class=\"QN2lPu\">2.&nbsp;Ghi \u0111\u00f4ng:&nbsp;&nbsp;tay c\u1ea7m ngang h\u1ed7 tr\u1ee3&nbsp;c\u1ea3i thi\u1ec7n kh\u00ed \u0111\u1ed9ng h\u1ecdc v\u00e0 t\u1ed1i \u01b0u h\u00f3a kh\u1ea3 n\u0103ng \u0111i\u1ec1u khi\u1ec3n.<\/p>\n<p class=\"QN2lPu\">&nbsp;<\/p>\n<div class=\"QN2lPu\">\n<div style=\"position: relative; width: 100%; padding-bottom: 66.6223%;\"><picture class=\"UkIsx8\"><source srcset=\"https:\/\/down-vn.img.susercontent.com\/file\/vn-11134208-7ras8-mb7t47s8kib78f@resize_w875_nl.webp 1x, https:\/\/down-vn.img.susercontent.com\/file\/vn-11134208-7ras8-mb7t47s8kib78f@resize_w1750_nl.webp 2x\" type=\"image\/webp\" class=\"UkIsx8\"><img decoding=\"async\" width=\"875\" loading=\"lazy\" class=\"uXN1L5 lazyload GqYslU\" srcset=\"https:\/\/down-vn.img.susercontent.com\/file\/vn-11134208-7ras8-mb7t47s8kib78f@resize_w875_nl 1x, https:\/\/down-vn.img.susercontent.com\/file\/vn-11134208-7ras8-mb7t47s8kib78f@resize_w1750_nl 2x\" src=\"https:\/\/down-vn.img.susercontent.com\/file\/vn-11134208-7ras8-mb7t47s8kib78f\" height=\"583\"><\/picture><\/div>\n<\/div>\n<p class=\"QN2lPu\">3.&nbsp;B\u00e1nh xe:&nbsp;v\u1edbi k\u00edch th\u01b0\u1edbc 700x36C, \u0111\u00e2y l\u00e0 k\u00edch th\u01b0\u1edbc chu\u1ea9n c\u1ee7a b\u00e1nh xe \u0111\u1ea1p \u0111\u01b0\u1eddng tr\u01b0\u1eddng.L\u1ed1p xe m\u1ecfng v\u00e0 \u00edt gai \u0111\u1ec3 gi\u1ea3m l\u1ef1c c\u1ea3n v\u00e0 t\u0103ng t\u1ed1c \u0111\u1ed9<\/p>\n<p class=\"QN2lPu\">&nbsp;<\/p>\n<p class=\"QN2lPu\">\n<div class=\"QN2lPu\">\n<div style=\"position: relative; width: 100%; padding-bottom: 66.6223%;\"><picture class=\"UkIsx8\"><source srcset=\"https:\/\/down-vn.img.susercontent.com\/file\/vn-11134208-7ras8-mb7t47s8lwvn54@resize_w875_nl.webp 1x, https:\/\/down-vn.img.susercontent.com\/file\/vn-11134208-7ras8-mb7t47s8lwvn54@resize_w1750_nl.webp 2x\" type=\"image\/webp\" class=\"UkIsx8\"><img decoding=\"async\" width=\"875\" loading=\"lazy\" class=\"uXN1L5 lazyload GqYslU\" srcset=\"https:\/\/down-vn.img.susercontent.com\/file\/vn-11134208-7ras8-mb7t47s8lwvn54@resize_w875_nl 1x, https:\/\/down-vn.img.susercontent.com\/file\/vn-11134208-7ras8-mb7t47s8lwvn54@resize_w1750_nl 2x\" src=\"https:\/\/down-vn.img.susercontent.com\/file\/vn-11134208-7ras8-mb7t47s8lwvn54\" height=\"583\"><\/picture><\/div>\n<\/div>\n<p class=\"QN2lPu\">4.&nbsp;Truy\u1ec1n \u0111\u1ed9ng:&nbsp;&nbsp;H\u1ec7 th\u1ed1ng chuy\u1ec3n s\u1ed1 Shiamano 21&nbsp;v\u1edbi T\u1ed1c \u0111\u1ed9&nbsp;bao g\u1ed3m 3 \u0111\u0129a v\u00e0 7 l\u00edp, gi\u00fap thay \u0111\u1ed5i t\u1ec9 s\u1ed1 truy\u1ec1n \u0111\u1ed9ng, k\u1ebft h\u1ee3p tay \u0111\u1ec1 b\u1ea5m x\u1ea3<\/p>\n<p class=\"QN2lPu\">\n<div class=\"QN2lPu\">\n<div style=\"position: relative; width: 100%; padding-bottom: 66.6223%;\"><picture class=\"UkIsx8\"><source srcset=\"https:\/\/down-vn.img.susercontent.com\/file\/vn-11134208-7ras8-mb7t47s8q4kzf9@resize_w875_nl.webp 1x, https:\/\/down-vn.img.susercontent.com\/file\/vn-11134208-7ras8-mb7t47s8q4kzf9@resize_w1750_nl.webp 2x\" type=\"image\/webp\" class=\"UkIsx8\"><img decoding=\"async\" width=\"875\" loading=\"lazy\" class=\"uXN1L5 lazyload GqYslU\" srcset=\"https:\/\/down-vn.img.susercontent.com\/file\/vn-11134208-7ras8-mb7t47s8q4kzf9@resize_w875_nl 1x, https:\/\/down-vn.img.susercontent.com\/file\/vn-11134208-7ras8-mb7t47s8q4kzf9@resize_w1750_nl 2x\" src=\"https:\/\/down-vn.img.susercontent.com\/file\/vn-11134208-7ras8-mb7t47s8q4kzf9\" height=\"583\"><\/picture><\/div>\n<\/div>\n<p class=\"QN2lPu\">\n<div class=\"QN2lPu\">\n<div style=\"position: relative; width: 100%; padding-bottom: 66.6223%;\"><picture class=\"UkIsx8\"><source srcset=\"https:\/\/down-vn.img.susercontent.com\/file\/vn-11134208-7ras8-mb7t47s8rj5f83@resize_w875_nl.webp 1x, https:\/\/down-vn.img.susercontent.com\/file\/vn-11134208-7ras8-mb7t47s8rj5f83@resize_w1750_nl.webp 2x\" type=\"image\/webp\" class=\"UkIsx8\"><img decoding=\"async\" width=\"875\" loading=\"lazy\" class=\"uXN1L5 lazyload GqYslU\" srcset=\"https:\/\/down-vn.img.susercontent.com\/file\/vn-11134208-7ras8-mb7t47s8rj5f83@resize_w875_nl 1x, https:\/\/down-vn.img.susercontent.com\/file\/vn-11134208-7ras8-mb7t47s8rj5f83@resize_w1750_nl 2x\" src=\"https:\/\/down-vn.img.susercontent.com\/file\/vn-11134208-7ras8-mb7t47s8rj5f83\" height=\"583\"><\/picture><\/div>\n<\/div>\n<p class=\"QN2lPu\">5.&nbsp;Phanh:&nbsp;S\u1eed d\u1ee5ng phanh \u0111\u0129a tr\u01b0\u1edbc v\u00e0 sau,&nbsp;Lo\u1ea1i phanh n\u00e0y \u0111\u01b0\u1ee3c s\u1eed d\u1ee5ng ng\u00e0y c\u00e0ng nhi\u1ec1u do hi\u1ec7u su\u1ea5t phanh t\u1ed1t h\u01a1n trong \u0111i\u1ec1u ki\u1ec7n \u1ea9m \u01b0\u1edbt.<\/p>\n<p class=\"QN2lPu\">&nbsp;<\/p>\n<p class=\"QN2lPu\">\n<p class=\"QN2lPu\">6.&nbsp;Y\u00ean xe:&nbsp;Y\u00ean xe h\u1eb9p v\u00e0 nh\u1eb9, \u0111\u01b0\u1ee3c thi\u1ebft k\u1ebf cho vi\u1ec7c di chuy\u1ec3n \u0111\u01b0\u1eddng d\u00e0i v\u00e0 t\u1ed1i \u01b0u h\u00f3a t\u01b0 th\u1ebf \u0111\u1ea1p<\/p>\n<p class=\"QN2lPu\">\n<p class=\"QN2lPu\">7.&nbsp;Phu\u1ed9c tr\u01b0\u1edbc:&nbsp;Phu\u1ed9c xe \u0111\u1ea1p \u0111\u01b0\u1eddng tr\u01b0\u1eddng th\u01b0\u1eddng phu\u1ed9c \u0111\u01a1 (kh\u00f4ng c\u00f3 gi\u1ea3m x\u00f3c) \u0111\u1ec3 t\u0103ng \u0111\u1ed9 ch\u00ednh x\u00e1c khi \u0111i\u1ec1u khi\u1ec3n v\u00e0 gi\u1ea3m tr\u1ecdng l\u01b0\u1ee3ng xe.<\/p>\n<p class=\"QN2lPu\">&nbsp;<\/p>\n<p class=\"QN2lPu\">\n<div class=\"QN2lPu\">\n<div style=\"position: relative; width: 100%; padding-bottom: 66.6223%;\"><picture class=\"UkIsx8\"><source srcset=\"https:\/\/down-vn.img.susercontent.com\/file\/vn-11134208-7ras8-mb7t47s8nbg3f4@resize_w875_nl.webp 1x, https:\/\/down-vn.img.susercontent.com\/file\/vn-11134208-7ras8-mb7t47s8nbg3f4@resize_w1750_nl.webp 2x\" type=\"image\/webp\" class=\"UkIsx8\"><img decoding=\"async\" width=\"875\" loading=\"lazy\" class=\"uXN1L5 lazyload QSLoEa GqYslU\" srcset=\"https:\/\/down-vn.img.susercontent.com\/file\/vn-11134208-7ras8-mb7t47s8nbg3f4@resize_w875_nl 1x, https:\/\/down-vn.img.susercontent.com\/file\/vn-11134208-7ras8-mb7t47s8nbg3f4@resize_w1750_nl 2x\" src=\"https:\/\/down-vn.img.susercontent.com\/file\/vn-11134208-7ras8-mb7t47s8nbg3f4\" height=\"583\"><\/picture><\/div>\n<\/div>\n<p class=\"QN2lPu\">8.&nbsp;C\u00e1c ph\u1ee5 ki\u1ec7n kh\u00e1c:&nbsp;Trang b\u1ecb v\u00e8 v\u00e0 baga, c\u00f3 th\u1ec3 g\u1eafn th\u00eam gi\u00e1 \u0111\u1ec3 ch\u1edf \u0111\u1ed3 d\u00f9ng, ph\u1ee5c v\u1ee5 cho nh\u1eefng chuy\u1ebfn \u0111i d\u00e0i.<\/p>\n<\/div>\n","protected":false},"excerpt":{"rendered":"<p>Xe \u0110\u1ea1p Th\u1ec3 Thao Touring\/\u0110\u01b0\u1eddng Tr\u01b0\u1eddng FORNIX F9 Khung Th\u00e9p V\u00f2ng B\u00e1nh 700C B\u1ed9 Truy\u1ec1n \u0110\u1ed9ng 21 T\u1ed1c \u0110\u1ed9 3 \u0110\u0129a 7 L\u00edp Th\u00f4ng tin th\u01b0\u01a1ng hi\u1ec7u Fornix l\u00e0 m\u1ed9t th\u01b0\u01a1ng hi\u1ec7u xe \u0111\u1ea1p \u0111\u1ebfn t\u1eeb H\u1ed3ng Kong. Th\u01b0\u01a1ng hi\u1ec7u xe \u0111\u1ea1p Fornix&nbsp;\u0111\u01b0\u1ee3c nhi\u1ec1u ng\u01b0\u1eddi tin d\u00f9ng nh\u1edd v\u00e0o ch\u1ea5t l\u01b0\u1ee3ng, thi\u1ebft k\u1ebf hi\u1ec7n \u0111\u1ea1i&#8230;<\/p>\n","protected":false},"featured_media":14086,"comment_status":"open","ping_status":"closed","template":"","meta":[],"product_brand":[1385],"product_cat":[1310,1293],"product_tag":[],"class_list":{"0":"post-14014","1":"product","2":"type-product","3":"status-publish","4":"has-post-thumbnail","6":"product_brand-honda","7":"product_cat-xe-dap-thong-dung","8":"product_cat-xe-dap","10":"first","11":"instock","12":"sale","13":"featured","14":"shipping-taxable","15":"purchasable","16":"product-type-variable"},"_links":{"self":[{"href":"https:\/\/web-ban-le.mbws.vn\/oto-xe-may-xe-dap\/wp-json\/wp\/v2\/product\/14014","targetHints":{"allow":["GET"]}}],"collection":[{"href":"https:\/\/web-ban-le.mbws.vn\/oto-xe-may-xe-dap\/wp-json\/wp\/v2\/product"}],"about":[{"href":"https:\/\/web-ban-le.mbws.vn\/oto-xe-may-xe-dap\/wp-json\/wp\/v2\/types\/product"}],"replies":[{"embeddable":true,"href":"https:\/\/web-ban-le.mbws.vn\/oto-xe-may-xe-dap\/wp-json\/wp\/v2\/comments?post=14014"}],"wp:featuredmedia":[{"embeddable":true,"href":"https:\/\/web-ban-le.mbws.vn\/oto-xe-may-xe-dap\/wp-json\/wp\/v2\/media\/14086"}],"wp:attachment":[{"href":"https:\/\/web-ban-le.mbws.vn\/oto-xe-may-xe-dap\/wp-json\/wp\/v2\/media?parent=14014"}],"wp:term":[{"taxonomy":"product_brand","embeddable":true,"href":"https:\/\/web-ban-le.mbws.vn\/oto-xe-may-xe-dap\/wp-json\/wp\/v2\/product_brand?post=14014"},{"taxonomy":"product_cat","embeddable":true,"href":"https:\/\/web-ban-le.mbws.vn\/oto-xe-may-xe-dap\/wp-json\/wp\/v2\/product_cat?post=14014"},{"taxonomy":"product_tag","embeddable":true,"href":"https:\/\/web-ban-le.mbws.vn\/oto-xe-may-xe-dap\/wp-json\/wp\/v2\/product_tag?post=14014"}],"curies":[{"name":"wp","href":"https:\/\/api.w.org\/{rel}","templated":true}]}}