{"id":14096,"date":"2025-10-24T10:09:23","date_gmt":"2025-10-24T03:09:23","guid":{"rendered":"https:\/\/web-ban-le.mbws.vn\/oto-xe-may-xe-dap\/?post_type=product&#038;p=14096"},"modified":"2025-11-04T00:18:57","modified_gmt":"2025-11-03T17:18:57","slug":"xe-dap-gap-gon-fornix-f3-khung-nhom-vong-banh-26-inch-bo-truyen-dong-21-toc-do-3-dia-7-lip","status":"publish","type":"product","link":"https:\/\/web-ban-le.mbws.vn\/oto-xe-may-xe-dap\/san-pham\/xe-dap-gap-gon-fornix-f3-khung-nhom-vong-banh-26-inch-bo-truyen-dong-21-toc-do-3-dia-7-lip\/","title":{"rendered":"Xe \u0110\u1ea1p G\u1ea5p G\u1ecdn FORNIX F3 Khung Nh\u00f4m V\u00f2ng B\u00e1nh 26 Inch B\u1ed9 Truy\u1ec1n \u0110\u1ed9ng 21 T\u1ed1c \u0110\u1ed9 3 \u0110\u0129a 7 L\u00edp"},"content":{"rendered":"<div class=\"e8lZp3\">\n<p class=\"QN2lPu\">Xe \u0111\u1ea1p g\u1ea5p g\u1ecdn FORNIX F3 v\u1edbi khung nh\u00f4m v\u00e0 v\u00f2ng b\u00e1nh 26 inch l\u00e0 m\u1ed9t l\u1ef1a ch\u1ecdn ph\u1ed5 bi\u1ebfn cho nh\u1eefng ai c\u1ea7n m\u1ed9t chi\u1ebfc xe \u0111\u1ea1p ti\u1ec7n l\u1ee3i v\u00e0 d\u1ec5 di chuy\u1ec3n. D\u01b0\u1edbi \u0111\u00e2y l\u00e0 c\u00e1c th\u00f4ng s\u1ed1 k\u1ef9 thu\u1eadt c\u1ee7a chi\u1ebfc xe n\u00e0y:<\/p>\n<p class=\"QN2lPu\">&#8211; Khung nh\u00f4m: Khung nh\u00f4m nh\u1eb9, gi\u00fap chi\u1ebfc xe b\u1ec1n b\u1ec9 v\u00e0 d\u1ec5 d\u00e0ng g\u1ea5p l\u1ea1i, ti\u1ec7n l\u1ee3i cho vi\u1ec7c l\u01b0u tr\u1eef ho\u1eb7c mang theo khi di chuy\u1ec3n.<\/p>\n<p class=\"QN2lPu\">&#8211; V\u00f2ng b\u00e1nh 26 inch: K\u00edch th\u01b0\u1edbc b\u00e1nh 26 inch l\u00e0 m\u1ed9t s\u1ef1 l\u1ef1a ch\u1ecdn t\u1ed1t cho vi\u1ec7c di chuy\u1ec3n tr\u00ean nhi\u1ec1u \u0111\u1ecba h\u00ecnh kh\u00e1c nhau, v\u1eeba \u0111\u1ee7 \u0111\u1ec3 c\u00e2n b\u1eb1ng gi\u1eefa t\u1ed1c \u0111\u1ed9 v\u00e0 s\u1ef1 \u1ed5n \u0111\u1ecbnh.<\/p>\n<p class=\"QN2lPu\">&#8211; B\u1ed9 truy\u1ec1n \u0111\u1ed9ng 21 t\u1ed1c \u0111\u1ed9 (3 \u0111\u0129a 7 l\u00edp): H\u1ec7 th\u1ed1ng chuy\u1ec3n s\u1ed1 21 t\u1ed1c \u0111\u1ed9 (3 \u0111\u0129a v\u00e0 7 l\u00edp) gi\u00fap ng\u01b0\u1eddi s\u1eed d\u1ee5ng d\u1ec5 d\u00e0ng \u0111i\u1ec1u ch\u1ec9nh v\u1eadn t\u1ed1c ph\u00f9 h\u1ee3p v\u1edbi c\u00e1c \u0111\u1ecba h\u00ecnh kh\u00e1c nhau, t\u1eeb \u0111\u01b0\u1eddng ph\u1ed1 b\u1eb1ng ph\u1eb3ng cho \u0111\u1ebfn nh\u1eefng cung \u0111\u01b0\u1eddng \u0111\u00e8o d\u1ed1c.<\/p>\n<p class=\"QN2lPu\">&#8211; G\u1ea5p g\u1ecdn: V\u1edbi thi\u1ebft k\u1ebf g\u1ea5p g\u1ecdn, chi\u1ebfc xe n\u00e0y r\u1ea5t ph\u00f9 h\u1ee3p cho nh\u1eefng ng\u01b0\u1eddi s\u1ed1ng \u1edf th\u00e0nh ph\u1ed1, c\u1ea7n ti\u1ebft ki\u1ec7m kh\u00f4ng gian \u0111\u1ec3 l\u01b0u tr\u1eef ho\u1eb7c mang theo trong c\u00e1c ph\u01b0\u01a1ng ti\u1ec7n giao th\u00f4ng c\u00f4ng c\u1ed9ng.<\/p>\n<p class=\"QN2lPu\">\n<div class=\"QN2lPu\">\n<div style=\"position: relative; width: 100%; padding-bottom: 62.5%;\"><picture class=\"UkIsx8\"><source srcset=\"https:\/\/down-vn.img.susercontent.com\/file\/vn-11134208-7ra0g-m7u7fq8i1o37ad@resize_w875_nl.webp 1x, https:\/\/down-vn.img.susercontent.com\/file\/vn-11134208-7ra0g-m7u7fq8i1o37ad@resize_w1750_nl.webp 2x\" type=\"image\/webp\" class=\"UkIsx8\"><img decoding=\"async\" width=\"875\" loading=\"lazy\" class=\"uXN1L5 lazyload GqYslU\" srcset=\"https:\/\/down-vn.img.susercontent.com\/file\/vn-11134208-7ra0g-m7u7fq8i1o37ad@resize_w875_nl 1x, https:\/\/down-vn.img.susercontent.com\/file\/vn-11134208-7ra0g-m7u7fq8i1o37ad@resize_w1750_nl 2x\" src=\"https:\/\/down-vn.img.susercontent.com\/file\/vn-11134208-7ra0g-m7u7fq8i1o37ad\" height=\"547\"><\/picture><\/div>\n<\/div>\n<p class=\"QN2lPu\">\n<div class=\"QN2lPu\">\n<div style=\"position: relative; width: 100%; padding-bottom: 62.5%;\"><picture class=\"UkIsx8\"><source srcset=\"https:\/\/down-vn.img.susercontent.com\/file\/vn-11134208-7ra0g-m7u7fq8i32nn61@resize_w875_nl.webp 1x, https:\/\/down-vn.img.susercontent.com\/file\/vn-11134208-7ra0g-m7u7fq8i32nn61@resize_w1750_nl.webp 2x\" type=\"image\/webp\" class=\"UkIsx8\"><img decoding=\"async\" width=\"875\" loading=\"lazy\" class=\"uXN1L5 lazyload GqYslU\" srcset=\"https:\/\/down-vn.img.susercontent.com\/file\/vn-11134208-7ra0g-m7u7fq8i32nn61@resize_w875_nl 1x, https:\/\/down-vn.img.susercontent.com\/file\/vn-11134208-7ra0g-m7u7fq8i32nn61@resize_w1750_nl 2x\" src=\"https:\/\/down-vn.img.susercontent.com\/file\/vn-11134208-7ra0g-m7u7fq8i32nn61\" height=\"547\"><\/picture><\/div>\n<\/div>\n<p class=\"QN2lPu\">\n<div class=\"QN2lPu\">\n<div style=\"position: relative; width: 100%; padding-bottom: 62.5%;\"><picture class=\"UkIsx8\"><source srcset=\"https:\/\/down-vn.img.susercontent.com\/file\/vn-11134208-7ra0g-m7u7fq8i4h8319@resize_w875_nl.webp 1x, https:\/\/down-vn.img.susercontent.com\/file\/vn-11134208-7ra0g-m7u7fq8i4h8319@resize_w1750_nl.webp 2x\" type=\"image\/webp\" class=\"UkIsx8\"><img decoding=\"async\" width=\"875\" loading=\"lazy\" class=\"uXN1L5 lazyload GqYslU\" srcset=\"https:\/\/down-vn.img.susercontent.com\/file\/vn-11134208-7ra0g-m7u7fq8i4h8319@resize_w875_nl 1x, https:\/\/down-vn.img.susercontent.com\/file\/vn-11134208-7ra0g-m7u7fq8i4h8319@resize_w1750_nl 2x\" src=\"https:\/\/down-vn.img.susercontent.com\/file\/vn-11134208-7ra0g-m7u7fq8i4h8319\" height=\"547\"><\/picture><\/div>\n<\/div>\n<p class=\"QN2lPu\">\n<div class=\"QN2lPu\">\n<div style=\"position: relative; width: 100%; padding-bottom: 62.5%;\"><picture class=\"UkIsx8\"><source srcset=\"https:\/\/down-vn.img.susercontent.com\/file\/vn-11134208-7ra0g-m7u7fq8i5vsj79@resize_w875_nl.webp 1x, https:\/\/down-vn.img.susercontent.com\/file\/vn-11134208-7ra0g-m7u7fq8i5vsj79@resize_w1750_nl.webp 2x\" type=\"image\/webp\" class=\"UkIsx8\"><img decoding=\"async\" width=\"875\" loading=\"lazy\" class=\"uXN1L5 lazyload GqYslU\" srcset=\"https:\/\/down-vn.img.susercontent.com\/file\/vn-11134208-7ra0g-m7u7fq8i5vsj79@resize_w875_nl 1x, https:\/\/down-vn.img.susercontent.com\/file\/vn-11134208-7ra0g-m7u7fq8i5vsj79@resize_w1750_nl 2x\" src=\"https:\/\/down-vn.img.susercontent.com\/file\/vn-11134208-7ra0g-m7u7fq8i5vsj79\" height=\"547\"><\/picture><\/div>\n<\/div>\n<p class=\"QN2lPu\">\n<div class=\"QN2lPu\">\n<div style=\"position: relative; width: 100%; padding-bottom: 62.5%;\"><picture class=\"UkIsx8\"><source srcset=\"https:\/\/down-vn.img.susercontent.com\/file\/vn-11134208-7ra0g-m7u7fq8i7acza7@resize_w875_nl.webp 1x, https:\/\/down-vn.img.susercontent.com\/file\/vn-11134208-7ra0g-m7u7fq8i7acza7@resize_w1750_nl.webp 2x\" type=\"image\/webp\" class=\"UkIsx8\"><img decoding=\"async\" width=\"875\" loading=\"lazy\" class=\"uXN1L5 lazyload GqYslU\" srcset=\"https:\/\/down-vn.img.susercontent.com\/file\/vn-11134208-7ra0g-m7u7fq8i7acza7@resize_w875_nl 1x, https:\/\/down-vn.img.susercontent.com\/file\/vn-11134208-7ra0g-m7u7fq8i7acza7@resize_w1750_nl 2x\" src=\"https:\/\/down-vn.img.susercontent.com\/file\/vn-11134208-7ra0g-m7u7fq8i7acza7\" height=\"547\"><\/picture><\/div>\n<\/div>\n<p class=\"QN2lPu\">\n<div class=\"QN2lPu\">\n<div style=\"position: relative; width: 100%; padding-bottom: 62.5%;\"><picture class=\"UkIsx8\"><source srcset=\"https:\/\/down-vn.img.susercontent.com\/file\/vn-11134208-7ra0g-m7u7fq8i8oxfc3@resize_w875_nl.webp 1x, https:\/\/down-vn.img.susercontent.com\/file\/vn-11134208-7ra0g-m7u7fq8i8oxfc3@resize_w1750_nl.webp 2x\" type=\"image\/webp\" class=\"UkIsx8\"><img decoding=\"async\" width=\"875\" loading=\"lazy\" class=\"uXN1L5 lazyload QSLoEa GqYslU\" srcset=\"https:\/\/down-vn.img.susercontent.com\/file\/vn-11134208-7ra0g-m7u7fq8i8oxfc3@resize_w875_nl 1x, https:\/\/down-vn.img.susercontent.com\/file\/vn-11134208-7ra0g-m7u7fq8i8oxfc3@resize_w1750_nl 2x\" src=\"https:\/\/down-vn.img.susercontent.com\/file\/vn-11134208-7ra0g-m7u7fq8i8oxfc3\" height=\"547\"><\/picture><\/div>\n<\/div>\n<\/div>\n","protected":false},"excerpt":{"rendered":"<p>Xe \u0111\u1ea1p g\u1ea5p g\u1ecdn FORNIX F3 v\u1edbi khung nh\u00f4m v\u00e0 v\u00f2ng b\u00e1nh 26 inch l\u00e0 m\u1ed9t l\u1ef1a ch\u1ecdn ph\u1ed5 bi\u1ebfn cho nh\u1eefng ai c\u1ea7n m\u1ed9t chi\u1ebfc xe \u0111\u1ea1p ti\u1ec7n l\u1ee3i v\u00e0 d\u1ec5 di chuy\u1ec3n. D\u01b0\u1edbi \u0111\u00e2y l\u00e0 c\u00e1c th\u00f4ng s\u1ed1 k\u1ef9 thu\u1eadt c\u1ee7a chi\u1ebfc xe n\u00e0y: &#8211; Khung nh\u00f4m: Khung nh\u00f4m nh\u1eb9, gi\u00fap chi\u1ebfc xe&#8230;<\/p>\n","protected":false},"featured_media":14153,"comment_status":"open","ping_status":"closed","template":"","meta":[],"product_brand":[1386],"product_cat":[1330,1293],"product_tag":[],"class_list":{"0":"post-14096","1":"product","2":"type-product","3":"status-publish","4":"has-post-thumbnail","6":"product_brand-suzuki","7":"product_cat-xe-dap-gap","8":"product_cat-xe-dap","10":"first","11":"instock","12":"sale","13":"shipping-taxable","14":"purchasable","15":"product-type-variable"},"_links":{"self":[{"href":"https:\/\/web-ban-le.mbws.vn\/oto-xe-may-xe-dap\/wp-json\/wp\/v2\/product\/14096","targetHints":{"allow":["GET"]}}],"collection":[{"href":"https:\/\/web-ban-le.mbws.vn\/oto-xe-may-xe-dap\/wp-json\/wp\/v2\/product"}],"about":[{"href":"https:\/\/web-ban-le.mbws.vn\/oto-xe-may-xe-dap\/wp-json\/wp\/v2\/types\/product"}],"replies":[{"embeddable":true,"href":"https:\/\/web-ban-le.mbws.vn\/oto-xe-may-xe-dap\/wp-json\/wp\/v2\/comments?post=14096"}],"wp:featuredmedia":[{"embeddable":true,"href":"https:\/\/web-ban-le.mbws.vn\/oto-xe-may-xe-dap\/wp-json\/wp\/v2\/media\/14153"}],"wp:attachment":[{"href":"https:\/\/web-ban-le.mbws.vn\/oto-xe-may-xe-dap\/wp-json\/wp\/v2\/media?parent=14096"}],"wp:term":[{"taxonomy":"product_brand","embeddable":true,"href":"https:\/\/web-ban-le.mbws.vn\/oto-xe-may-xe-dap\/wp-json\/wp\/v2\/product_brand?post=14096"},{"taxonomy":"product_cat","embeddable":true,"href":"https:\/\/web-ban-le.mbws.vn\/oto-xe-may-xe-dap\/wp-json\/wp\/v2\/product_cat?post=14096"},{"taxonomy":"product_tag","embeddable":true,"href":"https:\/\/web-ban-le.mbws.vn\/oto-xe-may-xe-dap\/wp-json\/wp\/v2\/product_tag?post=14096"}],"curies":[{"name":"wp","href":"https:\/\/api.w.org\/{rel}","templated":true}]}}