{"id":14139,"date":"2025-10-24T10:09:49","date_gmt":"2025-10-24T03:09:49","guid":{"rendered":"https:\/\/web-ban-le.mbws.vn\/oto-xe-may-xe-dap\/?post_type=product&#038;p=14139"},"modified":"2025-11-04T00:18:57","modified_gmt":"2025-11-03T17:18:57","slug":"xe-dap-dia-hinh-fornix-fm26-khung-thep-vong-banh-26-inch-bo-truyen-dong-21-toc-do-3-dia-7-lip","status":"publish","type":"product","link":"https:\/\/web-ban-le.mbws.vn\/oto-xe-may-xe-dap\/san-pham\/xe-dap-dia-hinh-fornix-fm26-khung-thep-vong-banh-26-inch-bo-truyen-dong-21-toc-do-3-dia-7-lip\/","title":{"rendered":"Xe \u0110\u1ea1p \u0110\u1ecba H\u00ecnh FORNIX FM26 Khung Th\u00e9p V\u00f2ng B\u00e1nh 26 Inch B\u1ed9 Truy\u1ec1n \u0110\u1ed9ng 21 T\u1ed1c \u0110\u1ed9 3 \u0110\u0129a 7 L\u00edp"},"content":{"rendered":"<div class=\"e8lZp3\">\n<p class=\"QN2lPu\">&#8211; Khung xe: Khung th\u00e9p ch\u1eafc ch\u1eafn, b\u1ec1n b\u1ec9, c\u00f3 kh\u1ea3 n\u0103ng ch\u1ecbu l\u1ef1c t\u1ed1t, gi\u00fap xe v\u1eadn h\u00e0nh \u1ed5n \u0111\u1ecbnh v\u00e0 b\u1ec1n l\u00e2u qua nhi\u1ec1u \u0111i\u1ec1u ki\u1ec7n kh\u00e1c nhau.<\/p>\n<p class=\"QN2lPu\">&#8211; B\u1ed9 truy\u1ec1n \u0111\u1ed9ng: B\u1ed9 truy\u1ec1n \u0111\u1ed9ng 21 t\u1ed1c \u0111\u1ed9 (3 \u0111\u0129a 7 l\u00edp), cho ph\u00e9p b\u1ea1n linh ho\u1ea1t thay \u0111\u1ed5i t\u1ed1c \u0111\u1ed9 \u0111\u1ec3 di chuy\u1ec3n tr\u00ean nhi\u1ec1u \u0111\u1ecba h\u00ecnh kh\u00e1c nhau, t\u1eeb b\u1eb1ng ph\u1eb3ng \u0111\u1ebfn g\u1eadp gh\u1ec1nh, d\u1ed1c cao.<\/p>\n<p class=\"QN2lPu\">&#8211; L\u1ed1p xe: L\u1ed1p \u0111\u1ecba h\u00ecnh ch\u1ea5t l\u01b0\u1ee3ng, thi\u1ebft k\u1ebf \u0111\u1eb7c bi\u1ec7t \u0111\u1ec3 t\u0103ng c\u01b0\u1eddng \u0111\u1ed9 b\u00e1m, gi\u00fap xe di chuy\u1ec3n \u1ed5n \u0111\u1ecbnh tr\u00ean c\u00e1c b\u1ec1 m\u1eb7t \u0111\u01b0\u1eddng s\u1ecfi, \u0111\u1ea5t, v\u00e0 nh\u1eefng con \u0111\u01b0\u1eddng m\u00f2n kh\u00f3 kh\u0103n.<\/p>\n<p class=\"QN2lPu\">&#8211; Tay l\u00e1i v\u00e0 y\u00ean xe: Tay l\u00e1i \u0111\u01b0\u1ee3c thi\u1ebft k\u1ebf ch\u1eafc ch\u1eafn v\u00e0 c\u00f3 th\u1ec3 \u0111i\u1ec1u ch\u1ec9nh \u0111\u1ed9 cao, gi\u00fap ng\u01b0\u1eddi s\u1eed d\u1ee5ng d\u1ec5 d\u00e0ng thay \u0111\u1ed5i t\u01b0 th\u1ebf v\u00e0 t\u1ea1o s\u1ef1 tho\u1ea3i m\u00e1i khi \u0111\u1ea1p xe. Y\u00ean xe c\u0169ng c\u00f3 th\u1ec3 \u0111i\u1ec1u ch\u1ec9nh, ph\u00f9 h\u1ee3p v\u1edbi m\u1ecdi v\u00f3c d\u00e1ng.<\/p>\n<div class=\"QN2lPu\">\n<div style=\"position: relative; width: 100%; padding-bottom: 66.7557%;\"><picture class=\"UkIsx8\"><source srcset=\"https:\/\/down-vn.img.susercontent.com\/file\/vn-11134208-7ra0g-m8bdtlthtsoy63@resize_w875_nl.webp 1x, https:\/\/down-vn.img.susercontent.com\/file\/vn-11134208-7ra0g-m8bdtlthtsoy63@resize_w1750_nl.webp 2x\" type=\"image\/webp\" class=\"UkIsx8\"><img decoding=\"async\" width=\"875\" loading=\"lazy\" class=\"uXN1L5 lazyload GqYslU\" srcset=\"https:\/\/down-vn.img.susercontent.com\/file\/vn-11134208-7ra0g-m8bdtlthtsoy63@resize_w875_nl 1x, https:\/\/down-vn.img.susercontent.com\/file\/vn-11134208-7ra0g-m8bdtlthtsoy63@resize_w1750_nl 2x\" src=\"https:\/\/down-vn.img.susercontent.com\/file\/vn-11134208-7ra0g-m8bdtlthtsoy63\" height=\"584\"><\/picture><\/div>\n<\/div>\n<p class=\"QN2lPu\">\n<div class=\"QN2lPu\">\n<div style=\"position: relative; width: 100%; padding-bottom: 66.7557%;\"><picture class=\"UkIsx8\"><source srcset=\"https:\/\/down-vn.img.susercontent.com\/file\/vn-11134208-7ra0g-m8bdtlthv79e84@resize_w875_nl.webp 1x, https:\/\/down-vn.img.susercontent.com\/file\/vn-11134208-7ra0g-m8bdtlthv79e84@resize_w1750_nl.webp 2x\" type=\"image\/webp\" class=\"UkIsx8\"><img decoding=\"async\" width=\"875\" loading=\"lazy\" class=\"uXN1L5 lazyload GqYslU\" srcset=\"https:\/\/down-vn.img.susercontent.com\/file\/vn-11134208-7ra0g-m8bdtlthv79e84@resize_w875_nl 1x, https:\/\/down-vn.img.susercontent.com\/file\/vn-11134208-7ra0g-m8bdtlthv79e84@resize_w1750_nl 2x\" src=\"https:\/\/down-vn.img.susercontent.com\/file\/vn-11134208-7ra0g-m8bdtlthv79e84\" height=\"584\"><\/picture><\/div>\n<\/div>\n<p class=\"QN2lPu\">\n<div class=\"QN2lPu\">\n<div style=\"position: relative; width: 100%; padding-bottom: 66.7557%;\"><picture class=\"UkIsx8\"><source srcset=\"https:\/\/down-vn.img.susercontent.com\/file\/vn-11134208-7ra0g-m8bdtlthwltu33@resize_w875_nl.webp 1x, https:\/\/down-vn.img.susercontent.com\/file\/vn-11134208-7ra0g-m8bdtlthwltu33@resize_w1750_nl.webp 2x\" type=\"image\/webp\" class=\"UkIsx8\"><img decoding=\"async\" width=\"875\" loading=\"lazy\" class=\"uXN1L5 lazyload GqYslU\" srcset=\"https:\/\/down-vn.img.susercontent.com\/file\/vn-11134208-7ra0g-m8bdtlthwltu33@resize_w875_nl 1x, https:\/\/down-vn.img.susercontent.com\/file\/vn-11134208-7ra0g-m8bdtlthwltu33@resize_w1750_nl 2x\" src=\"https:\/\/down-vn.img.susercontent.com\/file\/vn-11134208-7ra0g-m8bdtlthwltu33\" height=\"584\"><\/picture><\/div>\n<\/div>\n<p class=\"QN2lPu\">\n<div class=\"QN2lPu\">\n<div style=\"position: relative; width: 100%; padding-bottom: 66.7557%;\"><picture class=\"UkIsx8\"><source srcset=\"https:\/\/down-vn.img.susercontent.com\/file\/vn-11134208-7ra0g-m8bdtlthy0eac7@resize_w875_nl.webp 1x, https:\/\/down-vn.img.susercontent.com\/file\/vn-11134208-7ra0g-m8bdtlthy0eac7@resize_w1750_nl.webp 2x\" type=\"image\/webp\" class=\"UkIsx8\"><img decoding=\"async\" width=\"875\" loading=\"lazy\" class=\"uXN1L5 lazyload GqYslU\" srcset=\"https:\/\/down-vn.img.susercontent.com\/file\/vn-11134208-7ra0g-m8bdtlthy0eac7@resize_w875_nl 1x, https:\/\/down-vn.img.susercontent.com\/file\/vn-11134208-7ra0g-m8bdtlthy0eac7@resize_w1750_nl 2x\" src=\"https:\/\/down-vn.img.susercontent.com\/file\/vn-11134208-7ra0g-m8bdtlthy0eac7\" height=\"584\"><\/picture><\/div>\n<\/div>\n<\/div>\n","protected":false},"excerpt":{"rendered":"<p>&#8211; Khung xe: Khung th\u00e9p ch\u1eafc ch\u1eafn, b\u1ec1n b\u1ec9, c\u00f3 kh\u1ea3 n\u0103ng ch\u1ecbu l\u1ef1c t\u1ed1t, gi\u00fap xe v\u1eadn h\u00e0nh \u1ed5n \u0111\u1ecbnh v\u00e0 b\u1ec1n l\u00e2u qua nhi\u1ec1u \u0111i\u1ec1u ki\u1ec7n kh\u00e1c nhau. &#8211; B\u1ed9 truy\u1ec1n \u0111\u1ed9ng: B\u1ed9 truy\u1ec1n \u0111\u1ed9ng 21 t\u1ed1c \u0111\u1ed9 (3 \u0111\u0129a 7 l\u00edp), cho ph\u00e9p b\u1ea1n linh ho\u1ea1t thay \u0111\u1ed5i t\u1ed1c \u0111\u1ed9 \u0111\u1ec3 di&#8230;<\/p>\n","protected":false},"featured_media":14199,"comment_status":"open","ping_status":"closed","template":"","meta":[],"product_brand":[1386],"product_cat":[1293,1295],"product_tag":[],"class_list":{"0":"post-14139","1":"product","2":"type-product","3":"status-publish","4":"has-post-thumbnail","6":"product_brand-suzuki","7":"product_cat-xe-dap","8":"product_cat-xe-dap-leo-nui","10":"first","11":"instock","12":"sale","13":"shipping-taxable","14":"purchasable","15":"product-type-variable"},"_links":{"self":[{"href":"https:\/\/web-ban-le.mbws.vn\/oto-xe-may-xe-dap\/wp-json\/wp\/v2\/product\/14139","targetHints":{"allow":["GET"]}}],"collection":[{"href":"https:\/\/web-ban-le.mbws.vn\/oto-xe-may-xe-dap\/wp-json\/wp\/v2\/product"}],"about":[{"href":"https:\/\/web-ban-le.mbws.vn\/oto-xe-may-xe-dap\/wp-json\/wp\/v2\/types\/product"}],"replies":[{"embeddable":true,"href":"https:\/\/web-ban-le.mbws.vn\/oto-xe-may-xe-dap\/wp-json\/wp\/v2\/comments?post=14139"}],"wp:featuredmedia":[{"embeddable":true,"href":"https:\/\/web-ban-le.mbws.vn\/oto-xe-may-xe-dap\/wp-json\/wp\/v2\/media\/14199"}],"wp:attachment":[{"href":"https:\/\/web-ban-le.mbws.vn\/oto-xe-may-xe-dap\/wp-json\/wp\/v2\/media?parent=14139"}],"wp:term":[{"taxonomy":"product_brand","embeddable":true,"href":"https:\/\/web-ban-le.mbws.vn\/oto-xe-may-xe-dap\/wp-json\/wp\/v2\/product_brand?post=14139"},{"taxonomy":"product_cat","embeddable":true,"href":"https:\/\/web-ban-le.mbws.vn\/oto-xe-may-xe-dap\/wp-json\/wp\/v2\/product_cat?post=14139"},{"taxonomy":"product_tag","embeddable":true,"href":"https:\/\/web-ban-le.mbws.vn\/oto-xe-may-xe-dap\/wp-json\/wp\/v2\/product_tag?post=14139"}],"curies":[{"name":"wp","href":"https:\/\/api.w.org\/{rel}","templated":true}]}}