{"id":14179,"date":"2025-10-24T10:10:14","date_gmt":"2025-10-24T03:10:14","guid":{"rendered":"https:\/\/web-ban-le.mbws.vn\/oto-xe-may-xe-dap\/?post_type=product&#038;p=14179"},"modified":"2025-11-04T00:18:57","modified_gmt":"2025-11-03T17:18:57","slug":"xe-dap-tre-em-swat-fornix-zt16-danh-cho-be-trai-khung-thep-vong-banh-16-inch","status":"publish","type":"product","link":"https:\/\/web-ban-le.mbws.vn\/oto-xe-may-xe-dap\/san-pham\/xe-dap-tre-em-swat-fornix-zt16-danh-cho-be-trai-khung-thep-vong-banh-16-inch\/","title":{"rendered":"Xe \u0110\u1ea1p Tr\u1ebb Em Swat FORNIX ZT16 D\u00e0nh Cho B\u00e9 Trai Khung Th\u00e9p V\u00f2ng B\u00e1nh 16 Inch"},"content":{"rendered":"<div class=\"e8lZp3\">\n<p class=\"QN2lPu\">&#8211; Khung xe: Khung th\u00e9p ch\u1eafc ch\u1eafn, b\u1ec1n b\u1ec9, ch\u1ecbu \u0111\u01b0\u1ee3c va \u0111\u1eadp m\u1ea1nh m\u1ebd, mang l\u1ea1i s\u1ef1 \u1ed5n \u0111\u1ecbnh v\u00e0 an to\u00e0n cho tr\u1ebb khi di chuy\u1ec3n.<\/p>\n<p class=\"QN2lPu\">&#8211; V\u00f2ng b\u00e1nh: 16 inch, ph\u00f9 h\u1ee3p v\u1edbi tr\u1ebb em c\u00f3 chi\u1ec1u cao t\u1eeb 100cm \u0111\u1ebfn 120cm, t\u1ea1o c\u1ea3m gi\u00e1c c\u00e2n b\u1eb1ng v\u00e0 d\u1ec5 d\u00e0ng \u0111i\u1ec1u khi\u1ec3n.<\/p>\n<p class=\"QN2lPu\">&#8211; Ch\u1ee9c n\u0103ng th\u0103ng b\u1eb1ng: Xe \u0111\u1ea1p th\u0103ng b\u1eb1ng gi\u00fap b\u00e9 h\u1ecdc c\u00e1ch gi\u1eef th\u0103ng b\u1eb1ng m\u1ed9t c\u00e1ch t\u1ef1 nhi\u00ean, ph\u00e1t tri\u1ec3n k\u1ef9 n\u0103ng v\u1eadn \u0111\u1ed9ng, s\u1ef1 ph\u1ed1i h\u1ee3p tay v\u00e0 m\u1eaft, \u0111\u1ed3ng th\u1eddi chu\u1ea9n b\u1ecb cho vi\u1ec7c h\u1ecdc \u0111i xe \u0111\u1ea1p c\u00f3 b\u00e0n \u0111\u1ea1p sau n\u00e0y.<\/p>\n<p class=\"QN2lPu\">&#8211; Thi\u1ebft k\u1ebf an to\u00e0n: Xe \u0111\u01b0\u1ee3c trang b\u1ecb b\u00e1nh xe ph\u1ee5 gi\u00fap b\u00e9 gi\u1eef th\u0103ng b\u1eb1ng khi m\u1edbi b\u1eaft \u0111\u1ea7u. C\u00f9ng v\u1edbi \u0111\u00f3, tay l\u00e1i v\u00e0 y\u00ean xe c\u00f3 th\u1ec3 \u0111i\u1ec1u ch\u1ec9nh \u0111\u1ed9 cao \u0111\u1ec3 ph\u00f9 h\u1ee3p v\u1edbi s\u1ef1 ph\u00e1t tri\u1ec3n c\u1ee7a b\u00e9.<\/p>\n<div class=\"QN2lPu\">\n<div style=\"position: relative; width: 100%; padding-bottom: 75.0188%;\"><picture class=\"UkIsx8\"><source srcset=\"https:\/\/down-vn.img.susercontent.com\/file\/vn-11134208-7ra0g-m85kn5znqs1a0f@resize_w875_nl.webp 1x, https:\/\/down-vn.img.susercontent.com\/file\/vn-11134208-7ra0g-m85kn5znqs1a0f@resize_w1750_nl.webp 2x\" type=\"image\/webp\" class=\"UkIsx8\"><img decoding=\"async\" width=\"875\" loading=\"lazy\" class=\"uXN1L5 lazyload GqYslU\" srcset=\"https:\/\/down-vn.img.susercontent.com\/file\/vn-11134208-7ra0g-m85kn5znqs1a0f@resize_w875_nl 1x, https:\/\/down-vn.img.susercontent.com\/file\/vn-11134208-7ra0g-m85kn5znqs1a0f@resize_w1750_nl 2x\" src=\"https:\/\/down-vn.img.susercontent.com\/file\/vn-11134208-7ra0g-m85kn5znqs1a0f\" height=\"656\"><\/picture><\/div>\n<\/div>\n<div class=\"QN2lPu\">\n<div style=\"position: relative; width: 100%; padding-bottom: 75.0188%;\"><picture class=\"UkIsx8\"><source srcset=\"https:\/\/down-vn.img.susercontent.com\/file\/vn-11134208-7ra0g-m85kn5zns6lq1c@resize_w875_nl.webp 1x, https:\/\/down-vn.img.susercontent.com\/file\/vn-11134208-7ra0g-m85kn5zns6lq1c@resize_w1750_nl.webp 2x\" type=\"image\/webp\" class=\"UkIsx8\"><img decoding=\"async\" width=\"875\" loading=\"lazy\" class=\"uXN1L5 lazyload GqYslU\" srcset=\"https:\/\/down-vn.img.susercontent.com\/file\/vn-11134208-7ra0g-m85kn5zns6lq1c@resize_w875_nl 1x, https:\/\/down-vn.img.susercontent.com\/file\/vn-11134208-7ra0g-m85kn5zns6lq1c@resize_w1750_nl 2x\" src=\"https:\/\/down-vn.img.susercontent.com\/file\/vn-11134208-7ra0g-m85kn5zns6lq1c\" height=\"656\"><\/picture><\/div>\n<\/div>\n<div class=\"QN2lPu\">\n<div style=\"position: relative; width: 100%; padding-bottom: 75.0188%;\"><picture class=\"UkIsx8\"><source srcset=\"https:\/\/down-vn.img.susercontent.com\/file\/vn-11134208-7ra0g-m85kn5zntl66cb@resize_w875_nl.webp 1x, https:\/\/down-vn.img.susercontent.com\/file\/vn-11134208-7ra0g-m85kn5zntl66cb@resize_w1750_nl.webp 2x\" type=\"image\/webp\" class=\"UkIsx8\"><img decoding=\"async\" width=\"875\" loading=\"lazy\" class=\"uXN1L5 lazyload GqYslU\" srcset=\"https:\/\/down-vn.img.susercontent.com\/file\/vn-11134208-7ra0g-m85kn5zntl66cb@resize_w875_nl 1x, https:\/\/down-vn.img.susercontent.com\/file\/vn-11134208-7ra0g-m85kn5zntl66cb@resize_w1750_nl 2x\" src=\"https:\/\/down-vn.img.susercontent.com\/file\/vn-11134208-7ra0g-m85kn5zntl66cb\" height=\"656\"><\/picture><\/div>\n<\/div>\n<div class=\"QN2lPu\">\n<div style=\"position: relative; width: 100%; padding-bottom: 75.0188%;\"><picture class=\"UkIsx8\"><source srcset=\"https:\/\/down-vn.img.susercontent.com\/file\/vn-11134208-7ra0g-m85kn5znuzqm4c@resize_w875_nl.webp 1x, https:\/\/down-vn.img.susercontent.com\/file\/vn-11134208-7ra0g-m85kn5znuzqm4c@resize_w1750_nl.webp 2x\" type=\"image\/webp\" class=\"UkIsx8\"><img decoding=\"async\" width=\"875\" loading=\"lazy\" class=\"uXN1L5 lazyload GqYslU\" srcset=\"https:\/\/down-vn.img.susercontent.com\/file\/vn-11134208-7ra0g-m85kn5znuzqm4c@resize_w875_nl 1x, https:\/\/down-vn.img.susercontent.com\/file\/vn-11134208-7ra0g-m85kn5znuzqm4c@resize_w1750_nl 2x\" src=\"https:\/\/down-vn.img.susercontent.com\/file\/vn-11134208-7ra0g-m85kn5znuzqm4c\" height=\"656\"><\/picture><\/div>\n<\/div>\n<div class=\"QN2lPu\">\n<div style=\"position: relative; width: 100%; padding-bottom: 75.0188%;\"><picture class=\"UkIsx8\"><source srcset=\"https:\/\/down-vn.img.susercontent.com\/file\/vn-11134208-7ra0g-m85kn5znweb201@resize_w875_nl.webp 1x, https:\/\/down-vn.img.susercontent.com\/file\/vn-11134208-7ra0g-m85kn5znweb201@resize_w1750_nl.webp 2x\" type=\"image\/webp\" class=\"UkIsx8\"><img decoding=\"async\" width=\"875\" loading=\"lazy\" class=\"uXN1L5 lazyload GqYslU\" srcset=\"https:\/\/down-vn.img.susercontent.com\/file\/vn-11134208-7ra0g-m85kn5znweb201@resize_w875_nl 1x, https:\/\/down-vn.img.susercontent.com\/file\/vn-11134208-7ra0g-m85kn5znweb201@resize_w1750_nl 2x\" src=\"https:\/\/down-vn.img.susercontent.com\/file\/vn-11134208-7ra0g-m85kn5znweb201\" height=\"656\"><\/picture><\/div>\n<\/div>\n<\/div>\n","protected":false},"excerpt":{"rendered":"<p>&#8211; Khung xe: Khung th\u00e9p ch\u1eafc ch\u1eafn, b\u1ec1n b\u1ec9, ch\u1ecbu \u0111\u01b0\u1ee3c va \u0111\u1eadp m\u1ea1nh m\u1ebd, mang l\u1ea1i s\u1ef1 \u1ed5n \u0111\u1ecbnh v\u00e0 an to\u00e0n cho tr\u1ebb khi di chuy\u1ec3n. &#8211; V\u00f2ng b\u00e1nh: 16 inch, ph\u00f9 h\u1ee3p v\u1edbi tr\u1ebb em c\u00f3 chi\u1ec1u cao t\u1eeb 100cm \u0111\u1ebfn 120cm, t\u1ea1o c\u1ea3m gi\u00e1c c\u00e2n b\u1eb1ng v\u00e0 d\u1ec5 d\u00e0ng \u0111i\u1ec1u khi\u1ec3n&#8230;.<\/p>\n","protected":false},"featured_media":14244,"comment_status":"open","ping_status":"closed","template":"","meta":[],"product_brand":[1386],"product_cat":[1344,1293],"product_tag":[],"class_list":{"0":"post-14179","1":"product","2":"type-product","3":"status-publish","4":"has-post-thumbnail","6":"product_brand-suzuki","7":"product_cat-xe-dap-tre-em","8":"product_cat-xe-dap","10":"first","11":"instock","12":"sale","13":"shipping-taxable","14":"purchasable","15":"product-type-variable"},"_links":{"self":[{"href":"https:\/\/web-ban-le.mbws.vn\/oto-xe-may-xe-dap\/wp-json\/wp\/v2\/product\/14179","targetHints":{"allow":["GET"]}}],"collection":[{"href":"https:\/\/web-ban-le.mbws.vn\/oto-xe-may-xe-dap\/wp-json\/wp\/v2\/product"}],"about":[{"href":"https:\/\/web-ban-le.mbws.vn\/oto-xe-may-xe-dap\/wp-json\/wp\/v2\/types\/product"}],"replies":[{"embeddable":true,"href":"https:\/\/web-ban-le.mbws.vn\/oto-xe-may-xe-dap\/wp-json\/wp\/v2\/comments?post=14179"}],"wp:featuredmedia":[{"embeddable":true,"href":"https:\/\/web-ban-le.mbws.vn\/oto-xe-may-xe-dap\/wp-json\/wp\/v2\/media\/14244"}],"wp:attachment":[{"href":"https:\/\/web-ban-le.mbws.vn\/oto-xe-may-xe-dap\/wp-json\/wp\/v2\/media?parent=14179"}],"wp:term":[{"taxonomy":"product_brand","embeddable":true,"href":"https:\/\/web-ban-le.mbws.vn\/oto-xe-may-xe-dap\/wp-json\/wp\/v2\/product_brand?post=14179"},{"taxonomy":"product_cat","embeddable":true,"href":"https:\/\/web-ban-le.mbws.vn\/oto-xe-may-xe-dap\/wp-json\/wp\/v2\/product_cat?post=14179"},{"taxonomy":"product_tag","embeddable":true,"href":"https:\/\/web-ban-le.mbws.vn\/oto-xe-may-xe-dap\/wp-json\/wp\/v2\/product_tag?post=14179"}],"curies":[{"name":"wp","href":"https:\/\/api.w.org\/{rel}","templated":true}]}}