{"id":14231,"date":"2025-10-24T10:10:42","date_gmt":"2025-10-24T03:10:42","guid":{"rendered":"https:\/\/web-ban-le.mbws.vn\/oto-xe-may-xe-dap\/?post_type=product&#038;p=14231"},"modified":"2025-11-04T00:13:39","modified_gmt":"2025-11-03T17:13:39","slug":"xe-dap-tre-em-fornix-fx20-khung-thep-vong-banh-20-inch-bo-truyen-dong-7-toc-do-1-dia-7-lip","status":"publish","type":"product","link":"https:\/\/web-ban-le.mbws.vn\/oto-xe-may-xe-dap\/san-pham\/xe-dap-tre-em-fornix-fx20-khung-thep-vong-banh-20-inch-bo-truyen-dong-7-toc-do-1-dia-7-lip\/","title":{"rendered":"Xe \u0110\u1ea1p Tr\u1ebb Em FORNIX FX20 Khung Th\u00e9p V\u00f2ng B\u00e1nh 20 Inch B\u1ed9 Truy\u1ec1n \u0110\u1ed9ng 7 T\u1ed1c \u0110\u1ed9 1 \u0110\u0129a 7 L\u00edp"},"content":{"rendered":"<div class=\"e8lZp3\">\n<p class=\"QN2lPu\">&#8211; Lo\u1ea1i xe: Xe \u0111\u1ea1p tr\u1ebb em FORNIX FX20 \u0111\u01b0\u1ee3c thi\u1ebft k\u1ebf d\u00e0nh ri\u00eang cho tr\u1ebb em t\u1eeb 6 \u0111\u1ebfn 12 tu\u1ed5i, v\u1edbi khung th\u00e9p ch\u1eafc ch\u1eafn v\u00e0 b\u1ed9 truy\u1ec1n \u0111\u1ed9ng 7 t\u1ed1c \u0111\u1ed9, ph\u00f9 h\u1ee3p cho c\u00e1c b\u00e9 y\u00eau th\u00edch vi\u1ec7c \u0111\u1ea1p xe v\u00e0 kh\u00e1m ph\u00e1 th\u1ebf gi\u1edbi xung quanh. Xe l\u00e0 l\u1ef1a ch\u1ecdn l\u00fd t\u01b0\u1edfng cho c\u00e1c b\u00e9 m\u1edbi b\u1eaft \u0111\u1ea7u h\u1ecdc \u0111\u1ea1p xe ho\u1eb7c \u0111\u00e3 c\u00f3 kinh nghi\u1ec7m, mang \u0111\u1ebfn s\u1ef1 an to\u00e0n, ti\u1ec7n l\u1ee3i v\u00e0 tr\u1ea3i nghi\u1ec7m th\u00fa v\u1ecb.<\/p>\n<p class=\"QN2lPu\">&#8211; Khung xe: Khung th\u00e9p b\u1ec1n b\u1ec9, c\u00f3 kh\u1ea3 n\u0103ng ch\u1ecbu l\u1ef1c t\u1ed1t, gi\u00fap \u0111\u1ea3m b\u1ea3o an to\u00e0n cho tr\u1ebb em trong su\u1ed1t qu\u00e1 tr\u00ecnh s\u1eed d\u1ee5ng. Khung xe thi\u1ebft k\u1ebf ch\u1eafc ch\u1eafn nh\u01b0ng kh\u00f4ng qu\u00e1 n\u1eb7ng, gi\u00fap tr\u1ebb d\u1ec5 d\u00e0ng \u0111i\u1ec1u khi\u1ec3n v\u00e0 ki\u1ec3m so\u00e1t khi di chuy\u1ec3n. Ch\u1ea5t li\u1ec7u th\u00e9p cao c\u1ea5p gi\u00fap xe c\u00f3 \u0111\u1ed9 b\u1ec1n l\u00e2u d\u00e0i v\u00e0 kh\u1ea3 n\u0103ng ch\u1ed1ng ch\u1ecbu t\u1ed1t v\u1edbi c\u00e1c va ch\u1ea1m nh\u1eb9.<\/p>\n<p class=\"QN2lPu\">&#8211; V\u00f2ng b\u00e1nh: Xe trang b\u1ecb b\u00e1nh xe 20 inch, k\u00edch th\u01b0\u1edbc ph\u00f9 h\u1ee3p v\u1edbi tr\u1ebb em, mang l\u1ea1i s\u1ef1 \u1ed5n \u0111\u1ecbnh v\u00e0 d\u1ec5 d\u00e0ng \u0111i\u1ec1u khi\u1ec3n. V\u00e0nh b\u00e1nh \u0111\u01b0\u1ee3c l\u00e0m t\u1eeb v\u1eadt li\u1ec7u b\u1ec1n b\u1ec9, gi\u00fap xe v\u1eadn h\u00e0nh m\u01b0\u1ee3t m\u00e0 v\u00e0 c\u00f3 th\u1ec3 s\u1eed d\u1ee5ng l\u00e2u d\u00e0i m\u00e0 kh\u00f4ng g\u1eb7p v\u1ea5n \u0111\u1ec1 v\u1ec1 h\u1ecfng h\u00f3c.<\/p>\n<p class=\"QN2lPu\">&#8211; B\u1ed9 truy\u1ec1n \u0111\u1ed9ng 7 t\u1ed1c \u0111\u1ed9: Xe \u0111\u1ea1p FORNIX FX20 \u0111\u01b0\u1ee3c trang b\u1ecb b\u1ed9 truy\u1ec1n \u0111\u1ed9ng 7 t\u1ed1c \u0111\u1ed9, g\u1ed3m 1 \u0111\u0129a v\u00e0 7 l\u00edp, gi\u00fap tr\u1ebb d\u1ec5 d\u00e0ng \u0111i\u1ec1u ch\u1ec9nh t\u1ed1c \u0111\u1ed9 khi di chuy\u1ec3n tr\u00ean c\u00e1c \u0111o\u1ea1n \u0111\u01b0\u1eddng kh\u00e1c nhau. H\u1ec7 th\u1ed1ng 7 t\u1ed1c \u0111\u1ed9 gi\u00fap xe c\u00f3 kh\u1ea3 n\u0103ng v\u01b0\u1ee3t qua c\u00e1c \u0111o\u1ea1n \u0111\u01b0\u1eddng ph\u1eb3ng ho\u1eb7c d\u1ed1c m\u1ed9t c\u00e1ch d\u1ec5 d\u00e0ng, mang l\u1ea1i s\u1ef1 linh ho\u1ea1t v\u00e0 ti\u1ec7n l\u1ee3i cho ng\u01b0\u1eddi s\u1eed d\u1ee5ng.<\/p>\n<div class=\"QN2lPu\">\n<div style=\"position: relative; width: 100%; padding-bottom: 78.125%;\"><picture class=\"UkIsx8\"><source srcset=\"https:\/\/down-vn.img.susercontent.com\/file\/vn-11134208-7ra0g-m8605ph8zibr4a@resize_w875_nl.webp 1x, https:\/\/down-vn.img.susercontent.com\/file\/vn-11134208-7ra0g-m8605ph8zibr4a@resize_w1750_nl.webp 2x\" type=\"image\/webp\" class=\"UkIsx8\"><img decoding=\"async\" width=\"875\" loading=\"lazy\" class=\"uXN1L5 lazyload GqYslU\" srcset=\"https:\/\/down-vn.img.susercontent.com\/file\/vn-11134208-7ra0g-m8605ph8zibr4a@resize_w875_nl 1x, https:\/\/down-vn.img.susercontent.com\/file\/vn-11134208-7ra0g-m8605ph8zibr4a@resize_w1750_nl 2x\" src=\"https:\/\/down-vn.img.susercontent.com\/file\/vn-11134208-7ra0g-m8605ph8zibr4a\" height=\"684\"><\/picture><\/div>\n<\/div>\n<p class=\"QN2lPu\">\n<div class=\"QN2lPu\">\n<div style=\"position: relative; width: 100%; padding-bottom: 78.125%;\"><picture class=\"UkIsx8\"><source srcset=\"https:\/\/down-vn.img.susercontent.com\/file\/vn-11134208-7ra0g-m8605ph90ww70e@resize_w875_nl.webp 1x, https:\/\/down-vn.img.susercontent.com\/file\/vn-11134208-7ra0g-m8605ph90ww70e@resize_w1750_nl.webp 2x\" type=\"image\/webp\" class=\"UkIsx8\"><img decoding=\"async\" width=\"875\" loading=\"lazy\" class=\"uXN1L5 lazyload GqYslU\" srcset=\"https:\/\/down-vn.img.susercontent.com\/file\/vn-11134208-7ra0g-m8605ph90ww70e@resize_w875_nl 1x, https:\/\/down-vn.img.susercontent.com\/file\/vn-11134208-7ra0g-m8605ph90ww70e@resize_w1750_nl 2x\" src=\"https:\/\/down-vn.img.susercontent.com\/file\/vn-11134208-7ra0g-m8605ph90ww70e\" height=\"684\"><\/picture><\/div>\n<\/div>\n<p class=\"QN2lPu\">\n<div class=\"QN2lPu\">\n<div style=\"position: relative; width: 100%; padding-bottom: 78.125%;\"><picture class=\"UkIsx8\"><source srcset=\"https:\/\/down-vn.img.susercontent.com\/file\/vn-11134208-7ra0g-m8605ph92bgnc7@resize_w875_nl.webp 1x, https:\/\/down-vn.img.susercontent.com\/file\/vn-11134208-7ra0g-m8605ph92bgnc7@resize_w1750_nl.webp 2x\" type=\"image\/webp\" class=\"UkIsx8\"><img decoding=\"async\" width=\"875\" loading=\"lazy\" class=\"uXN1L5 lazyload GqYslU\" srcset=\"https:\/\/down-vn.img.susercontent.com\/file\/vn-11134208-7ra0g-m8605ph92bgnc7@resize_w875_nl 1x, https:\/\/down-vn.img.susercontent.com\/file\/vn-11134208-7ra0g-m8605ph92bgnc7@resize_w1750_nl 2x\" src=\"https:\/\/down-vn.img.susercontent.com\/file\/vn-11134208-7ra0g-m8605ph92bgnc7\" height=\"684\"><\/picture><\/div>\n<\/div>\n<p class=\"QN2lPu\">\n<div class=\"QN2lPu\">\n<div style=\"position: relative; width: 100%; padding-bottom: 78.125%;\"><picture class=\"UkIsx8\"><source srcset=\"https:\/\/down-vn.img.susercontent.com\/file\/vn-11134208-7ra0g-m8605ph93q138f@resize_w875_nl.webp 1x, https:\/\/down-vn.img.susercontent.com\/file\/vn-11134208-7ra0g-m8605ph93q138f@resize_w1750_nl.webp 2x\" type=\"image\/webp\" class=\"UkIsx8\"><img decoding=\"async\" width=\"875\" loading=\"lazy\" class=\"uXN1L5 lazyload GqYslU\" srcset=\"https:\/\/down-vn.img.susercontent.com\/file\/vn-11134208-7ra0g-m8605ph93q138f@resize_w875_nl 1x, https:\/\/down-vn.img.susercontent.com\/file\/vn-11134208-7ra0g-m8605ph93q138f@resize_w1750_nl 2x\" src=\"https:\/\/down-vn.img.susercontent.com\/file\/vn-11134208-7ra0g-m8605ph93q138f\" height=\"684\"><\/picture><\/div>\n<\/div>\n<p class=\"QN2lPu\">\n<div class=\"QN2lPu\">\n<div style=\"position: relative; width: 100%; padding-bottom: 78.125%;\"><picture class=\"UkIsx8\"><source srcset=\"https:\/\/down-vn.img.susercontent.com\/file\/vn-11134208-7ra0g-m8605ph954lj34@resize_w875_nl.webp 1x, https:\/\/down-vn.img.susercontent.com\/file\/vn-11134208-7ra0g-m8605ph954lj34@resize_w1750_nl.webp 2x\" type=\"image\/webp\" class=\"UkIsx8\"><img decoding=\"async\" width=\"875\" loading=\"lazy\" class=\"uXN1L5 lazyload GqYslU\" srcset=\"https:\/\/down-vn.img.susercontent.com\/file\/vn-11134208-7ra0g-m8605ph954lj34@resize_w875_nl 1x, https:\/\/down-vn.img.susercontent.com\/file\/vn-11134208-7ra0g-m8605ph954lj34@resize_w1750_nl 2x\" src=\"https:\/\/down-vn.img.susercontent.com\/file\/vn-11134208-7ra0g-m8605ph954lj34\" height=\"684\"><\/picture><\/div>\n<\/div>\n<p class=\"QN2lPu\">\n<div class=\"QN2lPu\">\n<div style=\"position: relative; width: 100%; padding-bottom: 78.125%;\"><picture class=\"UkIsx8\"><source srcset=\"https:\/\/down-vn.img.susercontent.com\/file\/vn-11134208-7ra0g-m8605ph96j5z83@resize_w875_nl.webp 1x, https:\/\/down-vn.img.susercontent.com\/file\/vn-11134208-7ra0g-m8605ph96j5z83@resize_w1750_nl.webp 2x\" type=\"image\/webp\" class=\"UkIsx8\"><img decoding=\"async\" width=\"875\" loading=\"lazy\" class=\"uXN1L5 lazyload QSLoEa GqYslU\" srcset=\"https:\/\/down-vn.img.susercontent.com\/file\/vn-11134208-7ra0g-m8605ph96j5z83@resize_w875_nl 1x, https:\/\/down-vn.img.susercontent.com\/file\/vn-11134208-7ra0g-m8605ph96j5z83@resize_w1750_nl 2x\" src=\"https:\/\/down-vn.img.susercontent.com\/file\/vn-11134208-7ra0g-m8605ph96j5z83\" height=\"684\"><\/picture><\/div>\n<\/div>\n<\/div>\n","protected":false},"excerpt":{"rendered":"<p>&#8211; Lo\u1ea1i xe: Xe \u0111\u1ea1p tr\u1ebb em FORNIX FX20 \u0111\u01b0\u1ee3c thi\u1ebft k\u1ebf d\u00e0nh ri\u00eang cho tr\u1ebb em t\u1eeb 6 \u0111\u1ebfn 12 tu\u1ed5i, v\u1edbi khung th\u00e9p ch\u1eafc ch\u1eafn v\u00e0 b\u1ed9 truy\u1ec1n \u0111\u1ed9ng 7 t\u1ed1c \u0111\u1ed9, ph\u00f9 h\u1ee3p cho c\u00e1c b\u00e9 y\u00eau th\u00edch vi\u1ec7c \u0111\u1ea1p xe v\u00e0 kh\u00e1m ph\u00e1 th\u1ebf gi\u1edbi xung quanh. Xe l\u00e0 l\u1ef1a ch\u1ecdn&#8230;<\/p>\n","protected":false},"featured_media":14274,"comment_status":"open","ping_status":"closed","template":"","meta":[],"product_brand":[1382],"product_cat":[1344,1293],"product_tag":[],"class_list":{"0":"post-14231","1":"product","2":"type-product","3":"status-publish","4":"has-post-thumbnail","6":"product_brand-vinfast","7":"product_cat-xe-dap-tre-em","8":"product_cat-xe-dap","10":"first","11":"instock","12":"sale","13":"featured","14":"shipping-taxable","15":"purchasable","16":"product-type-variable"},"_links":{"self":[{"href":"https:\/\/web-ban-le.mbws.vn\/oto-xe-may-xe-dap\/wp-json\/wp\/v2\/product\/14231","targetHints":{"allow":["GET"]}}],"collection":[{"href":"https:\/\/web-ban-le.mbws.vn\/oto-xe-may-xe-dap\/wp-json\/wp\/v2\/product"}],"about":[{"href":"https:\/\/web-ban-le.mbws.vn\/oto-xe-may-xe-dap\/wp-json\/wp\/v2\/types\/product"}],"replies":[{"embeddable":true,"href":"https:\/\/web-ban-le.mbws.vn\/oto-xe-may-xe-dap\/wp-json\/wp\/v2\/comments?post=14231"}],"wp:featuredmedia":[{"embeddable":true,"href":"https:\/\/web-ban-le.mbws.vn\/oto-xe-may-xe-dap\/wp-json\/wp\/v2\/media\/14274"}],"wp:attachment":[{"href":"https:\/\/web-ban-le.mbws.vn\/oto-xe-may-xe-dap\/wp-json\/wp\/v2\/media?parent=14231"}],"wp:term":[{"taxonomy":"product_brand","embeddable":true,"href":"https:\/\/web-ban-le.mbws.vn\/oto-xe-may-xe-dap\/wp-json\/wp\/v2\/product_brand?post=14231"},{"taxonomy":"product_cat","embeddable":true,"href":"https:\/\/web-ban-le.mbws.vn\/oto-xe-may-xe-dap\/wp-json\/wp\/v2\/product_cat?post=14231"},{"taxonomy":"product_tag","embeddable":true,"href":"https:\/\/web-ban-le.mbws.vn\/oto-xe-may-xe-dap\/wp-json\/wp\/v2\/product_tag?post=14231"}],"curies":[{"name":"wp","href":"https:\/\/api.w.org\/{rel}","templated":true}]}}