{"id":14233,"date":"2025-10-24T10:10:42","date_gmt":"2025-10-24T03:10:42","guid":{"rendered":"https:\/\/web-ban-le.mbws.vn\/oto-xe-may-xe-dap\/?post_type=product&#038;p=14233"},"modified":"2025-11-04T00:13:39","modified_gmt":"2025-11-03T17:13:39","slug":"xe-dap-dia-hinh-fornix-m10-khung-nhom-khong-moi-han-10-toc-do-1-dia-10-lip","status":"publish","type":"product","link":"https:\/\/web-ban-le.mbws.vn\/oto-xe-may-xe-dap\/san-pham\/xe-dap-dia-hinh-fornix-m10-khung-nhom-khong-moi-han-10-toc-do-1-dia-10-lip\/","title":{"rendered":"Xe \u0110\u1ea1p \u0110\u1ecba H\u00ecnh FORNIX M10 Khung Nh\u00f4m Kh\u00f4ng M\u1ed1i H\u00e0n  10 T\u1ed1c \u0110\u1ed9 1 \u0110\u0129a 10 L\u00edp"},"content":{"rendered":"<div class=\"e8lZp3\">\n<p class=\"QN2lPu\">Xe \u0110\u1ea1p \u0110\u1ecba H\u00ecnh FORNIX M10 \u0111\u01b0\u1ee3c thi\u1ebft k\u1ebf \u0111\u1eb7c bi\u1ec7t \u0111\u1ec3 chinh ph\u1ee5c m\u1ecdi \u0111\u1ecba h\u00ecnh g\u1ed3 gh\u1ec1, t\u1eeb nh\u1eefng con \u0111\u01b0\u1eddng m\u00f2n, \u0111\u1ed3i n\u00fai \u0111\u1ebfn c\u00e1c \u0111\u1ecba h\u00ecnh kh\u00f3 kh\u0103n. V\u1edbi khung nh\u00f4m kh\u00f4ng m\u1ed1i h\u00e0n ti\u00ean ti\u1ebfn, chi\u1ebfc xe kh\u00f4ng ch\u1ec9 \u0111\u1ea3m b\u1ea3o \u0111\u1ed9 b\u1ec1n v\u01b0\u1ee3t tr\u1ed9i m\u00e0 c\u00f2n c\u00f3 tr\u1ecdng l\u01b0\u1ee3ng nh\u1eb9, gi\u00fap ng\u01b0\u1eddi s\u1eed d\u1ee5ng d\u1ec5 d\u00e0ng \u0111i\u1ec1u khi\u1ec3n v\u00e0 v\u1eadn h\u00e0nh. B\u1ed9 truy\u1ec1n \u0111\u1ed9ng 10 t\u1ed1c \u0111\u1ed9, 1 \u0111\u0129a v\u00e0 10 l\u00edp gi\u00fap t\u1ed1i \u01b0u h\u00f3a kh\u1ea3 n\u0103ng thay \u0111\u1ed5i t\u1ed1c \u0111\u1ed9, gi\u00fap b\u1ea1n d\u1ec5 d\u00e0ng v\u01b0\u1ee3t qua m\u1ecdi th\u1eed th\u00e1ch tr\u00ean \u0111\u01b0\u1eddng \u0111i.<\/p>\n<p class=\"QN2lPu\">\n<p class=\"QN2lPu\">Th\u00f4ng S\u1ed1 K\u1ef9 Thu\u1eadt:<\/p>\n<p class=\"QN2lPu\">&#8211; Khung xe: Khung nh\u00f4m kh\u00f4ng m\u1ed1i h\u00e0n, nh\u1eb9 v\u00e0 ch\u1eafc ch\u1eafn, gi\u00fap gi\u1ea3m tr\u1ecdng l\u01b0\u1ee3ng t\u1ed5ng th\u1ec3 c\u1ee7a xe m\u00e0 v\u1eabn gi\u1eef \u0111\u01b0\u1ee3c \u0111\u1ed9 b\u1ec1n v\u00e0 \u0111\u1ed9 \u1ed5n \u0111\u1ecbnh cao.<\/p>\n<p class=\"QN2lPu\">\n<p class=\"QN2lPu\">&#8211; V\u00f2ng b\u00e1nh: K\u00edch th\u01b0\u1edbc b\u00e1nh 27.5 inch, mang l\u1ea1i s\u1ef1 c\u00e2n b\u1eb1ng tuy\u1ec7t v\u1eddi gi\u1eefa t\u1ed1c \u0111\u1ed9 v\u00e0 kh\u1ea3 n\u0103ng v\u01b0\u1ee3t \u0111\u1ecba h\u00ecnh. B\u00e1nh xe 27.5 inch gi\u00fap xe linh ho\u1ea1t, d\u1ec5 d\u00e0ng v\u01b0\u1ee3t qua c\u00e1c ch\u01b0\u1edbng ng\u1ea1i v\u1eadt v\u00e0 gi\u1eef v\u1eefng \u1ed5n \u0111\u1ecbnh khi di chuy\u1ec3n.<\/p>\n<p class=\"QN2lPu\">\n<p class=\"QN2lPu\">&#8211; B\u1ed9 truy\u1ec1n \u0111\u1ed9ng: 1 \u0111\u0129a, 10 l\u00edp gi\u00fap thay \u0111\u1ed5i t\u1ed1c \u0111\u1ed9 linh ho\u1ea1t, \u0111\u00e1p \u1ee9ng nhu c\u1ea7u c\u1ee7a ng\u01b0\u1eddi s\u1eed d\u1ee5ng khi leo d\u1ed1c ho\u1eb7c ch\u1ea1y t\u1ed1c \u0111\u1ed9 cao tr\u00ean nh\u1eefng cung \u0111\u01b0\u1eddng ph\u1eb3ng.<\/p>\n<p class=\"QN2lPu\">\n<p class=\"QN2lPu\">&#8211; H\u1ec7 th\u1ed1ng phanh: Phanh \u0111\u0129a (phanh \u0111\u0129a c\u01a1 ho\u1eb7c phanh \u0111\u0129a d\u1ea7u t\u00f9y theo c\u1ea5u h\u00ecnh), mang \u0111\u1ebfn hi\u1ec7u qu\u1ea3 phanh m\u1ea1nh m\u1ebd v\u00e0 ch\u00ednh x\u00e1c, \u0111\u1ea3m b\u1ea3o an to\u00e0n khi di chuy\u1ec3n \u1edf t\u1ed1c \u0111\u1ed9 cao ho\u1eb7c khi di chuy\u1ec3n tr\u00ean \u0111\u1ecba h\u00ecnh ph\u1ee9c t\u1ea1p.<\/p>\n<p class=\"QN2lPu\">\n<p class=\"QN2lPu\">&#8211; Tay l\u00e1i: Thi\u1ebft k\u1ebf th\u1ec3 thao, d\u1ec5 d\u00e0ng \u0111i\u1ec1u khi\u1ec3n, ph\u00f9 h\u1ee3p cho c\u00e1c chuy\u1ebfn \u0111i d\u00e0i v\u00e0 nh\u1eefng cung \u0111\u01b0\u1eddng kh\u00f3 kh\u0103n.<\/p>\n<p class=\"QN2lPu\">\n<p class=\"QN2lPu\">&#8211; Y\u00ean xe: Y\u00ean xe \u0111\u01b0\u1ee3c l\u00e0m t\u1eeb ch\u1ea5t li\u1ec7u cao su m\u1ec1m m\u1ea1i, mang l\u1ea1i c\u1ea3m gi\u00e1c tho\u1ea3i m\u00e1i v\u00e0 gi\u1ea3m ch\u1ea5n khi di chuy\u1ec3n tr\u00ean c\u00e1c \u0111\u1ecba h\u00ecnh g\u1ed3 gh\u1ec1.<\/p>\n<p class=\"QN2lPu\">\n<p class=\"QN2lPu\">&#8211; Ch\u1ea5t li\u1ec7u: Khung nh\u00f4m h\u1ee3p kim kh\u00f4ng m\u1ed1i h\u00e0n gi\u00fap t\u0103ng c\u01b0\u1eddng \u0111\u1ed9 b\u1ec1n v\u00e0 kh\u1ea3 n\u0103ng ch\u1ecbu l\u1ef1c, trong khi v\u1eabn \u0111\u1ea3m b\u1ea3o tr\u1ecdng l\u01b0\u1ee3ng nh\u1eb9, gi\u00fap ng\u01b0\u1eddi s\u1eed d\u1ee5ng d\u1ec5 d\u00e0ng ki\u1ec3m so\u00e1t.<\/p>\n<div class=\"QN2lPu\">\n<div style=\"position: relative; width: 100%; padding-bottom: 78.125%;\"><picture class=\"UkIsx8\"><source srcset=\"https:\/\/down-vn.img.susercontent.com\/file\/vn-11134208-7ra0g-m7sv0j9qj8z7c7@resize_w875_nl.webp 1x, https:\/\/down-vn.img.susercontent.com\/file\/vn-11134208-7ra0g-m7sv0j9qj8z7c7@resize_w1750_nl.webp 2x\" type=\"image\/webp\" class=\"UkIsx8\"><img decoding=\"async\" width=\"875\" loading=\"lazy\" class=\"uXN1L5 lazyload GqYslU\" srcset=\"https:\/\/down-vn.img.susercontent.com\/file\/vn-11134208-7ra0g-m7sv0j9qj8z7c7@resize_w875_nl 1x, https:\/\/down-vn.img.susercontent.com\/file\/vn-11134208-7ra0g-m7sv0j9qj8z7c7@resize_w1750_nl 2x\" src=\"https:\/\/down-vn.img.susercontent.com\/file\/vn-11134208-7ra0g-m7sv0j9qj8z7c7\" height=\"684\"><\/picture><\/div>\n<\/div>\n<div class=\"QN2lPu\">\n<div style=\"position: relative; width: 100%; padding-bottom: 78.125%;\"><picture class=\"UkIsx8\"><source srcset=\"https:\/\/down-vn.img.susercontent.com\/file\/vn-11134208-7ra0g-m7sv0j9qknjn82@resize_w875_nl.webp 1x, https:\/\/down-vn.img.susercontent.com\/file\/vn-11134208-7ra0g-m7sv0j9qknjn82@resize_w1750_nl.webp 2x\" type=\"image\/webp\" class=\"UkIsx8\"><img decoding=\"async\" width=\"875\" loading=\"lazy\" class=\"uXN1L5 lazyload GqYslU\" srcset=\"https:\/\/down-vn.img.susercontent.com\/file\/vn-11134208-7ra0g-m7sv0j9qknjn82@resize_w875_nl 1x, https:\/\/down-vn.img.susercontent.com\/file\/vn-11134208-7ra0g-m7sv0j9qknjn82@resize_w1750_nl 2x\" src=\"https:\/\/down-vn.img.susercontent.com\/file\/vn-11134208-7ra0g-m7sv0j9qknjn82\" height=\"684\"><\/picture><\/div>\n<\/div>\n<div class=\"QN2lPu\">\n<div style=\"position: relative; width: 100%; padding-bottom: 78.125%;\"><picture class=\"UkIsx8\"><source srcset=\"https:\/\/down-vn.img.susercontent.com\/file\/vn-11134208-7ra0g-m7sv0j9qm243d4@resize_w875_nl.webp 1x, https:\/\/down-vn.img.susercontent.com\/file\/vn-11134208-7ra0g-m7sv0j9qm243d4@resize_w1750_nl.webp 2x\" type=\"image\/webp\" class=\"UkIsx8\"><img decoding=\"async\" width=\"875\" loading=\"lazy\" class=\"uXN1L5 lazyload GqYslU\" srcset=\"https:\/\/down-vn.img.susercontent.com\/file\/vn-11134208-7ra0g-m7sv0j9qm243d4@resize_w875_nl 1x, https:\/\/down-vn.img.susercontent.com\/file\/vn-11134208-7ra0g-m7sv0j9qm243d4@resize_w1750_nl 2x\" src=\"https:\/\/down-vn.img.susercontent.com\/file\/vn-11134208-7ra0g-m7sv0j9qm243d4\" height=\"684\"><\/picture><\/div>\n<\/div>\n<div class=\"QN2lPu\">\n<div style=\"position: relative; width: 100%; padding-bottom: 78.125%;\"><picture class=\"UkIsx8\"><source srcset=\"https:\/\/down-vn.img.susercontent.com\/file\/vn-11134208-7ra0g-m7sv0j9qngojfb@resize_w875_nl.webp 1x, https:\/\/down-vn.img.susercontent.com\/file\/vn-11134208-7ra0g-m7sv0j9qngojfb@resize_w1750_nl.webp 2x\" type=\"image\/webp\" class=\"UkIsx8\"><img decoding=\"async\" width=\"875\" loading=\"lazy\" class=\"uXN1L5 lazyload GqYslU\" srcset=\"https:\/\/down-vn.img.susercontent.com\/file\/vn-11134208-7ra0g-m7sv0j9qngojfb@resize_w875_nl 1x, https:\/\/down-vn.img.susercontent.com\/file\/vn-11134208-7ra0g-m7sv0j9qngojfb@resize_w1750_nl 2x\" src=\"https:\/\/down-vn.img.susercontent.com\/file\/vn-11134208-7ra0g-m7sv0j9qngojfb\" height=\"684\"><\/picture><\/div>\n<\/div>\n<div class=\"QN2lPu\">\n<div style=\"position: relative; width: 100%; padding-bottom: 78.125%;\"><picture class=\"UkIsx8\"><source srcset=\"https:\/\/down-vn.img.susercontent.com\/file\/vn-11134208-7ra0g-m7sv0j9qov8z14@resize_w875_nl.webp 1x, https:\/\/down-vn.img.susercontent.com\/file\/vn-11134208-7ra0g-m7sv0j9qov8z14@resize_w1750_nl.webp 2x\" type=\"image\/webp\" class=\"UkIsx8\"><img decoding=\"async\" width=\"875\" loading=\"lazy\" class=\"uXN1L5 lazyload GqYslU\" srcset=\"https:\/\/down-vn.img.susercontent.com\/file\/vn-11134208-7ra0g-m7sv0j9qov8z14@resize_w875_nl 1x, https:\/\/down-vn.img.susercontent.com\/file\/vn-11134208-7ra0g-m7sv0j9qov8z14@resize_w1750_nl 2x\" src=\"https:\/\/down-vn.img.susercontent.com\/file\/vn-11134208-7ra0g-m7sv0j9qov8z14\" height=\"684\"><\/picture><\/div>\n<\/div>\n<div class=\"QN2lPu\">\n<div style=\"position: relative; width: 100%; padding-bottom: 78.125%;\"><picture class=\"UkIsx8\"><source srcset=\"https:\/\/down-vn.img.susercontent.com\/file\/vn-11134208-7ra0g-m7sv0j9qq9tf1c@resize_w875_nl.webp 1x, https:\/\/down-vn.img.susercontent.com\/file\/vn-11134208-7ra0g-m7sv0j9qq9tf1c@resize_w1750_nl.webp 2x\" type=\"image\/webp\" class=\"UkIsx8\"><img decoding=\"async\" width=\"875\" loading=\"lazy\" class=\"uXN1L5 lazyload GqYslU\" srcset=\"https:\/\/down-vn.img.susercontent.com\/file\/vn-11134208-7ra0g-m7sv0j9qq9tf1c@resize_w875_nl 1x, https:\/\/down-vn.img.susercontent.com\/file\/vn-11134208-7ra0g-m7sv0j9qq9tf1c@resize_w1750_nl 2x\" src=\"https:\/\/down-vn.img.susercontent.com\/file\/vn-11134208-7ra0g-m7sv0j9qq9tf1c\" height=\"684\"><\/picture><\/div>\n<\/div>\n<div class=\"QN2lPu\">\n<div style=\"position: relative; width: 100%; padding-bottom: 78.125%;\"><picture class=\"UkIsx8\"><source srcset=\"https:\/\/down-vn.img.susercontent.com\/file\/vn-11134208-7ra0g-m7svwwrmtbd25e@resize_w875_nl.webp 1x, https:\/\/down-vn.img.susercontent.com\/file\/vn-11134208-7ra0g-m7svwwrmtbd25e@resize_w1750_nl.webp 2x\" type=\"image\/webp\" class=\"UkIsx8\"><img decoding=\"async\" width=\"875\" loading=\"lazy\" class=\"uXN1L5 lazyload QSLoEa GqYslU\" srcset=\"https:\/\/down-vn.img.susercontent.com\/file\/vn-11134208-7ra0g-m7svwwrmtbd25e@resize_w875_nl 1x, https:\/\/down-vn.img.susercontent.com\/file\/vn-11134208-7ra0g-m7svwwrmtbd25e@resize_w1750_nl 2x\" src=\"https:\/\/down-vn.img.susercontent.com\/file\/vn-11134208-7ra0g-m7svwwrmtbd25e\" height=\"684\"><\/picture><\/div>\n<\/div>\n<div class=\"QN2lPu\">\n<div style=\"position: relative; width: 100%; padding-bottom: 78.125%;\"><picture class=\"UkIsx8\"><source srcset=\"https:\/\/down-vn.img.susercontent.com\/file\/vn-11134208-7ra0g-m7svwwrmupxic7@resize_w875_nl.webp 1x, https:\/\/down-vn.img.susercontent.com\/file\/vn-11134208-7ra0g-m7svwwrmupxic7@resize_w1750_nl.webp 2x\" type=\"image\/webp\" class=\"UkIsx8\"><img decoding=\"async\" width=\"875\" loading=\"lazy\" class=\"uXN1L5 lazyload QSLoEa GqYslU\" srcset=\"https:\/\/down-vn.img.susercontent.com\/file\/vn-11134208-7ra0g-m7svwwrmupxic7@resize_w875_nl 1x, https:\/\/down-vn.img.susercontent.com\/file\/vn-11134208-7ra0g-m7svwwrmupxic7@resize_w1750_nl 2x\" src=\"https:\/\/down-vn.img.susercontent.com\/file\/vn-11134208-7ra0g-m7svwwrmupxic7\" height=\"684\"><\/picture><\/div>\n<\/div>\n<\/div>\n","protected":false},"excerpt":{"rendered":"<p>Xe \u0110\u1ea1p \u0110\u1ecba H\u00ecnh FORNIX M10 \u0111\u01b0\u1ee3c thi\u1ebft k\u1ebf \u0111\u1eb7c bi\u1ec7t \u0111\u1ec3 chinh ph\u1ee5c m\u1ecdi \u0111\u1ecba h\u00ecnh g\u1ed3 gh\u1ec1, t\u1eeb nh\u1eefng con \u0111\u01b0\u1eddng m\u00f2n, \u0111\u1ed3i n\u00fai \u0111\u1ebfn c\u00e1c \u0111\u1ecba h\u00ecnh kh\u00f3 kh\u0103n. V\u1edbi khung nh\u00f4m kh\u00f4ng m\u1ed1i h\u00e0n ti\u00ean ti\u1ebfn, chi\u1ebfc xe kh\u00f4ng ch\u1ec9 \u0111\u1ea3m b\u1ea3o \u0111\u1ed9 b\u1ec1n v\u01b0\u1ee3t tr\u1ed9i m\u00e0 c\u00f2n c\u00f3 tr\u1ecdng l\u01b0\u1ee3ng&#8230;<\/p>\n","protected":false},"featured_media":14311,"comment_status":"open","ping_status":"closed","template":"","meta":[],"product_brand":[1382],"product_cat":[1293,1295],"product_tag":[],"class_list":{"0":"post-14233","1":"product","2":"type-product","3":"status-publish","4":"has-post-thumbnail","6":"product_brand-vinfast","7":"product_cat-xe-dap","8":"product_cat-xe-dap-leo-nui","10":"first","11":"instock","12":"sale","13":"shipping-taxable","14":"purchasable","15":"product-type-variable"},"_links":{"self":[{"href":"https:\/\/web-ban-le.mbws.vn\/oto-xe-may-xe-dap\/wp-json\/wp\/v2\/product\/14233","targetHints":{"allow":["GET"]}}],"collection":[{"href":"https:\/\/web-ban-le.mbws.vn\/oto-xe-may-xe-dap\/wp-json\/wp\/v2\/product"}],"about":[{"href":"https:\/\/web-ban-le.mbws.vn\/oto-xe-may-xe-dap\/wp-json\/wp\/v2\/types\/product"}],"replies":[{"embeddable":true,"href":"https:\/\/web-ban-le.mbws.vn\/oto-xe-may-xe-dap\/wp-json\/wp\/v2\/comments?post=14233"}],"wp:featuredmedia":[{"embeddable":true,"href":"https:\/\/web-ban-le.mbws.vn\/oto-xe-may-xe-dap\/wp-json\/wp\/v2\/media\/14311"}],"wp:attachment":[{"href":"https:\/\/web-ban-le.mbws.vn\/oto-xe-may-xe-dap\/wp-json\/wp\/v2\/media?parent=14233"}],"wp:term":[{"taxonomy":"product_brand","embeddable":true,"href":"https:\/\/web-ban-le.mbws.vn\/oto-xe-may-xe-dap\/wp-json\/wp\/v2\/product_brand?post=14233"},{"taxonomy":"product_cat","embeddable":true,"href":"https:\/\/web-ban-le.mbws.vn\/oto-xe-may-xe-dap\/wp-json\/wp\/v2\/product_cat?post=14233"},{"taxonomy":"product_tag","embeddable":true,"href":"https:\/\/web-ban-le.mbws.vn\/oto-xe-may-xe-dap\/wp-json\/wp\/v2\/product_tag?post=14233"}],"curies":[{"name":"wp","href":"https:\/\/api.w.org\/{rel}","templated":true}]}}