{"id":14271,"date":"2025-10-24T10:11:05","date_gmt":"2025-10-24T03:11:05","guid":{"rendered":"https:\/\/web-ban-le.mbws.vn\/oto-xe-may-xe-dap\/?post_type=product&#038;p=14271"},"modified":"2025-11-04T00:13:39","modified_gmt":"2025-11-03T17:13:39","slug":"xe-dap-choi-chan-xe-thang-bang-cho-be-fornix-bb12-vong-banh-12-inch","status":"publish","type":"product","link":"https:\/\/web-ban-le.mbws.vn\/oto-xe-may-xe-dap\/san-pham\/xe-dap-choi-chan-xe-thang-bang-cho-be-fornix-bb12-vong-banh-12-inch\/","title":{"rendered":"Xe \u0110\u1ea1p Ch\u00f2i ch\u00e2n\/Xe th\u0103ng b\u1eb1ng cho b\u00e9 FORNIX BB12 V\u00f2ng B\u00e1nh 12 Inch"},"content":{"rendered":"<div class=\"e8lZp3\">\n<p class=\"QN2lPu\">&#8211; Lo\u1ea1i xe: Xe \u0111\u1ea1p ch\u00f2i ch\u00e2n (xe th\u0103ng b\u1eb1ng) d\u00e0nh cho b\u00e9 t\u1eeb 2 \u0111\u1ebfn 5 tu\u1ed5i, gi\u00fap b\u00e9 ph\u00e1t tri\u1ec3n k\u1ef9 n\u0103ng c\u00e2n b\u1eb1ng, \u0111i\u1ec1u khi\u1ec3n v\u00e0 kh\u1ea3 n\u0103ng t\u1ef1 tin khi b\u1eaft \u0111\u1ea7u l\u00e0m quen v\u1edbi xe \u0111\u1ea1p.<\/p>\n<p class=\"QN2lPu\">&#8211; K\u00edch th\u01b0\u1edbc b\u00e1nh: V\u00e0nh b\u00e1nh xe c\u00f3 \u0111\u01b0\u1eddng k\u00ednh 12 inch, ph\u00f9 h\u1ee3p v\u1edbi c\u00e1c b\u00e9 c\u00f3 chi\u1ec1u cao t\u1eeb 85 cm \u0111\u1ebfn 110 cm, gi\u00fap b\u00e9 d\u1ec5 d\u00e0ng \u0111i\u1ec1u khi\u1ec3n xe v\u00e0 t\u1eadp luy\u1ec7n th\u0103ng b\u1eb1ng m\u1ed9t c\u00e1ch hi\u1ec7u qu\u1ea3.<\/p>\n<p class=\"QN2lPu\">&#8211; B\u00e1nh xe: B\u00e1nh xe 12 inch \u0111\u01b0\u1ee3c thi\u1ebft k\u1ebf \u0111\u1eb7c bi\u1ec7t v\u1edbi l\u1ed1p cao su b\u1ec1n, gi\u00fap b\u00e9 di chuy\u1ec3n \u00eam \u00e1i v\u00e0 \u1ed5n \u0111\u1ecbnh tr\u00ean c\u00e1c b\u1ec1 m\u1eb7t ph\u1eb3ng nh\u01b0 \u0111\u01b0\u1eddng nh\u1ef1a, s\u00e2n ch\u01a1i, hay \u0111\u01b0\u1eddng \u0111\u1ea5t m\u1ec1m. L\u1ed1p xe ch\u1ed1ng tr\u01a1n tr\u01b0\u1ee3t, t\u1ea1o c\u1ea3m gi\u00e1c an to\u00e0n cho b\u00e9 khi di chuy\u1ec3n.<\/p>\n<p class=\"QN2lPu\">&#8211; Y\u00ean xe: Y\u00ean xe m\u1ec1m m\u1ea1i v\u00e0 c\u00f3 th\u1ec3 \u0111i\u1ec1u ch\u1ec9nh \u0111\u1ed9 cao, ph\u00f9 h\u1ee3p v\u1edbi chi\u1ec1u cao v\u00e0 t\u01b0 th\u1ebf c\u1ee7a b\u00e9. Y\u00ean xe c\u00f3 thi\u1ebft k\u1ebf tho\u1ea3i m\u00e1i, gi\u00fap b\u00e9 kh\u00f4ng b\u1ecb m\u1ecfi khi ng\u1ed3i l\u00e2u v\u00e0 d\u1ec5 d\u00e0ng t\u1eadp trung v\u00e0o vi\u1ec7c h\u1ecdc th\u0103ng b\u1eb1ng.<\/p>\n<div class=\"QN2lPu\">\n<div style=\"position: relative; width: 100%; padding-bottom: 100%;\"><picture class=\"UkIsx8\"><source srcset=\"https:\/\/down-vn.img.susercontent.com\/file\/vn-11134208-7ra0g-m8bg1uo6oyo26d@resize_w875_nl.webp 1x, https:\/\/down-vn.img.susercontent.com\/file\/vn-11134208-7ra0g-m8bg1uo6oyo26d@resize_w1750_nl.webp 2x\" type=\"image\/webp\" class=\"UkIsx8\"><img decoding=\"async\" width=\"875\" loading=\"lazy\" class=\"uXN1L5 lazyload GqYslU\" srcset=\"https:\/\/down-vn.img.susercontent.com\/file\/vn-11134208-7ra0g-m8bg1uo6oyo26d@resize_w875_nl 1x, https:\/\/down-vn.img.susercontent.com\/file\/vn-11134208-7ra0g-m8bg1uo6oyo26d@resize_w1750_nl 2x\" src=\"https:\/\/down-vn.img.susercontent.com\/file\/vn-11134208-7ra0g-m8bg1uo6oyo26d\" height=\"875\"><\/picture><\/div>\n<\/div>\n<p class=\"QN2lPu\">\n<div class=\"QN2lPu\">\n<div style=\"position: relative; width: 100%; padding-bottom: 75.0188%;\"><picture class=\"UkIsx8\"><source srcset=\"https:\/\/down-vn.img.susercontent.com\/file\/vn-11134208-7ra0g-m8bg1uo6qd8ifb@resize_w875_nl.webp 1x, https:\/\/down-vn.img.susercontent.com\/file\/vn-11134208-7ra0g-m8bg1uo6qd8ifb@resize_w1750_nl.webp 2x\" type=\"image\/webp\" class=\"UkIsx8\"><img decoding=\"async\" width=\"875\" loading=\"lazy\" class=\"uXN1L5 lazyload GqYslU\" srcset=\"https:\/\/down-vn.img.susercontent.com\/file\/vn-11134208-7ra0g-m8bg1uo6qd8ifb@resize_w875_nl 1x, https:\/\/down-vn.img.susercontent.com\/file\/vn-11134208-7ra0g-m8bg1uo6qd8ifb@resize_w1750_nl 2x\" src=\"https:\/\/down-vn.img.susercontent.com\/file\/vn-11134208-7ra0g-m8bg1uo6qd8ifb\" height=\"656\"><\/picture><\/div>\n<\/div>\n<p class=\"QN2lPu\">\n<div class=\"QN2lPu\">\n<div style=\"position: relative; width: 100%; padding-bottom: 75.0188%;\"><picture class=\"UkIsx8\"><source srcset=\"https:\/\/down-vn.img.susercontent.com\/file\/vn-11134208-7ra0g-m8bgxov1137296@resize_w875_nl.webp 1x, https:\/\/down-vn.img.susercontent.com\/file\/vn-11134208-7ra0g-m8bgxov1137296@resize_w1750_nl.webp 2x\" type=\"image\/webp\" class=\"UkIsx8\"><img decoding=\"async\" width=\"875\" loading=\"lazy\" class=\"uXN1L5 lazyload GqYslU\" srcset=\"https:\/\/down-vn.img.susercontent.com\/file\/vn-11134208-7ra0g-m8bgxov1137296@resize_w875_nl 1x, https:\/\/down-vn.img.susercontent.com\/file\/vn-11134208-7ra0g-m8bgxov1137296@resize_w1750_nl 2x\" src=\"https:\/\/down-vn.img.susercontent.com\/file\/vn-11134208-7ra0g-m8bgxov1137296\" height=\"656\"><\/picture><\/div>\n<\/div>\n<p class=\"QN2lPu\">\n<div class=\"QN2lPu\">\n<div style=\"position: relative; width: 100%; padding-bottom: 75.0188%;\"><picture class=\"UkIsx8\"><source srcset=\"https:\/\/down-vn.img.susercontent.com\/file\/vn-11134208-7ra0g-m8bgxov12hrife@resize_w875_nl.webp 1x, https:\/\/down-vn.img.susercontent.com\/file\/vn-11134208-7ra0g-m8bgxov12hrife@resize_w1750_nl.webp 2x\" type=\"image\/webp\" class=\"UkIsx8\"><img decoding=\"async\" width=\"875\" loading=\"lazy\" class=\"uXN1L5 lazyload GqYslU\" srcset=\"https:\/\/down-vn.img.susercontent.com\/file\/vn-11134208-7ra0g-m8bgxov12hrife@resize_w875_nl 1x, https:\/\/down-vn.img.susercontent.com\/file\/vn-11134208-7ra0g-m8bgxov12hrife@resize_w1750_nl 2x\" src=\"https:\/\/down-vn.img.susercontent.com\/file\/vn-11134208-7ra0g-m8bgxov12hrife\" height=\"656\"><\/picture><\/div>\n<\/div>\n<\/div>\n","protected":false},"excerpt":{"rendered":"<p>&#8211; Lo\u1ea1i xe: Xe \u0111\u1ea1p ch\u00f2i ch\u00e2n (xe th\u0103ng b\u1eb1ng) d\u00e0nh cho b\u00e9 t\u1eeb 2 \u0111\u1ebfn 5 tu\u1ed5i, gi\u00fap b\u00e9 ph\u00e1t tri\u1ec3n k\u1ef9 n\u0103ng c\u00e2n b\u1eb1ng, \u0111i\u1ec1u khi\u1ec3n v\u00e0 kh\u1ea3 n\u0103ng t\u1ef1 tin khi b\u1eaft \u0111\u1ea7u l\u00e0m quen v\u1edbi xe \u0111\u1ea1p. &#8211; K\u00edch th\u01b0\u1edbc b\u00e1nh: V\u00e0nh b\u00e1nh xe c\u00f3 \u0111\u01b0\u1eddng k\u00ednh 12 inch, ph\u00f9 h\u1ee3p&#8230;<\/p>\n","protected":false},"featured_media":14351,"comment_status":"open","ping_status":"closed","template":"","meta":[],"product_brand":[1382],"product_cat":[1356,1357],"product_tag":[],"class_list":{"0":"post-14271","1":"product","2":"type-product","3":"status-publish","4":"has-post-thumbnail","6":"product_brand-vinfast","7":"product_cat-xe-scooter","8":"product_cat-xe-oto-dien","10":"first","11":"instock","12":"sale","13":"shipping-taxable","14":"purchasable","15":"product-type-variable"},"_links":{"self":[{"href":"https:\/\/web-ban-le.mbws.vn\/oto-xe-may-xe-dap\/wp-json\/wp\/v2\/product\/14271","targetHints":{"allow":["GET"]}}],"collection":[{"href":"https:\/\/web-ban-le.mbws.vn\/oto-xe-may-xe-dap\/wp-json\/wp\/v2\/product"}],"about":[{"href":"https:\/\/web-ban-le.mbws.vn\/oto-xe-may-xe-dap\/wp-json\/wp\/v2\/types\/product"}],"replies":[{"embeddable":true,"href":"https:\/\/web-ban-le.mbws.vn\/oto-xe-may-xe-dap\/wp-json\/wp\/v2\/comments?post=14271"}],"wp:featuredmedia":[{"embeddable":true,"href":"https:\/\/web-ban-le.mbws.vn\/oto-xe-may-xe-dap\/wp-json\/wp\/v2\/media\/14351"}],"wp:attachment":[{"href":"https:\/\/web-ban-le.mbws.vn\/oto-xe-may-xe-dap\/wp-json\/wp\/v2\/media?parent=14271"}],"wp:term":[{"taxonomy":"product_brand","embeddable":true,"href":"https:\/\/web-ban-le.mbws.vn\/oto-xe-may-xe-dap\/wp-json\/wp\/v2\/product_brand?post=14271"},{"taxonomy":"product_cat","embeddable":true,"href":"https:\/\/web-ban-le.mbws.vn\/oto-xe-may-xe-dap\/wp-json\/wp\/v2\/product_cat?post=14271"},{"taxonomy":"product_tag","embeddable":true,"href":"https:\/\/web-ban-le.mbws.vn\/oto-xe-may-xe-dap\/wp-json\/wp\/v2\/product_tag?post=14271"}],"curies":[{"name":"wp","href":"https:\/\/api.w.org\/{rel}","templated":true}]}}