{"id":14345,"date":"2025-10-24T10:11:52","date_gmt":"2025-10-24T03:11:52","guid":{"rendered":"https:\/\/web-ban-le.mbws.vn\/oto-xe-may-xe-dap\/?post_type=product&#038;p=14345"},"modified":"2025-11-04T00:18:31","modified_gmt":"2025-11-03T17:18:31","slug":"non-bao-hiem-xe-dap-tre-em-fornix-a02nm28-size-s-non-bao-hiem-tre-em-mu-bao-hiem-xe-dap-tre-em","status":"publish","type":"product","link":"https:\/\/web-ban-le.mbws.vn\/oto-xe-may-xe-dap\/san-pham\/non-bao-hiem-xe-dap-tre-em-fornix-a02nm28-size-s-non-bao-hiem-tre-em-mu-bao-hiem-xe-dap-tre-em\/","title":{"rendered":"N\u00f3n B\u1ea3o Hi\u1ec3m Xe \u0110\u1ea1p Tr\u1ebb Em FORNIX A02NM28 &#8211; SIZE S &#8211; N\u00f3n B\u1ea3o Hi\u1ec3m Tr\u1ebb Em &#8211; M\u0169 B\u1ea3o Hi\u1ec3m Xe \u0110\u1ea1p Tr\u1ebb Em"},"content":{"rendered":"<div class=\"e8lZp3\">\n<p class=\"QN2lPu\">1. Thi\u1ebft k\u1ebf d\u1ec5 th\u01b0\u01a1ng, an to\u00e0n cho tr\u1ebb em<\/p>\n<p class=\"QN2lPu\">N\u00f3n b\u1ea3o hi\u1ec3m xe \u0111\u1ea1p FORNIX A02NM28S \u0111\u01b0\u1ee3c thi\u1ebft k\u1ebf \u0111\u1eb7c bi\u1ec7t cho tr\u1ebb em v\u1edbi ki\u1ec3u d\u00e1ng d\u1ec5 th\u01b0\u01a1ng, sinh \u0111\u1ed9ng v\u00e0 \u0111\u1ea7y m\u00e0u s\u1eafc, ph\u00f9 h\u1ee3p v\u1edbi s\u1edf th\u00edch c\u1ee7a c\u00e1c b\u00e9. V\u1edbi h\u00ecnh d\u00e1ng g\u1ecdn g\u00e0ng, nh\u1eb9 nh\u00e0ng, s\u1ea3n ph\u1ea9m kh\u00f4ng ch\u1ec9 gi\u00fap b\u1ea3o v\u1ec7 tr\u1ebb m\u00e0 c\u00f2n khi\u1ebfn b\u00e9 c\u1ea3m th\u1ea5y th\u00edch th\u00fa khi s\u1eed d\u1ee5ng.<\/p>\n<p class=\"QN2lPu\">\n<p class=\"QN2lPu\">2. Ch\u1ea5t li\u1ec7u cao c\u1ea5p, b\u1ea3o v\u1ec7 an to\u00e0n t\u1ed1i \u0111a<\/p>\n<p class=\"QN2lPu\">\n<p class=\"QN2lPu\">V\u1ecf n\u00f3n: \u0110\u01b0\u1ee3c l\u00e0m t\u1eeb nh\u1ef1a ABS cao c\u1ea5p, \u0111\u1ea3m b\u1ea3o \u0111\u1ed9 b\u1ec1n v\u00e0 kh\u1ea3 n\u0103ng ch\u1ecbu va \u0111\u1eadp, b\u1ea3o v\u1ec7 an to\u00e0n cho tr\u1ebb trong su\u1ed1t qu\u00e1 tr\u00ecnh s\u1eed d\u1ee5ng.<\/p>\n<p class=\"QN2lPu\">\n<p class=\"QN2lPu\">L\u1edbp m\u00fat EPS: L\u1edbp x\u1ed1p EPS d\u00e0y b\u00ean trong n\u00f3n gi\u00fap h\u1ea5p th\u1ee5 l\u1ef1c t\u00e1c \u0111\u1ed9ng t\u1eeb b\u00ean ngo\u00e0i, gi\u1ea3m thi\u1ec3u c\u00e1c ch\u1ea5n th\u01b0\u01a1ng trong tr\u01b0\u1eddng h\u1ee3p c\u00f3 va ch\u1ea1m.<\/p>\n<p class=\"QN2lPu\">\n<p class=\"QN2lPu\">L\u00f3t n\u00f3n: L\u00f3t n\u00f3n m\u1ec1m m\u1ea1i, c\u00f3 kh\u1ea3 n\u0103ng th\u1ea5m h\u00fat m\u1ed3 h\u00f4i t\u1ed1t, t\u1ea1o c\u1ea3m gi\u00e1c d\u1ec5 ch\u1ecbu cho b\u00e9 khi s\u1eed d\u1ee5ng trong th\u1eddi gian d\u00e0i.<\/p>\n<p class=\"QN2lPu\">\n<p class=\"QN2lPu\">3. H\u1ec7 th\u1ed1ng th\u00f4ng gi\u00f3 gi\u00fap b\u00e9 tho\u1ea3i m\u00e1i<\/p>\n<p class=\"QN2lPu\">N\u00f3n FORNIX A02NM28S \u0111\u01b0\u1ee3c thi\u1ebft k\u1ebf v\u1edbi c\u00e1c l\u1ed7 th\u00f4ng gi\u00f3 gi\u00fap l\u01b0u th\u00f4ng kh\u00f4ng kh\u00ed hi\u1ec7u qu\u1ea3, gi\u1eef cho \u0111\u1ea7u b\u00e9 lu\u00f4n m\u00e1t m\u1ebb v\u00e0 kh\u00f4 r\u00e1o, tr\u00e1nh c\u1ea3m gi\u00e1c b\u00ed b\u00e1ch hay kh\u00f3 ch\u1ecbu khi v\u1eadn \u0111\u1ed9ng trong \u0111i\u1ec1u ki\u1ec7n n\u00f3ng b\u1ee9c.<\/p>\n<p class=\"QN2lPu\">\n<p class=\"QN2lPu\">4. \u0110i\u1ec1u ch\u1ec9nh d\u1ec5 d\u00e0ng v\u00e0 ch\u1eafc ch\u1eafn<\/p>\n<p class=\"QN2lPu\">N\u00f3n c\u00f3 h\u1ec7 th\u1ed1ng \u0111i\u1ec1u ch\u1ec9nh d\u1ec5 d\u00e0ng v\u1edbi d\u00e2y \u0111ai v\u00e0 kh\u00f3a ch\u1eafc ch\u1eafn, gi\u00fap n\u00f3n lu\u00f4n \u00f4m s\u00e1t v\u00e0 ph\u00f9 h\u1ee3p v\u1edbi v\u00f2ng \u0111\u1ea7u c\u1ee7a tr\u1ebb. B\u1ea1n c\u00f3 th\u1ec3 d\u1ec5 d\u00e0ng thay \u0111\u1ed5i k\u00edch c\u1ee1 n\u00f3n khi b\u00e9 l\u1edbn l\u00ean, \u0111\u1ea3m b\u1ea3o s\u1ef1 v\u1eeba v\u1eb7n v\u00e0 an to\u00e0n cho tr\u1ebb.<\/p>\n<p class=\"QN2lPu\">\n<p class=\"QN2lPu\">5. An to\u00e0n \u0111\u1ea1t chu\u1ea9n<\/p>\n<p class=\"QN2lPu\">S\u1ea3n ph\u1ea9m n\u00f3n b\u1ea3o hi\u1ec3m FORNIX A02NM28S \u0111\u1ea1t c\u00e1c ti\u00eau chu\u1ea9n an to\u00e0n qu\u1ed1c t\u1ebf, \u0111\u1ea3m b\u1ea3o b\u1ea3o v\u1ec7 t\u1ed1i \u0111a cho tr\u1ebb khi tham gia c\u00e1c ho\u1ea1t \u0111\u1ed9ng th\u1ec3 thao ngo\u00e0i tr\u1eddi ho\u1eb7c khi \u0111i xe \u0111\u1ea1p.<\/p>\n<p class=\"QN2lPu\">\n<p class=\"QN2lPu\">6. M\u00e0u s\u1eafc v\u00e0 thi\u1ebft k\u1ebf b\u1eaft m\u1eaft<\/p>\n<p class=\"QN2lPu\">N\u00f3n b\u1ea3o hi\u1ec3m xe \u0111\u1ea1p FORNIX A02NM28S c\u00f3 nhi\u1ec1u m\u00e0u s\u1eafc t\u01b0\u01a1i s\u00e1ng v\u00e0 h\u1ecda ti\u1ebft d\u1ec5 th\u01b0\u01a1ng nh\u01b0 h\u00ecnh th\u00fa, ng\u00f4i sao, hay c\u00e1c h\u00ecnh \u1ea3nh ho\u1ea1t h\u00ecnh ph\u00f9 h\u1ee3p v\u1edbi c\u00e1c b\u00e9 trai v\u00e0 b\u00e9 g\u00e1i, gi\u00fap b\u00e9 c\u1ea3m th\u1ea5y vui v\u1ebb khi s\u1eed d\u1ee5ng.<\/p>\n<\/div>\n","protected":false},"excerpt":{"rendered":"<p>1. Thi\u1ebft k\u1ebf d\u1ec5 th\u01b0\u01a1ng, an to\u00e0n cho tr\u1ebb em N\u00f3n b\u1ea3o hi\u1ec3m xe \u0111\u1ea1p FORNIX A02NM28S \u0111\u01b0\u1ee3c thi\u1ebft k\u1ebf \u0111\u1eb7c bi\u1ec7t cho tr\u1ebb em v\u1edbi ki\u1ec3u d\u00e1ng d\u1ec5 th\u01b0\u01a1ng, sinh \u0111\u1ed9ng v\u00e0 \u0111\u1ea7y m\u00e0u s\u1eafc, ph\u00f9 h\u1ee3p v\u1edbi s\u1edf th\u00edch c\u1ee7a c\u00e1c b\u00e9. V\u1edbi h\u00ecnh d\u00e1ng g\u1ecdn g\u00e0ng, nh\u1eb9 nh\u00e0ng, s\u1ea3n ph\u1ea9m kh\u00f4ng ch\u1ec9&#8230;<\/p>\n","protected":false},"featured_media":14397,"comment_status":"open","ping_status":"closed","template":"","meta":[],"product_brand":[1387],"product_cat":[1267],"product_tag":[],"class_list":{"0":"post-14345","1":"product","2":"type-product","3":"status-publish","4":"has-post-thumbnail","6":"product_brand-ferrari","7":"product_cat-mu-bao-hiem-xe-dap","9":"first","10":"instock","11":"sale","12":"shipping-taxable","13":"purchasable","14":"product-type-variable"},"_links":{"self":[{"href":"https:\/\/web-ban-le.mbws.vn\/oto-xe-may-xe-dap\/wp-json\/wp\/v2\/product\/14345","targetHints":{"allow":["GET"]}}],"collection":[{"href":"https:\/\/web-ban-le.mbws.vn\/oto-xe-may-xe-dap\/wp-json\/wp\/v2\/product"}],"about":[{"href":"https:\/\/web-ban-le.mbws.vn\/oto-xe-may-xe-dap\/wp-json\/wp\/v2\/types\/product"}],"replies":[{"embeddable":true,"href":"https:\/\/web-ban-le.mbws.vn\/oto-xe-may-xe-dap\/wp-json\/wp\/v2\/comments?post=14345"}],"wp:featuredmedia":[{"embeddable":true,"href":"https:\/\/web-ban-le.mbws.vn\/oto-xe-may-xe-dap\/wp-json\/wp\/v2\/media\/14397"}],"wp:attachment":[{"href":"https:\/\/web-ban-le.mbws.vn\/oto-xe-may-xe-dap\/wp-json\/wp\/v2\/media?parent=14345"}],"wp:term":[{"taxonomy":"product_brand","embeddable":true,"href":"https:\/\/web-ban-le.mbws.vn\/oto-xe-may-xe-dap\/wp-json\/wp\/v2\/product_brand?post=14345"},{"taxonomy":"product_cat","embeddable":true,"href":"https:\/\/web-ban-le.mbws.vn\/oto-xe-may-xe-dap\/wp-json\/wp\/v2\/product_cat?post=14345"},{"taxonomy":"product_tag","embeddable":true,"href":"https:\/\/web-ban-le.mbws.vn\/oto-xe-may-xe-dap\/wp-json\/wp\/v2\/product_tag?post=14345"}],"curies":[{"name":"wp","href":"https:\/\/api.w.org\/{rel}","templated":true}]}}