{"id":14381,"date":"2025-10-24T10:12:14","date_gmt":"2025-10-24T03:12:14","guid":{"rendered":"https:\/\/web-ban-le.mbws.vn\/oto-xe-may-xe-dap\/?post_type=product&#038;p=14381"},"modified":"2025-11-04T00:18:31","modified_gmt":"2025-11-03T17:18:31","slug":"xe-dap-tre-em-fornix-als16-danh-cho-be-gai-khung-thep-vong-banh-16-inch","status":"publish","type":"product","link":"https:\/\/web-ban-le.mbws.vn\/oto-xe-may-xe-dap\/san-pham\/xe-dap-tre-em-fornix-als16-danh-cho-be-gai-khung-thep-vong-banh-16-inch\/","title":{"rendered":"Xe \u0110\u1ea1p Tr\u1ebb Em FORNIX ALS16 D\u00e0nh Cho B\u00e9 G\u00e1i Khung Th\u00e9p V\u00f2ng B\u00e1nh 16 Inch"},"content":{"rendered":"<div class=\"e8lZp3\">\n<p class=\"QN2lPu\">&#8211; Khung xe: Khung th\u00e9p ch\u1eafc ch\u1eafn, b\u1ec1n b\u1ec9, ch\u1ecbu l\u1ef1c t\u1ed1t, mang l\u1ea1i s\u1ef1 \u1ed5n \u0111\u1ecbnh cho b\u00e9 trong su\u1ed1t qu\u00e1 tr\u00ecnh s\u1eed d\u1ee5ng.<\/p>\n<p class=\"QN2lPu\">&#8211; K\u00edch th\u01b0\u1edbc b\u00e1nh xe: 16 inch, ph\u00f9 h\u1ee3p cho c\u00e1c b\u00e9 g\u00e1i t\u1eeb 4 \u0111\u1ebfn 7 tu\u1ed5i (tu\u1ef3 v\u00e0o chi\u1ec1u cao c\u1ee7a tr\u1ebb).<\/p>\n<p class=\"QN2lPu\">&#8211; Y\u00ean xe: Y\u00ean xe m\u1ec1m m\u1ea1i, c\u00f3 th\u1ec3 \u0111i\u1ec1u ch\u1ec9nh \u0111\u1ed9 cao \u0111\u1ec3 ph\u00f9 h\u1ee3p v\u1edbi chi\u1ec1u cao c\u1ee7a b\u00e9, gi\u00fap b\u00e9 c\u1ea3m th\u1ea5y tho\u1ea3i m\u00e1i khi ng\u1ed3i.<\/p>\n<p class=\"QN2lPu\">&#8211; B\u00e1nh xe: B\u00e1nh xe \u0111\u01b0\u1ee3c l\u00e0m t\u1eeb cao su ch\u1ea5t l\u01b0\u1ee3ng cao, gi\u00fap t\u0103ng c\u01b0\u1eddng \u0111\u1ed9 b\u00e1m \u0111\u01b0\u1eddng v\u00e0 kh\u1ea3 n\u0103ng v\u1eadn h\u00e0nh m\u01b0\u1ee3t m\u00e0 tr\u00ean nhi\u1ec1u b\u1ec1 m\u1eb7t.<\/p>\n<div class=\"QN2lPu\">\n<div style=\"position: relative; width: 100%; padding-bottom: 100%;\"><picture class=\"UkIsx8\"><source srcset=\"https:\/\/down-vn.img.susercontent.com\/file\/vn-11134208-7ra0g-m8bby6gk0haa87@resize_w875_nl.webp 1x, https:\/\/down-vn.img.susercontent.com\/file\/vn-11134208-7ra0g-m8bby6gk0haa87@resize_w1750_nl.webp 2x\" type=\"image\/webp\" class=\"UkIsx8\"><img decoding=\"async\" width=\"875\" loading=\"lazy\" class=\"uXN1L5 lazyload GqYslU\" srcset=\"https:\/\/down-vn.img.susercontent.com\/file\/vn-11134208-7ra0g-m8bby6gk0haa87@resize_w875_nl 1x, https:\/\/down-vn.img.susercontent.com\/file\/vn-11134208-7ra0g-m8bby6gk0haa87@resize_w1750_nl 2x\" src=\"https:\/\/down-vn.img.susercontent.com\/file\/vn-11134208-7ra0g-m8bby6gk0haa87\" height=\"875\"><\/picture><\/div>\n<\/div>\n<div class=\"QN2lPu\">\n<div style=\"position: relative; width: 100%; padding-bottom: 100%;\"><picture class=\"UkIsx8\"><source srcset=\"https:\/\/down-vn.img.susercontent.com\/file\/vn-11134208-7ra0g-m8bby6gk1vuqe5@resize_w875_nl.webp 1x, https:\/\/down-vn.img.susercontent.com\/file\/vn-11134208-7ra0g-m8bby6gk1vuqe5@resize_w1750_nl.webp 2x\" type=\"image\/webp\" class=\"UkIsx8\"><img decoding=\"async\" width=\"875\" loading=\"lazy\" class=\"uXN1L5 lazyload GqYslU\" srcset=\"https:\/\/down-vn.img.susercontent.com\/file\/vn-11134208-7ra0g-m8bby6gk1vuqe5@resize_w875_nl 1x, https:\/\/down-vn.img.susercontent.com\/file\/vn-11134208-7ra0g-m8bby6gk1vuqe5@resize_w1750_nl 2x\" src=\"https:\/\/down-vn.img.susercontent.com\/file\/vn-11134208-7ra0g-m8bby6gk1vuqe5\" height=\"875\"><\/picture><\/div>\n<\/div>\n<div class=\"QN2lPu\">\n<div style=\"position: relative; width: 100%; padding-bottom: 100%;\"><picture class=\"UkIsx8\"><source srcset=\"https:\/\/down-vn.img.susercontent.com\/file\/vn-11134208-7ra0g-m8bby6gk3af6ef@resize_w875_nl.webp 1x, https:\/\/down-vn.img.susercontent.com\/file\/vn-11134208-7ra0g-m8bby6gk3af6ef@resize_w1750_nl.webp 2x\" type=\"image\/webp\" class=\"UkIsx8\"><img decoding=\"async\" width=\"875\" loading=\"lazy\" class=\"uXN1L5 lazyload GqYslU\" srcset=\"https:\/\/down-vn.img.susercontent.com\/file\/vn-11134208-7ra0g-m8bby6gk3af6ef@resize_w875_nl 1x, https:\/\/down-vn.img.susercontent.com\/file\/vn-11134208-7ra0g-m8bby6gk3af6ef@resize_w1750_nl 2x\" src=\"https:\/\/down-vn.img.susercontent.com\/file\/vn-11134208-7ra0g-m8bby6gk3af6ef\" height=\"875\"><\/picture><\/div>\n<\/div>\n<\/div>\n","protected":false},"excerpt":{"rendered":"<p>&#8211; Khung xe: Khung th\u00e9p ch\u1eafc ch\u1eafn, b\u1ec1n b\u1ec9, ch\u1ecbu l\u1ef1c t\u1ed1t, mang l\u1ea1i s\u1ef1 \u1ed5n \u0111\u1ecbnh cho b\u00e9 trong su\u1ed1t qu\u00e1 tr\u00ecnh s\u1eed d\u1ee5ng. &#8211; K\u00edch th\u01b0\u1edbc b\u00e1nh xe: 16 inch, ph\u00f9 h\u1ee3p cho c\u00e1c b\u00e9 g\u00e1i t\u1eeb 4 \u0111\u1ebfn 7 tu\u1ed5i (tu\u1ef3 v\u00e0o chi\u1ec1u cao c\u1ee7a tr\u1ebb). &#8211; Y\u00ean xe: Y\u00ean xe m\u1ec1m&#8230;<\/p>\n","protected":false},"featured_media":14426,"comment_status":"open","ping_status":"closed","template":"","meta":[],"product_brand":[1387],"product_cat":[1344,1293],"product_tag":[],"class_list":{"0":"post-14381","1":"product","2":"type-product","3":"status-publish","4":"has-post-thumbnail","6":"product_brand-ferrari","7":"product_cat-xe-dap-tre-em","8":"product_cat-xe-dap","10":"first","11":"instock","12":"sale","13":"shipping-taxable","14":"purchasable","15":"product-type-variable"},"_links":{"self":[{"href":"https:\/\/web-ban-le.mbws.vn\/oto-xe-may-xe-dap\/wp-json\/wp\/v2\/product\/14381","targetHints":{"allow":["GET"]}}],"collection":[{"href":"https:\/\/web-ban-le.mbws.vn\/oto-xe-may-xe-dap\/wp-json\/wp\/v2\/product"}],"about":[{"href":"https:\/\/web-ban-le.mbws.vn\/oto-xe-may-xe-dap\/wp-json\/wp\/v2\/types\/product"}],"replies":[{"embeddable":true,"href":"https:\/\/web-ban-le.mbws.vn\/oto-xe-may-xe-dap\/wp-json\/wp\/v2\/comments?post=14381"}],"wp:featuredmedia":[{"embeddable":true,"href":"https:\/\/web-ban-le.mbws.vn\/oto-xe-may-xe-dap\/wp-json\/wp\/v2\/media\/14426"}],"wp:attachment":[{"href":"https:\/\/web-ban-le.mbws.vn\/oto-xe-may-xe-dap\/wp-json\/wp\/v2\/media?parent=14381"}],"wp:term":[{"taxonomy":"product_brand","embeddable":true,"href":"https:\/\/web-ban-le.mbws.vn\/oto-xe-may-xe-dap\/wp-json\/wp\/v2\/product_brand?post=14381"},{"taxonomy":"product_cat","embeddable":true,"href":"https:\/\/web-ban-le.mbws.vn\/oto-xe-may-xe-dap\/wp-json\/wp\/v2\/product_cat?post=14381"},{"taxonomy":"product_tag","embeddable":true,"href":"https:\/\/web-ban-le.mbws.vn\/oto-xe-may-xe-dap\/wp-json\/wp\/v2\/product_tag?post=14381"}],"curies":[{"name":"wp","href":"https:\/\/api.w.org\/{rel}","templated":true}]}}