{"id":14418,"date":"2025-10-24T10:12:34","date_gmt":"2025-10-24T03:12:34","guid":{"rendered":"https:\/\/web-ban-le.mbws.vn\/oto-xe-may-xe-dap\/?post_type=product&#038;p=14418"},"modified":"2025-11-04T00:13:14","modified_gmt":"2025-11-03T17:13:14","slug":"xe-dap-tre-em-swat-fornix-zn16-danh-cho-be-gai-khung-thep-vong-banh-16-inch","status":"publish","type":"product","link":"https:\/\/web-ban-le.mbws.vn\/oto-xe-may-xe-dap\/san-pham\/xe-dap-tre-em-swat-fornix-zn16-danh-cho-be-gai-khung-thep-vong-banh-16-inch\/","title":{"rendered":"Xe \u0110\u1ea1p Tr\u1ebb Em Swat FORNIX ZN16 D\u00e0nh Cho B\u00e9 G\u00e1i Khung Th\u00e9p V\u00f2ng B\u00e1nh 16 Inch"},"content":{"rendered":"<div class=\"e8lZp3\">\n<p class=\"QN2lPu\">&#8211; Khung xe: Khung th\u00e9p ch\u1ea5t l\u01b0\u1ee3ng cao, b\u1ec1n b\u1ec9, kh\u1ea3 n\u0103ng ch\u1ecbu l\u1ef1c t\u1ed1t, gi\u00fap b\u00e9 g\u00e1i d\u1ec5 d\u00e0ng ki\u1ec3m so\u00e1t xe v\u00e0 di chuy\u1ec3n an to\u00e0n. Thi\u1ebft k\u1ebf khung ch\u1eafc ch\u1eafn gi\u00fap xe c\u00f3 th\u1ec3 ch\u1ecbu \u0111\u01b0\u1ee3c va \u0111\u1eadp v\u00e0 s\u1eed d\u1ee5ng l\u00e2u d\u00e0i.<\/p>\n<p class=\"QN2lPu\">&#8211; V\u00f2ng b\u00e1nh: 16 inch, ph\u00f9 h\u1ee3p cho b\u00e9 g\u00e1i t\u1eeb 3 \u0111\u1ebfn 6 tu\u1ed5i, c\u00f3 chi\u1ec1u cao t\u1eeb 100cm \u0111\u1ebfn 120cm. K\u00edch th\u01b0\u1edbc b\u00e1nh xe n\u00e0y gi\u00fap b\u00e9 d\u1ec5 d\u00e0ng \u0111i\u1ec1u khi\u1ec3n v\u00e0 duy tr\u00ec th\u0103ng b\u1eb1ng khi di chuy\u1ec3n.<\/p>\n<p class=\"QN2lPu\">&#8211; Ch\u1ee9c n\u0103ng th\u0103ng b\u1eb1ng: Xe \u0111\u1ea1p th\u0103ng b\u1eb1ng gi\u00fap b\u00e9 h\u1ecdc c\u00e1ch gi\u1eef th\u0103ng b\u1eb1ng m\u1ed9t c\u00e1ch t\u1ef1 nhi\u00ean. \u0110\u00e2y l\u00e0 b\u01b0\u1edbc \u0111\u1ea7u quan tr\u1ecdng \u0111\u1ec3 b\u00e9 ph\u00e1t tri\u1ec3n k\u1ef9 n\u0103ng v\u1eadn \u0111\u1ed9ng v\u00e0 chu\u1ea9n b\u1ecb cho vi\u1ec7c h\u1ecdc \u0111i xe \u0111\u1ea1p c\u00f3 b\u00e0n \u0111\u1ea1p trong t\u01b0\u01a1ng lai.<\/p>\n<p class=\"QN2lPu\">&#8211; Y\u00ean xe v\u00e0 tay l\u00e1i: Y\u00ean xe v\u00e0 tay l\u00e1i c\u00f3 th\u1ec3 \u0111i\u1ec1u ch\u1ec9nh \u0111\u01b0\u1ee3c \u0111\u1ed9 cao \u0111\u1ec3 ph\u00f9 h\u1ee3p v\u1edbi s\u1ef1 ph\u00e1t tri\u1ec3n chi\u1ec1u cao c\u1ee7a b\u00e9, t\u1ea1o c\u1ea3m gi\u00e1c tho\u1ea3i m\u00e1i v\u00e0 d\u1ec5 d\u00e0ng \u0111i\u1ec1u khi\u1ec3n cho b\u00e9.<\/p>\n<div class=\"QN2lPu\">\n<div style=\"position: relative; width: 100%; padding-bottom: 62.5%;\"><picture class=\"UkIsx8\"><source srcset=\"https:\/\/down-vn.img.susercontent.com\/file\/vn-11134208-7ra0g-m85kn5znxsvi57@resize_w875_nl.webp 1x, https:\/\/down-vn.img.susercontent.com\/file\/vn-11134208-7ra0g-m85kn5znxsvi57@resize_w1750_nl.webp 2x\" type=\"image\/webp\" class=\"UkIsx8\"><img decoding=\"async\" width=\"875\" loading=\"lazy\" class=\"uXN1L5 lazyload GqYslU\" srcset=\"https:\/\/down-vn.img.susercontent.com\/file\/vn-11134208-7ra0g-m85kn5znxsvi57@resize_w875_nl 1x, https:\/\/down-vn.img.susercontent.com\/file\/vn-11134208-7ra0g-m85kn5znxsvi57@resize_w1750_nl 2x\" src=\"https:\/\/down-vn.img.susercontent.com\/file\/vn-11134208-7ra0g-m85kn5znxsvi57\" height=\"547\"><\/picture><\/div>\n<\/div>\n<div class=\"QN2lPu\">\n<div style=\"position: relative; width: 100%; padding-bottom: 62.5%;\"><picture class=\"UkIsx8\"><source srcset=\"https:\/\/down-vn.img.susercontent.com\/file\/vn-11134208-7ra0g-m85kn5znz7fye8@resize_w875_nl.webp 1x, https:\/\/down-vn.img.susercontent.com\/file\/vn-11134208-7ra0g-m85kn5znz7fye8@resize_w1750_nl.webp 2x\" type=\"image\/webp\" class=\"UkIsx8\"><img decoding=\"async\" width=\"875\" loading=\"lazy\" class=\"uXN1L5 lazyload GqYslU\" srcset=\"https:\/\/down-vn.img.susercontent.com\/file\/vn-11134208-7ra0g-m85kn5znz7fye8@resize_w875_nl 1x, https:\/\/down-vn.img.susercontent.com\/file\/vn-11134208-7ra0g-m85kn5znz7fye8@resize_w1750_nl 2x\" src=\"https:\/\/down-vn.img.susercontent.com\/file\/vn-11134208-7ra0g-m85kn5znz7fye8\" height=\"547\"><\/picture><\/div>\n<\/div>\n<div class=\"QN2lPu\">\n<div style=\"position: relative; width: 100%; padding-bottom: 62.5%;\"><picture class=\"UkIsx8\"><source srcset=\"https:\/\/down-vn.img.susercontent.com\/file\/vn-11134208-7ra0g-m85kn5zo0m0e75@resize_w875_nl.webp 1x, https:\/\/down-vn.img.susercontent.com\/file\/vn-11134208-7ra0g-m85kn5zo0m0e75@resize_w1750_nl.webp 2x\" type=\"image\/webp\" class=\"UkIsx8\"><img decoding=\"async\" width=\"875\" loading=\"lazy\" class=\"uXN1L5 lazyload GqYslU\" srcset=\"https:\/\/down-vn.img.susercontent.com\/file\/vn-11134208-7ra0g-m85kn5zo0m0e75@resize_w875_nl 1x, https:\/\/down-vn.img.susercontent.com\/file\/vn-11134208-7ra0g-m85kn5zo0m0e75@resize_w1750_nl 2x\" src=\"https:\/\/down-vn.img.susercontent.com\/file\/vn-11134208-7ra0g-m85kn5zo0m0e75\" height=\"547\"><\/picture><\/div>\n<\/div>\n<div class=\"QN2lPu\">\n<div style=\"position: relative; width: 100%; padding-bottom: 62.5%;\"><picture class=\"UkIsx8\"><source srcset=\"https:\/\/down-vn.img.susercontent.com\/file\/vn-11134208-7ra0g-m85kn5zo20ku5f@resize_w875_nl.webp 1x, https:\/\/down-vn.img.susercontent.com\/file\/vn-11134208-7ra0g-m85kn5zo20ku5f@resize_w1750_nl.webp 2x\" type=\"image\/webp\" class=\"UkIsx8\"><img decoding=\"async\" width=\"875\" loading=\"lazy\" class=\"uXN1L5 lazyload GqYslU\" srcset=\"https:\/\/down-vn.img.susercontent.com\/file\/vn-11134208-7ra0g-m85kn5zo20ku5f@resize_w875_nl 1x, https:\/\/down-vn.img.susercontent.com\/file\/vn-11134208-7ra0g-m85kn5zo20ku5f@resize_w1750_nl 2x\" src=\"https:\/\/down-vn.img.susercontent.com\/file\/vn-11134208-7ra0g-m85kn5zo20ku5f\" height=\"547\"><\/picture><\/div>\n<\/div>\n<div class=\"QN2lPu\">\n<div style=\"position: relative; width: 100%; padding-bottom: 62.5%;\"><picture class=\"UkIsx8\"><source srcset=\"https:\/\/down-vn.img.susercontent.com\/file\/vn-11134208-7ra0g-m85kn5zo3f5a8e@resize_w875_nl.webp 1x, https:\/\/down-vn.img.susercontent.com\/file\/vn-11134208-7ra0g-m85kn5zo3f5a8e@resize_w1750_nl.webp 2x\" type=\"image\/webp\" class=\"UkIsx8\"><img decoding=\"async\" width=\"875\" loading=\"lazy\" class=\"uXN1L5 lazyload GqYslU\" srcset=\"https:\/\/down-vn.img.susercontent.com\/file\/vn-11134208-7ra0g-m85kn5zo3f5a8e@resize_w875_nl 1x, https:\/\/down-vn.img.susercontent.com\/file\/vn-11134208-7ra0g-m85kn5zo3f5a8e@resize_w1750_nl 2x\" src=\"https:\/\/down-vn.img.susercontent.com\/file\/vn-11134208-7ra0g-m85kn5zo3f5a8e\" height=\"547\"><\/picture><\/div>\n<\/div>\n<div class=\"QN2lPu\">\n<div style=\"position: relative; width: 100%; padding-bottom: 62.5%;\"><picture class=\"UkIsx8\"><source srcset=\"https:\/\/down-vn.img.susercontent.com\/file\/vn-11134208-7ra0g-m85kn5zo4tpq96@resize_w875_nl.webp 1x, https:\/\/down-vn.img.susercontent.com\/file\/vn-11134208-7ra0g-m85kn5zo4tpq96@resize_w1750_nl.webp 2x\" type=\"image\/webp\" class=\"UkIsx8\"><img decoding=\"async\" width=\"875\" loading=\"lazy\" class=\"uXN1L5 lazyload GqYslU\" srcset=\"https:\/\/down-vn.img.susercontent.com\/file\/vn-11134208-7ra0g-m85kn5zo4tpq96@resize_w875_nl 1x, https:\/\/down-vn.img.susercontent.com\/file\/vn-11134208-7ra0g-m85kn5zo4tpq96@resize_w1750_nl 2x\" src=\"https:\/\/down-vn.img.susercontent.com\/file\/vn-11134208-7ra0g-m85kn5zo4tpq96\" height=\"547\"><\/picture><\/div>\n<\/div>\n<\/div>\n","protected":false},"excerpt":{"rendered":"<p>&#8211; Khung xe: Khung th\u00e9p ch\u1ea5t l\u01b0\u1ee3ng cao, b\u1ec1n b\u1ec9, kh\u1ea3 n\u0103ng ch\u1ecbu l\u1ef1c t\u1ed1t, gi\u00fap b\u00e9 g\u00e1i d\u1ec5 d\u00e0ng ki\u1ec3m so\u00e1t xe v\u00e0 di chuy\u1ec3n an to\u00e0n. Thi\u1ebft k\u1ebf khung ch\u1eafc ch\u1eafn gi\u00fap xe c\u00f3 th\u1ec3 ch\u1ecbu \u0111\u01b0\u1ee3c va \u0111\u1eadp v\u00e0 s\u1eed d\u1ee5ng l\u00e2u d\u00e0i. &#8211; V\u00f2ng b\u00e1nh: 16 inch, ph\u00f9 h\u1ee3p cho b\u00e9&#8230;<\/p>\n","protected":false},"featured_media":14484,"comment_status":"open","ping_status":"closed","template":"","meta":[],"product_brand":[1384],"product_cat":[1344,1293],"product_tag":[],"class_list":{"0":"post-14418","1":"product","2":"type-product","3":"status-publish","4":"has-post-thumbnail","6":"product_brand-martin","7":"product_cat-xe-dap-tre-em","8":"product_cat-xe-dap","10":"first","11":"instock","12":"sale","13":"featured","14":"shipping-taxable","15":"purchasable","16":"product-type-variable"},"_links":{"self":[{"href":"https:\/\/web-ban-le.mbws.vn\/oto-xe-may-xe-dap\/wp-json\/wp\/v2\/product\/14418","targetHints":{"allow":["GET"]}}],"collection":[{"href":"https:\/\/web-ban-le.mbws.vn\/oto-xe-may-xe-dap\/wp-json\/wp\/v2\/product"}],"about":[{"href":"https:\/\/web-ban-le.mbws.vn\/oto-xe-may-xe-dap\/wp-json\/wp\/v2\/types\/product"}],"replies":[{"embeddable":true,"href":"https:\/\/web-ban-le.mbws.vn\/oto-xe-may-xe-dap\/wp-json\/wp\/v2\/comments?post=14418"}],"wp:featuredmedia":[{"embeddable":true,"href":"https:\/\/web-ban-le.mbws.vn\/oto-xe-may-xe-dap\/wp-json\/wp\/v2\/media\/14484"}],"wp:attachment":[{"href":"https:\/\/web-ban-le.mbws.vn\/oto-xe-may-xe-dap\/wp-json\/wp\/v2\/media?parent=14418"}],"wp:term":[{"taxonomy":"product_brand","embeddable":true,"href":"https:\/\/web-ban-le.mbws.vn\/oto-xe-may-xe-dap\/wp-json\/wp\/v2\/product_brand?post=14418"},{"taxonomy":"product_cat","embeddable":true,"href":"https:\/\/web-ban-le.mbws.vn\/oto-xe-may-xe-dap\/wp-json\/wp\/v2\/product_cat?post=14418"},{"taxonomy":"product_tag","embeddable":true,"href":"https:\/\/web-ban-le.mbws.vn\/oto-xe-may-xe-dap\/wp-json\/wp\/v2\/product_tag?post=14418"}],"curies":[{"name":"wp","href":"https:\/\/api.w.org\/{rel}","templated":true}]}}