{"id":14450,"date":"2025-10-24T10:12:58","date_gmt":"2025-10-24T03:12:58","guid":{"rendered":"https:\/\/web-ban-le.mbws.vn\/oto-xe-may-xe-dap\/?post_type=product&#038;p=14450"},"modified":"2025-11-04T00:18:31","modified_gmt":"2025-11-03T17:18:31","slug":"non-bao-hiem-xe-dap-fornix-m9-size-l-non-bao-hiem-the-thao-mu-bao-hiem-xe-dap","status":"publish","type":"product","link":"https:\/\/web-ban-le.mbws.vn\/oto-xe-may-xe-dap\/san-pham\/non-bao-hiem-xe-dap-fornix-m9-size-l-non-bao-hiem-the-thao-mu-bao-hiem-xe-dap\/","title":{"rendered":"N\u00f3n B\u1ea3o Hi\u1ec3m Xe \u0110\u1ea1p FORNIX M9- Size L- N\u00f3n B\u1ea3o Hi\u1ec3m Th\u1ec3 Thao &#8211; M\u0169 B\u1ea3o Hi\u1ec3m Xe \u0110\u1ea1p"},"content":{"rendered":"<div class=\"e8lZp3\">\n<p class=\"QN2lPu\">1. Thi\u1ebft k\u1ebf th\u1ec3 thao, m\u1ea1nh m\u1ebd<\/p>\n<p class=\"QN2lPu\">N\u00f3n b\u1ea3o hi\u1ec3m xe \u0111\u1ea1p FORNIX M9 c\u00f3 thi\u1ebft k\u1ebf th\u1ec3 thao, hi\u1ec7n \u0111\u1ea1i v\u00e0 n\u0103ng \u0111\u1ed9ng, mang \u0111\u1ebfn phong c\u00e1ch tr\u1ebb trung v\u00e0 chuy\u00ean nghi\u1ec7p cho ng\u01b0\u1eddi s\u1eed d\u1ee5ng. V\u1ebb ngo\u00e0i g\u1ecdn g\u00e0ng, v\u1edbi c\u00e1c \u0111\u01b0\u1eddng n\u00e9t s\u1eafc s\u1ea3o, ph\u00f9 h\u1ee3p v\u1edbi c\u1ea3 ng\u01b0\u1eddi s\u1eed d\u1ee5ng c\u00e1 nh\u00e2n v\u00e0 nh\u1eefng v\u1eadn \u0111\u1ed9ng vi\u00ean th\u1ec3 thao y\u00eau th\u00edch s\u1ef1 n\u0103ng \u0111\u1ed9ng v\u00e0 an to\u00e0n.<\/p>\n<p class=\"QN2lPu\">\n<p class=\"QN2lPu\">2. Ch\u1ea5t li\u1ec7u cao c\u1ea5p, b\u1ec1n b\u1ec9<\/p>\n<p class=\"QN2lPu\">\n<p class=\"QN2lPu\">V\u1ecf n\u00f3n: Ch\u1ea5t li\u1ec7u nh\u1ef1a ABS cao c\u1ea5p, c\u00f3 \u0111\u1ed9 b\u1ec1n cao, gi\u00fap b\u1ea3o v\u1ec7 \u0111\u1ea7u kh\u1ecfi c\u00e1c t\u00e1c \u0111\u1ed9ng m\u1ea1nh khi g\u1eb7p ph\u1ea3i va ch\u1ea1m.<\/p>\n<p class=\"QN2lPu\">\n<p class=\"QN2lPu\">L\u1edbp x\u1ed1p EPS: L\u1edbp x\u1ed1p EPS gi\u00fap h\u1ea5p th\u1ee5 l\u1ef1c t\u00e1c \u0111\u1ed9ng t\u1eeb b\u00ean ngo\u00e0i, gi\u1ea3m thi\u1ec3u nh\u1eefng ch\u1ea5n th\u01b0\u01a1ng c\u00f3 th\u1ec3 x\u1ea3y ra, mang l\u1ea1i s\u1ef1 an to\u00e0n t\u1ed1i \u0111a cho ng\u01b0\u1eddi s\u1eed d\u1ee5ng.<\/p>\n<p class=\"QN2lPu\">\n<p class=\"QN2lPu\">L\u00f3t n\u00f3n: L\u00f3t n\u00f3n l\u00e0m t\u1eeb ch\u1ea5t li\u1ec7u v\u1ea3i m\u1ec1m, th\u00f4ng tho\u00e1ng v\u00e0 c\u00f3 kh\u1ea3 n\u0103ng th\u1ea5m h\u00fat m\u1ed3 h\u00f4i t\u1ed1t, gi\u00fap ng\u01b0\u1eddi s\u1eed d\u1ee5ng lu\u00f4n c\u1ea3m th\u1ea5y kh\u00f4 tho\u00e1ng v\u00e0 tho\u1ea3i m\u00e1i trong su\u1ed1t th\u1eddi gian s\u1eed d\u1ee5ng.<\/p>\n<p class=\"QN2lPu\">\n<p class=\"QN2lPu\">3. H\u1ec7 th\u1ed1ng th\u00f4ng gi\u00f3 t\u1ed1i \u01b0u<\/p>\n<p class=\"QN2lPu\">N\u00f3n \u0111\u01b0\u1ee3c trang b\u1ecb h\u1ec7 th\u1ed1ng l\u1ed7 th\u00f4ng gi\u00f3 chi\u1ebfn l\u01b0\u1ee3c gi\u00fap t\u1ed1i \u0111a h\u00f3a kh\u1ea3 n\u0103ng l\u01b0u th\u00f4ng kh\u00f4ng kh\u00ed, gi\u1eef cho ng\u01b0\u1eddi \u0111eo lu\u00f4n c\u1ea3m th\u1ea5y tho\u1ea3i m\u00e1i, d\u1ec5 ch\u1ecbu ngay c\u1ea3 khi ho\u1ea1t \u0111\u1ed9ng d\u01b0\u1edbi th\u1eddi ti\u1ebft n\u1eafng n\u00f3ng. H\u1ec7 th\u1ed1ng th\u00f4ng gi\u00f3 n\u00e0y c\u00f2n gi\u00fap gi\u1ea3m nhi\u1ec7t \u0111\u1ed9, ng\u0103n ng\u1eeba m\u1ed3 h\u00f4i v\u00e0 gi\u1eef cho ng\u01b0\u1eddi s\u1eed d\u1ee5ng kh\u00f4ng b\u1ecb c\u1ea3m gi\u00e1c b\u00ed b\u00e1ch.<\/p>\n<p class=\"QN2lPu\">\n<p class=\"QN2lPu\">4. \u0110i\u1ec1u ch\u1ec9nh d\u1ec5 d\u00e0ng, ch\u1eafc ch\u1eafn<\/p>\n<p class=\"QN2lPu\">N\u00f3n b\u1ea3o hi\u1ec3m FORNIX M9\u0111\u01b0\u1ee3c trang b\u1ecb h\u1ec7 th\u1ed1ng \u0111i\u1ec1u ch\u1ec9nh d\u1ec5 d\u00e0ng v\u1edbi d\u00e2y \u0111ai v\u00e0 kh\u00f3a ch\u1eafc ch\u1eafn, gi\u00fap ng\u01b0\u1eddi d\u00f9ng t\u00f9y ch\u1ec9nh k\u00edch c\u1ee1 n\u00f3n sao cho v\u1eeba v\u1eb7n, \u0111\u1ea3m b\u1ea3o s\u1ef1 an to\u00e0n v\u00e0 \u1ed5n \u0111\u1ecbnh trong su\u1ed1t qu\u00e1 tr\u00ecnh s\u1eed d\u1ee5ng.<\/p>\n<p class=\"QN2lPu\">\n<p class=\"QN2lPu\">5. An to\u00e0n \u0111\u1ea1t chu\u1ea9n qu\u1ed1c t\u1ebf<\/p>\n<p class=\"QN2lPu\">S\u1ea3n ph\u1ea9m \u0111\u01b0\u1ee3c ki\u1ec3m tra nghi\u00eam ng\u1eb7t v\u00e0 \u0111\u1ea1t ti\u00eau chu\u1ea9n an to\u00e0n qu\u1ed1c t\u1ebf, \u0111\u1ea3m b\u1ea3o kh\u1ea3 n\u0103ng b\u1ea3o v\u1ec7 t\u1ed1i \u0111a cho ng\u01b0\u1eddi s\u1eed d\u1ee5ng. B\u1ea1n ho\u00e0n to\u00e0n y\u00ean t\u00e2m khi s\u1eed d\u1ee5ng n\u00f3n b\u1ea3o hi\u1ec3m FORNIX M9 trong m\u1ecdi t\u00ecnh hu\u1ed1ng.<\/p>\n<p class=\"QN2lPu\">\n<p class=\"QN2lPu\">6. Ph\u00f9 h\u1ee3p v\u1edbi nhi\u1ec1u ho\u1ea1t \u0111\u1ed9ng th\u1ec3 thao<\/p>\n<p class=\"QN2lPu\">N\u00f3n b\u1ea3o hi\u1ec3m FORNIX M9 kh\u00f4ng ch\u1ec9 d\u00e0nh cho xe \u0111\u1ea1p m\u00e0 c\u00f2n c\u00f3 th\u1ec3 s\u1eed d\u1ee5ng cho c\u00e1c ho\u1ea1t \u0111\u1ed9ng th\u1ec3 thao kh\u00e1c nh\u01b0 ch\u1ea1y xe th\u1ec3 thao, \u0111ua xe, hay c\u00e1c m\u00f4n th\u1ec3 thao ngo\u00e0i tr\u1eddi y\u00eau c\u1ea7u b\u1ea3o v\u1ec7 \u0111\u1ea7u.<\/p>\n<\/div>\n","protected":false},"excerpt":{"rendered":"<p>1. Thi\u1ebft k\u1ebf th\u1ec3 thao, m\u1ea1nh m\u1ebd N\u00f3n b\u1ea3o hi\u1ec3m xe \u0111\u1ea1p FORNIX M9 c\u00f3 thi\u1ebft k\u1ebf th\u1ec3 thao, hi\u1ec7n \u0111\u1ea1i v\u00e0 n\u0103ng \u0111\u1ed9ng, mang \u0111\u1ebfn phong c\u00e1ch tr\u1ebb trung v\u00e0 chuy\u00ean nghi\u1ec7p cho ng\u01b0\u1eddi s\u1eed d\u1ee5ng. V\u1ebb ngo\u00e0i g\u1ecdn g\u00e0ng, v\u1edbi c\u00e1c \u0111\u01b0\u1eddng n\u00e9t s\u1eafc s\u1ea3o, ph\u00f9 h\u1ee3p v\u1edbi c\u1ea3 ng\u01b0\u1eddi s\u1eed d\u1ee5ng c\u00e1&#8230;<\/p>\n","protected":false},"featured_media":14536,"comment_status":"open","ping_status":"closed","template":"","meta":[],"product_brand":[1387],"product_cat":[1267],"product_tag":[],"class_list":{"0":"post-14450","1":"product","2":"type-product","3":"status-publish","4":"has-post-thumbnail","6":"product_brand-ferrari","7":"product_cat-mu-bao-hiem-xe-dap","9":"first","10":"instock","11":"sale","12":"shipping-taxable","13":"purchasable","14":"product-type-variable"},"_links":{"self":[{"href":"https:\/\/web-ban-le.mbws.vn\/oto-xe-may-xe-dap\/wp-json\/wp\/v2\/product\/14450","targetHints":{"allow":["GET"]}}],"collection":[{"href":"https:\/\/web-ban-le.mbws.vn\/oto-xe-may-xe-dap\/wp-json\/wp\/v2\/product"}],"about":[{"href":"https:\/\/web-ban-le.mbws.vn\/oto-xe-may-xe-dap\/wp-json\/wp\/v2\/types\/product"}],"replies":[{"embeddable":true,"href":"https:\/\/web-ban-le.mbws.vn\/oto-xe-may-xe-dap\/wp-json\/wp\/v2\/comments?post=14450"}],"wp:featuredmedia":[{"embeddable":true,"href":"https:\/\/web-ban-le.mbws.vn\/oto-xe-may-xe-dap\/wp-json\/wp\/v2\/media\/14536"}],"wp:attachment":[{"href":"https:\/\/web-ban-le.mbws.vn\/oto-xe-may-xe-dap\/wp-json\/wp\/v2\/media?parent=14450"}],"wp:term":[{"taxonomy":"product_brand","embeddable":true,"href":"https:\/\/web-ban-le.mbws.vn\/oto-xe-may-xe-dap\/wp-json\/wp\/v2\/product_brand?post=14450"},{"taxonomy":"product_cat","embeddable":true,"href":"https:\/\/web-ban-le.mbws.vn\/oto-xe-may-xe-dap\/wp-json\/wp\/v2\/product_cat?post=14450"},{"taxonomy":"product_tag","embeddable":true,"href":"https:\/\/web-ban-le.mbws.vn\/oto-xe-may-xe-dap\/wp-json\/wp\/v2\/product_tag?post=14450"}],"curies":[{"name":"wp","href":"https:\/\/api.w.org\/{rel}","templated":true}]}}