{"id":409,"date":"2025-08-05T17:00:58","date_gmt":"2025-08-05T10:00:58","guid":{"rendered":"https:\/\/web-shop.matbao.website\/?page_id=409"},"modified":"2025-09-12T14:12:50","modified_gmt":"2025-09-12T07:12:50","slug":"kiem-tra-don-hang","status":"publish","type":"page","link":"https:\/\/web-ban-le.mbws.vn\/phu-kien-trang-suc\/kiem-tra-don-hang\/","title":{"rendered":"Ki\u1ec3m tra \u0111\u01a1n h\u00e0ng"},"content":{"rendered":"\n\t<section class=\"section\" id=\"section_626764362\">\n\t\t<div class=\"section-bg fill\" >\n\t\t\t\t\t\t\t\t\t\n\t\t\t\n\n\t\t<\/div>\n\n\t\t\n\n\t\t<div class=\"section-content relative\">\n\t\t\t\n<div class=\"row\"  id=\"row-1457215316\">\n\n\t<div id=\"col-429332483\" class=\"col pb-0 small-12 large-12\"  >\n\t\t\t\t<div class=\"col-inner\"  >\n\t\t\t\n\t\t\t\n<h1>Ki\u1ec3m tra \u0111\u01a1n h\u00e0ng<\/h1>\n        <form action=\"https:\/\/web-ban-le.mbws.vn\/phu-kien-trang-suc\/kiem-tra-don-hang\/\" method=\"post\"\n            class=\"woocommerce-form woocommerce-form-track-order track_order\">\n\n            \n            <p>\u0110\u1ec3 theo d\u00f5i \u0111\u01a1n h\u00e0ng c\u1ee7a b\u1ea1n, vui l\u00f2ng nh\u1eadp ID \u0111\u01a1n h\u00e0ng v\u00e0o \u00f4 d\u01b0\u1edbi \u0111\u00e2y v\u00e0 nh\u1ea5n &quot;Theo d\u00f5i&quot;.            <\/p>\n\n            <p class=\"form-row form-row-wide\">\n                <label for=\"orderid\">ID \u0110\u01a1n h\u00e0ng<\/label>\n                <input class=\"input-text\" type=\"text\" name=\"orderid\" id=\"orderid\"\n                    value=\"\"\n                    placeholder=\"Nh\u1eadp ID \u0110\u01a1n h\u00e0ng c\u1ee7a b\u1ea1n (vd: 1234 ho\u1eb7c #1234)\" \/>\n            <\/p>\n\n            \n            <p class=\"form-row\">\n                <button type=\"submit\"\n                    class=\"button\"\n                    name=\"track\" value=\"Theo d\u00f5i\">\n                    Theo d\u00f5i                <\/button>\n            <\/p>\n\n            <input type=\"hidden\" id=\"woocommerce-order-tracking-nonce\" name=\"woocommerce-order-tracking-nonce\" value=\"e8694990ac\" \/><input type=\"hidden\" name=\"_wp_http_referer\" value=\"\/phu-kien-trang-suc\/wp-json\/wp\/v2\/pages\/409\" \/>\n        <\/form>\n\n\t\t<\/div>\n\t\t\t\t\t<\/div>\n\n\t\n\n<style>\n#row-1457215316 > .col > .col-inner {\n  padding: 30px 30px 10px 30px;\n  background-color: rgb(255,255,255);\n  border-radius: 10px;\n}\n<\/style>\n<\/div>\n\t\t<\/div>\n\n\t\t\n<style>\n#section_626764362 {\n  padding-top: 30px;\n  padding-bottom: 30px;\n}\n<\/style>\n\t<\/section>\n\t\n","protected":false},"excerpt":{"rendered":"","protected":false},"author":1,"featured_media":0,"parent":0,"menu_order":4,"comment_status":"closed","ping_status":"closed","template":"page-blank.php","meta":{"footnotes":""},"class_list":["post-409","page","type-page","status-publish","hentry"],"_links":{"self":[{"href":"https:\/\/web-ban-le.mbws.vn\/phu-kien-trang-suc\/wp-json\/wp\/v2\/pages\/409","targetHints":{"allow":["GET"]}}],"collection":[{"href":"https:\/\/web-ban-le.mbws.vn\/phu-kien-trang-suc\/wp-json\/wp\/v2\/pages"}],"about":[{"href":"https:\/\/web-ban-le.mbws.vn\/phu-kien-trang-suc\/wp-json\/wp\/v2\/types\/page"}],"author":[{"embeddable":true,"href":"https:\/\/web-ban-le.mbws.vn\/phu-kien-trang-suc\/wp-json\/wp\/v2\/users\/1"}],"replies":[{"embeddable":true,"href":"https:\/\/web-ban-le.mbws.vn\/phu-kien-trang-suc\/wp-json\/wp\/v2\/comments?post=409"}],"version-history":[{"count":12,"href":"https:\/\/web-ban-le.mbws.vn\/phu-kien-trang-suc\/wp-json\/wp\/v2\/pages\/409\/revisions"}],"predecessor-version":[{"id":11276,"href":"https:\/\/web-ban-le.mbws.vn\/phu-kien-trang-suc\/wp-json\/wp\/v2\/pages\/409\/revisions\/11276"}],"wp:attachment":[{"href":"https:\/\/web-ban-le.mbws.vn\/phu-kien-trang-suc\/wp-json\/wp\/v2\/media?parent=409"}],"curies":[{"name":"wp","href":"https:\/\/api.w.org\/{rel}","templated":true}]}}