{"id":13716,"date":"2025-10-23T11:40:00","date_gmt":"2025-10-23T04:40:00","guid":{"rendered":"https:\/\/web-ban-le.mbws.vn\/phu-kien-trang-suc\/?post_type=product&#038;p=13716"},"modified":"2025-10-23T11:40:58","modified_gmt":"2025-10-23T04:40:58","slug":"set-tui-hop-di-kem-san-pham-lavesta","status":"publish","type":"product","link":"https:\/\/web-ban-le.mbws.vn\/phu-kien-trang-suc\/san-pham\/set-tui-hop-di-kem-san-pham-lavesta\/","title":{"rendered":"Set T\u00fai h\u1ed9p \u0111i k\u00e8m s\u1ea3n ph\u1ea9m LAVESTA"},"content":{"rendered":"<div class=\"e8lZp3\">\n<p class=\"QN2lPu\">TH\u00d4NG TIN S\u1ea2N PH\u1ea8M <\/p>\n<p class=\"QN2lPu\">Set qu\u00e0 t\u1eb7ng LAVESTA bao g\u1ed3m:<\/p>\n<p class=\"QN2lPu\">1. H\u1ed9p \u0111\u1ef1ng trang s\u1ee9c cao c\u1ea5p LAVESTA<\/p>\n<p class=\"QN2lPu\">2. T\u00fai Gi\u1ea5y \u0111\u1ef1ng qu\u00e0 t\u1eb7ng, Ph\u1ee5 Ki\u1ec7n Trang S\u1ee9c LAVESTA<\/p>\n<p class=\"QN2lPu\">\n<p class=\"QN2lPu\">Th\u01b0\u01a1ng hi\u1ec7u: LAVESTA<\/p>\n<p class=\"QN2lPu\">Xu\u1ea5t x\u1ee9: Vi\u1ec7t Nam<\/p>\n<p class=\"QN2lPu\">\n<p class=\"QN2lPu\">TRANG S\u1ee8C LAVESTA CAM K\u1ebeT<\/p>\n<p class=\"QN2lPu\">&#8211; T\u00fai v\u00e0 h\u1ed9p \u0111\u1ef1ng trang s\u1ee9c kim c\u01b0\u01a1ng ch\u1ea5t l\u01b0\u1ee3ng 100% gi\u1ed1ng m\u00f4 t\u1ea3 v\u00e0 h\u00ecnh \u1ea3nh, t\u00fai \u0111\u01b0\u1ee3c c\u00e1n b\u00f3ng k\u1ebft h\u1ee3p d\u00e2y l\u1ee5a cao c\u1ea5p c\u1ef1c k\u1ef3 ch\u1eafc ch\u1eafn v\u00e0 sang ch\u1ea3nh.<\/p>\n<p class=\"QN2lPu\">\n<p class=\"QN2lPu\">S\u1ea3n ph\u1ea9m \u0111\u01b0\u1ee3c ki\u1ec3m tra k\u0129 c\u00e0ng, c\u1ea9n th\u1eadn tr\u01b0\u1edbc khi \u0111\u00f3ng g\u00f3i v\u00e0 giao \u0111\u1ebfn tay kh\u00e1ch h\u00e0ng.<\/p>\n<p class=\"QN2lPu\">T\u00fai v\u00e0 h\u1ed9p trang s\u1ee9c lu\u00f4n c\u00f3 s\u1eb5n v\u00e0 \u0111\u01b0\u1ee3c giao h\u00e0ng ngay khi nh\u1eadn \u0111\u01b0\u1ee3c \u0111\u01a1n, kh\u00f4ng \u0111\u1ec3 kh\u00e1ch h\u00e0ng ph\u1ea3i ch\u1edd \u0111\u1ee3i l\u00e2u. <\/p>\n<p class=\"QN2lPu\">\n<p class=\"QN2lPu\">CH\u01af\u01a0NG TR\u00ccNH H\u1ed6 TR\u1ee2 V\u1eacN CHUY\u1ec2N<\/p>\n<p class=\"QN2lPu\">Shop c\u00f3 ch\u01b0\u01a1ng tr\u00ecnh FREESHIP EXTRA, khi \u0111\u1eb7t h\u00e0ng qu\u00fd kh\u00e1ch n\u00ean \u00c1P M\u00c3 MI\u1ec4N PH\u00cd V\u1eacN CHUY\u1ec2N \u0111\u1ec3 \u0111\u01b0\u1ee3c \u01b0u \u0111\u00e3i gi\u1ea3m ho\u1eb7c mi\u1ec5n ph\u00ed v\u1eadn chuy\u1ec3n:<\/p>\n<p class=\"QN2lPu\">&#8211; Gi\u1ea3m 15k ph\u00ed v\u1eadn chuy\u1ec3n \u0111\u1ed1i v\u1edbi \u0111\u01a1n tr\u00ean 50k<\/p>\n<p class=\"QN2lPu\">&#8211; Gi\u1ea3m \u0111\u1ebfn 70k ph\u00ed v\u1eadn chuy\u1ec3n cho c\u00e1c \u0111\u01a1n h\u00e0ng t\u1eeb 300k <\/p>\n<p class=\"QN2lPu\">\n<p class=\"QN2lPu\">L\u01b0u \u00fd: Do \u0111i\u1ec1u ki\u1ec7n \u00e1nh s\u00e1ng, n\u00ean m\u00e0u s\u1eafc s\u1ea3n ph\u1ea9m c\u00f3 th\u1ec3 ch\u00eanh l\u1ec7ch ko \u0111\u00e1ng k\u1ec3<\/p>\n<p class=\"QN2lPu\">\n<p class=\"QN2lPu\">#tui #giay #kraft #tuigiaykraft #tuibanhmi #tuibanhmy #tuidungqua #tuigi<\/p>\n<p class=\"QN2lPu\">#H\u1ed9p trang s\u1ee9c<\/p>\n<p class=\"QN2lPu\">#H\u1ed9p tr\u00ecnh b\u00e0y<\/p>\n<p class=\"QN2lPu\">#Qu\u00e0 t\u1eb7ng<\/p>\n<p class=\"QN2lPu\">#Qu\u00e0 t\u1eb7ng ti\u1ec7c t\u00f9ng<\/p>\n<p class=\"QN2lPu\">#Qu\u00e0 t\u1eb7ng l\u1ec5 t\u00ecnh nh\u00e2n<\/p>\n<p class=\"QN2lPu\">#Qu\u00e0 Gi\u00e1ng sinh<\/p>\n<p class=\"QN2lPu\">#Qu\u00e0 t\u1eb7ng ng\u00e0y c\u1ee7a m\u1eb9<\/p>\n<p class=\"QN2lPu\">#Qu\u00e0 sinh nh\u1eadt<\/p>\n<p class=\"QN2lPu\">#Qu\u00e0 cho b\u1ea1n b\u00e8<\/p>\n<p class=\"QN2lPu\">#Qu\u00e0 t\u1eb7ng<\/p>\n<p class=\"QN2lPu\">#H\u1ed9p qu\u00e0<\/p>\n<p class=\"QN2lPu\">#H\u1ed9p nh\u1eabn<\/p>\n<p class=\"QN2lPu\">#Kho l\u01b0u tr\u1eef \u0111\u1ed3 trang s\u1ee9c<\/p>\n<p class=\"QN2lPu\">#H\u1ed9p v\u00f2ng c\u1ed5<\/p>\n<p class=\"QN2lPu\">#\u0110\u1ec3 l\u00e0m qu\u00e0 t\u1eb7ng<\/p>\n<p class=\"QN2lPu\">#nuocruabac #lamsang #danhbongbac<\/p>\n<\/div>\n","protected":false},"excerpt":{"rendered":"<p>TH\u00d4NG TIN S\u1ea2N PH\u1ea8M Set qu\u00e0 t\u1eb7ng LAVESTA bao g\u1ed3m: 1. H\u1ed9p \u0111\u1ef1ng trang s\u1ee9c cao c\u1ea5p LAVESTA 2. T\u00fai Gi\u1ea5y \u0111\u1ef1ng qu\u00e0 t\u1eb7ng, Ph\u1ee5 Ki\u1ec7n Trang S\u1ee9c LAVESTA Th\u01b0\u01a1ng hi\u1ec7u: LAVESTA Xu\u1ea5t x\u1ee9: Vi\u1ec7t Nam TRANG S\u1ee8C LAVESTA CAM K\u1ebeT &#8211; T\u00fai v\u00e0 h\u1ed9p \u0111\u1ef1ng trang s\u1ee9c kim c\u01b0\u01a1ng ch\u1ea5t l\u01b0\u1ee3ng 100% gi\u1ed1ng m\u00f4&#8230;<\/p>\n","protected":false},"featured_media":13809,"comment_status":"open","ping_status":"closed","template":"","meta":[],"product_brand":[],"product_cat":[1218],"product_tag":[],"class_list":{"0":"post-13716","1":"product","2":"type-product","3":"status-publish","4":"has-post-thumbnail","6":"product_cat-tui-giay","8":"first","9":"instock","10":"shipping-taxable","11":"product-type-simple"},"_links":{"self":[{"href":"https:\/\/web-ban-le.mbws.vn\/phu-kien-trang-suc\/wp-json\/wp\/v2\/product\/13716","targetHints":{"allow":["GET"]}}],"collection":[{"href":"https:\/\/web-ban-le.mbws.vn\/phu-kien-trang-suc\/wp-json\/wp\/v2\/product"}],"about":[{"href":"https:\/\/web-ban-le.mbws.vn\/phu-kien-trang-suc\/wp-json\/wp\/v2\/types\/product"}],"replies":[{"embeddable":true,"href":"https:\/\/web-ban-le.mbws.vn\/phu-kien-trang-suc\/wp-json\/wp\/v2\/comments?post=13716"}],"wp:featuredmedia":[{"embeddable":true,"href":"https:\/\/web-ban-le.mbws.vn\/phu-kien-trang-suc\/wp-json\/wp\/v2\/media\/13809"}],"wp:attachment":[{"href":"https:\/\/web-ban-le.mbws.vn\/phu-kien-trang-suc\/wp-json\/wp\/v2\/media?parent=13716"}],"wp:term":[{"taxonomy":"product_brand","embeddable":true,"href":"https:\/\/web-ban-le.mbws.vn\/phu-kien-trang-suc\/wp-json\/wp\/v2\/product_brand?post=13716"},{"taxonomy":"product_cat","embeddable":true,"href":"https:\/\/web-ban-le.mbws.vn\/phu-kien-trang-suc\/wp-json\/wp\/v2\/product_cat?post=13716"},{"taxonomy":"product_tag","embeddable":true,"href":"https:\/\/web-ban-le.mbws.vn\/phu-kien-trang-suc\/wp-json\/wp\/v2\/product_tag?post=13716"}],"curies":[{"name":"wp","href":"https:\/\/api.w.org\/{rel}","templated":true}]}}