{"id":13720,"date":"2025-10-23T11:40:00","date_gmt":"2025-10-23T04:40:00","guid":{"rendered":"https:\/\/web-ban-le.mbws.vn\/phu-kien-trang-suc\/?post_type=product&#038;p=13720"},"modified":"2025-10-23T11:41:24","modified_gmt":"2025-10-23T04:41:24","slug":"day-chuyen-nu-bac-xi-bach-kim-lavesta-lav058-thiet-ke-co-4-la-mat-da-den-azura-necklace-thanh-lich","status":"publish","type":"product","link":"https:\/\/web-ban-le.mbws.vn\/phu-kien-trang-suc\/san-pham\/day-chuyen-nu-bac-xi-bach-kim-lavesta-lav058-thiet-ke-co-4-la-mat-da-den-azura-necklace-thanh-lich\/","title":{"rendered":"D\u00e2y chuy\u1ec1n n\u1eef b\u1ea1c xi b\u1ea1ch kim LAVESTA LAV058 thi\u1ebft k\u1ebf c\u1ecf 4 l\u00e1 m\u1eb7t \u0111\u00e1 \u0111en Azura Necklace thanh l\u1ecbch"},"content":{"rendered":"<div class=\"e8lZp3\">\n<p class=\"QN2lPu\">D\u00e2y chuy\u1ec1n n\u1eef b\u1ea1c xi b\u1ea1ch kim LAVESTA LAV058 thi\u1ebft k\u1ebf c\u1ecf 4 l\u00e1 m\u1eb7t \u0111\u00e1 \u0111en Azura Necklace thanh l\u1ecbch, sang tr\u1ecdng<\/p>\n<p class=\"QN2lPu\">M\u1eb7t d\u00e2y chuy\u1ec1n c\u1ecf 4 l\u00e1 \u0111\u00e1 \u0111en \u0111\u1eb7c tr\u01b0ng c\u1ee7a th\u01b0\u01a1ng hi\u1ec7u LAVESTA t\u1ea1o n\u00ean v\u1ebb \u0111\u1eb9p tinh t\u1ebf v\u00e0 \u0111\u1eb3ng c\u1ea5p thu h\u00fat m\u1ecdi \u00e1nh nh\u00ecn. C\u00e1c n\u00e9t c\u1eaft tinh x\u1ea3o l\u1ea5p l\u00e1nh t\u1ea1o n\u00ean n\u00e9t sang tr\u1ecdng v\u00e0 thanh l\u1ecbch c\u00f9ng ch\u1ea5t li\u1ec7u xi b\u1ea1ch kim c\u00f3 \u0111\u1ed9 b\u1ec1n, s\u00e1ng b\u00f3ng ri\u00eang.<\/p>\n<div class=\"QN2lPu\">\n<div style=\"position: relative; width: 100%; padding-bottom: 100%;\"><picture class=\"UkIsx8\"><source srcset=\"https:\/\/down-vn.img.susercontent.com\/file\/vn-11134208-7r98o-lt24gmnyrel5de@resize_w875_nl.webp 1x, https:\/\/down-vn.img.susercontent.com\/file\/vn-11134208-7r98o-lt24gmnyrel5de@resize_w1750_nl.webp 2x\" type=\"image\/webp\" class=\"UkIsx8\"><img decoding=\"async\" width=\"875\" loading=\"lazy\" class=\"uXN1L5 lazyload GqYslU\" srcset=\"https:\/\/down-vn.img.susercontent.com\/file\/vn-11134208-7r98o-lt24gmnyrel5de@resize_w875_nl 1x, https:\/\/down-vn.img.susercontent.com\/file\/vn-11134208-7r98o-lt24gmnyrel5de@resize_w1750_nl 2x\" src=\"https:\/\/down-vn.img.susercontent.com\/file\/vn-11134208-7r98o-lt24gmnyrel5de\" height=\"875\"><\/picture><\/div>\n<\/div>\n<div class=\"QN2lPu\">\n<div style=\"position: relative; width: 100%; padding-bottom: 100%;\"><picture class=\"UkIsx8\"><source srcset=\"https:\/\/down-vn.img.susercontent.com\/file\/vn-11134208-7ra0g-maf6sarvkjbreb@resize_w875_nl.webp 1x, https:\/\/down-vn.img.susercontent.com\/file\/vn-11134208-7ra0g-maf6sarvkjbreb@resize_w1750_nl.webp 2x\" type=\"image\/webp\" class=\"UkIsx8\"><img decoding=\"async\" width=\"875\" loading=\"lazy\" class=\"uXN1L5 lazyload GqYslU\" srcset=\"https:\/\/down-vn.img.susercontent.com\/file\/vn-11134208-7ra0g-maf6sarvkjbreb@resize_w875_nl 1x, https:\/\/down-vn.img.susercontent.com\/file\/vn-11134208-7ra0g-maf6sarvkjbreb@resize_w1750_nl 2x\" src=\"https:\/\/down-vn.img.susercontent.com\/file\/vn-11134208-7ra0g-maf6sarvkjbreb\" height=\"875\"><\/picture><\/div>\n<\/div>\n<div class=\"QN2lPu\">\n<div style=\"position: relative; width: 100%; padding-bottom: 100%;\"><picture class=\"UkIsx8\"><source srcset=\"https:\/\/down-vn.img.susercontent.com\/file\/vn-11134208-7r98o-lt24gmnyu7q1d0@resize_w875_nl.webp 1x, https:\/\/down-vn.img.susercontent.com\/file\/vn-11134208-7r98o-lt24gmnyu7q1d0@resize_w1750_nl.webp 2x\" type=\"image\/webp\" class=\"UkIsx8\"><img decoding=\"async\" width=\"875\" loading=\"lazy\" class=\"uXN1L5 lazyload GqYslU\" srcset=\"https:\/\/down-vn.img.susercontent.com\/file\/vn-11134208-7r98o-lt24gmnyu7q1d0@resize_w875_nl 1x, https:\/\/down-vn.img.susercontent.com\/file\/vn-11134208-7r98o-lt24gmnyu7q1d0@resize_w1750_nl 2x\" src=\"https:\/\/down-vn.img.susercontent.com\/file\/vn-11134208-7r98o-lt24gmnyu7q1d0\" height=\"875\"><\/picture><\/div>\n<\/div>\n<p class=\"QN2lPu\">TH\u00d4NG TIN S\u1ea2N PH\u1ea8M<\/p>\n<p class=\"QN2lPu\">&#8211; Xu\u1ea5t x\u1ee9 d\u00e2y chuy\u1ec1n b\u1ea1c n\u1eef: Vi\u1ec7t Nam<\/p>\n<p class=\"QN2lPu\">&#8211; Ch\u1ea5t li\u1ec7u v\u00f2ng c\u1ed5: B\u1ea1c xi b\u1ea1ch kim &#8211; B\u1ea3o h\u00e0nh \u0111\u00e1nh s\u00e1ng tr\u1ecdn \u0111\u1eddi<\/p>\n<p class=\"QN2lPu\">&#8211; \u0110\u00e1 CZ cao c\u1ea5p r\u1ea5t th\u00edch h\u1ee3p \u0111\u1ec3 l\u00e0m qu\u00e0 t\u1eb7ng <\/p>\n<p class=\"QN2lPu\">\n<p class=\"QN2lPu\">LAVESTA CAM K\u1ebeT<\/p>\n<p class=\"QN2lPu\">&#8211; 100% s\u1ea3n ph\u1ea9m d\u00e2y chuy\u1ec1n l\u00e0 b\u1ea1c nguy\u00ean ch\u1ea5t &#8211; Kh\u00f4ng \u0111\u00fang \u0110\u1ec0N g\u1ea5p 10 l\u1ea7n gi\u00e1 tr\u1ecb<\/p>\n<p class=\"QN2lPu\">&#8211; Gi\u00e1 b\u00e1n T\u1ed0T NH\u1ea4T &#8211; Ch\u1ea5t l\u01b0\u1ee3ng CAO NH\u1ea4T<\/p>\n<p class=\"QN2lPu\">&#8211; S\u1ea3n ph\u1ea9m \u0111\u01b0\u1ee3c ki\u1ec3m tra c\u1ea9n th\u1eadn, k\u0129 c\u00e0ng tr\u01b0\u1edbc khi \u0111\u01b0\u1ee3c giao cho Qu\u00fd kh\u00e1ch<\/p>\n<p class=\"QN2lPu\">&#8211; Ho\u00e0n ti\u1ec1n n\u1ebfu s\u1ea3n ph\u1ea9m kh\u00f4ng \u0111\u00fang v\u1edbi m\u00f4 t\u1ea3<\/p>\n<p class=\"QN2lPu\">&#8211; Giao h\u00e0ng to\u00e0n qu\u1ed1c, thanh to\u00e1n khi nh\u1eadn h\u00e0ng<\/p>\n<p class=\"QN2lPu\">&#8211; H\u1ed7 tr\u1ee3 \u0111\u1ed5i tr\u1ea3 h\u00e0ng 7 ng\u00e0y theo quy \u0111\u1ecbnh c\u1ee7a Shopee<\/p>\n<p class=\"QN2lPu\">&#8211; B\u1ea3o h\u00e0nh TR\u1eccN \u0110\u1edcI<\/p>\n<p class=\"QN2lPu\">\n<p class=\"QN2lPu\">Ngo\u00e0i ra, LAVESTA xin chia s\u1ebb m\u1ed9t s\u1ed1 tips h\u1eefu d\u1ee5ng \u0111\u1ec3 l\u00e0m s\u00e1ng trang s\u1ee9c b\u1ea1c t\u1ea1i nh\u00e0:<\/p>\n<p class=\"QN2lPu\">&#8211; Ch\u00e0 nh\u1eb9 kem \u0111\u00e1nh r\u0103ng, n\u01b0\u1edbc r\u1eeda b\u00e1t ho\u1eb7c n\u01b0\u1edbc chanh l\u00ean s\u1ea3n ph\u1ea9m b\u1ea1c, sau \u0111\u00f3 r\u1eeda s\u1ea1ch b\u1eb1ng n\u01b0\u1edbc \u1ea5m r\u1ed3i lau kh\u00f4<\/p>\n<p class=\"QN2lPu\">&#8211; D\u00f9ng kh\u0103n lau b\u1ea1c chuy\u00ean d\u1ee5ng lau nh\u1eb9 nh\u00e0ng b\u1ec1 m\u1eb7t trang s\u1ee9c m\u1ed7i ng\u00e0y<\/p>\n<p class=\"QN2lPu\">\n<p class=\"QN2lPu\">L\u01b0u \u00fd: Do \u0111i\u1ec1u ki\u1ec7n \u00e1nh s\u00e1ng, n\u00ean m\u00e0u s\u1eafc s\u1ea3n ph\u1ea9m c\u00f3 th\u1ec3 ch\u00eanh l\u1ec7ch ko \u0111\u00e1ng k\u1ec3<\/p>\n<p class=\"QN2lPu\">\n<p class=\"QN2lPu\">#trangsuclavesta #bacxibachkim #vongco #daychuyenbac #lavestasilver #lavesta_silver #daychuyennu #vongconu #daychuyensangtrong #vongcotinhte #daychuyennu #vongconu #nhan #nhannu #nhanbacnu #quatang2010 #quatangbangai <\/p>\n<\/div>\n","protected":false},"excerpt":{"rendered":"<p>D\u00e2y chuy\u1ec1n n\u1eef b\u1ea1c xi b\u1ea1ch kim LAVESTA LAV058 thi\u1ebft k\u1ebf c\u1ecf 4 l\u00e1 m\u1eb7t \u0111\u00e1 \u0111en Azura Necklace thanh l\u1ecbch, sang tr\u1ecdng M\u1eb7t d\u00e2y chuy\u1ec1n c\u1ecf 4 l\u00e1 \u0111\u00e1 \u0111en \u0111\u1eb7c tr\u01b0ng c\u1ee7a th\u01b0\u01a1ng hi\u1ec7u LAVESTA t\u1ea1o n\u00ean v\u1ebb \u0111\u1eb9p tinh t\u1ebf v\u00e0 \u0111\u1eb3ng c\u1ea5p thu h\u00fat m\u1ecdi \u00e1nh nh\u00ecn. C\u00e1c n\u00e9t c\u1eaft tinh&#8230;<\/p>\n","protected":false},"featured_media":13840,"comment_status":"open","ping_status":"closed","template":"","meta":[],"product_brand":[],"product_cat":[1210],"product_tag":[],"class_list":{"0":"post-13720","1":"product","2":"type-product","3":"status-publish","4":"has-post-thumbnail","6":"product_cat-day-chuyen","8":"first","9":"instock","10":"sale","11":"shipping-taxable","12":"product-type-simple"},"_links":{"self":[{"href":"https:\/\/web-ban-le.mbws.vn\/phu-kien-trang-suc\/wp-json\/wp\/v2\/product\/13720","targetHints":{"allow":["GET"]}}],"collection":[{"href":"https:\/\/web-ban-le.mbws.vn\/phu-kien-trang-suc\/wp-json\/wp\/v2\/product"}],"about":[{"href":"https:\/\/web-ban-le.mbws.vn\/phu-kien-trang-suc\/wp-json\/wp\/v2\/types\/product"}],"replies":[{"embeddable":true,"href":"https:\/\/web-ban-le.mbws.vn\/phu-kien-trang-suc\/wp-json\/wp\/v2\/comments?post=13720"}],"wp:featuredmedia":[{"embeddable":true,"href":"https:\/\/web-ban-le.mbws.vn\/phu-kien-trang-suc\/wp-json\/wp\/v2\/media\/13840"}],"wp:attachment":[{"href":"https:\/\/web-ban-le.mbws.vn\/phu-kien-trang-suc\/wp-json\/wp\/v2\/media?parent=13720"}],"wp:term":[{"taxonomy":"product_brand","embeddable":true,"href":"https:\/\/web-ban-le.mbws.vn\/phu-kien-trang-suc\/wp-json\/wp\/v2\/product_brand?post=13720"},{"taxonomy":"product_cat","embeddable":true,"href":"https:\/\/web-ban-le.mbws.vn\/phu-kien-trang-suc\/wp-json\/wp\/v2\/product_cat?post=13720"},{"taxonomy":"product_tag","embeddable":true,"href":"https:\/\/web-ban-le.mbws.vn\/phu-kien-trang-suc\/wp-json\/wp\/v2\/product_tag?post=13720"}],"curies":[{"name":"wp","href":"https:\/\/api.w.org\/{rel}","templated":true}]}}