{"id":13728,"date":"2025-10-23T11:40:01","date_gmt":"2025-10-23T04:40:01","guid":{"rendered":"https:\/\/web-ban-le.mbws.vn\/phu-kien-trang-suc\/?post_type=product&#038;p=13728"},"modified":"2025-10-23T11:42:01","modified_gmt":"2025-10-23T04:42:01","slug":"day-chuyen-bac-nu-ma-vang-hong-18k-cao-cap-lavesta-lav039-co-4-la-thiet-ke-da-den-sang-chanh-cuon-hut-larissa","status":"publish","type":"product","link":"https:\/\/web-ban-le.mbws.vn\/phu-kien-trang-suc\/san-pham\/day-chuyen-bac-nu-ma-vang-hong-18k-cao-cap-lavesta-lav039-co-4-la-thiet-ke-da-den-sang-chanh-cuon-hut-larissa\/","title":{"rendered":"D\u00e2y chuy\u1ec1n b\u1ea1c n\u1eef m\u1ea1 v\u00e0ng h\u1ed3ng 18K cao c\u1ea5p LAVESTA LAV039 c\u1ecf 4 l\u00e1 thi\u1ebft k\u1ebf \u0111\u00e1 \u0111en sang ch\u1ea3nh, cu\u1ed1n h\u00fat Larissa"},"content":{"rendered":"<div class=\"e8lZp3\">\n<p class=\"QN2lPu\">D\u00e2y chuy\u1ec1n b\u1ea1c n\u1eef m\u1ea1 v\u00e0ng h\u1ed3ng 18K cao c\u1ea5p LAVESTA LAV039 c\u1ecf 4 l\u00e1 thi\u1ebft k\u1ebf \u0111\u00e1 \u0111en sang ch\u1ea3nh, cu\u1ed1n h\u00fat Larissa<\/p>\n<p class=\"QN2lPu\">Bi\u1ec3u t\u01b0\u1ee3ng c\u1ecf 4 l\u00e1 tr\u1edf th\u00e0nh ngu\u1ed3n c\u1ea3m h\u1ee9ng m\u00e3nh li\u1ec7t cho nhi\u1ec1u nh\u00e0 thi\u1ebft k\u1ebf b\u1edfi v\u00ec \u00fd ngh\u0129a t\u00edch c\u1ef1c m\u00e0 n\u00f3 \u0111em l\u1ea1i cho cu\u1ed9c s\u1ed1ng.<\/p>\n<p class=\"QN2lPu\">M\u1ed7i c\u00e1nh c\u1ee7a lo\u00e0i c\u1ecf b\u1ed1n l\u00e1 \u0111\u1ec1u t\u01b0\u1ee3ng tr\u01b0ng cho m\u1ed9t th\u1ee9:&nbsp;C\u00e1nh l\u00e1 \u0111\u1ea7u ti\u00ean l\u00e0 s\u1ef1 trung th\u00e0nh, c\u00e1nh l\u00e1 th\u1ee9 hai l\u00e0 hy v\u1ecdng, c\u00e1nh th\u1ee9 ba d\u00e0nh cho t\u00ecnh y\u00eau v\u00e0 c\u00e1nh cu\u1ed1i c\u00f9ng l\u00e0 s\u1ef1 may m\u1eafn.<\/p>\n<p class=\"QN2lPu\">\u0110eo d\u00e2y chuy\u1ec1n h\u00ecnh c\u1ecf 4 l\u00e1 gi\u00fap n\u00e0ng c\u00f3 m\u1ed9t \u0111\u1eddi an y\u00ean, may m\u1eafn. Lo\u1ea1i d\u00e2y chuy\u1ec1n c\u00f3 m\u1eb7t c\u1ecf 4 l\u00e1 c\u00f3 s\u1ee9c h\u00fat m\u00e3nh li\u1ec7t v\u1edbi gi\u1edbi tr\u1ebb, \u0111\u1eb7c bi\u1ec7t l\u00e0 ph\u00e1i n\u1eef.&nbsp;<\/p>\n<p class=\"QN2lPu\">B\u1ea1n c\u0169ng c\u00f3 th\u1ec3 l\u1ef1a ch\u1ecdn&nbsp;m\u1eb7t d\u00e2y chuy\u1ec1n c\u1ecf 4 l\u00e1&nbsp;\u0111\u1ec3 l\u00e0m&nbsp;qu\u00e0 t\u1eb7ng&nbsp;ng\u01b0\u1eddi th\u00e2n, b\u1ea1n b\u00e8, g\u1eedi v\u00e0o \u0111\u00f3 l\u00e0 ng\u00e0n l\u1eddi ch\u00fac may m\u1eafn, y\u00ean vui.<\/p>\n<div class=\"QN2lPu\">\n<div style=\"position: relative; width: 100%; padding-bottom: 100%;\"><picture class=\"UkIsx8\"><source srcset=\"https:\/\/down-vn.img.susercontent.com\/file\/vn-11134208-7r98o-ltnlonkczeoace@resize_w875_nl.webp 1x, https:\/\/down-vn.img.susercontent.com\/file\/vn-11134208-7r98o-ltnlonkczeoace@resize_w1750_nl.webp 2x\" type=\"image\/webp\" class=\"UkIsx8\"><img decoding=\"async\" width=\"875\" loading=\"lazy\" class=\"uXN1L5 lazyload GqYslU\" srcset=\"https:\/\/down-vn.img.susercontent.com\/file\/vn-11134208-7r98o-ltnlonkczeoace@resize_w875_nl 1x, https:\/\/down-vn.img.susercontent.com\/file\/vn-11134208-7r98o-ltnlonkczeoace@resize_w1750_nl 2x\" src=\"https:\/\/down-vn.img.susercontent.com\/file\/vn-11134208-7r98o-ltnlonkczeoace\" height=\"875\"><\/picture><\/div>\n<\/div>\n<div class=\"QN2lPu\">\n<div style=\"position: relative; width: 100%; padding-bottom: 100%;\"><picture class=\"UkIsx8\"><source srcset=\"https:\/\/down-vn.img.susercontent.com\/file\/vn-11134208-7ra0g-maf86eqdyvvce9@resize_w875_nl.webp 1x, https:\/\/down-vn.img.susercontent.com\/file\/vn-11134208-7ra0g-maf86eqdyvvce9@resize_w1750_nl.webp 2x\" type=\"image\/webp\" class=\"UkIsx8\"><img decoding=\"async\" width=\"875\" loading=\"lazy\" class=\"uXN1L5 lazyload GqYslU\" srcset=\"https:\/\/down-vn.img.susercontent.com\/file\/vn-11134208-7ra0g-maf86eqdyvvce9@resize_w875_nl 1x, https:\/\/down-vn.img.susercontent.com\/file\/vn-11134208-7ra0g-maf86eqdyvvce9@resize_w1750_nl 2x\" src=\"https:\/\/down-vn.img.susercontent.com\/file\/vn-11134208-7ra0g-maf86eqdyvvce9\" height=\"875\"><\/picture><\/div>\n<\/div>\n<div class=\"QN2lPu\">\n<div style=\"position: relative; width: 100%; padding-bottom: 100%;\"><picture class=\"UkIsx8\"><source srcset=\"https:\/\/down-vn.img.susercontent.com\/file\/vn-11134208-7r98o-lsxnkn7hy9ax35@resize_w875_nl.webp 1x, https:\/\/down-vn.img.susercontent.com\/file\/vn-11134208-7r98o-lsxnkn7hy9ax35@resize_w1750_nl.webp 2x\" type=\"image\/webp\" class=\"UkIsx8\"><img decoding=\"async\" width=\"875\" loading=\"lazy\" class=\"uXN1L5 lazyload GqYslU\" srcset=\"https:\/\/down-vn.img.susercontent.com\/file\/vn-11134208-7r98o-lsxnkn7hy9ax35@resize_w875_nl 1x, https:\/\/down-vn.img.susercontent.com\/file\/vn-11134208-7r98o-lsxnkn7hy9ax35@resize_w1750_nl 2x\" src=\"https:\/\/down-vn.img.susercontent.com\/file\/vn-11134208-7r98o-lsxnkn7hy9ax35\" height=\"875\"><\/picture><\/div>\n<\/div>\n<p class=\"QN2lPu\">TH\u00d4NG TIN S\u1ea2N PH\u1ea8M<\/p>\n<p class=\"QN2lPu\">&#8211; Xu\u1ea5t x\u1ee9 d\u00e2y chuy\u1ec1n b\u1ea1c n\u1eef: Vi\u1ec7t Nam<\/p>\n<p class=\"QN2lPu\">&#8211; Ch\u1ea5t li\u1ec7u v\u00f2ng c\u1ed5: B\u1ea1c cao c\u1ea5p, m\u1ea1 v\u00e0ng 18K <\/p>\n<p class=\"QN2lPu\">&#8211; Chi\u1ec1u d\u00e0i \u0111i\u1ec1u ch\u1ec9nh 40+ 5cm<\/p>\n<p class=\"QN2lPu\">\n<p class=\"QN2lPu\">M\u1ea1 v\u00e0ng 18K&nbsp;l\u00e0 vi\u1ec7c s\u1eed s\u1ee5ng dung d\u1ecbch v\u00e0ng 18K. \u0110\u00e2y l\u00e0 lo\u1ea1i v\u00e0ng c\u00f3 h\u00e0m l\u01b0\u1ee3ng v\u00e0ng nguy\u00ean ch\u1ea5t chi\u1ebfm 75%. V\u00e0ng 18K th\u01b0\u1eddng \u0111\u01b0\u1ee3c g\u1ecdi l\u00e0 lo\u1ea1i v\u00e0ng 7 tu\u1ed5i r\u01b0\u1ee1i. Trong h\u00e0m l\u01b0\u1ee3ng v\u00e0ng 18K th\u01b0\u1eddng s\u1ebd c\u00f3 75% v\u00e0ng v\u00e0 25% kim lo\u1ea1i qu\u00fd kh\u00e1c.<\/p>\n<p class=\"QN2lPu\">\n<p class=\"QN2lPu\">M\u1ea1 v\u00e0ng th\u01b0\u1eddng \u0111\u01b0\u1ee3c s\u1eed d\u1ee5ng trong l\u0129nh v\u1ef1c ch\u1ebf t\u00e1c kim ho\u00e0n v\u00e0 gia c\u00f4ng trang s\u1ee9c,&nbsp;l\u1eafc tay, v\u00f2ng tay,&nbsp;v\u00f2ng charm,\u2026 N\u00f3i m\u1ed9t c\u00e1ch d\u1ec5 hi\u1ec3u, m\u1ea1 v\u00e0ng l\u00e0 vi\u1ec7c ph\u1ee7 l\u00ean tr\u00ean s\u1ea3n ph\u1ea9m m\u1ed9t l\u1edbp v\u00e0ng th\u1eadt v\u1edbi m\u1ee5c \u0111\u00edch l\u00e0m cho n\u00f3 tr\u1edf n\u00ean \u0111\u1eb9p v\u00e0 b\u00f3ng b\u1ea9y h\u01a1n.<\/p>\n<p class=\"QN2lPu\">So v\u1edbi vi\u1ec7c mua m\u1ed9t s\u1ea3n ph\u1ea9m v\u00e0ng nguy\u00ean kh\u1ed1i th\u00ec m\u1ea1 v\u00e0ng s\u1ebd r\u1ebb h\u01a1n, th\u00eam v\u00e0o \u0111\u00f3 b\u1ea1n c\u00f2n tho\u1ea3i m\u00e1i \u0111\u1ed5i ki\u1ec3u d\u00e1ng th\u01b0\u1eddng xuy\u00ean m\u00e0 kh\u00f4ng c\u1ea7n qu\u00e1 lo l\u1eafng v\u1ec1 chi ph\u00ed.<\/p>\n<p class=\"QN2lPu\">\n<p class=\"QN2lPu\">Th\u00f4ng th\u01b0\u1eddng, s\u1ea3n ph\u1ea9m m\u1ea1 v\u00e0ng s\u1ebd \u0111\u01b0\u1ee3c ch\u1ebf t\u1ea1o t\u1eeb ch\u1ea5t li\u1ec7u b\u1ea1c cao c\u1ea5p b\u00ean trong, sau \u0111\u00f3 ph\u1ee7 b\u00ean ngo\u00e0i m\u1ed9t l\u1edbp m\u1ea1 v\u00e0ng. V\u1ec1 h\u00ecnh th\u1ee9c, s\u1ea3n ph\u1ea9m m\u1ea1 v\u00e0ng kh\u00f4ng h\u1ec1 thua k\u00e9m so v\u1edbi s\u1ea3n ph\u1ea9m v\u00e0ng nguy\u00ean ch\u1ea5t.<\/p>\n<p class=\"QN2lPu\">\n<p class=\"QN2lPu\">M\u1ed9t s\u1ed1 \u0111i\u1ec3m c\u1ed9ng c\u1ee7a s\u1ea3n ph\u1ea9m m\u1ea1 v\u00e0ng:<\/p>\n<p class=\"QN2lPu\">\u25cf&nbsp;S\u1edf h\u1eefu v\u1ebb ngo\u00e0i \u0111\u1eb9p v\u00e0 s\u00e1ng b\u00f3ng kh\u00f4ng kh\u00e1c g\u00ec v\u00e0ng nguy\u00ean ch\u1ea5t.<\/p>\n<p class=\"QN2lPu\">\u25cf&nbsp;B\u1ec1n m\u00e0u v\u00e0 \u0111\u1eb7c bi\u1ec7t kh\u00f4ng b\u1ecb \u0111en hay g\u1ec9 s\u00e9t nh\u01b0 nh\u1eefng trang s\u1ee9c xi kh\u00e1c.<\/p>\n<p class=\"QN2lPu\">\u25cf&nbsp;An to\u00e0n v\u1edbi l\u00e0n da con ng\u01b0\u1eddi, k\u1ec3 c\u1ea3 nh\u1eefng ng\u01b0\u1eddi c\u00f3 l\u00e0n da nh\u1ea1y c\u1ea3m.<\/p>\n<p class=\"QN2lPu\">\u25cf&nbsp;Gi\u00e1 th\u00e0nh r\u1ebb h\u01a1n nhi\u1ec1u so v\u1edbi m\u1ed9t s\u1ea3n ph\u1ea9m v\u00e0ng nguy\u00ean ch\u1ea5t.<\/p>\n<p class=\"QN2lPu\">\n<p class=\"QN2lPu\">Tuy nhi\u00ean, m\u1ea1 v\u00e0ng b\u1ec1n m\u00e0u su\u1ed1t \u0111\u1eddi l\u00e0 kh\u00f4ng th\u1ec3 v\u00ec suy cho c\u00f9ng n\u00f3 c\u0169ng ch\u1ec9 l\u00e0 m\u1ea1 b\u00ean ngo\u00e0i m\u1ed9t l\u1edbp v\u00e0ng ch\u1ee9 kh\u00f4ng ph\u1ea3i v\u00e0ng nguy\u00ean ch\u1ea5t. Th\u1ebf nh\u01b0ng n\u1ebfu bi\u1ebft c\u00e1ch b\u1ea3o qu\u1ea3n th\u00ec s\u1ea3n ph\u1ea9m m\u1ea1 v\u00e0ng s\u1ebd r\u1ea5t b\u1ec1n m\u00e0u, c\u00f3 th\u1ec3 gi\u1eef \u0111\u01b0\u1ee3c v\u1ebb th\u1ea9m m\u1ef9 trong nhi\u1ec1u n\u0103m. C\u00f3 th\u1ec3 n\u00f3i, s\u1ea3n ph\u1ea9m m\u1ea1 v\u00e0ng b\u1ec1n m\u00e0u hay kh\u00f4ng c\u00f2n ch\u00ednh l\u00e0 do ng\u01b0\u1eddi s\u1eed d\u1ee5ng.<\/p>\n<p class=\"QN2lPu\">\n<p class=\"QN2lPu\">LAVESTA CAM K\u1ebeT<\/p>\n<p class=\"QN2lPu\">&#8211; 100% s\u1ea3n ph\u1ea9m l\u00e0 b\u1ea1c cao c\u1ea5p nguy\u00ean ch\u1ea5t, m\u1ea1 v\u00e0ng 18K &#8211; Kh\u00f4ng \u0111\u00fang \u0110\u1ec0N g\u1ea5p 10 l\u1ea7n gi\u00e1 tr\u1ecb<\/p>\n<p class=\"QN2lPu\">&#8211; Gi\u00e1 b\u00e1n T\u1ed0T NH\u1ea4T &#8211; Ch\u1ea5t l\u01b0\u1ee3ng CAO NH\u1ea4T<\/p>\n<p class=\"QN2lPu\">&#8211; S\u1ea3n ph\u1ea9m \u0111\u01b0\u1ee3c ki\u1ec3m tra c\u1ea9n th\u1eadn, k\u0129 c\u00e0ng tr\u01b0\u1edbc khi \u0111\u01b0\u1ee3c giao cho Qu\u00fd kh\u00e1ch<\/p>\n<p class=\"QN2lPu\">&#8211; Ho\u00e0n ti\u1ec1n n\u1ebfu s\u1ea3n ph\u1ea9m kh\u00f4ng \u0111\u00fang v\u1edbi m\u00f4 t\u1ea3<\/p>\n<p class=\"QN2lPu\">&#8211; Giao h\u00e0ng to\u00e0n qu\u1ed1c, thanh to\u00e1n khi nh\u1eadn h\u00e0ng<\/p>\n<p class=\"QN2lPu\">&#8211; H\u1ed7 tr\u1ee3 \u0111\u1ed5i tr\u1ea3 h\u00e0ng 7 ng\u00e0y theo quy \u0111\u1ecbnh c\u1ee7a Shopee<\/p>\n<p class=\"QN2lPu\">&#8211; B\u1ea3o h\u00e0nh TR\u1eccN \u0110\u1edcI<\/p>\n<p class=\"QN2lPu\">\n<p class=\"QN2lPu\">\u25b6&nbsp;C\u00c1CH B\u1ea2O QU\u1ea2N M\u1ea0 V\u00c0NG B\u1ec0N M\u00c0U V\u00c0 L\u00c2U PHAI<\/p>\n<p class=\"QN2lPu\">\u0110\u1ec3 b\u1ea3o qu\u1ea3n trang s\u1ee9c m\u1ea1 v\u00e0ng n\u00f3i chung, trong qu\u00e1 tr\u00ecnh s\u1eed d\u1ee5ng, ng\u01b0\u1eddi d\u00f9ng c\u1ea7n ch\u00fa \u00fd nh\u1eefng \u0111i\u1ec1u sau:<\/p>\n<p class=\"QN2lPu\">\u25cf&nbsp;H\u1ea1n ch\u1ebf ti\u1ebfp x\u00fac v\u1edbi n\u01b0\u1edbc, c\u00e1c lo\u1ea1i h\u00f3a ch\u1ea5t, mu\u1ed1i bi\u1ec3n v\u00e0 m\u1ed3 h\u00f4i.<\/p>\n<p class=\"QN2lPu\">\u25cf&nbsp;Kh\u00f4ng n\u00ean \u0111eo trang s\u1ee9c khi tham gia c\u00e1c ho\u1ea1t \u0111\u1ed9ng m\u1ea1nh v\u00ec m\u1ed3 h\u00f4i s\u1ebd ti\u1ebft ra v\u00e0 l\u00e0m nhanh phai l\u1edbp m\u1ea1 v\u00e0ng.<\/p>\n<p class=\"QN2lPu\">\u25cf&nbsp;Tr\u00e1nh \u0111\u1ec3 trang s\u1ee9c b\u1ecb c\u1ecd x\u00e1t v\u1edbi nh\u1eefng b\u1ec1 m\u1eb7t kh\u00e1c, nh\u1ea5t l\u00e0 nh\u1eefng \u0111\u1ed3 v\u1eadt c\u00f3 \u0111\u1ed9 c\u1ee9ng cao.<\/p>\n<p class=\"QN2lPu\">\n<p class=\"QN2lPu\">L\u01b0u \u00fd: Do \u0111i\u1ec1u ki\u1ec7n \u00e1nh s\u00e1ng, n\u00ean m\u00e0u s\u1eafc s\u1ea3n ph\u1ea9m c\u00f3 th\u1ec3 ch\u00eanh l\u1ec7ch ko \u0111\u00e1ng k\u1ec3<\/p>\n<p class=\"QN2lPu\">\n<p class=\"QN2lPu\">#tiemtrangsuc #trangsuclavesta  #moissanite #xoanmy #daquyssanite #moissanitegra #bongtaimoissanite #nhanbacmoissanite #lavesta #trangsuclavesta  #daychuyen #vongco #daychuyenbac #lavestasilver #daychuyennu #vongconu #vongconu #nhan #nhannu #nhanbacnu #quatang2010 #quatangbangai #moissanite<\/p>\n<p class=\"QN2lPu\">#baccaocap #mavang #mavang18K<\/p>\n<\/div>\n","protected":false},"excerpt":{"rendered":"<p>D\u00e2y chuy\u1ec1n b\u1ea1c n\u1eef m\u1ea1 v\u00e0ng h\u1ed3ng 18K cao c\u1ea5p LAVESTA LAV039 c\u1ecf 4 l\u00e1 thi\u1ebft k\u1ebf \u0111\u00e1 \u0111en sang ch\u1ea3nh, cu\u1ed1n h\u00fat Larissa Bi\u1ec3u t\u01b0\u1ee3ng c\u1ecf 4 l\u00e1 tr\u1edf th\u00e0nh ngu\u1ed3n c\u1ea3m h\u1ee9ng m\u00e3nh li\u1ec7t cho nhi\u1ec1u nh\u00e0 thi\u1ebft k\u1ebf b\u1edfi v\u00ec \u00fd ngh\u0129a t\u00edch c\u1ef1c m\u00e0 n\u00f3 \u0111em l\u1ea1i cho cu\u1ed9c s\u1ed1ng. M\u1ed7i&#8230;<\/p>\n","protected":false},"featured_media":13892,"comment_status":"open","ping_status":"closed","template":"","meta":[],"product_brand":[],"product_cat":[1210],"product_tag":[],"class_list":{"0":"post-13728","1":"product","2":"type-product","3":"status-publish","4":"has-post-thumbnail","6":"product_cat-day-chuyen","8":"first","9":"instock","10":"sale","11":"shipping-taxable","12":"product-type-simple"},"_links":{"self":[{"href":"https:\/\/web-ban-le.mbws.vn\/phu-kien-trang-suc\/wp-json\/wp\/v2\/product\/13728","targetHints":{"allow":["GET"]}}],"collection":[{"href":"https:\/\/web-ban-le.mbws.vn\/phu-kien-trang-suc\/wp-json\/wp\/v2\/product"}],"about":[{"href":"https:\/\/web-ban-le.mbws.vn\/phu-kien-trang-suc\/wp-json\/wp\/v2\/types\/product"}],"replies":[{"embeddable":true,"href":"https:\/\/web-ban-le.mbws.vn\/phu-kien-trang-suc\/wp-json\/wp\/v2\/comments?post=13728"}],"wp:featuredmedia":[{"embeddable":true,"href":"https:\/\/web-ban-le.mbws.vn\/phu-kien-trang-suc\/wp-json\/wp\/v2\/media\/13892"}],"wp:attachment":[{"href":"https:\/\/web-ban-le.mbws.vn\/phu-kien-trang-suc\/wp-json\/wp\/v2\/media?parent=13728"}],"wp:term":[{"taxonomy":"product_brand","embeddable":true,"href":"https:\/\/web-ban-le.mbws.vn\/phu-kien-trang-suc\/wp-json\/wp\/v2\/product_brand?post=13728"},{"taxonomy":"product_cat","embeddable":true,"href":"https:\/\/web-ban-le.mbws.vn\/phu-kien-trang-suc\/wp-json\/wp\/v2\/product_cat?post=13728"},{"taxonomy":"product_tag","embeddable":true,"href":"https:\/\/web-ban-le.mbws.vn\/phu-kien-trang-suc\/wp-json\/wp\/v2\/product_tag?post=13728"}],"curies":[{"name":"wp","href":"https:\/\/api.w.org\/{rel}","templated":true}]}}