{"id":13993,"date":"2025-10-23T11:43:09","date_gmt":"2025-10-23T04:43:09","guid":{"rendered":"https:\/\/web-ban-le.mbws.vn\/phu-kien-trang-suc\/?post_type=product&#038;p=13993"},"modified":"2025-10-23T11:45:04","modified_gmt":"2025-10-23T04:45:04","slug":"day-chuyen-bac-nu-ma-vang-hong-18k-va-ma-bach-kim-lavesta-lav064-lucy-mat-tron-long-nhau-dinh-da-lap-lanh-sang-chanh","status":"publish","type":"product","link":"https:\/\/web-ban-le.mbws.vn\/phu-kien-trang-suc\/san-pham\/day-chuyen-bac-nu-ma-vang-hong-18k-va-ma-bach-kim-lavesta-lav064-lucy-mat-tron-long-nhau-dinh-da-lap-lanh-sang-chanh\/","title":{"rendered":"D\u00e2y chuy\u1ec1n b\u1ea1c n\u1eef m\u1ea1 v\u00e0ng h\u1ed3ng 18K v\u00e0 m\u1ea1 b\u1ea1ch kim LAVESTA LAV064 Lucy m\u1eb7t tr\u00f2n l\u1ed3ng nhau \u0111\u00ednh \u0111\u00e1 l\u1ea5p l\u00e1nh, sang ch\u1ea3nh"},"content":{"rendered":"<div class=\"e8lZp3\">\n<p class=\"QN2lPu\">D\u00e2y chuy\u1ec1n b\u1ea1c n\u1eef m\u1ea1 v\u00e0ng h\u1ed3ng 18K v\u00e0 m\u1ea1 b\u1ea1ch kim LAVESTA LAV064 Lucy m\u1eb7t tr\u00f2n l\u1ed3ng nhau \u0111\u00ednh \u0111\u00e1 l\u1ea5p l\u00e1nh, sang ch\u1ea3nh<\/p>\n<p class=\"QN2lPu\">L\u00e0 bi\u1ec3u t\u01b0\u1ee3ng c\u1ee7a s\u1ef1 k\u1ebft n\u1ed1i v\u00e0 h\u00e0n g\u1eafn y\u00eau th\u01b0\u01a1ng. N\u00f3 t\u01b0\u1ee3ng tr\u01b0ng cho m\u1ed9t l\u1eddi nh\u1eafc nh\u1edf v\u1ec1 s\u1ef1 ki\u00ean c\u01b0\u1eddng v\u00e0 b\u1ea3o t\u1ed3n \u01b0\u1edbc v\u1ecdng \u0111am m\u00ea tr\u01b0\u1edbc sau nh\u01b0 m\u1ed9t c\u1ee7a m\u1ed7i t\u00e2m h\u1ed3n v\u00e0 h\u01a1n h\u1ebft l\u00e0 c\u1ea7u n\u1ed1i c\u1ee7a hai t\u00e2m h\u1ed3n y\u00eau<\/p>\n<p class=\"QN2lPu\">&#8220;T\u00ecnh y\u00eau kh\u00f4ng ph\u1ea3i l\u00e0 s\u1ef1 ti\u1ebfp x\u00fac \u0111\u01a1n gi\u1ea3n m\u00e0 l\u00e0 s\u1ef1 ti\u1ebfp x\u00fac v\u0129nh c\u1eedu&#8221;<\/p>\n<div class=\"QN2lPu\">\n<div style=\"position: relative; width: 100%; padding-bottom: 100%;\"><picture class=\"UkIsx8\"><source srcset=\"https:\/\/down-vn.img.susercontent.com\/file\/vn-11134208-7r98o-lv4dpvbom1a1fa@resize_w875_nl.webp 1x, https:\/\/down-vn.img.susercontent.com\/file\/vn-11134208-7r98o-lv4dpvbom1a1fa@resize_w1750_nl.webp 2x\" type=\"image\/webp\" class=\"UkIsx8\"><img decoding=\"async\" width=\"875\" loading=\"lazy\" class=\"uXN1L5 lazyload GqYslU\" srcset=\"https:\/\/down-vn.img.susercontent.com\/file\/vn-11134208-7r98o-lv4dpvbom1a1fa@resize_w875_nl 1x, https:\/\/down-vn.img.susercontent.com\/file\/vn-11134208-7r98o-lv4dpvbom1a1fa@resize_w1750_nl 2x\" src=\"https:\/\/down-vn.img.susercontent.com\/file\/vn-11134208-7r98o-lv4dpvbom1a1fa\" height=\"875\"><\/picture><\/div>\n<\/div>\n<div class=\"QN2lPu\">\n<div style=\"position: relative; width: 100%; padding-bottom: 100%;\"><picture class=\"UkIsx8\"><source srcset=\"https:\/\/down-vn.img.susercontent.com\/file\/vn-11134208-7ra0g-maf9l2gb3ge9dd@resize_w875_nl.webp 1x, https:\/\/down-vn.img.susercontent.com\/file\/vn-11134208-7ra0g-maf9l2gb3ge9dd@resize_w1750_nl.webp 2x\" type=\"image\/webp\" class=\"UkIsx8\"><img decoding=\"async\" width=\"875\" loading=\"lazy\" class=\"uXN1L5 lazyload GqYslU\" srcset=\"https:\/\/down-vn.img.susercontent.com\/file\/vn-11134208-7ra0g-maf9l2gb3ge9dd@resize_w875_nl 1x, https:\/\/down-vn.img.susercontent.com\/file\/vn-11134208-7ra0g-maf9l2gb3ge9dd@resize_w1750_nl 2x\" src=\"https:\/\/down-vn.img.susercontent.com\/file\/vn-11134208-7ra0g-maf9l2gb3ge9dd\" height=\"875\"><\/picture><\/div>\n<\/div>\n<div class=\"QN2lPu\">\n<div style=\"position: relative; width: 100%; padding-bottom: 100%;\"><picture class=\"UkIsx8\"><source srcset=\"https:\/\/down-vn.img.susercontent.com\/file\/vn-11134208-7r98o-lsxnkn7hy9ax35@resize_w875_nl.webp 1x, https:\/\/down-vn.img.susercontent.com\/file\/vn-11134208-7r98o-lsxnkn7hy9ax35@resize_w1750_nl.webp 2x\" type=\"image\/webp\" class=\"UkIsx8\"><img decoding=\"async\" width=\"875\" loading=\"lazy\" class=\"uXN1L5 lazyload GqYslU\" srcset=\"https:\/\/down-vn.img.susercontent.com\/file\/vn-11134208-7r98o-lsxnkn7hy9ax35@resize_w875_nl 1x, https:\/\/down-vn.img.susercontent.com\/file\/vn-11134208-7r98o-lsxnkn7hy9ax35@resize_w1750_nl 2x\" src=\"https:\/\/down-vn.img.susercontent.com\/file\/vn-11134208-7r98o-lsxnkn7hy9ax35\" height=\"875\"><\/picture><\/div>\n<\/div>\n<p class=\"QN2lPu\">TH\u00d4NG TIN S\u1ea2N PH\u1ea8M<\/p>\n<p class=\"QN2lPu\">&#8211; Xu\u1ea5t x\u1ee9 d\u00e2y chuy\u1ec1n b\u1ea1c n\u1eef: Vi\u1ec7t Nam<\/p>\n<p class=\"QN2lPu\">&#8211; Ch\u1ea5t li\u1ec7u v\u00f2ng c\u1ed5: B\u1ea1c cao c\u1ea5p, m\u1ea1 v\u00e0ng h\u1ed3ng 18K v\u00e0 m\u1ea1 b\u1ea1ch kim &#8211; B\u1ea3o h\u00e0nh \u0111\u00e1nh s\u00e1ng tr\u1ecdn \u0111\u1eddi<\/p>\n<p class=\"QN2lPu\">&#8211; \u0110\u00e1 CZ cao c\u1ea5p r\u1ea5t th\u00edch h\u1ee3p \u0111\u1ec3 l\u00e0m qu\u00e0 t\u1eb7ng <\/p>\n<p class=\"QN2lPu\">\n<p class=\"QN2lPu\">Th\u1ef1c ch\u1ea5t, b\u1ea3n th\u00e2n b\u1ea1c 925 v\u1edbi 92,5% b\u1ea1c nguy\u00ean ch\u1ea5t s\u1ebd c\u00f3 m\u00e0u tr\u1eafng m\u1edd, kh\u00f4ng s\u00e1ng l\u1ea5p l\u00e1nh n\u1ed5i tr\u1ed9i nh\u01b0 ta th\u01b0\u1eddng th\u1ea5y. \u0110\u1ec3 t\u0103ng t\u00ednh th\u1ea9m m\u1ef9 v\u00e0 s\u1ee9c h\u1ea5p d\u1eabn cho trang s\u1ee9c b\u1ea1c 925, c\u00e1c nh\u00e0 s\u1ea3n xu\u1ea5t s\u1ebd ph\u1ee7 th\u00eam m\u1ed9t l\u1edbp xi m\u1ea1 b\u1eb1ng kim lo\u1ea1i qu\u00fd b\u00ean ngo\u00e0i. L\u1edbp xi m\u1ea1 \u0111\u00f3 c\u00f3 th\u1ec3 l\u00e0 v\u00e0ng, v\u00e0ng tr\u1eafng, b\u1ea1ch kim ho\u1eb7c v\u00e0ng h\u1ed3ng, t\u1ea1o n\u00ean nhi\u1ec1u l\u1ef1a ch\u1ecdn v\u1ec1 m\u00e0u s\u1eafc cho ng\u01b0\u1eddi \u0111eo.<\/p>\n<p class=\"QN2lPu\">\n<p class=\"QN2lPu\">&#8211; M\u1ea1 v\u00e0ng 18K l\u00e0 vi\u1ec7c s\u1eed s\u1ee5ng dung d\u1ecbch v\u00e0ng 18K. \u0110\u00e2y&nbsp;l\u00e0 lo\u1ea1i v\u00e0ng c\u00f3 h\u00e0m l\u01b0\u1ee3ng v\u00e0ng nguy\u00ean ch\u1ea5t chi\u1ebfm 75%. V\u00e0ng 18K th\u01b0\u1eddng \u0111\u01b0\u1ee3c g\u1ecdi l\u00e0 lo\u1ea1i v\u00e0ng 7 tu\u1ed5i r\u01b0\u1ee1i. Trong h\u00e0m l\u01b0\u1ee3ng v\u00e0ng 18K th\u01b0\u1eddng s\u1ebd c\u00f3 75% v\u00e0ng v\u00e0 25% kim lo\u1ea1i qu\u00fd kh\u00e1c. C\u00e1c kim lo\u1ea1i n\u00e0y s\u1ebd c\u00f3 t\u00e1c d\u1ee5ng l\u00e0m gi\u1ea3m m\u00e0u v\u00e0ng v\u00e0 \u0111\u1ea9y \u0111\u1ed9 s\u00e1ng b\u00f3ng v\u00e0 t\u0103ng \u0111\u1ed9 c\u1ee9ng cho s\u1ea3n ph\u1ea9m<\/p>\n<p class=\"QN2lPu\">\n<p class=\"QN2lPu\">&#8211; B\u1ea1ch kim&nbsp;l\u00e0 m\u1ed9t trong nh\u1eefng kim lo\u1ea1i qu\u00fd gi\u00e1 nh\u1ea5t tr\u00ean th\u1ebf gi\u1edbi,&nbsp;c\u00f3 gi\u00e1 cao g\u1ea5p kho\u1ea3ng t\u1eeb 1,7 \u0111\u1ebfn 2 l\u1ea7n v\u00e0ng 9999. V\u00e0 n\u1ebfu trang s\u1ee9c b\u1ea1ch kim l\u00e0m t\u00fai ti\u1ec1n c\u1ee7a b\u1ea1n b\u1ecb hao \u0111i \u0111\u00e1ng k\u1ec3, b\u1ea1n c\u00f3 th\u1ec3 s\u1eed d\u1ee5ng trang s\u1ee9c m\u1ea1 b\u1ea1ch kim. Nh\u00ecn b\u1eb1ng m\u1eaft th\u01b0\u1eddng, b\u1ea1n s\u1ebd r\u1ea5t kh\u00f3 \u0111\u1ec3 ph\u00e2n bi\u1ec7t \u0111\u01b0\u1ee3c \u0111\u00e2u l\u00e0 b\u1ea1ch kim nguy\u00ean ch\u1ea5t, \u0111\u00e2u l\u00e0&nbsp;trang s\u1ee9c xi b\u1ea1ch kim. V\u1ebb \u0111\u1eb9p c\u1ee7a trang s\u1ee9c b\u1ea1c xi b\u1ea1ch kim c\u0169ng l\u00e0 m\u1ed9t l\u1ef1a ch\u1ecdn tuy\u1ec7t v\u1eddi \u0111\u1ec3 th\u1ec3 hi\u1ec7n s\u1ef1 gi\u00e0u c\u00f3, cao qu\u00fd c\u1ee7a ng\u01b0\u1eddi s\u1edf h\u1eefu.<\/p>\n<p class=\"QN2lPu\">\n<p class=\"QN2lPu\">M\u1ed9t s\u1ed1 \u0111i\u1ec3m c\u1ed9ng c\u1ee7a s\u1ea3n ph\u1ea9m m\u1ea1 v\u00e0ng v\u00e0 m\u1ea1 b\u1ea1ch kim:<\/p>\n<p class=\"QN2lPu\">\u25cf&nbsp;S\u1edf h\u1eefu v\u1ebb ngo\u00e0i \u0111\u1eb9p v\u00e0 s\u00e1ng b\u00f3ng<\/p>\n<p class=\"QN2lPu\">\u25cf&nbsp;B\u1ec1n m\u00e0u v\u00e0 \u0111\u1eb7c bi\u1ec7t kh\u00f4ng b\u1ecb \u0111en hay g\u1ec9 s\u00e9t nh\u01b0 nh\u1eefng trang s\u1ee9c xi kh\u00e1c.<\/p>\n<p class=\"QN2lPu\">\u25cf&nbsp;An to\u00e0n v\u1edbi l\u00e0n da con ng\u01b0\u1eddi, k\u1ec3 c\u1ea3 nh\u1eefng ng\u01b0\u1eddi c\u00f3 l\u00e0n da nh\u1ea1y c\u1ea3m.<\/p>\n<p class=\"QN2lPu\">\u25cf&nbsp;Gi\u00e1 th\u00e0nh r\u1ebb h\u01a1n nhi\u1ec1u so v\u1edbi m\u1ed9t s\u1ea3n ph\u1ea9m v\u00e0ng hay b\u1ea1ch kim nguy\u00ean ch\u1ea5t.<\/p>\n<p class=\"QN2lPu\">\n<p class=\"QN2lPu\">Tuy nhi\u00ean, m\u1ea1 v\u00e0ng hay m\u1ea1 b\u1ea1ch kim b\u1ec1n m\u00e0u su\u1ed1t \u0111\u1eddi l\u00e0 kh\u00f4ng th\u1ec3 v\u00ec suy cho c\u00f9ng n\u00f3 c\u0169ng ch\u1ec9 l\u00e0 m\u1ea1 b\u00ean ngo\u00e0i ch\u1ee9 kh\u00f4ng ph\u1ea3i v\u00e0ng hay b\u1ea1ch kim nguy\u00ean ch\u1ea5t. Th\u1ebf nh\u01b0ng n\u1ebfu bi\u1ebft c\u00e1ch b\u1ea3o qu\u1ea3n th\u00ec s\u1ea3n ph\u1ea9m m\u1ea1 v\u00e0ng hay b\u1ea1ch kim s\u1ebd r\u1ea5t b\u1ec1n m\u00e0u, c\u00f3 th\u1ec3 gi\u1eef \u0111\u01b0\u1ee3c v\u1ebb th\u1ea9m m\u1ef9 trong nhi\u1ec1u n\u0103m. C\u00f3 th\u1ec3 n\u00f3i, s\u1ea3n ph\u1ea9m m\u1ea1 v\u00e0ng hay m\u1ea1 b\u1ea1ch kim b\u1ec1n m\u00e0u hay kh\u00f4ng c\u00f2n ch\u00ednh l\u00e0 do ng\u01b0\u1eddi s\u1eed d\u1ee5ng.<\/p>\n<p class=\"QN2lPu\">\n<p class=\"QN2lPu\">LAVESTA CAM K\u1ebeT<\/p>\n<p class=\"QN2lPu\">&#8211; 100% s\u1ea3n ph\u1ea9m d\u00e2y chuy\u1ec1n l\u00e0 b\u1ea1c nguy\u00ean ch\u1ea5t &#8211; Kh\u00f4ng \u0111\u00fang \u0110\u1ec0N g\u1ea5p 10 l\u1ea7n gi\u00e1 tr\u1ecb<\/p>\n<p class=\"QN2lPu\">&#8211; Gi\u00e1 b\u00e1n T\u1ed0T NH\u1ea4T &#8211; Ch\u1ea5t l\u01b0\u1ee3ng CAO NH\u1ea4T<\/p>\n<p class=\"QN2lPu\">&#8211; S\u1ea3n ph\u1ea9m \u0111\u01b0\u1ee3c ki\u1ec3m tra c\u1ea9n th\u1eadn, k\u0129 c\u00e0ng tr\u01b0\u1edbc khi \u0111\u01b0\u1ee3c giao cho Qu\u00fd kh\u00e1ch<\/p>\n<p class=\"QN2lPu\">&#8211; Ho\u00e0n ti\u1ec1n n\u1ebfu s\u1ea3n ph\u1ea9m kh\u00f4ng \u0111\u00fang v\u1edbi m\u00f4 t\u1ea3<\/p>\n<p class=\"QN2lPu\">&#8211; Giao h\u00e0ng to\u00e0n qu\u1ed1c, thanh to\u00e1n khi nh\u1eadn h\u00e0ng<\/p>\n<p class=\"QN2lPu\">&#8211; H\u1ed7 tr\u1ee3 \u0111\u1ed5i tr\u1ea3 h\u00e0ng 7 ng\u00e0y theo quy \u0111\u1ecbnh c\u1ee7a Shopee<\/p>\n<p class=\"QN2lPu\">&#8211; B\u1ea3o h\u00e0nh TR\u1eccN \u0110\u1edcI<\/p>\n<p class=\"QN2lPu\">\n<p class=\"QN2lPu\">Ngo\u00e0i ra, LAVESTA xin chia s\u1ebb m\u1ed9t s\u1ed1 tips h\u1eefu d\u1ee5ng \u0111\u1ec3 l\u00e0m s\u00e1ng trang s\u1ee9c b\u1ea1c t\u1ea1i nh\u00e0:<\/p>\n<p class=\"QN2lPu\">&#8211; Ch\u00e0 nh\u1eb9 kem \u0111\u00e1nh r\u0103ng, n\u01b0\u1edbc r\u1eeda b\u00e1t ho\u1eb7c n\u01b0\u1edbc chanh l\u00ean s\u1ea3n ph\u1ea9m b\u1ea1c, sau \u0111\u00f3 r\u1eeda s\u1ea1ch b\u1eb1ng n\u01b0\u1edbc \u1ea5m r\u1ed3i lau kh\u00f4<\/p>\n<p class=\"QN2lPu\">&#8211; D\u00f9ng kh\u0103n lau b\u1ea1c chuy\u00ean d\u1ee5ng lau nh\u1eb9 nh\u00e0ng b\u1ec1 m\u1eb7t trang s\u1ee9c m\u1ed7i ng\u00e0y<\/p>\n<p class=\"QN2lPu\">\n<p class=\"QN2lPu\">L\u01b0u \u00fd: Do \u0111i\u1ec1u ki\u1ec7n \u00e1nh s\u00e1ng, n\u00ean m\u00e0u s\u1eafc s\u1ea3n ph\u1ea9m c\u00f3 th\u1ec3 ch\u00eanh l\u1ec7ch ko \u0111\u00e1ng k\u1ec3<\/p>\n<p class=\"QN2lPu\">\n<p class=\"QN2lPu\">#trangsuclavesta #bacxibachkim #vongco #daychuyenbac #lavestasilver #lavesta_silver #daychuyennu #vongconu #daychuyensangtrong #vongcotinhte #daychuyennu #vongconu #nhan #nhannu #nhanbacnu #quatang2010 #quatangbangai <\/p>\n<\/div>\n","protected":false},"excerpt":{"rendered":"<p>D\u00e2y chuy\u1ec1n b\u1ea1c n\u1eef m\u1ea1 v\u00e0ng h\u1ed3ng 18K v\u00e0 m\u1ea1 b\u1ea1ch kim LAVESTA LAV064 Lucy m\u1eb7t tr\u00f2n l\u1ed3ng nhau \u0111\u00ednh \u0111\u00e1 l\u1ea5p l\u00e1nh, sang ch\u1ea3nh L\u00e0 bi\u1ec3u t\u01b0\u1ee3ng c\u1ee7a s\u1ef1 k\u1ebft n\u1ed1i v\u00e0 h\u00e0n g\u1eafn y\u00eau th\u01b0\u01a1ng. N\u00f3 t\u01b0\u1ee3ng tr\u01b0ng cho m\u1ed9t l\u1eddi nh\u1eafc nh\u1edf v\u1ec1 s\u1ef1 ki\u00ean c\u01b0\u1eddng v\u00e0 b\u1ea3o t\u1ed3n \u01b0\u1edbc v\u1ecdng \u0111am&#8230;<\/p>\n","protected":false},"featured_media":14107,"comment_status":"open","ping_status":"closed","template":"","meta":[],"product_brand":[],"product_cat":[1210],"product_tag":[],"class_list":{"0":"post-13993","1":"product","2":"type-product","3":"status-publish","4":"has-post-thumbnail","6":"product_cat-day-chuyen","8":"first","9":"instock","10":"sale","11":"shipping-taxable","12":"product-type-variable"},"_links":{"self":[{"href":"https:\/\/web-ban-le.mbws.vn\/phu-kien-trang-suc\/wp-json\/wp\/v2\/product\/13993","targetHints":{"allow":["GET"]}}],"collection":[{"href":"https:\/\/web-ban-le.mbws.vn\/phu-kien-trang-suc\/wp-json\/wp\/v2\/product"}],"about":[{"href":"https:\/\/web-ban-le.mbws.vn\/phu-kien-trang-suc\/wp-json\/wp\/v2\/types\/product"}],"replies":[{"embeddable":true,"href":"https:\/\/web-ban-le.mbws.vn\/phu-kien-trang-suc\/wp-json\/wp\/v2\/comments?post=13993"}],"wp:featuredmedia":[{"embeddable":true,"href":"https:\/\/web-ban-le.mbws.vn\/phu-kien-trang-suc\/wp-json\/wp\/v2\/media\/14107"}],"wp:attachment":[{"href":"https:\/\/web-ban-le.mbws.vn\/phu-kien-trang-suc\/wp-json\/wp\/v2\/media?parent=13993"}],"wp:term":[{"taxonomy":"product_brand","embeddable":true,"href":"https:\/\/web-ban-le.mbws.vn\/phu-kien-trang-suc\/wp-json\/wp\/v2\/product_brand?post=13993"},{"taxonomy":"product_cat","embeddable":true,"href":"https:\/\/web-ban-le.mbws.vn\/phu-kien-trang-suc\/wp-json\/wp\/v2\/product_cat?post=13993"},{"taxonomy":"product_tag","embeddable":true,"href":"https:\/\/web-ban-le.mbws.vn\/phu-kien-trang-suc\/wp-json\/wp\/v2\/product_tag?post=13993"}],"curies":[{"name":"wp","href":"https:\/\/api.w.org\/{rel}","templated":true}]}}