{"id":14049,"date":"2025-10-23T11:43:53","date_gmt":"2025-10-23T04:43:53","guid":{"rendered":"https:\/\/web-ban-le.mbws.vn\/phu-kien-trang-suc\/?post_type=product&#038;p=14049"},"modified":"2025-10-23T11:45:04","modified_gmt":"2025-10-23T04:45:04","slug":"tui-dung-trang-suc-da-chuc-nang-tien-loi-cao-cap-da-pu-lavesta","status":"publish","type":"product","link":"https:\/\/web-ban-le.mbws.vn\/phu-kien-trang-suc\/san-pham\/tui-dung-trang-suc-da-chuc-nang-tien-loi-cao-cap-da-pu-lavesta\/","title":{"rendered":"T\u00fai \u0111\u1ef1ng trang s\u1ee9c \u0111a ch\u1ee9c n\u0103ng ti\u1ec7n l\u1ee3i cao c\u1ea5p da PU LAVESTA"},"content":{"rendered":"<div class=\"e8lZp3\">\n<p class=\"QN2lPu\">T\u00fai \u0111\u1ef1ng trang s\u1ee9c \u0111a ch\u1ee9c n\u0103ng ti\u1ec7n l\u1ee3i cao c\u1ea5p da PU LAVESTA<\/p>\n<p class=\"QN2lPu\">\n<p class=\"QN2lPu\">\u27a4 Th\u00f4ng tin S\u1ea3n Ph\u1ea9m<\/p>\n<p class=\"QN2lPu\">&#8211; Ch\u1ea5t li\u1ec7u: da PU<\/p>\n<p class=\"QN2lPu\">&#8211; M\u00e0u s\u1eafc: Ng\u00e0 kem<\/p>\n<p class=\"QN2lPu\">&#8211; K\u00edch th\u01b0\u1edbc: 6.5cm * 6.8cm<\/p>\n<p class=\"QN2lPu\">&#8211; Tr\u1ecdng l\u01b0\u1ee3ng: kho\u1ea3ng 10gr<\/p>\n<p class=\"QN2lPu\">\n<p class=\"QN2lPu\">Th\u00f4ng tin chi ti\u1ebft:<\/p>\n<p class=\"QN2lPu\">&#8211; Ch\u1ea5t li\u1ec7u PU: B\u00ean ngo\u00e0i \u0111\u01b0\u1ee3c l\u00e0m b\u1eb1ng da PU, ch\u1ed1ng \u1ea9m v\u00e0 ch\u1ed1ng m\u00e0i m\u00f2n.<\/p>\n<p class=\"QN2lPu\">&#8211; M\u1ee5c \u0111\u00edch: B\u1ea3o v\u1ec7 t\u1ed1t \u0111\u1ed3 trang s\u1ee9c v\u00e0 ng\u0103n c\u00e1c v\u1eadt c\u00f3 gi\u00e1 tr\u1ecb nh\u1ecf c\u1ee7a b\u1ea1n kh\u00f4ng b\u1ecb tr\u1ea7y x\u01b0\u1edbc ho\u1eb7c m\u1ea5t m\u00e1t khi ch\u1ea1m v\u00e0o v\u00e0 b\u1ea3o v\u1ec7 trang s\u1ee9c kh\u00f4ng b\u1ecb m\u00e0i m\u00f2n.<\/p>\n<p class=\"QN2lPu\">Ngo\u00e0i ra, t\u00fai kh\u00f4ng ch\u1ec9 c\u00f3 th\u1ec3 \u0111\u01b0\u1ee3c s\u1eed d\u1ee5ng nh\u01b0 m\u1ed9t t\u00fai l\u01b0u tr\u1eef \u0111\u1ed3 trang s\u1ee9c du l\u1ecbch m\u00e0 c\u00f2n c\u00f3 th\u1ec3 l\u00e0m t\u00fai l\u01b0u tr\u1eef cho danh thi\u1ebfp, son m\u00f4i ho\u1eb7c bao b\u00ec.<\/p>\n<p class=\"QN2lPu\">&#8211; \u0110\u1eb7c \u0111i\u1ec3m: T\u00fai l\u01b0u tr\u1eef v\u1edbi k\u00edch th\u01b0\u1edbc 6.5cm * 6.8cm ki\u1ec3u n\u00fat b\u1ea5m, th\u1eddi trang v\u00e0 d\u1ec5 s\u1eed d\u1ee5ng. C\u00f3 th\u1ec3 l\u01b0u tr\u1eef c\u00e1c ph\u1ee5 ki\u1ec7n kh\u00e1c nhau nh\u01b0: d\u00e2y chuy\u1ec1n, b\u00f4ng tai, nh\u1eabn, l\u1eafc tay, l\u1eafc ch\u00e2n,&#8230;.<\/p>\n<p class=\"QN2lPu\">&#8211; Quy c\u00e1ch: Nh\u1ecf v\u00e0 d\u1ec5 b\u1ea3o qu\u1ea3n v\u00e0 mang theo \u0111\u1ec3 \u0111\u00e1p \u1ee9ng nhu c\u1ea7u h\u00e0ng ng\u00e0y.<\/p>\n<p class=\"QN2lPu\">&#8211; Xu\u1ea5t x\u1ee9: Vi\u1ec7t Nam.<\/p>\n<p class=\"QN2lPu\">&#8211; B\u1ea3o h\u00e0nh: 7 ng\u00e0y k\u1ec3 t\u1eeb ng\u00e0y nh\u1eadn h\u00e0ng.<\/p>\n<p class=\"QN2lPu\">\n<p class=\"QN2lPu\">\u27a4Ch\u01b0\u01a1ng tr\u00ecnh h\u1ed7 tr\u1ee3 V\u1eadn Chuy\u1ec3n<\/p>\n<p class=\"QN2lPu\">Shop c\u00f3 ch\u01b0\u01a1ng tr\u00ecnh FREESHIP EXTRA, khi \u0111\u1eb7t h\u00e0ng qu\u00fd kh\u00e1ch n\u00ean \u00c1P M\u00c3 MI\u1ec4N PH\u00cd V\u1eacN CHUY\u1ec2N \u0111\u1ec3 \u0111\u01b0\u1ee3c \u01b0u \u0111\u00e3i gi\u1ea3m ho\u1eb7c mi\u1ec5n ph\u00ed v\u1eadn chuy\u1ec3n:<\/p>\n<p class=\"QN2lPu\">&#8211; Gi\u1ea3m 15k ph\u00ed v\u1eadn chuy\u1ec3n \u0111\u1ed1i v\u1edbi \u0111\u01a1n tr\u00ean 50k<\/p>\n<p class=\"QN2lPu\">&#8211; Gi\u1ea3m \u0111\u1ebfn 70k ph\u00ed v\u1eadn chuy\u1ec3n cho c\u00e1c \u0111\u01a1n h\u00e0ng t\u1eeb 300k<\/p>\n<p class=\"QN2lPu\">\n<p class=\"QN2lPu\">\u27a4 Trang s\u1ee9c LAVESTA cam k\u1ebft<\/p>\n<p class=\"QN2lPu\">&#8211; S\u1ea3n ph\u1ea9m: T\u00fai \u0111\u1ef1ng trang s\u1ee9c cao c\u1ea5p da PU LAVESTA 100% gi\u1ed1ng m\u00f4 t\u1ea3.<\/p>\n<p class=\"QN2lPu\">&#8211; \u0110\u1ea3m b\u1ea3o ch\u1ea5t l\u01b0\u1ee3ng v\u00e0 ch\u1ea5t li\u1ec7u 100%<\/p>\n<p class=\"QN2lPu\">&#8211; S\u1ea3n ph\u1ea9m \u0111\u01b0\u1ee3c ki\u1ec3m tra c\u1ea9n th\u1eadn, k\u0129 c\u00e0ng tr\u01b0\u1edbc khi \u0111\u01b0\u1ee3c giao cho Qu\u00fd kh\u00e1ch<\/p>\n<p class=\"QN2lPu\">&#8211; H\u00e0ng c\u00f3 s\u1eb5n, giao ngay sau khi nh\u1eadn \u0111\u01a1n<\/p>\n<p class=\"QN2lPu\">&#8211; Ho\u00e0n ti\u1ec1n n\u1ebfu s\u1ea3n ph\u1ea9m kh\u00f4ng \u0111\u00fang v\u1edbi m\u00f4 t\u1ea3<\/p>\n<p class=\"QN2lPu\">&#8211; Giao h\u00e0ng to\u00e0n qu\u1ed1c, thanh to\u00e1n khi nh\u1eadn h\u00e0ng<\/p>\n<p class=\"QN2lPu\">&#8211; H\u1ed7 tr\u1ee3 \u0111\u1ed5i tr\u1ea3 theo quy \u0111\u1ecbnh c\u1ee7a Shopee<\/p>\n<p class=\"QN2lPu\">\n<p class=\"QN2lPu\">L\u01b0u \u00fd: Do \u0111i\u1ec1u ki\u1ec7n \u00e1nh s\u00e1ng, n\u00ean m\u00e0u s\u1eafc s\u1ea3n ph\u1ea9m c\u00f3 th\u1ec3 ch\u00eanh l\u1ec7ch ko \u0111\u00e1ng k\u1ec3<\/p>\n<p class=\"QN2lPu\">\n<p class=\"QN2lPu\">#trangsuclavesta #tuidungtrangsuc #hopdungqua #phukien #thoitrang <\/p>\n<\/div>\n","protected":false},"excerpt":{"rendered":"<p>T\u00fai \u0111\u1ef1ng trang s\u1ee9c \u0111a ch\u1ee9c n\u0103ng ti\u1ec7n l\u1ee3i cao c\u1ea5p da PU LAVESTA \u27a4 Th\u00f4ng tin S\u1ea3n Ph\u1ea9m &#8211; Ch\u1ea5t li\u1ec7u: da PU &#8211; M\u00e0u s\u1eafc: Ng\u00e0 kem &#8211; K\u00edch th\u01b0\u1edbc: 6.5cm * 6.8cm &#8211; Tr\u1ecdng l\u01b0\u1ee3ng: kho\u1ea3ng 10gr Th\u00f4ng tin chi ti\u1ebft: &#8211; Ch\u1ea5t li\u1ec7u PU: B\u00ean ngo\u00e0i \u0111\u01b0\u1ee3c l\u00e0m b\u1eb1ng da PU,&#8230;<\/p>\n","protected":false},"featured_media":14141,"comment_status":"open","ping_status":"closed","template":"","meta":[],"product_brand":[],"product_cat":[1215],"product_tag":[],"class_list":{"0":"post-14049","1":"product","2":"type-product","3":"status-publish","4":"has-post-thumbnail","6":"product_cat-dung-cu-sap-xep","8":"first","9":"instock","10":"sale","11":"shipping-taxable","12":"product-type-simple"},"_links":{"self":[{"href":"https:\/\/web-ban-le.mbws.vn\/phu-kien-trang-suc\/wp-json\/wp\/v2\/product\/14049","targetHints":{"allow":["GET"]}}],"collection":[{"href":"https:\/\/web-ban-le.mbws.vn\/phu-kien-trang-suc\/wp-json\/wp\/v2\/product"}],"about":[{"href":"https:\/\/web-ban-le.mbws.vn\/phu-kien-trang-suc\/wp-json\/wp\/v2\/types\/product"}],"replies":[{"embeddable":true,"href":"https:\/\/web-ban-le.mbws.vn\/phu-kien-trang-suc\/wp-json\/wp\/v2\/comments?post=14049"}],"wp:featuredmedia":[{"embeddable":true,"href":"https:\/\/web-ban-le.mbws.vn\/phu-kien-trang-suc\/wp-json\/wp\/v2\/media\/14141"}],"wp:attachment":[{"href":"https:\/\/web-ban-le.mbws.vn\/phu-kien-trang-suc\/wp-json\/wp\/v2\/media?parent=14049"}],"wp:term":[{"taxonomy":"product_brand","embeddable":true,"href":"https:\/\/web-ban-le.mbws.vn\/phu-kien-trang-suc\/wp-json\/wp\/v2\/product_brand?post=14049"},{"taxonomy":"product_cat","embeddable":true,"href":"https:\/\/web-ban-le.mbws.vn\/phu-kien-trang-suc\/wp-json\/wp\/v2\/product_cat?post=14049"},{"taxonomy":"product_tag","embeddable":true,"href":"https:\/\/web-ban-le.mbws.vn\/phu-kien-trang-suc\/wp-json\/wp\/v2\/product_tag?post=14049"}],"curies":[{"name":"wp","href":"https:\/\/api.w.org\/{rel}","templated":true}]}}