{"id":14149,"date":"2025-10-23T11:45:05","date_gmt":"2025-10-23T04:45:05","guid":{"rendered":"https:\/\/web-ban-le.mbws.vn\/phu-kien-trang-suc\/?post_type=product&#038;p=14149"},"modified":"2025-10-23T11:45:59","modified_gmt":"2025-10-23T04:45:59","slug":"nhan-doi-nam-nu-bac-xi-bach-kim-da-moissanite-kiem-dinh-gra-lavesta-kc95-touch-ones-heart","status":"publish","type":"product","link":"https:\/\/web-ban-le.mbws.vn\/phu-kien-trang-suc\/san-pham\/nhan-doi-nam-nu-bac-xi-bach-kim-da-moissanite-kiem-dinh-gra-lavesta-kc95-touch-ones-heart\/","title":{"rendered":"Nh\u1eabn \u0111\u00f4i nam n\u1eef b\u1ea1c xi b\u1ea1ch kim \u0111\u00e1 Moissanite ki\u1ec3m \u0111\u1ecbnh GRA LAVESTA KC95 Touch one&#8217;s heart"},"content":{"rendered":"<div class=\"e8lZp3\">\n<p class=\"QN2lPu\">Nh\u1eabn \u0111\u00f4i nam n\u1eef b\u1ea1c xi b\u1ea1ch kim \u0111\u00e1 Moissanite ki\u1ec3m \u0111\u1ecbnh GRA LAVESTA KC95 Touch one&#8217;s heart<\/p>\n<p class=\"QN2lPu\">&#8220;Touch one&#8217;s heart&#8221; c\u00f3 ngh\u0129a l\u00e0&nbsp;ch\u1ea1m v\u00e0o tr\u00e1i tim c\u1ee7a m\u1ed9t ng\u01b0\u1eddi.<\/p>\n<p class=\"QN2lPu\">\u0110\u1ecbnh m\u1ec7nh \u2013 l\u00e0 Anh \u0111\u01b0\u1ee3c g\u1eb7p Em, ch\u1ea1m \u0111\u1ebfn tr\u00e1i tim Em v\u1edbi t\u1ea5t c\u1ea3 t\u00ecnh y\u00eau ch\u00e2n th\u00e0nh v\u00e0 n\u1ed3ng \u1ea5m.<\/p>\n<p class=\"QN2lPu\">Mang th\u00f4ng \u0111i\u1ec7p \u201cCh\u1ea1m \u0111\u1ebfn tr\u00e1i tim \u2013 M\u1edf l\u1ed1i y\u00eau th\u01b0\u01a1ng\u201d thi\u1ebft k\u1ebf nh\u1eabn \u0111\u00f4i kim c\u01b0\u01a1ng moissanite Touch one&#8217;s heart s\u1ebd l\u00e0 m\u00f3n qu\u00e0 tinh t\u1ebf v\u00e0 \u00fd ngh\u0129a gi\u00fap ph\u00e1i m\u1ea1nh th\u1ed5 l\u1ed9 t\u1ea5m ch\u00e2n t\u00ecnh \u0111\u1ebfn v\u1edbi n\u1eeda kia c\u1ee7a m\u00ecnh: \u201cH\u00e3y \u0111\u1ec3 tr\u00e1i tim Anh \u0111\u01b0\u1ee3c m\u00e3i m\u00e3i b\u00ean c\u1ea1nh tr\u00e1i tim Em\u201d.<\/p>\n<div class=\"QN2lPu\">\n<div style=\"position: relative; width: 100%; padding-bottom: 100%;\"><picture class=\"UkIsx8\"><source srcset=\"https:\/\/down-vn.img.susercontent.com\/file\/vn-11134208-7r98o-lsnusgprz4jo7b@resize_w875_nl.webp 1x, https:\/\/down-vn.img.susercontent.com\/file\/vn-11134208-7r98o-lsnusgprz4jo7b@resize_w1750_nl.webp 2x\" type=\"image\/webp\" class=\"UkIsx8\"><img decoding=\"async\" width=\"875\" loading=\"lazy\" class=\"uXN1L5 lazyload GqYslU\" srcset=\"https:\/\/down-vn.img.susercontent.com\/file\/vn-11134208-7r98o-lsnusgprz4jo7b@resize_w875_nl 1x, https:\/\/down-vn.img.susercontent.com\/file\/vn-11134208-7r98o-lsnusgprz4jo7b@resize_w1750_nl 2x\" src=\"https:\/\/down-vn.img.susercontent.com\/file\/vn-11134208-7r98o-lsnusgprz4jo7b\" height=\"875\"><\/picture><\/div>\n<\/div>\n<div class=\"QN2lPu\">\n<div style=\"position: relative; width: 100%; padding-bottom: 105.263%;\"><picture class=\"UkIsx8\"><source srcset=\"https:\/\/down-vn.img.susercontent.com\/file\/vn-11134208-7r98o-lsnusgps0j446e@resize_w875_nl.webp 1x, https:\/\/down-vn.img.susercontent.com\/file\/vn-11134208-7r98o-lsnusgps0j446e@resize_w1750_nl.webp 2x\" type=\"image\/webp\" class=\"UkIsx8\"><img decoding=\"async\" width=\"875\" loading=\"lazy\" class=\"uXN1L5 lazyload GqYslU\" srcset=\"https:\/\/down-vn.img.susercontent.com\/file\/vn-11134208-7r98o-lsnusgps0j446e@resize_w875_nl 1x, https:\/\/down-vn.img.susercontent.com\/file\/vn-11134208-7r98o-lsnusgps0j446e@resize_w1750_nl 2x\" src=\"https:\/\/down-vn.img.susercontent.com\/file\/vn-11134208-7r98o-lsnusgps0j446e\" height=\"921\"><\/picture><\/div>\n<\/div>\n<div class=\"QN2lPu\">\n<div style=\"position: relative; width: 100%; padding-bottom: 137.552%;\"><picture class=\"UkIsx8\"><source srcset=\"https:\/\/down-vn.img.susercontent.com\/file\/vn-11134208-7r98o-lsnusgps1xokc7@resize_w875_nl.webp 1x, https:\/\/down-vn.img.susercontent.com\/file\/vn-11134208-7r98o-lsnusgps1xokc7@resize_w1750_nl.webp 2x\" type=\"image\/webp\" class=\"UkIsx8\"><img decoding=\"async\" width=\"875\" loading=\"lazy\" class=\"uXN1L5 lazyload GqYslU\" srcset=\"https:\/\/down-vn.img.susercontent.com\/file\/vn-11134208-7r98o-lsnusgps1xokc7@resize_w875_nl 1x, https:\/\/down-vn.img.susercontent.com\/file\/vn-11134208-7r98o-lsnusgps1xokc7@resize_w1750_nl 2x\" src=\"https:\/\/down-vn.img.susercontent.com\/file\/vn-11134208-7r98o-lsnusgps1xokc7\" height=\"1204\"><\/picture><\/div>\n<\/div>\n<div class=\"QN2lPu\">\n<div style=\"position: relative; width: 100%; padding-bottom: 81.9672%;\"><picture class=\"UkIsx8\"><source srcset=\"https:\/\/down-vn.img.susercontent.com\/file\/vn-11134208-7r98o-lsnusgps3c90a7@resize_w875_nl.webp 1x, https:\/\/down-vn.img.susercontent.com\/file\/vn-11134208-7r98o-lsnusgps3c90a7@resize_w1750_nl.webp 2x\" type=\"image\/webp\" class=\"UkIsx8\"><img decoding=\"async\" width=\"875\" loading=\"lazy\" class=\"uXN1L5 lazyload GqYslU\" srcset=\"https:\/\/down-vn.img.susercontent.com\/file\/vn-11134208-7r98o-lsnusgps3c90a7@resize_w875_nl 1x, https:\/\/down-vn.img.susercontent.com\/file\/vn-11134208-7r98o-lsnusgps3c90a7@resize_w1750_nl 2x\" src=\"https:\/\/down-vn.img.susercontent.com\/file\/vn-11134208-7r98o-lsnusgps3c90a7\" height=\"717\"><\/picture><\/div>\n<\/div>\n<div class=\"QN2lPu\">\n<div style=\"position: relative; width: 100%; padding-bottom: 130.89%;\"><picture class=\"UkIsx8\"><source srcset=\"https:\/\/down-vn.img.susercontent.com\/file\/vn-11134208-7r98o-lsnusgps4qtg94@resize_w875_nl.webp 1x, https:\/\/down-vn.img.susercontent.com\/file\/vn-11134208-7r98o-lsnusgps4qtg94@resize_w1750_nl.webp 2x\" type=\"image\/webp\" class=\"UkIsx8\"><img decoding=\"async\" width=\"875\" loading=\"lazy\" class=\"uXN1L5 lazyload GqYslU\" srcset=\"https:\/\/down-vn.img.susercontent.com\/file\/vn-11134208-7r98o-lsnusgps4qtg94@resize_w875_nl 1x, https:\/\/down-vn.img.susercontent.com\/file\/vn-11134208-7r98o-lsnusgps4qtg94@resize_w1750_nl 2x\" src=\"https:\/\/down-vn.img.susercontent.com\/file\/vn-11134208-7r98o-lsnusgps4qtg94\" height=\"1145\"><\/picture><\/div>\n<\/div>\n<div class=\"QN2lPu\">\n<div style=\"position: relative; width: 100%; padding-bottom: 100%;\"><picture class=\"UkIsx8\"><source srcset=\"https:\/\/down-vn.img.susercontent.com\/file\/vn-11134208-7r98o-lso084xryll04e@resize_w875_nl.webp 1x, https:\/\/down-vn.img.susercontent.com\/file\/vn-11134208-7r98o-lso084xryll04e@resize_w1750_nl.webp 2x\" type=\"image\/webp\" class=\"UkIsx8\"><img decoding=\"async\" width=\"875\" loading=\"lazy\" class=\"uXN1L5 lazyload GqYslU\" srcset=\"https:\/\/down-vn.img.susercontent.com\/file\/vn-11134208-7r98o-lso084xryll04e@resize_w875_nl 1x, https:\/\/down-vn.img.susercontent.com\/file\/vn-11134208-7r98o-lso084xryll04e@resize_w1750_nl 2x\" src=\"https:\/\/down-vn.img.susercontent.com\/file\/vn-11134208-7r98o-lso084xryll04e\" height=\"875\"><\/picture><\/div>\n<\/div>\n<div class=\"QN2lPu\">\n<div style=\"position: relative; width: 100%; padding-bottom: 100%;\"><picture class=\"UkIsx8\"><source srcset=\"https:\/\/down-vn.img.susercontent.com\/file\/vn-11134208-7ra0g-maf69sd6yzd87e@resize_w875_nl.webp 1x, https:\/\/down-vn.img.susercontent.com\/file\/vn-11134208-7ra0g-maf69sd6yzd87e@resize_w1750_nl.webp 2x\" type=\"image\/webp\" class=\"UkIsx8\"><img decoding=\"async\" width=\"875\" loading=\"lazy\" class=\"uXN1L5 lazyload QSLoEa GqYslU\" srcset=\"https:\/\/down-vn.img.susercontent.com\/file\/vn-11134208-7ra0g-maf69sd6yzd87e@resize_w875_nl 1x, https:\/\/down-vn.img.susercontent.com\/file\/vn-11134208-7ra0g-maf69sd6yzd87e@resize_w1750_nl 2x\" src=\"https:\/\/down-vn.img.susercontent.com\/file\/vn-11134208-7ra0g-maf69sd6yzd87e\" height=\"875\"><\/picture><\/div>\n<\/div>\n<div class=\"QN2lPu\">\n<div style=\"position: relative; width: 100%; padding-bottom: 100%;\"><picture class=\"UkIsx8\"><source srcset=\"https:\/\/down-vn.img.susercontent.com\/file\/vn-11134208-7r98o-lsnusgps7jyc7c@resize_w875_nl.webp 1x, https:\/\/down-vn.img.susercontent.com\/file\/vn-11134208-7r98o-lsnusgps7jyc7c@resize_w1750_nl.webp 2x\" type=\"image\/webp\" class=\"UkIsx8\"><img decoding=\"async\" width=\"875\" loading=\"lazy\" class=\"uXN1L5 lazyload QSLoEa GqYslU\" srcset=\"https:\/\/down-vn.img.susercontent.com\/file\/vn-11134208-7r98o-lsnusgps7jyc7c@resize_w875_nl 1x, https:\/\/down-vn.img.susercontent.com\/file\/vn-11134208-7r98o-lsnusgps7jyc7c@resize_w1750_nl 2x\" src=\"https:\/\/down-vn.img.susercontent.com\/file\/vn-11134208-7r98o-lsnusgps7jyc7c\" height=\"875\"><\/picture><\/div>\n<\/div>\n<p class=\"QN2lPu\">TH\u00d4NG TIN S\u1ea2N PH\u1ea8M<\/p>\n<p class=\"QN2lPu\">&#8211; Xu\u1ea5t x\u1ee9 nh\u1eabn b\u1ea1c \u0111\u00f4i: Vi\u1ec7t Nam<\/p>\n<p class=\"QN2lPu\">&#8211; Ch\u1ea5t li\u1ec7u nh\u1eabn: B\u1ea1c xi b\u1ea1ch kim &#8211; B\u1ea3o h\u00e0nh \u0111\u00e1nh s\u00e1ng tr\u1ecdn \u0111\u1eddi<\/p>\n<p class=\"QN2lPu\">&#8211; Size: freesize<\/p>\n<p class=\"QN2lPu\">&#8211; \u0110\u00e1 ch\u1ee7: Moissanite 4.5 ly (nh\u1eabn n\u1eef) c\u00f3 ki\u1ec3u c\u1eaft gi\u00e1c sang tr\u1ecdng chu\u1ea9n kim c\u01b0\u01a1ng: 8 tr\u00e1i tim v\u00e0 8 m\u0169i t\u00ean mang \u0111\u1ebfn v\u1ebb \u0111\u1eb9p \u0110\u1eb2NG C\u1ea4P v\u00e0 TINH T\u1ebe.<\/p>\n<p class=\"QN2lPu\">+ C\u00f3 \u0111\u1eb7c t\u00ednh GI\u1ed0NG H\u1ec6T kim c\u01b0\u01a1ng thi\u00ean nhi\u00ean l\u00ean \u0111\u1ebfn 90%<\/p>\n<p class=\"QN2lPu\">+ C\u00f3 hi\u1ec7u \u1ee9ng v\u1edbi b\u00fat th\u1eed kim c\u01b0\u01a1ng l\u00ean v\u1ea1ch \u0110\u1ece<\/p>\n<p class=\"QN2lPu\">+ C\u00f3 \u0111\u1ed9 c\u1ee9ng 9,5 so v\u1edbi kim c\u01b0\u01a1ng l\u00e0 10<\/p>\n<p class=\"QN2lPu\">+ C\u00f3 ch\u1ea5t l\u01b0\u1ee3ng n\u01b0\u1edbc: D<\/p>\n<p class=\"QN2lPu\">+ C\u00f3 \u0111\u1ed9 l\u1eeda r\u1ea5t m\u1ea1nh &#8211; H\u01a0N c\u1ea3 kim c\u01b0\u01a1ng thi\u00ean nhi\u00ean<\/p>\n<p class=\"QN2lPu\">\n<p class=\"QN2lPu\">LAVESTA CAM K\u1ebeT<\/p>\n<p class=\"QN2lPu\">&#8211; 100% s\u1ea3n ph\u1ea9m nh\u1eabn l\u00e0 b\u1ea1c nguy\u00ean ch\u1ea5t, t\u1ea5m vi\u00ean l\u00e0 Moissanite &#8211; Kh\u00f4ng \u0111\u00fang \u0110\u1ec0N g\u1ea5p 10 l\u1ea7n gi\u00e1 tr\u1ecb<\/p>\n<p class=\"QN2lPu\">&#8211; Cam k\u1ebft \u0111\u00e1 KH\u00d4NG \u0111\u1ee5c m\u1edd theo th\u1eddi gian<\/p>\n<p class=\"QN2lPu\">&#8211; Gi\u00e1 b\u00e1n T\u1ed0T NH\u1ea4T &#8211; Ch\u1ea5t l\u01b0\u1ee3ng CAO NH\u1ea4T<\/p>\n<p class=\"QN2lPu\">&#8211; S\u1ea3n ph\u1ea9m \u0111\u01b0\u1ee3c ki\u1ec3m tra c\u1ea9n th\u1eadn, k\u0129 c\u00e0ng tr\u01b0\u1edbc khi \u0111\u01b0\u1ee3c giao cho Qu\u00fd kh\u00e1ch<\/p>\n<p class=\"QN2lPu\">&#8211; Ho\u00e0n ti\u1ec1n n\u1ebfu s\u1ea3n ph\u1ea9m kh\u00f4ng \u0111\u00fang v\u1edbi m\u00f4 t\u1ea3<\/p>\n<p class=\"QN2lPu\">&#8211; Giao h\u00e0ng to\u00e0n qu\u1ed1c, thanh to\u00e1n khi nh\u1eadn h\u00e0ng<\/p>\n<p class=\"QN2lPu\">&#8211; H\u1ed7 tr\u1ee3 \u0111\u1ed5i tr\u1ea3 h\u00e0ng 7 ng\u00e0y theo quy \u0111\u1ecbnh c\u1ee7a Shopee<\/p>\n<p class=\"QN2lPu\">&#8211; B\u1ea3o h\u00e0nh TR\u1eccN \u0110\u1edcI<\/p>\n<p class=\"QN2lPu\">\n<p class=\"QN2lPu\">Ngo\u00e0i ra, LAVESTA xin chia s\u1ebb m\u1ed9t s\u1ed1 tips h\u1eefu d\u1ee5ng \u0111\u1ec3 l\u00e0m s\u00e1ng trang s\u1ee9c b\u1ea1c t\u1ea1i nh\u00e0:<\/p>\n<p class=\"QN2lPu\">&#8211; Ch\u00e0 nh\u1eb9 kem \u0111\u00e1nh r\u0103ng, n\u01b0\u1edbc r\u1eeda b\u00e1t ho\u1eb7c n\u01b0\u1edbc chanh l\u00ean s\u1ea3n ph\u1ea9m b\u1ea1c, sau \u0111\u00f3 r\u1eeda s\u1ea1ch b\u1eb1ng n\u01b0\u1edbc \u1ea5m r\u1ed3i lau kh\u00f4<\/p>\n<p class=\"QN2lPu\">&#8211; D\u00f9ng kh\u0103n lau b\u1ea1c chuy\u00ean d\u1ee5ng lau nh\u1eb9 nh\u00e0ng b\u1ec1 m\u1eb7t trang s\u1ee9c m\u1ed7i ng\u00e0y<\/p>\n<p class=\"QN2lPu\">\n<p class=\"QN2lPu\">L\u01b0u \u00fd: Do \u0111i\u1ec1u ki\u1ec7n \u00e1nh s\u00e1ng, n\u00ean m\u00e0u s\u1eafc s\u1ea3n ph\u1ea9m c\u00f3 th\u1ec3 ch\u00eanh l\u1ec7ch ko \u0111\u00e1ng k\u1ec3<\/p>\n<p class=\"QN2lPu\">\n<p class=\"QN2lPu\">#moissanite ; #nhandoi #nhancauhon;#nhancuoi; #nhandinhhon; #nhandinhda ; #trangsuccodau; #trangsuccuoi; #trangsuccaocap; #nhandep; #nhannu; #trangsucnu; #trangsuclavesta; #trangsucvang #lavesata #nhandoi <\/p>\n<\/div>\n","protected":false},"excerpt":{"rendered":"<p>Nh\u1eabn \u0111\u00f4i nam n\u1eef b\u1ea1c xi b\u1ea1ch kim \u0111\u00e1 Moissanite ki\u1ec3m \u0111\u1ecbnh GRA LAVESTA KC95 Touch one&#8217;s heart &#8220;Touch one&#8217;s heart&#8221; c\u00f3 ngh\u0129a l\u00e0&nbsp;ch\u1ea1m v\u00e0o tr\u00e1i tim c\u1ee7a m\u1ed9t ng\u01b0\u1eddi. \u0110\u1ecbnh m\u1ec7nh \u2013 l\u00e0 Anh \u0111\u01b0\u1ee3c g\u1eb7p Em, ch\u1ea1m \u0111\u1ebfn tr\u00e1i tim Em v\u1edbi t\u1ea5t c\u1ea3 t\u00ecnh y\u00eau ch\u00e2n th\u00e0nh v\u00e0 n\u1ed3ng \u1ea5m. Mang th\u00f4ng&#8230;<\/p>\n","protected":false},"featured_media":14222,"comment_status":"open","ping_status":"closed","template":"","meta":[],"product_brand":[],"product_cat":[1211],"product_tag":[],"class_list":{"0":"post-14149","1":"product","2":"type-product","3":"status-publish","4":"has-post-thumbnail","6":"product_cat-nhan","8":"first","9":"instock","10":"sale","11":"shipping-taxable","12":"product-type-simple"},"_links":{"self":[{"href":"https:\/\/web-ban-le.mbws.vn\/phu-kien-trang-suc\/wp-json\/wp\/v2\/product\/14149","targetHints":{"allow":["GET"]}}],"collection":[{"href":"https:\/\/web-ban-le.mbws.vn\/phu-kien-trang-suc\/wp-json\/wp\/v2\/product"}],"about":[{"href":"https:\/\/web-ban-le.mbws.vn\/phu-kien-trang-suc\/wp-json\/wp\/v2\/types\/product"}],"replies":[{"embeddable":true,"href":"https:\/\/web-ban-le.mbws.vn\/phu-kien-trang-suc\/wp-json\/wp\/v2\/comments?post=14149"}],"wp:featuredmedia":[{"embeddable":true,"href":"https:\/\/web-ban-le.mbws.vn\/phu-kien-trang-suc\/wp-json\/wp\/v2\/media\/14222"}],"wp:attachment":[{"href":"https:\/\/web-ban-le.mbws.vn\/phu-kien-trang-suc\/wp-json\/wp\/v2\/media?parent=14149"}],"wp:term":[{"taxonomy":"product_brand","embeddable":true,"href":"https:\/\/web-ban-le.mbws.vn\/phu-kien-trang-suc\/wp-json\/wp\/v2\/product_brand?post=14149"},{"taxonomy":"product_cat","embeddable":true,"href":"https:\/\/web-ban-le.mbws.vn\/phu-kien-trang-suc\/wp-json\/wp\/v2\/product_cat?post=14149"},{"taxonomy":"product_tag","embeddable":true,"href":"https:\/\/web-ban-le.mbws.vn\/phu-kien-trang-suc\/wp-json\/wp\/v2\/product_tag?post=14149"}],"curies":[{"name":"wp","href":"https:\/\/api.w.org\/{rel}","templated":true}]}}