{"id":14152,"date":"2025-10-23T11:45:06","date_gmt":"2025-10-23T04:45:06","guid":{"rendered":"https:\/\/web-ban-le.mbws.vn\/phu-kien-trang-suc\/?post_type=product&#038;p=14152"},"modified":"2025-10-23T11:46:37","modified_gmt":"2025-10-23T04:46:37","slug":"mat-day-chuyen-nu-bac-xi-bach-kim-da-moissanite-lavesta-kiem-dinh-gra-thiet-ke-dang-cap-tinh-te","status":"publish","type":"product","link":"https:\/\/web-ban-le.mbws.vn\/phu-kien-trang-suc\/san-pham\/mat-day-chuyen-nu-bac-xi-bach-kim-da-moissanite-lavesta-kiem-dinh-gra-thiet-ke-dang-cap-tinh-te\/","title":{"rendered":"M\u1eb7t d\u00e2y chuy\u1ec1n n\u1eef b\u1ea1c xi b\u1ea1ch kim \u0111\u00e1 Moissanite LAVESTA ki\u1ec3m \u0111\u1ecbnh GRA thi\u1ebft k\u1ebf \u0111\u1eb3ng c\u1ea5p, tinh t\u1ebf"},"content":{"rendered":"<div class=\"e8lZp3\">\n<p class=\"QN2lPu\">M\u1eb7t d\u00e2y chuy\u1ec1n n\u1eef b\u1ea1c xi b\u1ea1ch kim \u0111\u00e1 Moissanite LAVESTA ki\u1ec3m \u0111\u1ecbnh GRA thi\u1ebft k\u1ebf \u0111\u1eb3ng c\u1ea5p, tinh t\u1ebf<\/p>\n<p class=\"QN2lPu\">1. KC28 &#8211; 6.5 ly<\/p>\n<p class=\"QN2lPu\">2. KC29 &#8211; 5 ly<\/p>\n<p class=\"QN2lPu\">3. KC31 &#8211; 7 ly<\/p>\n<p class=\"QN2lPu\">4. KC42 &#8211; 5 ly<\/p>\n<p class=\"QN2lPu\">5. KC49 &#8211; 6 ly<\/p>\n<p class=\"QN2lPu\">\n<p class=\"QN2lPu\">TH\u00d4NG TIN S\u1ea2N PH\u1ea8M<\/p>\n<p class=\"QN2lPu\">&#8211; Xu\u1ea5t x\u1ee9 d\u00e2y chuy\u1ec1n b\u1ea1c n\u1eef: Vi\u1ec7t Nam<\/p>\n<p class=\"QN2lPu\">&#8211; Ch\u1ea5t li\u1ec7u v\u00f2ng c\u1ed5: B\u1ea1c \u00dd cao c\u1ea5p &#8211; B\u1ea3o h\u00e0nh s\u00e1ng tr\u1ecdn \u0111\u1eddi<\/p>\n<p class=\"QN2lPu\">&#8211; \u0110\u00e1 ch\u1ee7: Moissanite c\u00f3 ki\u1ec3u c\u1eaft gi\u00e1c sang tr\u1ecdng chu\u1ea9n kim c\u01b0\u01a1ng: 8 tr\u00e1i tim v\u00e0 8 m\u0169i t\u00ean mang \u0111\u1ebfn v\u1ebb \u0111\u1eb9p \u0110\u1eb2NG C\u1ea4P v\u00e0 TINH T\u1ebe<\/p>\n<p class=\"QN2lPu\">+ C\u00f3 \u0111\u1eb7c t\u00ednh GI\u1ed0NG H\u1ec6T kim c\u01b0\u01a1ng thi\u00ean nhi\u00ean l\u00ean \u0111\u1ebfn 90%<\/p>\n<p class=\"QN2lPu\">+ C\u00f3 hi\u1ec7u \u1ee9ng v\u1edbi b\u00fat th\u1eed kim c\u01b0\u01a1ng l\u00ean v\u1ea1ch \u0110\u1ece<\/p>\n<p class=\"QN2lPu\">+ C\u00f3 \u0111\u1ed9 c\u1ee9ng 9,5 so v\u1edbi kim c\u01b0\u01a1ng l\u00e0 10<\/p>\n<p class=\"QN2lPu\">+ C\u00f3 ch\u1ea5t l\u01b0\u1ee3ng n\u01b0\u1edbc:D<\/p>\n<p class=\"QN2lPu\">+ C\u00f3 \u0111\u1ed9 l\u1eeda r\u1ea5t m\u1ea1nh &#8211; H\u01a0N c\u1ea3 kim c\u01b0\u01a1ng thi\u00ean nhi\u00ean<\/p>\n<div class=\"QN2lPu\">\n<div style=\"position: relative; width: 100%; padding-bottom: 100%;\"><picture class=\"UkIsx8\"><source srcset=\"https:\/\/down-vn.img.susercontent.com\/file\/vn-11134208-7ra0g-maf8mph77zko8b@resize_w875_nl.webp 1x, https:\/\/down-vn.img.susercontent.com\/file\/vn-11134208-7ra0g-maf8mph77zko8b@resize_w1750_nl.webp 2x\" type=\"image\/webp\" class=\"UkIsx8\"><img decoding=\"async\" width=\"875\" loading=\"lazy\" class=\"uXN1L5 lazyload GqYslU\" srcset=\"https:\/\/down-vn.img.susercontent.com\/file\/vn-11134208-7ra0g-maf8mph77zko8b@resize_w875_nl 1x, https:\/\/down-vn.img.susercontent.com\/file\/vn-11134208-7ra0g-maf8mph77zko8b@resize_w1750_nl 2x\" src=\"https:\/\/down-vn.img.susercontent.com\/file\/vn-11134208-7ra0g-maf8mph77zko8b\" height=\"875\"><\/picture><\/div>\n<\/div>\n<div class=\"QN2lPu\">\n<div style=\"position: relative; width: 100%; padding-bottom: 100%;\"><picture class=\"UkIsx8\"><source srcset=\"https:\/\/down-vn.img.susercontent.com\/file\/vn-11134208-7ra0g-maf8mph79e54f3@resize_w875_nl.webp 1x, https:\/\/down-vn.img.susercontent.com\/file\/vn-11134208-7ra0g-maf8mph79e54f3@resize_w1750_nl.webp 2x\" type=\"image\/webp\" class=\"UkIsx8\"><img decoding=\"async\" width=\"875\" loading=\"lazy\" class=\"uXN1L5 lazyload GqYslU\" srcset=\"https:\/\/down-vn.img.susercontent.com\/file\/vn-11134208-7ra0g-maf8mph79e54f3@resize_w875_nl 1x, https:\/\/down-vn.img.susercontent.com\/file\/vn-11134208-7ra0g-maf8mph79e54f3@resize_w1750_nl 2x\" src=\"https:\/\/down-vn.img.susercontent.com\/file\/vn-11134208-7ra0g-maf8mph79e54f3\" height=\"875\"><\/picture><\/div>\n<\/div>\n<p class=\"QN2lPu\">\n<p class=\"QN2lPu\">&#8211; 1 s\u1ea3n ph\u1ea9m kh\u00e1ch nh\u1eadn \u0111\u01b0\u1ee3c khi mua h\u00e0ng c\u00f3 \u0111\u1ea7y \u0111\u1ee7 : TH\u1eba NH\u1ef0A v\u00e0 GI\u1ea4Y KI\u1ec2M \u0110\u1ecaNH GRA (C\u00f3 m\u00e3 s\u1ed1 c\u1ea1nh tr\u00ean vi\u00ean, c\u00f3 th\u1ec3 check m\u00e3 tr\u00ean web)<\/p>\n<p class=\"QN2lPu\">\n<p class=\"QN2lPu\">LAVESTA CAM K\u1ebeT<\/p>\n<p class=\"QN2lPu\">&#8211; 100% s\u1ea3n ph\u1ea9m l\u00e0 b\u1ea1c nguy\u00ean ch\u1ea5t, \u0111\u00e1 ch\u1ee7 l\u00e0 Moissanite &#8211; Kh\u00f4ng \u0111\u00fang \u0110\u1ec0N g\u1ea5p 10 l\u1ea7n gi\u00e1 tr\u1ecb<\/p>\n<p class=\"QN2lPu\">&#8211; Cam k\u1ebft \u0111\u00e1 KH\u00d4NG \u0111\u1ee5c m\u1edd theo th\u1eddi gian<\/p>\n<p class=\"QN2lPu\">&#8211; Gi\u00e1 b\u00e1n T\u1ed0T NH\u1ea4T &#8211; Ch\u1ea5t l\u01b0\u1ee3ng CAO NH\u1ea4T<\/p>\n<p class=\"QN2lPu\">&#8211; S\u1ea3n ph\u1ea9m \u0111\u01b0\u1ee3c ki\u1ec3m tra c\u1ea9n th\u1eadn, k\u0129 c\u00e0ng tr\u01b0\u1edbc khi \u0111\u01b0\u1ee3c giao cho Qu\u00fd kh\u00e1ch<\/p>\n<p class=\"QN2lPu\">&#8211; Ho\u00e0n ti\u1ec1n n\u1ebfu s\u1ea3n ph\u1ea9m kh\u00f4ng \u0111\u00fang v\u1edbi m\u00f4 t\u1ea3<\/p>\n<p class=\"QN2lPu\">&#8211; Giao h\u00e0ng to\u00e0n qu\u1ed1c, thanh to\u00e1n khi nh\u1eadn h\u00e0ng<\/p>\n<p class=\"QN2lPu\">&#8211; H\u1ed7 tr\u1ee3 \u0111\u1ed5i tr\u1ea3 h\u00e0ng 7 ng\u00e0y theo quy \u0111\u1ecbnh c\u1ee7a Shopee<\/p>\n<p class=\"QN2lPu\">&#8211; B\u1ea3o h\u00e0nh TR\u1eccN \u0110\u1edcI<\/p>\n<p class=\"QN2lPu\">\n<p class=\"QN2lPu\">Ngo\u00e0i ra, LAVESTA xin chia s\u1ebb m\u1ed9t s\u1ed1 tips h\u1eefu d\u1ee5ng \u0111\u1ec3 l\u00e0m s\u00e1ng trang s\u1ee9c b\u1ea1c t\u1ea1i nh\u00e0:<\/p>\n<p class=\"QN2lPu\">&#8211; Ch\u00e0 nh\u1eb9 kem \u0111\u00e1nh r\u0103ng, n\u01b0\u1edbc r\u1eeda b\u00e1t ho\u1eb7c n\u01b0\u1edbc chanh l\u00ean s\u1ea3n ph\u1ea9m b\u1ea1c, sau \u0111\u00f3 r\u1eeda s\u1ea1ch b\u1eb1ng n\u01b0\u1edbc \u1ea5m r\u1ed3i lau kh\u00f4<\/p>\n<p class=\"QN2lPu\">&#8211; D\u00f9ng kh\u0103n lau b\u1ea1c chuy\u00ean d\u1ee5ng lau nh\u1eb9 nh\u00e0ng b\u1ec1 m\u1eb7t trang s\u1ee9c m\u1ed7i ng\u00e0y<\/p>\n<p class=\"QN2lPu\">\n<p class=\"QN2lPu\">L\u01b0u \u00fd: Do \u0111i\u1ec1u ki\u1ec7n \u00e1nh s\u00e1ng, n\u00ean m\u00e0u s\u1eafc s\u1ea3n ph\u1ea9m c\u00f3 th\u1ec3 ch\u00eanh l\u1ec7ch ko \u0111\u00e1ng k\u1ec3<\/p>\n<p class=\"QN2lPu\">\n<p class=\"QN2lPu\">#tiemtrangsuc #trangsuclavesta #moissanite #xoanmy #daquyssanite #moissanitegra #bongtaimoissanite #nhanbacmoissanite #lavesta #trangsuclavesta  #daychuyen #vongco #daychuyenbac #lavestasilver #daychuyennu #vongconu #vongconu #nhan #nhannu #nhanbacnu #quatang2010 #quatangbangai  #moissanite<\/p>\n<\/div>\n","protected":false},"excerpt":{"rendered":"<p>M\u1eb7t d\u00e2y chuy\u1ec1n n\u1eef b\u1ea1c xi b\u1ea1ch kim \u0111\u00e1 Moissanite LAVESTA ki\u1ec3m \u0111\u1ecbnh GRA thi\u1ebft k\u1ebf \u0111\u1eb3ng c\u1ea5p, tinh t\u1ebf 1. KC28 &#8211; 6.5 ly 2. KC29 &#8211; 5 ly 3. KC31 &#8211; 7 ly 4. KC42 &#8211; 5 ly 5. KC49 &#8211; 6 ly TH\u00d4NG TIN S\u1ea2N PH\u1ea8M &#8211; Xu\u1ea5t x\u1ee9 d\u00e2y chuy\u1ec1n b\u1ea1c&#8230;<\/p>\n","protected":false},"featured_media":14244,"comment_status":"open","ping_status":"closed","template":"","meta":[],"product_brand":[],"product_cat":[1247],"product_tag":[],"class_list":{"0":"post-14152","1":"product","2":"type-product","3":"status-publish","4":"has-post-thumbnail","6":"product_cat-mat-day-chuyen-va-charm","8":"first","9":"instock","10":"sale","11":"shipping-taxable","12":"product-type-variable"},"_links":{"self":[{"href":"https:\/\/web-ban-le.mbws.vn\/phu-kien-trang-suc\/wp-json\/wp\/v2\/product\/14152","targetHints":{"allow":["GET"]}}],"collection":[{"href":"https:\/\/web-ban-le.mbws.vn\/phu-kien-trang-suc\/wp-json\/wp\/v2\/product"}],"about":[{"href":"https:\/\/web-ban-le.mbws.vn\/phu-kien-trang-suc\/wp-json\/wp\/v2\/types\/product"}],"replies":[{"embeddable":true,"href":"https:\/\/web-ban-le.mbws.vn\/phu-kien-trang-suc\/wp-json\/wp\/v2\/comments?post=14152"}],"wp:featuredmedia":[{"embeddable":true,"href":"https:\/\/web-ban-le.mbws.vn\/phu-kien-trang-suc\/wp-json\/wp\/v2\/media\/14244"}],"wp:attachment":[{"href":"https:\/\/web-ban-le.mbws.vn\/phu-kien-trang-suc\/wp-json\/wp\/v2\/media?parent=14152"}],"wp:term":[{"taxonomy":"product_brand","embeddable":true,"href":"https:\/\/web-ban-le.mbws.vn\/phu-kien-trang-suc\/wp-json\/wp\/v2\/product_brand?post=14152"},{"taxonomy":"product_cat","embeddable":true,"href":"https:\/\/web-ban-le.mbws.vn\/phu-kien-trang-suc\/wp-json\/wp\/v2\/product_cat?post=14152"},{"taxonomy":"product_tag","embeddable":true,"href":"https:\/\/web-ban-le.mbws.vn\/phu-kien-trang-suc\/wp-json\/wp\/v2\/product_tag?post=14152"}],"curies":[{"name":"wp","href":"https:\/\/api.w.org\/{rel}","templated":true}]}}