{"id":87,"date":"2025-06-20T09:04:57","date_gmt":"2025-06-20T02:04:57","guid":{"rendered":"https:\/\/core.mbws.vn\/?page_id=87"},"modified":"2025-11-03T23:44:24","modified_gmt":"2025-11-03T16:44:24","slug":"gioi-thieu","status":"publish","type":"page","link":"https:\/\/web-ban-le.mbws.vn\/sac-dep\/gioi-thieu\/","title":{"rendered":"Gi\u1edbi thi\u1ec7u"},"content":{"rendered":"\n\t<section class=\"section\" id=\"section_2135906822\">\n\t\t<div class=\"section-bg fill\" >\n\t\t\t\t\t\t\t\t\t\n\t\t\t\n\n\t\t<\/div>\n\n\t\t\n\n\t\t<div class=\"section-content relative\">\n\t\t\t\n<div class=\"row align-middle\"  id=\"row-630889674\">\n\n\t<div id=\"col-182972381\" class=\"col medium-5 small-12 large-5\"  >\n\t\t\t\t<div class=\"col-inner\"  >\n\t\t\t\n\t\t\t\n\n  <div class=\"banner has-hover\" id=\"banner-1539713913\">\n          <div class=\"banner-inner fill\">\n        <div class=\"banner-bg fill\" >\n            <img loading=\"lazy\" decoding=\"async\" width=\"1024\" height=\"1024\" src=\"https:\/\/web-ban-le.mbws.vn\/wp-content\/uploads\/sites\/16\/2025\/10\/07aa1dc552e6c697dfcebe0754c9c86c.webp\" class=\"bg attachment-original size-original\" alt=\"\" \/>                                    \n                    <\/div>\n\t\t\n        <div class=\"banner-layers container\">\n            <div class=\"fill banner-link\"><\/div>            \n   <div id=\"text-box-1740963470\" class=\"text-box banner-layer x50 md-x50 lg-x50 y50 md-y50 lg-y50 res-text\">\n                                <div class=\"text-box-content text dark\">\n              \n              <div class=\"text-inner text-center\">\n                  \n              <\/div>\n           <\/div>\n                            \n<style>\n#text-box-1740963470 {\n  width: 60%;\n}\n#text-box-1740963470 .text-box-content {\n  font-size: 100%;\n}\n@media (min-width:550px) {\n  #text-box-1740963470 {\n    width: 60%;\n  }\n}\n<\/style>\n    <\/div>\n \n        <\/div>\n      <\/div>\n\n            \n<style>\n#banner-1539713913 {\n  padding-top: 400px;\n  background-color: rgb(255, 255, 255);\n}\n#banner-1539713913 .banner-bg img {\n  object-position: 29% 20%;\n}\n@media (min-width:550px) {\n  #banner-1539713913 {\n    padding-top: 600px;\n  }\n}\n<\/style>\n  <\/div>\n\n\n\t\t<\/div>\n\t\t\t\t\t<\/div>\n\n\t\n\n\t<div id=\"col-1338027006\" class=\"col medium-7 small-12 large-7\"  >\n\t\t\t\t<div class=\"col-inner\"  >\n\t\t\t\n\t\t\t\n<div class=\"container section-title-container\" ><h1 class=\"section-title section-title-normal\"><b><\/b><span class=\"section-title-main\" >Gi\u1edbi thi\u1ec7u<\/span><b><\/b><\/h1><\/div>\n<p><b>S\u1eafc \u0110\u1eb9p<\/b> t\u1ef1 h\u00e0o l\u00e0 \u0111i\u1ec3m \u0111\u1ebfn \u0111\u00e1ng tin c\u1eady d\u00e0nh cho nh\u1eefng ai y\u00eau th\u00edch l\u00e0m \u0111\u1eb9p v\u00e0 mu\u1ed1n t\u1ecfa s\u00e1ng theo c\u00e1ch ri\u00eang c\u1ee7a m\u00ecnh.<br data-start=\"509\" data-end=\"512\" \/>Ch\u00fang t\u00f4i mang \u0111\u1ebfn c\u00e1c s\u1ea3n ph\u1ea9m <strong data-start=\"544\" data-end=\"590\">m\u1ef9 ph\u1ea9m trang \u0111i\u1ec3m ch\u00ednh h\u00e3ng t\u1ea1i <b>S\u1eafc \u0110\u1eb9p<\/b> 100%<\/strong>, \u0111\u01b0\u1ee3c nh\u1eadp kh\u1ea9u tr\u1ef1c ti\u1ebfp, \u0111\u1ea3m b\u1ea3o ch\u1ea5t l\u01b0\u1ee3ng v\u00e0 an to\u00e0n cho l\u00e0n da.<\/p>\n<p>T\u1ea1i <b>S\u1eafc \u0110\u1eb9p<\/b>, B\u1ea1n c\u00f3 th\u1ec3 d\u1ec5 d\u00e0ng t\u00ecm th\u1ea5y \u0111\u1ea7y \u0111\u1ee7 d\u00f2ng s\u1ea3n ph\u1ea9m \u2013 t\u1eeb <strong data-start=\"730\" data-end=\"804\">kem n\u1ec1n, ph\u1ea5n ph\u1ee7, son m\u00f4i, mascara \u0111\u1ebfn ph\u1ea5n m\u1eaft v\u00e0 d\u1ee5ng c\u1ee5 trang \u0111i\u1ec3m<\/strong>, t\u1ea5t c\u1ea3 \u0111\u1ec1u \u0111\u01b0\u1ee3c c\u1eadp nh\u1eadt th\u01b0\u1eddng xuy\u00ean theo xu h\u01b0\u1edbng m\u1edbi nh\u1ea5t.<br data-start=\"867\" data-end=\"870\" \/>M\u1ed7i s\u1ea3n ph\u1ea9m \u0111\u1ec1u \u0111\u01b0\u1ee3c nghi\u00ean c\u1ee9u t\u1ec9 m\u1ec9 \u0111\u1ec3 ph\u00f9 h\u1ee3p v\u1edbi l\u00e0n da v\u00e0 phong c\u00e1ch c\u1ee7a ph\u1ee5 n\u1eef ch\u00e2u \u00c1 \u2013 gi\u00fap B\u1ea1n lu\u00f4n t\u1ef1 tin, t\u1ef1 nhi\u00ean v\u00e0 r\u1ea1ng r\u1ee1.<\/p>\n<p>\u0110\u1ed9i ng\u0169 t\u01b0 v\u1ea5n c\u1ee7a <b>S\u1eafc \u0110\u1eb9p<\/b>\u00a0lu\u00f4n s\u1eb5n s\u00e0ng h\u1ed7 tr\u1ee3 t\u1eadn t\u00e2m, gi\u00fap B\u1ea1n ch\u1ecdn \u0111\u01b0\u1ee3c m\u00e0u s\u1eafc, s\u1ea3n ph\u1ea9m v\u00e0 phong c\u00e1ch trang \u0111i\u1ec3m ph\u00f9 h\u1ee3p nh\u1ea5t.<br data-start=\"1143\" data-end=\"1146\" \/>Ch\u00fang t\u00f4i cam k\u1ebft mang \u0111\u1ebfn <strong data-start=\"1173\" data-end=\"1250\">tr\u1ea3i nghi\u1ec7m mua s\u1eafm tho\u1ea3i m\u00e1i, giao h\u00e0ng nhanh, s\u1ea3n ph\u1ea9m chu\u1ea9n ch\u00ednh h\u00e3ng<\/strong> v\u00e0 ch\u00ednh s\u00e1ch h\u1eadu m\u00e3i r\u00f5 r\u00e0ng.<\/p>\n<p><b>S\u1eafc \u0110\u1eb9p<\/b> \u2013 N\u01a1i t\u00f4n vinh v\u1ebb \u0111\u1eb9p t\u1ef1 nhi\u00ean, kh\u01a1i d\u1eady s\u1ef1 t\u1ef1 tin v\u00e0 gi\u00fap B\u1ea1n t\u1ecfa s\u00e1ng m\u1ed7i ng\u00e0y.<\/p>\n<a href=\"\/cua-hang\" class=\"button primary reveal-icon\"  style=\"border-radius:5px;\">\n\t\t<span>Mua h\u00e0ng ngay<\/span>\n\t<i class=\"icon-shopping-cart\" aria-hidden=\"true\" ><\/i><\/a>\n\n<a href=\"\/lien-he\" class=\"button secondary is-outline\"  style=\"border-radius:5px;\">\n\t\t<span>Li\u00ean h\u1ec7<\/span>\n\t<\/a>\n\n\t\t<\/div>\n\t\t\t\t\n<style>\n#col-1338027006 > .col-inner {\n  padding: 0px 1% 0px 1%;\n}\n@media (min-width:550px) {\n  #col-1338027006 > .col-inner {\n    padding: 0px 2% 0px 2%;\n  }\n}\n@media (min-width:850px) {\n  #col-1338027006 > .col-inner {\n    padding: 0px 0px 0px 5%;\n  }\n}\n<\/style>\n\t<\/div>\n\n\t\n<\/div>\n\t\t<\/div>\n\n\t\t\n<style>\n#section_2135906822 {\n  padding-top: 30px;\n  padding-bottom: 30px;\n}\n<\/style>\n\t<\/section>\n\t\n","protected":false},"excerpt":{"rendered":"","protected":false},"author":1,"featured_media":0,"parent":0,"menu_order":12,"comment_status":"closed","ping_status":"closed","template":"page-blank.php","meta":{"footnotes":""},"class_list":["post-87","page","type-page","status-publish","hentry"],"_links":{"self":[{"href":"https:\/\/web-ban-le.mbws.vn\/sac-dep\/wp-json\/wp\/v2\/pages\/87","targetHints":{"allow":["GET"]}}],"collection":[{"href":"https:\/\/web-ban-le.mbws.vn\/sac-dep\/wp-json\/wp\/v2\/pages"}],"about":[{"href":"https:\/\/web-ban-le.mbws.vn\/sac-dep\/wp-json\/wp\/v2\/types\/page"}],"author":[{"embeddable":true,"href":"https:\/\/web-ban-le.mbws.vn\/sac-dep\/wp-json\/wp\/v2\/users\/1"}],"replies":[{"embeddable":true,"href":"https:\/\/web-ban-le.mbws.vn\/sac-dep\/wp-json\/wp\/v2\/comments?post=87"}],"version-history":[{"count":32,"href":"https:\/\/web-ban-le.mbws.vn\/sac-dep\/wp-json\/wp\/v2\/pages\/87\/revisions"}],"predecessor-version":[{"id":14942,"href":"https:\/\/web-ban-le.mbws.vn\/sac-dep\/wp-json\/wp\/v2\/pages\/87\/revisions\/14942"}],"wp:attachment":[{"href":"https:\/\/web-ban-le.mbws.vn\/sac-dep\/wp-json\/wp\/v2\/media?parent=87"}],"curies":[{"name":"wp","href":"https:\/\/api.w.org\/{rel}","templated":true}]}}