{"id":13808,"date":"2025-10-24T09:35:03","date_gmt":"2025-10-24T02:35:03","guid":{"rendered":"https:\/\/web-ban-le.mbws.vn\/sac-dep\/?post_type=product&#038;p=13808"},"modified":"2025-11-04T13:31:59","modified_gmt":"2025-11-04T06:31:59","slug":"phan-phu-carslan-kiem-dau-khong-mau-3-mau-tuy-chon-8g","status":"publish","type":"product","link":"https:\/\/web-ban-le.mbws.vn\/sac-dep\/san-pham\/phan-phu-carslan-kiem-dau-khong-mau-3-mau-tuy-chon-8g\/","title":{"rendered":"Ph\u1ea5n ph\u1ee7 CARSLAN ki\u1ec1m d\u1ea7u kho\u0302ng ma\u0300u 3 m\u00e0u t\u00f9y ch\u1ecdn 8g"},"content":{"rendered":"<div class=\"e8lZp3\">\n<p class=\"QN2lPu\">C\u1eeda h\u00e0ng ch\u00ednh h\u00e3ng Carslan<\/p>\n<p class=\"QN2lPu\">\n<p class=\"QN2lPu\">L\u00e0 m\u1ed9t th\u01b0\u01a1ng hi\u1ec7u m\u1ef9 ph\u1ea9m h\u00e0ng \u0111\u1ea7u t\u1ea1i Trung Qu\u1ed1c, Carslan lu\u00f4n b\u1eaft k\u1ecbp xu h\u01b0\u1edbng th\u1ebf gi\u1edbi v\u00e0 t\u1eadp trung v\u00e0o vi\u1ec7c kh\u00e1m ph\u00e1 v\u00e0 th\u1ec3 hi\u1ec7n v\u1ebb \u0111\u1eb9p. Truy\u1ec1n t\u1ea3i n\u0103ng l\u01b0\u1ee3ng t\u00edch c\u1ef1c c\u1ee7a th\u1eddi trang v\u00e0 v\u1ebb \u0111\u1eb9p cho con ng\u01b0\u1eddi hi\u1ec7n \u0111\u1ea1i<\/p>\n<div class=\"QN2lPu\">\n<div style=\"position: relative; width: 100%; padding-bottom: 162.602%;\"><picture class=\"UkIsx8\"><source srcset=\"https:\/\/down-vn.img.susercontent.com\/file\/cn-11134208-7r98o-lyyy4nngvzxe5e@resize_w875_nl.webp 1x, https:\/\/down-vn.img.susercontent.com\/file\/cn-11134208-7r98o-lyyy4nngvzxe5e@resize_w1750_nl.webp 2x\" type=\"image\/webp\" class=\"UkIsx8\"><img decoding=\"async\" width=\"875\" loading=\"lazy\" class=\"uXN1L5 lazyload GqYslU\" srcset=\"https:\/\/down-vn.img.susercontent.com\/file\/cn-11134208-7r98o-lyyy4nngvzxe5e@resize_w875_nl 1x, https:\/\/down-vn.img.susercontent.com\/file\/cn-11134208-7r98o-lyyy4nngvzxe5e@resize_w1750_nl 2x\" src=\"https:\/\/down-vn.img.susercontent.com\/file\/cn-11134208-7r98o-lyyy4nngvzxe5e\" height=\"1423\"><\/picture><\/div>\n<\/div>\n<div class=\"QN2lPu\">\n<div style=\"position: relative; width: 100%; padding-bottom: 181.818%;\"><picture class=\"UkIsx8\"><source srcset=\"https:\/\/down-vn.img.susercontent.com\/file\/cn-11134208-7r98o-luevh9z45z0337@resize_w875_nl.webp 1x, https:\/\/down-vn.img.susercontent.com\/file\/cn-11134208-7r98o-luevh9z45z0337@resize_w1750_nl.webp 2x\" type=\"image\/webp\" class=\"UkIsx8\"><img decoding=\"async\" width=\"875\" loading=\"lazy\" class=\"uXN1L5 lazyload GqYslU\" srcset=\"https:\/\/down-vn.img.susercontent.com\/file\/cn-11134208-7r98o-luevh9z45z0337@resize_w875_nl 1x, https:\/\/down-vn.img.susercontent.com\/file\/cn-11134208-7r98o-luevh9z45z0337@resize_w1750_nl 2x\" src=\"https:\/\/down-vn.img.susercontent.com\/file\/cn-11134208-7r98o-luevh9z45z0337\" height=\"1591\"><\/picture><\/div>\n<\/div>\n<div class=\"QN2lPu\">\n<div style=\"position: relative; width: 100%; padding-bottom: 109.409%;\"><picture class=\"UkIsx8\"><source srcset=\"https:\/\/down-vn.img.susercontent.com\/file\/cn-11134208-7r98o-lnbccte1zyjf14@resize_w875_nl.webp 1x, https:\/\/down-vn.img.susercontent.com\/file\/cn-11134208-7r98o-lnbccte1zyjf14@resize_w1750_nl.webp 2x\" type=\"image\/webp\" class=\"UkIsx8\"><img decoding=\"async\" width=\"875\" loading=\"lazy\" class=\"uXN1L5 lazyload GqYslU\" srcset=\"https:\/\/down-vn.img.susercontent.com\/file\/cn-11134208-7r98o-lnbccte1zyjf14@resize_w875_nl 1x, https:\/\/down-vn.img.susercontent.com\/file\/cn-11134208-7r98o-lnbccte1zyjf14@resize_w1750_nl 2x\" src=\"https:\/\/down-vn.img.susercontent.com\/file\/cn-11134208-7r98o-lnbccte1zyjf14\" height=\"957\"><\/picture><\/div>\n<\/div>\n<div class=\"QN2lPu\">\n<div style=\"position: relative; width: 100%; padding-bottom: 196.078%;\"><picture class=\"UkIsx8\"><source srcset=\"https:\/\/down-vn.img.susercontent.com\/file\/cn-11134208-7r98o-lnbccte21d3v1d@resize_w875_nl.webp 1x, https:\/\/down-vn.img.susercontent.com\/file\/cn-11134208-7r98o-lnbccte21d3v1d@resize_w1750_nl.webp 2x\" type=\"image\/webp\" class=\"UkIsx8\"><img decoding=\"async\" width=\"875\" loading=\"lazy\" class=\"uXN1L5 lazyload GqYslU\" srcset=\"https:\/\/down-vn.img.susercontent.com\/file\/cn-11134208-7r98o-lnbccte21d3v1d@resize_w875_nl 1x, https:\/\/down-vn.img.susercontent.com\/file\/cn-11134208-7r98o-lnbccte21d3v1d@resize_w1750_nl 2x\" src=\"https:\/\/down-vn.img.susercontent.com\/file\/cn-11134208-7r98o-lnbccte21d3v1d\" height=\"1716\"><\/picture><\/div>\n<\/div>\n<div class=\"QN2lPu\">\n<div style=\"position: relative; width: 100%; padding-bottom: 151.976%;\"><picture class=\"UkIsx8\"><source srcset=\"https:\/\/down-vn.img.susercontent.com\/file\/cn-11134208-7r98o-lnbccte22robb4@resize_w875_nl.webp 1x, https:\/\/down-vn.img.susercontent.com\/file\/cn-11134208-7r98o-lnbccte22robb4@resize_w1750_nl.webp 2x\" type=\"image\/webp\" class=\"UkIsx8\"><img decoding=\"async\" width=\"875\" loading=\"lazy\" class=\"uXN1L5 lazyload GqYslU\" srcset=\"https:\/\/down-vn.img.susercontent.com\/file\/cn-11134208-7r98o-lnbccte22robb4@resize_w875_nl 1x, https:\/\/down-vn.img.susercontent.com\/file\/cn-11134208-7r98o-lnbccte22robb4@resize_w1750_nl 2x\" src=\"https:\/\/down-vn.img.susercontent.com\/file\/cn-11134208-7r98o-lnbccte22robb4\" height=\"1330\"><\/picture><\/div>\n<\/div>\n<div class=\"QN2lPu\">\n<div style=\"position: relative; width: 100%; padding-bottom: 181.818%;\"><picture class=\"UkIsx8\"><source srcset=\"https:\/\/down-vn.img.susercontent.com\/file\/cn-11134208-7r98o-lnbccte2468r68@resize_w875_nl.webp 1x, https:\/\/down-vn.img.susercontent.com\/file\/cn-11134208-7r98o-lnbccte2468r68@resize_w1750_nl.webp 2x\" type=\"image\/webp\" class=\"UkIsx8\"><img decoding=\"async\" width=\"875\" loading=\"lazy\" class=\"uXN1L5 lazyload GqYslU\" srcset=\"https:\/\/down-vn.img.susercontent.com\/file\/cn-11134208-7r98o-lnbccte2468r68@resize_w875_nl 1x, https:\/\/down-vn.img.susercontent.com\/file\/cn-11134208-7r98o-lnbccte2468r68@resize_w1750_nl 2x\" src=\"https:\/\/down-vn.img.susercontent.com\/file\/cn-11134208-7r98o-lnbccte2468r68\" height=\"1591\"><\/picture><\/div>\n<\/div>\n<div class=\"QN2lPu\">\n<div style=\"position: relative; width: 100%; padding-bottom: 130.548%;\"><picture class=\"UkIsx8\"><source srcset=\"https:\/\/down-vn.img.susercontent.com\/file\/cn-11134208-7r98o-lnbccte25kt7d9@resize_w875_nl.webp 1x, https:\/\/down-vn.img.susercontent.com\/file\/cn-11134208-7r98o-lnbccte25kt7d9@resize_w1750_nl.webp 2x\" type=\"image\/webp\" class=\"UkIsx8\"><img decoding=\"async\" width=\"875\" loading=\"lazy\" class=\"uXN1L5 lazyload GqYslU\" srcset=\"https:\/\/down-vn.img.susercontent.com\/file\/cn-11134208-7r98o-lnbccte25kt7d9@resize_w875_nl 1x, https:\/\/down-vn.img.susercontent.com\/file\/cn-11134208-7r98o-lnbccte25kt7d9@resize_w1750_nl 2x\" src=\"https:\/\/down-vn.img.susercontent.com\/file\/cn-11134208-7r98o-lnbccte25kt7d9\" height=\"1142\"><\/picture><\/div>\n<\/div>\n<div class=\"QN2lPu\">\n<div style=\"position: relative; width: 100%; padding-bottom: 147.275%;\"><picture class=\"UkIsx8\"><source srcset=\"https:\/\/down-vn.img.susercontent.com\/file\/cn-11134208-7r98o-lnbccte26zdnd1@resize_w875_nl.webp 1x, https:\/\/down-vn.img.susercontent.com\/file\/cn-11134208-7r98o-lnbccte26zdnd1@resize_w1750_nl.webp 2x\" type=\"image\/webp\" class=\"UkIsx8\"><img decoding=\"async\" width=\"875\" loading=\"lazy\" class=\"uXN1L5 lazyload GqYslU\" srcset=\"https:\/\/down-vn.img.susercontent.com\/file\/cn-11134208-7r98o-lnbccte26zdnd1@resize_w875_nl 1x, https:\/\/down-vn.img.susercontent.com\/file\/cn-11134208-7r98o-lnbccte26zdnd1@resize_w1750_nl 2x\" src=\"https:\/\/down-vn.img.susercontent.com\/file\/cn-11134208-7r98o-lnbccte26zdnd1\" height=\"1289\"><\/picture><\/div>\n<\/div>\n<div class=\"QN2lPu\">\n<div style=\"position: relative; width: 100%; padding-bottom: 146.843%;\"><picture class=\"UkIsx8\"><source srcset=\"https:\/\/down-vn.img.susercontent.com\/file\/cn-11134208-7r98o-lnbccte28dy33a@resize_w875_nl.webp 1x, https:\/\/down-vn.img.susercontent.com\/file\/cn-11134208-7r98o-lnbccte28dy33a@resize_w1750_nl.webp 2x\" type=\"image\/webp\" class=\"UkIsx8\"><img decoding=\"async\" width=\"875\" loading=\"lazy\" class=\"uXN1L5 lazyload QSLoEa GqYslU\" srcset=\"https:\/\/down-vn.img.susercontent.com\/file\/cn-11134208-7r98o-lnbccte28dy33a@resize_w875_nl 1x, https:\/\/down-vn.img.susercontent.com\/file\/cn-11134208-7r98o-lnbccte28dy33a@resize_w1750_nl 2x\" src=\"https:\/\/down-vn.img.susercontent.com\/file\/cn-11134208-7r98o-lnbccte28dy33a\" height=\"1285\"><\/picture><\/div>\n<\/div>\n<div class=\"QN2lPu\">\n<div style=\"position: relative; width: 100%; padding-bottom: 191.571%;\"><picture class=\"UkIsx8\"><source srcset=\"https:\/\/down-vn.img.susercontent.com\/file\/cn-11134208-7r98o-luevh9z47dkj73@resize_w875_nl.webp 1x, https:\/\/down-vn.img.susercontent.com\/file\/cn-11134208-7r98o-luevh9z47dkj73@resize_w1750_nl.webp 2x\" type=\"image\/webp\" class=\"UkIsx8\"><img decoding=\"async\" width=\"875\" loading=\"lazy\" class=\"uXN1L5 lazyload QSLoEa GqYslU\" srcset=\"https:\/\/down-vn.img.susercontent.com\/file\/cn-11134208-7r98o-luevh9z47dkj73@resize_w875_nl 1x, https:\/\/down-vn.img.susercontent.com\/file\/cn-11134208-7r98o-luevh9z47dkj73@resize_w1750_nl 2x\" src=\"https:\/\/down-vn.img.susercontent.com\/file\/cn-11134208-7r98o-luevh9z47dkj73\" height=\"1676\"><\/picture><\/div>\n<\/div>\n<div class=\"QN2lPu\">\n<div style=\"position: relative; width: 100%; padding-bottom: 191.571%;\"><picture class=\"UkIsx8\"><source srcset=\"https:\/\/down-vn.img.susercontent.com\/file\/cn-11134208-7r98o-luevh9z48s4zb5@resize_w875_nl.webp 1x, https:\/\/down-vn.img.susercontent.com\/file\/cn-11134208-7r98o-luevh9z48s4zb5@resize_w1750_nl.webp 2x\" type=\"image\/webp\" class=\"UkIsx8\"><img decoding=\"async\" width=\"875\" loading=\"lazy\" class=\"uXN1L5 lazyload QSLoEa GqYslU\" srcset=\"https:\/\/down-vn.img.susercontent.com\/file\/cn-11134208-7r98o-luevh9z48s4zb5@resize_w875_nl 1x, https:\/\/down-vn.img.susercontent.com\/file\/cn-11134208-7r98o-luevh9z48s4zb5@resize_w1750_nl 2x\" src=\"https:\/\/down-vn.img.susercontent.com\/file\/cn-11134208-7r98o-luevh9z48s4zb5\" height=\"1676\"><\/picture><\/div>\n<\/div>\n<div class=\"QN2lPu\">\n<div style=\"position: relative; width: 100%; padding-bottom: 100%;\"><picture class=\"UkIsx8\"><source srcset=\"https:\/\/down-vn.img.susercontent.com\/file\/cn-11134208-7r98o-luevh9z4a6pfd6@resize_w875_nl.webp 1x, https:\/\/down-vn.img.susercontent.com\/file\/cn-11134208-7r98o-luevh9z4a6pfd6@resize_w1750_nl.webp 2x\" type=\"image\/webp\" class=\"UkIsx8\"><img decoding=\"async\" width=\"875\" loading=\"lazy\" class=\"uXN1L5 lazyload QSLoEa GqYslU\" srcset=\"https:\/\/down-vn.img.susercontent.com\/file\/cn-11134208-7r98o-luevh9z4a6pfd6@resize_w875_nl 1x, https:\/\/down-vn.img.susercontent.com\/file\/cn-11134208-7r98o-luevh9z4a6pfd6@resize_w1750_nl 2x\" src=\"https:\/\/down-vn.img.susercontent.com\/file\/cn-11134208-7r98o-luevh9z4a6pfd6\" height=\"875\"><\/picture><\/div>\n<\/div>\n<p class=\"QN2lPu\">\n<p class=\"QN2lPu\">1. Ph\u1ea5n n\u01b0\u1edbng \u1edf nhi\u1ec7t \u0111\u1ed9 kh\u00f4ng \u0111\u1ed5i, m\u1ecbn v\u00e0 m\u1ecfng, kh\u00f4ng b\u1ecb k\u1eb9t, \u0111\u01b0\u1eddng k\u00ednh c\u1ee7a ph\u1ea5n l\u00e0 9 micron<\/p>\n<p class=\"QN2lPu\">2. L\u1edbp trang \u0111i\u1ec3m l\u00e2u tr\u00f4i su\u1ed1t 12 gi\u1edd m\u00e0 kh\u00f4ng b\u1ecb kh\u00f4, tinh ch\u1ea5t ki\u1ec3m so\u00e1t th\u00f4ng minh EPS c\u1ee7a Ph\u00e1p, c\u00e2n b\u1eb1ng n\u01b0\u1edbc v\u00e0 d\u1ea7u nh\u1eadp kh\u1ea9u, kh\u00f3a n\u01b0\u1edbc, ki\u1ec3m so\u00e1t ti\u1ebft d\u1ea7u m\u00e0 v\u1eabn duy tr\u00ec \u0111\u1ed9 \u1ea9m cho da, l\u1edbp trang \u0111i\u1ec3m kh\u00f4ng b\u1ecb b\u00f3ng d\u1ea7u hay kh\u00f4 r\u00e1p.<\/p>\n<p class=\"QN2lPu\">3. \u0110\u01b0\u1ee3c ki\u1ec3m ch\u1ee9ng b\u1edfi t\u1ed5 ch\u1ee9c c\u00f3 th\u1ea9m quy\u1ec1n, kh\u00f4ng g\u00e2y m\u1ee5n sau 28 ng\u00e0y s\u1eed d\u1ee5ng, c\u00f3 kh\u1ea3 n\u0103ng ki\u1ec1m d\u1ea7u v\u00e0 gi\u1eef l\u1edbp trang \u0111i\u1ec3m trong 12 gi\u1edd<\/p>\n<p class=\"QN2lPu\">4. C\u00f4ng ngh\u1ec7 h\u00fat d\u1ea7u t\u1eeb t\u00ednh nh\u1eadp kh\u1ea9u, h\u00fat d\u1ea7u \u0111\u1ecbnh h\u01b0\u1edbng 12 gi\u1edd m\u00e0 kh\u00f4ng c\u1ea7n trang \u0111i\u1ec3m l\u1ea1i, ph\u1ea5n h\u00fat d\u1ea7u \u0111\u1ecbnh h\u01b0\u1edbng, h\u00fat d\u1ea7u th\u1eeba tr\u00ean da, h\u00fat d\u1ea7u li\u00ean t\u1ee5c 3.5 l\u1ea7n, h\u00ecnh c\u1ea7u r\u1ed7ng x\u1ed1p, ch\u1ec9 h\u00fat d\u1ea7u ch\u1ee9 kh\u00f4ng h\u00fat l\u1edbp trang \u0111i\u1ec3m, kh\u00f3a l\u1edbp n\u1ec1n trang \u0111i\u1ec3m nh\u01b0 l\u1ef1c t\u1eeb<\/p>\n<p class=\"QN2lPu\">5. Qu\u00e1 tr\u00ecnh baking \u1edf nhi\u1ec7t \u0111\u1ed9 kh\u00f4ng \u0111\u1ed5i trong 48 gi\u1edd, c\u00f4ng ngh\u1ec7 nghi\u1ec1n m\u1ecbn 360, c\u00f4ng ngh\u1ec7 \u0111\u00e3 \u0111\u01b0\u1ee3c c\u1ea5p b\u1eb1ng s\u00e1ng ch\u1ebf, ch\u1ed1ng th\u1ea5m n\u01b0\u1edbc v\u00e0 m\u1ed3 h\u00f4i, che ph\u1ee7 l\u1edbp trang \u0111i\u1ec3m 12 gi\u1edd, ph\u1ea5n nam ch\u00e2m \u0111en c\u00f3 th\u1ec3 ch\u1ed1ng d\u1ea7u v\u00e0 n\u01b0\u1edbc trong m\u1ed3 h\u00f4i, 12 gi\u1edd kh\u00f3a l\u1edbp trang \u0111i\u1ec3m m\u00e0 kh\u00f4ng b\u1ecb x\u00ea d\u1ecbch.<\/p>\n<p class=\"QN2lPu\">6. M\u00e0n l\u01b0\u1edbi m\u1ecbn hai l\u1edbp, l\u1edbp trong l\u00e0 t\u01b0\u01a1i tr\u1ebb, l\u1edbp ngo\u00e0i l\u00e0 ph\u1ea5n ch\u1ed1ng bay; M\u00fat h\u00ecnh gi\u1ecdt n\u01b0\u1edbc th\u00e2n m\u1eadt, ch\u1ea1m nh\u1eb9 v\u00e0o da, b\u00e1m ph\u1ea5n ch\u1eafc ch\u1eafn, ch\u0103m s\u00f3c m\u0169i v\u00e0 c\u00e1c chi ti\u1ebft kh\u00e1c.<\/p>\n<p class=\"QN2lPu\">\n<p class=\"QN2lPu\">Th\u01b0\u01a1ng hi\u1ec7u: Carslan<\/p>\n<p class=\"QN2lPu\">Xu\u1ea5t x\u1ee9: s\u1ea3n xu\u1ea5t t\u1ea1i Trung Qu\u1ed1c<\/p>\n<p class=\"QN2lPu\">M\u00e0u s\u1eafc\uff1a 1<\/p>\n<p class=\"QN2lPu\">Th\u1eddi h\u1ea1n s\u1eed d\u1ee5ng: 36 th\u00e1ng<\/p>\n<p class=\"QN2lPu\">L\u01b0u \u00fd: Do \u0111i\u1ec1u ki\u1ec7n \u00e1nh s\u00e1ng v\u00e0 ch\u1ebf \u0111\u1ed9 c\u00e0i \u0111\u1eb7t m\u00e0n h\u00ecnh n\u00ean m\u00e0u s\u1eafc th\u1ef1c t\u1ebf c\u1ee7a s\u1ea3n ph\u1ea9m s\u1ebd c\u00f3 \u0111\u00f4i ch\u00fat kh\u00e1c bi\u1ec7t v\u1edbi h\u00ecnh ch\u1ee5p. <\/p>\n<p class=\"QN2lPu\">\n<p class=\"QN2lPu\">G\u00f3i h\u00e0ng bao g\u1ed3m: <\/p>\n<p class=\"QN2lPu\">1 * Ph\u1ea5n ph\u1ee7<\/p>\n<p class=\"QN2lPu\">1 * M\u00fat <\/p>\n<p class=\"QN2lPu\">\n<p class=\"QN2lPu\">H\u01b0\u1edbng d\u1eabn b\u1ea3o qu\u1ea3n: \u0111\u1ec3 n\u01a1i tho\u00e1ng m\u00e1t, tr\u00e1nh \u00e1nh n\u1eafng m\u1eb7t tr\u1eddi<\/p>\n<p class=\"QN2lPu\">\n<p class=\"QN2lPu\">H\u01b0\u1edbng d\u1eabn:<\/p>\n<p class=\"QN2lPu\">D\u00f9ng c\u1ecd ho\u1eb7c m\u00fat nh\u00fang nh\u1eb9 v\u00e0o ph\u1ea5n r\u1ed3i thoa \u0111\u1ec1u l\u00ean m\u1eb7t.<\/p>\n<p class=\"QN2lPu\">\n<p class=\"QN2lPu\">\n<p class=\"QN2lPu\">Th\u00e0nh ph\u1ea7n:<\/p>\n<p class=\"QN2lPu\">&#8220;Polymethylsiloxane&#8221;,&#8221;(CI 77891, Mica)&#8221;,&#8221;(Triethoxyoctylsilane, Mica)&#8221;,&#8221;CI 77891&#8243;,&#8221;(Triethoxyoctyl) Silane,silica)&#8221;,&#8221;polymethylmethacrylate&#8221;,&#8221;cyclopentadimethylsiloxane&#8221;,&#8221;magnesium stearate&#8221;,&#8221;cao lanh&#8221;,&#8221;(ethylhexylglycerol, phenoxyethanol)&#8221; ,&#8221;CI 77492&#8243;,&#8221;CI 77491&#8243;]\n<\/div>\n","protected":false},"excerpt":{"rendered":"<p>C\u1eeda h\u00e0ng ch\u00ednh h\u00e3ng Carslan L\u00e0 m\u1ed9t th\u01b0\u01a1ng hi\u1ec7u m\u1ef9 ph\u1ea9m h\u00e0ng \u0111\u1ea7u t\u1ea1i Trung Qu\u1ed1c, Carslan lu\u00f4n b\u1eaft k\u1ecbp xu h\u01b0\u1edbng th\u1ebf gi\u1edbi v\u00e0 t\u1eadp trung v\u00e0o vi\u1ec7c kh\u00e1m ph\u00e1 v\u00e0 th\u1ec3 hi\u1ec7n v\u1ebb \u0111\u1eb9p. Truy\u1ec1n t\u1ea3i n\u0103ng l\u01b0\u1ee3ng t\u00edch c\u1ef1c c\u1ee7a th\u1eddi trang v\u00e0 v\u1ebb \u0111\u1eb9p cho con ng\u01b0\u1eddi hi\u1ec7n \u0111\u1ea1i 1. Ph\u1ea5n&#8230;<\/p>\n","protected":false},"featured_media":13875,"comment_status":"open","ping_status":"closed","template":"","meta":[],"product_brand":[1536],"product_cat":[1212],"product_tag":[],"class_list":{"0":"post-13808","1":"product","2":"type-product","3":"status-publish","4":"has-post-thumbnail","6":"product_brand-carslan","7":"product_cat-mat-phan-phu","9":"first","10":"instock","11":"sale","12":"shipping-taxable","13":"purchasable","14":"product-type-variable"},"_links":{"self":[{"href":"https:\/\/web-ban-le.mbws.vn\/sac-dep\/wp-json\/wp\/v2\/product\/13808","targetHints":{"allow":["GET"]}}],"collection":[{"href":"https:\/\/web-ban-le.mbws.vn\/sac-dep\/wp-json\/wp\/v2\/product"}],"about":[{"href":"https:\/\/web-ban-le.mbws.vn\/sac-dep\/wp-json\/wp\/v2\/types\/product"}],"replies":[{"embeddable":true,"href":"https:\/\/web-ban-le.mbws.vn\/sac-dep\/wp-json\/wp\/v2\/comments?post=13808"}],"wp:featuredmedia":[{"embeddable":true,"href":"https:\/\/web-ban-le.mbws.vn\/sac-dep\/wp-json\/wp\/v2\/media\/13875"}],"wp:attachment":[{"href":"https:\/\/web-ban-le.mbws.vn\/sac-dep\/wp-json\/wp\/v2\/media?parent=13808"}],"wp:term":[{"taxonomy":"product_brand","embeddable":true,"href":"https:\/\/web-ban-le.mbws.vn\/sac-dep\/wp-json\/wp\/v2\/product_brand?post=13808"},{"taxonomy":"product_cat","embeddable":true,"href":"https:\/\/web-ban-le.mbws.vn\/sac-dep\/wp-json\/wp\/v2\/product_cat?post=13808"},{"taxonomy":"product_tag","embeddable":true,"href":"https:\/\/web-ban-le.mbws.vn\/sac-dep\/wp-json\/wp\/v2\/product_tag?post=13808"}],"curies":[{"name":"wp","href":"https:\/\/api.w.org\/{rel}","templated":true}]}}