{"id":13955,"date":"2025-10-24T09:36:16","date_gmt":"2025-10-24T02:36:16","guid":{"rendered":"https:\/\/web-ban-le.mbws.vn\/sac-dep\/?post_type=product&#038;p=13955"},"modified":"2025-11-04T13:31:59","modified_gmt":"2025-11-04T06:31:59","slug":"serum-duong-moi-carslan-lam-sang-da-chong-nep-nhan-hieu-qua-1g","status":"publish","type":"product","link":"https:\/\/web-ban-le.mbws.vn\/sac-dep\/san-pham\/serum-duong-moi-carslan-lam-sang-da-chong-nep-nhan-hieu-qua-1g\/","title":{"rendered":"Serum d\u01b0\u1ee1ng m\u00f4i CARSLAN l\u00e0m s\u00e1ng da ch\u1ed1ng n\u1ebfp nh\u0103n hi\u1ec7u qu\u1ea3 1g"},"content":{"rendered":"<div class=\"e8lZp3\">\n<p class=\"QN2lPu\">C\u1eeda h\u00e0ng ch\u00ednh th\u1ee9c c\u1ee7a Carslan<\/p>\n<p class=\"QN2lPu\">\n<p class=\"QN2lPu\">L\u00e0 th\u01b0\u01a1ng hi\u1ec7u m\u1ef9 ph\u1ea9m h\u00e0ng \u0111\u1ea7u t\u1ea1i Trung Qu\u1ed1c , Carslan b\u1eaft k\u1ecbp xu h\u01b0\u1edbng th\u1ebf gi\u1edbi v\u00e0 t\u1eadp trung v\u00e0o vi\u1ec7c kh\u00e1m ph\u00e1 v\u00e0 th\u1ec3 hi\u1ec7n v\u1ebb \u0111\u1eb9p . Truy\u1ec1n t\u1ea3i n\u0103ng l\u01b0\u1ee3ng t\u00edch c\u1ef1c c\u1ee7a th\u1eddi trang v\u00e0 v\u1ebb \u0111\u1eb9p cho con ng\u01b0\u1eddi hi\u1ec7n \u0111\u1ea1i<\/p>\n<p class=\"QN2lPu\">\n<p class=\"QN2lPu\">Tinh ch\u1ea5t nu\u00f4i d\u01b0\u1ee1ng<\/p>\n<p class=\"QN2lPu\">L\u00e0m m\u1edd n\u1ebfp nh\u0103n m\u00f4i trong 28 ng\u00e0y<\/p>\n<p class=\"QN2lPu\">Serum d\u01b0\u1ee1ng m\u00f4i m\u00e0u Carslan<\/p>\n<div class=\"QN2lPu\">\n<div style=\"position: relative; width: 100%; padding-bottom: 100%;\"><picture class=\"UkIsx8\"><source srcset=\"https:\/\/down-vn.img.susercontent.com\/file\/cn-11134208-7qukw-lhg1t2licg6ba7@resize_w875_nl.webp 1x, https:\/\/down-vn.img.susercontent.com\/file\/cn-11134208-7qukw-lhg1t2licg6ba7@resize_w1750_nl.webp 2x\" type=\"image\/webp\" class=\"UkIsx8\"><img decoding=\"async\" width=\"875\" loading=\"lazy\" class=\"uXN1L5 lazyload GqYslU\" srcset=\"https:\/\/down-vn.img.susercontent.com\/file\/cn-11134208-7qukw-lhg1t2licg6ba7@resize_w875_nl 1x, https:\/\/down-vn.img.susercontent.com\/file\/cn-11134208-7qukw-lhg1t2licg6ba7@resize_w1750_nl 2x\" src=\"https:\/\/down-vn.img.susercontent.com\/file\/cn-11134208-7qukw-lhg1t2licg6ba7\" height=\"875\"><\/picture><\/div>\n<\/div>\n<div class=\"QN2lPu\">\n<div style=\"position: relative; width: 100%; padding-bottom: 100%;\"><picture class=\"UkIsx8\"><source srcset=\"https:\/\/down-vn.img.susercontent.com\/file\/cn-11134208-7qukw-lhg1t2lib1lvd9@resize_w875_nl.webp 1x, https:\/\/down-vn.img.susercontent.com\/file\/cn-11134208-7qukw-lhg1t2lib1lvd9@resize_w1750_nl.webp 2x\" type=\"image\/webp\" class=\"UkIsx8\"><img decoding=\"async\" width=\"875\" loading=\"lazy\" class=\"uXN1L5 lazyload GqYslU\" srcset=\"https:\/\/down-vn.img.susercontent.com\/file\/cn-11134208-7qukw-lhg1t2lib1lvd9@resize_w875_nl 1x, https:\/\/down-vn.img.susercontent.com\/file\/cn-11134208-7qukw-lhg1t2lib1lvd9@resize_w1750_nl 2x\" src=\"https:\/\/down-vn.img.susercontent.com\/file\/cn-11134208-7qukw-lhg1t2lib1lvd9\" height=\"875\"><\/picture><\/div>\n<\/div>\n<div class=\"QN2lPu\">\n<div style=\"position: relative; width: 100%; padding-bottom: 100%;\"><picture class=\"UkIsx8\"><source srcset=\"https:\/\/down-vn.img.susercontent.com\/file\/cn-11134208-7qukw-lhg1t2li9n1f5d@resize_w875_nl.webp 1x, https:\/\/down-vn.img.susercontent.com\/file\/cn-11134208-7qukw-lhg1t2li9n1f5d@resize_w1750_nl.webp 2x\" type=\"image\/webp\" class=\"UkIsx8\"><img decoding=\"async\" width=\"875\" loading=\"lazy\" class=\"uXN1L5 lazyload GqYslU\" srcset=\"https:\/\/down-vn.img.susercontent.com\/file\/cn-11134208-7qukw-lhg1t2li9n1f5d@resize_w875_nl 1x, https:\/\/down-vn.img.susercontent.com\/file\/cn-11134208-7qukw-lhg1t2li9n1f5d@resize_w1750_nl 2x\" src=\"https:\/\/down-vn.img.susercontent.com\/file\/cn-11134208-7qukw-lhg1t2li9n1f5d\" height=\"875\"><\/picture><\/div>\n<\/div>\n<div class=\"QN2lPu\">\n<div style=\"position: relative; width: 100%; padding-bottom: 116.686%;\"><picture class=\"UkIsx8\"><source srcset=\"https:\/\/down-vn.img.susercontent.com\/file\/cn-11134208-7qukw-lhfwozd6qaam9d@resize_w875_nl.webp 1x, https:\/\/down-vn.img.susercontent.com\/file\/cn-11134208-7qukw-lhfwozd6qaam9d@resize_w1750_nl.webp 2x\" type=\"image\/webp\" class=\"UkIsx8\"><img decoding=\"async\" width=\"875\" loading=\"lazy\" class=\"uXN1L5 lazyload GqYslU\" srcset=\"https:\/\/down-vn.img.susercontent.com\/file\/cn-11134208-7qukw-lhfwozd6qaam9d@resize_w875_nl 1x, https:\/\/down-vn.img.susercontent.com\/file\/cn-11134208-7qukw-lhfwozd6qaam9d@resize_w1750_nl 2x\" src=\"https:\/\/down-vn.img.susercontent.com\/file\/cn-11134208-7qukw-lhfwozd6qaam9d\" height=\"1021\"><\/picture><\/div>\n<\/div>\n<div class=\"QN2lPu\">\n<div style=\"position: relative; width: 100%; padding-bottom: 116.686%;\"><picture class=\"UkIsx8\"><source srcset=\"https:\/\/down-vn.img.susercontent.com\/file\/cn-11134208-7qukw-lhfwozd6m2lab6@resize_w875_nl.webp 1x, https:\/\/down-vn.img.susercontent.com\/file\/cn-11134208-7qukw-lhfwozd6m2lab6@resize_w1750_nl.webp 2x\" type=\"image\/webp\" class=\"UkIsx8\"><img decoding=\"async\" width=\"875\" loading=\"lazy\" class=\"uXN1L5 lazyload GqYslU\" srcset=\"https:\/\/down-vn.img.susercontent.com\/file\/cn-11134208-7qukw-lhfwozd6m2lab6@resize_w875_nl 1x, https:\/\/down-vn.img.susercontent.com\/file\/cn-11134208-7qukw-lhfwozd6m2lab6@resize_w1750_nl 2x\" src=\"https:\/\/down-vn.img.susercontent.com\/file\/cn-11134208-7qukw-lhfwozd6m2lab6\" height=\"1021\"><\/picture><\/div>\n<\/div>\n<div class=\"QN2lPu\">\n<div style=\"position: relative; width: 100%; padding-bottom: 100%;\"><picture class=\"UkIsx8\"><source srcset=\"https:\/\/down-vn.img.susercontent.com\/file\/cn-11134208-7qukw-lhfwozd6t3fi1b@resize_w875_nl.webp 1x, https:\/\/down-vn.img.susercontent.com\/file\/cn-11134208-7qukw-lhfwozd6t3fi1b@resize_w1750_nl.webp 2x\" type=\"image\/webp\" class=\"UkIsx8\"><img decoding=\"async\" width=\"875\" loading=\"lazy\" class=\"uXN1L5 lazyload GqYslU\" srcset=\"https:\/\/down-vn.img.susercontent.com\/file\/cn-11134208-7qukw-lhfwozd6t3fi1b@resize_w875_nl 1x, https:\/\/down-vn.img.susercontent.com\/file\/cn-11134208-7qukw-lhfwozd6t3fi1b@resize_w1750_nl 2x\" src=\"https:\/\/down-vn.img.susercontent.com\/file\/cn-11134208-7qukw-lhfwozd6t3fi1b\" height=\"875\"><\/picture><\/div>\n<\/div>\n<div class=\"QN2lPu\">\n<div style=\"position: relative; width: 100%; padding-bottom: 100%;\"><picture class=\"UkIsx8\"><source srcset=\"https:\/\/down-vn.img.susercontent.com\/file\/cn-11134208-7qukw-lhfwozd6rov2bc@resize_w875_nl.webp 1x, https:\/\/down-vn.img.susercontent.com\/file\/cn-11134208-7qukw-lhfwozd6rov2bc@resize_w1750_nl.webp 2x\" type=\"image\/webp\" class=\"UkIsx8\"><img decoding=\"async\" width=\"875\" loading=\"lazy\" class=\"uXN1L5 lazyload QSLoEa GqYslU\" srcset=\"https:\/\/down-vn.img.susercontent.com\/file\/cn-11134208-7qukw-lhfwozd6rov2bc@resize_w875_nl 1x, https:\/\/down-vn.img.susercontent.com\/file\/cn-11134208-7qukw-lhfwozd6rov2bc@resize_w1750_nl 2x\" src=\"https:\/\/down-vn.img.susercontent.com\/file\/cn-11134208-7qukw-lhfwozd6rov2bc\" height=\"875\"><\/picture><\/div>\n<\/div>\n<p class=\"QN2lPu\">\n<p class=\"QN2lPu\">Th\u01b0\u01a1ng hi\u1ec7u \u201c CARSLAN<\/p>\n<p class=\"QN2lPu\">Xu\u1ea5t x\u1ee9 \u201c S\u1ea3n xu\u1ea5t t\u1ea1i Trung Qu\u1ed1c<\/p>\n<p class=\"QN2lPu\">Kh\u1ed1i l\u01b0\u1ee3ng t\u1ecbnh &#8216; 1g<\/p>\n<p class=\"QN2lPu\">Th\u1eddi h\u1ea1n s\u1eed d\u1ee5ng &#8216; 36 th\u00e1ng<\/p>\n<p class=\"QN2lPu\">L\u01b0u \u00fd &#8221; Do s\u1ef1 kh\u00e1c bi\u1ec7t gi\u1eefa c\u00e1c m\u00e0n h\u00ecnh kh\u00e1c nhau , h\u00ecnh \u1ea3nh c\u00f3 th\u1ec3 kh\u00f4ng ph\u1ea3n \u00e1nh m\u00e0u s\u1eafc th\u1ef1c t\u1ebf c\u1ee7a m\u1eb7t h\u00e0ng . Ch\u00fang t\u00f4i \u0111\u1ea3m b\u1ea3o phong c\u00e1ch gi\u1ed1ng nh\u01b0 trong h\u00ecnh \u1ea3nh . C\u1ea3m \u01a1n b\u1ea1n<\/p>\n<p class=\"QN2lPu\">\n<p class=\"QN2lPu\">\u0110\u00f3ng g\u00f3i :  <\/p>\n<p class=\"QN2lPu\">1x Serum d\u01b0\u1ee1ng m\u00f4i mini 1g<\/p>\n<p class=\"QN2lPu\">\n<p class=\"QN2lPu\">H\u01b0\u1edbng d\u1eabn &#8216; <\/p>\n<p class=\"QN2lPu\">\u00c1p d\u1ee5ng t\u1eeb gi\u1eefa ra ngo\u00e0i \u0111\u1ec3 c\u00f3 m\u1ed9t c\u00e1i nh\u00ecn t\u1ef1 nhi\u00ean. ti\u1ebfp t\u1ee5c l\u1edbp \u0111\u1ec3 x\u00e2y d\u1ef1ng \u0111\u1ebfn c\u01b0\u1eddng \u0111\u1ed9 mong mu\u1ed1n<\/p>\n<p class=\"QN2lPu\">\n<p class=\"QN2lPu\">H\u01b0\u1edbng d\u1eabn b\u1ea3o qu\u1ea3n &#8211; n\u01a1i tho\u00e1ng m\u00e1t , tr\u00e1nh \u00e1nh n\u1eafng m\u1eb7t tr\u1eddi<\/p>\n<\/div>\n","protected":false},"excerpt":{"rendered":"<p>C\u1eeda h\u00e0ng ch\u00ednh th\u1ee9c c\u1ee7a Carslan L\u00e0 th\u01b0\u01a1ng hi\u1ec7u m\u1ef9 ph\u1ea9m h\u00e0ng \u0111\u1ea7u t\u1ea1i Trung Qu\u1ed1c , Carslan b\u1eaft k\u1ecbp xu h\u01b0\u1edbng th\u1ebf gi\u1edbi v\u00e0 t\u1eadp trung v\u00e0o vi\u1ec7c kh\u00e1m ph\u00e1 v\u00e0 th\u1ec3 hi\u1ec7n v\u1ebb \u0111\u1eb9p . Truy\u1ec1n t\u1ea3i n\u0103ng l\u01b0\u1ee3ng t\u00edch c\u1ef1c c\u1ee7a th\u1eddi trang v\u00e0 v\u1ebb \u0111\u1eb9p cho con ng\u01b0\u1eddi hi\u1ec7n \u0111\u1ea1i Tinh&#8230;<\/p>\n","protected":false},"featured_media":14001,"comment_status":"open","ping_status":"closed","template":"","meta":[],"product_brand":[1536],"product_cat":[1298],"product_tag":[],"class_list":{"0":"post-13955","1":"product","2":"type-product","3":"status-publish","4":"has-post-thumbnail","6":"product_brand-carslan","7":"product_cat-duong-moi-son-duong-moi","9":"first","10":"instock","11":"sale","12":"shipping-taxable","13":"purchasable","14":"product-type-variable"},"_links":{"self":[{"href":"https:\/\/web-ban-le.mbws.vn\/sac-dep\/wp-json\/wp\/v2\/product\/13955","targetHints":{"allow":["GET"]}}],"collection":[{"href":"https:\/\/web-ban-le.mbws.vn\/sac-dep\/wp-json\/wp\/v2\/product"}],"about":[{"href":"https:\/\/web-ban-le.mbws.vn\/sac-dep\/wp-json\/wp\/v2\/types\/product"}],"replies":[{"embeddable":true,"href":"https:\/\/web-ban-le.mbws.vn\/sac-dep\/wp-json\/wp\/v2\/comments?post=13955"}],"wp:featuredmedia":[{"embeddable":true,"href":"https:\/\/web-ban-le.mbws.vn\/sac-dep\/wp-json\/wp\/v2\/media\/14001"}],"wp:attachment":[{"href":"https:\/\/web-ban-le.mbws.vn\/sac-dep\/wp-json\/wp\/v2\/media?parent=13955"}],"wp:term":[{"taxonomy":"product_brand","embeddable":true,"href":"https:\/\/web-ban-le.mbws.vn\/sac-dep\/wp-json\/wp\/v2\/product_brand?post=13955"},{"taxonomy":"product_cat","embeddable":true,"href":"https:\/\/web-ban-le.mbws.vn\/sac-dep\/wp-json\/wp\/v2\/product_cat?post=13955"},{"taxonomy":"product_tag","embeddable":true,"href":"https:\/\/web-ban-le.mbws.vn\/sac-dep\/wp-json\/wp\/v2\/product_tag?post=13955"}],"curies":[{"name":"wp","href":"https:\/\/api.w.org\/{rel}","templated":true}]}}