{"id":14012,"date":"2025-10-24T09:36:41","date_gmt":"2025-10-24T02:36:41","guid":{"rendered":"https:\/\/web-ban-le.mbws.vn\/sac-dep\/?post_type=product&#038;p=14012"},"modified":"2025-11-04T13:31:58","modified_gmt":"2025-11-04T06:31:58","slug":"phan-ma-hong-carslan-6-mau-thoi-trang-cao-cap-tuy-chon-5-5g","status":"publish","type":"product","link":"https:\/\/web-ban-le.mbws.vn\/sac-dep\/san-pham\/phan-ma-hong-carslan-6-mau-thoi-trang-cao-cap-tuy-chon-5-5g\/","title":{"rendered":"Ph\u1ea5n m\u00e1 h\u1ed3ng CARSLAN 6 m\u00e0u th\u1eddi trang cao c\u1ea5p t\u00f9y ch\u1ecdn 5.5g"},"content":{"rendered":"<div class=\"e8lZp3\">\n<p class=\"QN2lPu\">Th\u1eddi gian giao h\u00e0ng d\u1ef1 ki\u1ebfn cho s\u1ea3n ph\u1ea9m n\u00e0y l\u00e0 t\u1eeb 7-9 ng\u00e0y<\/p>\n<p class=\"QN2lPu\">\n<p class=\"QN2lPu\">C\u1eeda h\u00e0ng ch\u00ednh h\u00e3ng c\u1ee7a Carslan<\/p>\n<p class=\"QN2lPu\">L\u00e0 m\u1ed9t th\u01b0\u01a1ng hi\u1ec7u m\u1ef9 ph\u1ea9m h\u00e0ng \u0111\u1ea7u t\u1ea1i Trung Qu\u00f4\u0301c, Carslan theo xu h\u01b0\u1edbng th\u1ebf gi\u1edbi v\u00e0 t\u1eadp trung v\u00e0o vi\u1ec7c kh\u00e1m ph\u00e1 v\u00e0 th\u1ec3 hi\u1ec7n v\u1ebb \u0111\u1eb9p. \u0110\u1ec3 truy\u1ec1n t\u1ea3i n\u0103ng l\u01b0\u1ee3ng t\u00edch c\u1ef1c c\u1ee7a th\u1eddi trang v\u00e0 v\u1ebb \u0111\u1eb9p cho ng\u01b0\u1eddi hi\u1ec7n \u0111\u1ea1i<\/p>\n<p class=\"QN2lPu\">4 lo\u1ea1i s\u1ed1 m\u00e0u \u0111\u1ec3 l\u1ef1a ch\u1ecdn, 4 lo\u1ea1i b\u00f3ng t\u00f9y ch\u1ec9nh, kh\u00f4i ph\u1ee5c c\u1ea3m gi\u00e1c nh\u1eb9 nh\u00e0ng c\u1ee7a c\u00f4 g\u00e1i.<\/p>\n<p class=\"QN2lPu\">Hoa v\u0103n c\u00e1 ti\u0301nh, si\u00eau tr\u1ebb v\u00e0 \u0111\u1eb9p.<\/p>\n<p class=\"QN2lPu\">Trang \u0111i\u1ec3m tinh t\u1ebf, ch\u1ecdn lo\u1ea1i b\u1ed9t si\u00eau m\u1ecbn, kh\u00f4ng d\u1ec5 v\u00f3n c\u1ee5c, c\u0103ng da, l\u00e2u tr\u00f4i h\u01a1n.<\/p>\n<p class=\"QN2lPu\">M\u01b0\u1ee3t v\u00e0 d\u01b0\u1ee1ng \u1ea9m, b\u1ed5 sung c\u00e1c th\u00e0nh ph\u1ea7n d\u01b0\u1ee1ng \u1ea9m \u0111\u1ec3 ph\u1ee5c h\u1ed3i tr\u01b0\u1ee3t tuy\u1ebft n\u1eef t\u00ednh m\u01b0\u1ee3t m\u00e0 v\u00e0 m\u1ec1m m\u1ea1i <\/p>\n<p class=\"QN2lPu\">Xu\u1ea5t x\u1ee9: S\u1ea3n xu\u1ea5t t\u1ea1i Trung Qu\u00f4\u0301c <\/p>\n<p class=\"QN2lPu\">M\u00e0u s\u1eafc: 4<\/p>\n<p class=\"QN2lPu\">M\u00f4 ta\u0309 sa\u0309n ph\u00e2\u0309m: th\u00f4ng th\u01b0\u1eddng <\/p>\n<p class=\"QN2lPu\">M\u1ef9 ph\u1ea9m chuy\u00ean d\u1ee5ng: Kh\u00f4ng <\/p>\n<p class=\"QN2lPu\">Th\u1eddi h\u1ea1n s\u01b0\u0309 du\u0323ng: 36 th\u00e1ng<\/p>\n<p class=\"QN2lPu\">L\u01b0u \u00fd: Do hi\u1ec7u \u1ee9ng \u00e1nh s\u00e1ng m\u00e0n h\u00ecnh, M\u00e0u s\u1eafc s\u1ea3n ph\u1ea9m th\u1ef1c t\u1ebf th\u1eadt c\u00f3 th\u1ec3 c\u00f3 \u0111\u00f4i ch\u00fat ch\u00eanh l\u1ec7ch..<\/p>\n<p class=\"QN2lPu\">G\u00f3i h\u00e0ng bao g\u1ed3m:<\/p>\n<p class=\"QN2lPu\">1 * ph\u1ea5n m\u00e1 h\u1ed3ng<\/p>\n<p class=\"QN2lPu\">H\u01b0\u1edbng d\u1eabn s\u01b0\u0309 du\u0323ng: <\/p>\n<p class=\"QN2lPu\">Nh\u00fang m\u1ed9t \u00edt ph\u1ea5n m\u00e1 h\u1ed3ng b\u1eb1ng c\u1ecd, sau \u0111\u00f3 nh\u1eb9 nh\u00e0ng qu\u00e9t l\u00ean m\u1eb7t<\/p>\n<p class=\"QN2lPu\">H\u01b0\u1edbng d\u1eabn b\u1ea3o qu\u1ea3n: \u0111\u1eb7t \u1edf n\u01a1i tho\u00e1ng m\u00e1t, tr\u00e1nh \u00e1nh n\u1eafng m\u1eb7t tr\u1eddi<\/p>\n<p class=\"QN2lPu\">Th\u00e0nh ph\u1ea7n:<\/p>\n<p class=\"QN2lPu\">&#8220;Talc&#8221;, &#8220;(Talc, Triethoxyoctylsilane)&#8221;, &#8220;(Triethoxyoctylsilane, Mica)&#8221;, &#8220;Barium Sulfate&#8221;, &#8220;(Tocopherol Acetate, Phytosterols, Pentaerythritol tetrakis (bis-tert-butyl hydroxyhydrocinnamic acid), sterhexyl palmhexicone, palmhexicone, palmvicone Polydimethylsiloxan) &#8220;<\/p>\n<\/div>\n","protected":false},"excerpt":{"rendered":"<p>Th\u1eddi gian giao h\u00e0ng d\u1ef1 ki\u1ebfn cho s\u1ea3n ph\u1ea9m n\u00e0y l\u00e0 t\u1eeb 7-9 ng\u00e0y C\u1eeda h\u00e0ng ch\u00ednh h\u00e3ng c\u1ee7a Carslan L\u00e0 m\u1ed9t th\u01b0\u01a1ng hi\u1ec7u m\u1ef9 ph\u1ea9m h\u00e0ng \u0111\u1ea7u t\u1ea1i Trung Qu\u00f4\u0301c, Carslan theo xu h\u01b0\u1edbng th\u1ebf gi\u1edbi v\u00e0 t\u1eadp trung v\u00e0o vi\u1ec7c kh\u00e1m ph\u00e1 v\u00e0 th\u1ec3 hi\u1ec7n v\u1ebb \u0111\u1eb9p. \u0110\u1ec3 truy\u1ec1n t\u1ea3i n\u0103ng l\u01b0\u1ee3ng t\u00edch&#8230;<\/p>\n","protected":false},"featured_media":14080,"comment_status":"open","ping_status":"closed","template":"","meta":[],"product_brand":[1536],"product_cat":[1305],"product_tag":[],"class_list":{"0":"post-14012","1":"product","2":"type-product","3":"status-publish","4":"has-post-thumbnail","6":"product_brand-carslan","7":"product_cat-mat-phan-ma","9":"first","10":"instock","11":"sale","12":"shipping-taxable","13":"purchasable","14":"product-type-variable"},"_links":{"self":[{"href":"https:\/\/web-ban-le.mbws.vn\/sac-dep\/wp-json\/wp\/v2\/product\/14012","targetHints":{"allow":["GET"]}}],"collection":[{"href":"https:\/\/web-ban-le.mbws.vn\/sac-dep\/wp-json\/wp\/v2\/product"}],"about":[{"href":"https:\/\/web-ban-le.mbws.vn\/sac-dep\/wp-json\/wp\/v2\/types\/product"}],"replies":[{"embeddable":true,"href":"https:\/\/web-ban-le.mbws.vn\/sac-dep\/wp-json\/wp\/v2\/comments?post=14012"}],"wp:featuredmedia":[{"embeddable":true,"href":"https:\/\/web-ban-le.mbws.vn\/sac-dep\/wp-json\/wp\/v2\/media\/14080"}],"wp:attachment":[{"href":"https:\/\/web-ban-le.mbws.vn\/sac-dep\/wp-json\/wp\/v2\/media?parent=14012"}],"wp:term":[{"taxonomy":"product_brand","embeddable":true,"href":"https:\/\/web-ban-le.mbws.vn\/sac-dep\/wp-json\/wp\/v2\/product_brand?post=14012"},{"taxonomy":"product_cat","embeddable":true,"href":"https:\/\/web-ban-le.mbws.vn\/sac-dep\/wp-json\/wp\/v2\/product_cat?post=14012"},{"taxonomy":"product_tag","embeddable":true,"href":"https:\/\/web-ban-le.mbws.vn\/sac-dep\/wp-json\/wp\/v2\/product_tag?post=14012"}],"curies":[{"name":"wp","href":"https:\/\/api.w.org\/{rel}","templated":true}]}}