{"id":14092,"date":"2025-10-24T09:37:24","date_gmt":"2025-10-24T02:37:24","guid":{"rendered":"https:\/\/web-ban-le.mbws.vn\/sac-dep\/?post_type=product&#038;p=14092"},"modified":"2025-11-04T13:31:58","modified_gmt":"2025-11-04T06:31:58","slug":"mascara-carslan-6g-chuot-dai-long-mi-da-cong-dung","status":"publish","type":"product","link":"https:\/\/web-ban-le.mbws.vn\/sac-dep\/san-pham\/mascara-carslan-6g-chuot-dai-long-mi-da-cong-dung\/","title":{"rendered":"Mascara Carslan 6g Chu\u1ed1t D\u00e0i L\u00f4ng Mi \u0110a C\u00f4ng D\u1ee5ng"},"content":{"rendered":"<div class=\"e8lZp3\">\n<p class=\"QN2lPu\">Th\u1eddi gian giao h\u00e0ng d\u1ef1 ki\u1ebfn cho s\u1ea3n ph\u1ea9m n\u00e0y l\u00e0 t\u1eeb 7-9 ng\u00e0y<\/p>\n<p class=\"QN2lPu\">\n<p class=\"QN2lPu\"> C\u1eeda h\u00e0ng ch\u00ednh th\u1ee9c Carslan<\/p>\n<p class=\"QN2lPu\">\n<p class=\"QN2lPu\"> L\u00e0 m\u1ed9t th\u01b0\u01a1ng hi\u1ec7u m\u1ef9 ph\u1ea9m h\u00e0ng \u0111\u1ea7u t\u1ea1i Trung Qu\u1ed1c, Carslan lu\u00f4n b\u1eaft k\u1ecbp xu h\u01b0\u1edbng th\u1ebf gi\u1edbi v\u00e0 t\u1eadp trung v\u00e0o vi\u1ec7c kh\u00e1m ph\u00e1 v\u00e0 th\u1ec3 hi\u1ec7n v\u1ebb \u0111\u1eb9p. Truy\u1ec1n t\u1ea3i n\u0103ng l\u01b0\u1ee3ng t\u00edch c\u1ef1c c\u1ee7a th\u1eddi trang v\u00e0 v\u1ebb \u0111\u1eb9p cho con ng\u01b0\u1eddi hi\u1ec7n \u0111\u1ea1i<\/p>\n<div class=\"QN2lPu\">\n<div style=\"position: relative; width: 100%; padding-bottom: 100%;\"><picture class=\"UkIsx8\"><source srcset=\"https:\/\/down-vn.img.susercontent.com\/file\/35bb2068f7fcc114fce9a20da75f71ad@resize_w875_nl.webp 1x, https:\/\/down-vn.img.susercontent.com\/file\/35bb2068f7fcc114fce9a20da75f71ad@resize_w1750_nl.webp 2x\" type=\"image\/webp\" class=\"UkIsx8\"><img decoding=\"async\" width=\"875\" loading=\"lazy\" class=\"uXN1L5 lazyload GqYslU\" srcset=\"https:\/\/down-vn.img.susercontent.com\/file\/35bb2068f7fcc114fce9a20da75f71ad@resize_w875_nl 1x, https:\/\/down-vn.img.susercontent.com\/file\/35bb2068f7fcc114fce9a20da75f71ad@resize_w1750_nl 2x\" src=\"https:\/\/down-vn.img.susercontent.com\/file\/35bb2068f7fcc114fce9a20da75f71ad\" height=\"875\"><\/picture><\/div>\n<\/div>\n<p class=\"QN2lPu\">\n<p class=\"QN2lPu\">L\u00f4ng mi cong ba chi\u1ec1u<\/p>\n<p class=\"QN2lPu\">Mascara \u0111a n\u0103ng Carslan<\/p>\n<div class=\"QN2lPu\">\n<div style=\"position: relative; width: 100%; padding-bottom: 100%;\"><picture class=\"UkIsx8\"><source srcset=\"https:\/\/down-vn.img.susercontent.com\/file\/sg-11134202-22090-uty0dxe0a1hve7@resize_w875_nl.webp 1x, https:\/\/down-vn.img.susercontent.com\/file\/sg-11134202-22090-uty0dxe0a1hve7@resize_w1750_nl.webp 2x\" type=\"image\/webp\" class=\"UkIsx8\"><img decoding=\"async\" width=\"875\" loading=\"lazy\" class=\"uXN1L5 lazyload GqYslU\" srcset=\"https:\/\/down-vn.img.susercontent.com\/file\/sg-11134202-22090-uty0dxe0a1hve7@resize_w875_nl 1x, https:\/\/down-vn.img.susercontent.com\/file\/sg-11134202-22090-uty0dxe0a1hve7@resize_w1750_nl 2x\" src=\"https:\/\/down-vn.img.susercontent.com\/file\/sg-11134202-22090-uty0dxe0a1hve7\" height=\"875\"><\/picture><\/div>\n<\/div>\n<div class=\"QN2lPu\">\n<div style=\"position: relative; width: 100%; padding-bottom: 100%;\"><picture class=\"UkIsx8\"><source srcset=\"https:\/\/down-vn.img.susercontent.com\/file\/490c9b22657fc58977818c0a2074fc5d@resize_w875_nl.webp 1x, https:\/\/down-vn.img.susercontent.com\/file\/490c9b22657fc58977818c0a2074fc5d@resize_w1750_nl.webp 2x\" type=\"image\/webp\" class=\"UkIsx8\"><img decoding=\"async\" width=\"875\" loading=\"lazy\" class=\"uXN1L5 lazyload GqYslU\" srcset=\"https:\/\/down-vn.img.susercontent.com\/file\/490c9b22657fc58977818c0a2074fc5d@resize_w875_nl 1x, https:\/\/down-vn.img.susercontent.com\/file\/490c9b22657fc58977818c0a2074fc5d@resize_w1750_nl 2x\" src=\"https:\/\/down-vn.img.susercontent.com\/file\/490c9b22657fc58977818c0a2074fc5d\" height=\"875\"><\/picture><\/div>\n<\/div>\n<div class=\"QN2lPu\">\n<div style=\"position: relative; width: 100%; padding-bottom: 100%;\"><picture class=\"UkIsx8\"><source srcset=\"https:\/\/down-vn.img.susercontent.com\/file\/sg-11134202-22090-e6ol9n0ab1hv2c@resize_w875_nl.webp 1x, https:\/\/down-vn.img.susercontent.com\/file\/sg-11134202-22090-e6ol9n0ab1hv2c@resize_w1750_nl.webp 2x\" type=\"image\/webp\" class=\"UkIsx8\"><img decoding=\"async\" width=\"875\" loading=\"lazy\" class=\"uXN1L5 lazyload GqYslU\" srcset=\"https:\/\/down-vn.img.susercontent.com\/file\/sg-11134202-22090-e6ol9n0ab1hv2c@resize_w875_nl 1x, https:\/\/down-vn.img.susercontent.com\/file\/sg-11134202-22090-e6ol9n0ab1hv2c@resize_w1750_nl 2x\" src=\"https:\/\/down-vn.img.susercontent.com\/file\/sg-11134202-22090-e6ol9n0ab1hv2c\" height=\"875\"><\/picture><\/div>\n<\/div>\n<p class=\"QN2lPu\">\n<p class=\"QN2lPu\">\u2714\u0110\u1ea7u c\u1ecd th\u1eb3ng d\u00e0i xo\u1eafn \u1ed1c t\u00f9y ch\u1ec9nh<\/p>\n<p class=\"QN2lPu\">D\u1ec5 d\u00e0ng nh\u00fang v\u00e0o mascara h\u01a1n<\/p>\n<p class=\"QN2lPu\">\n<p class=\"QN2lPu\">\u2714T\u1ea1o m\u00e0ng nhanh kh\u00f4, kh\u00f4ng th\u1ea5m n\u01b0\u1edbc v\u00e0 ch\u1ed1ng nh\u00f2e<\/p>\n<p class=\"QN2lPu\">\n<p class=\"QN2lPu\">\u2714L\u00e0m cong ch\u00ednh x\u00e1c nh\u1eefng s\u1ee3i mi nh\u1ecf li ti<\/p>\n<p class=\"QN2lPu\">\n<p class=\"QN2lPu\">\u2714Kh\u00f4ng d\u00ednh<\/p>\n<p class=\"QN2lPu\">Chu\u1ed1t mascara \u0111\u1ec1u m\u00e0 kh\u00f4ng b\u1ecb v\u00f3n c\u1ee5c<\/p>\n<p class=\"QN2lPu\">\n<p class=\"QN2lPu\">\u2714T\u1ea1o mi d\u00e0i v\u00e0 \u0111\u1eb9p m\u00e0 kh\u00f4ng g\u00e2y b\u1ebft d\u00ednh<\/p>\n<p class=\"QN2lPu\">\n<div class=\"QN2lPu\">\n<div style=\"position: relative; width: 100%; padding-bottom: 100%;\"><picture class=\"UkIsx8\"><source srcset=\"https:\/\/down-vn.img.susercontent.com\/file\/sg-11134202-22090-8mxp9aiab1hv0c@resize_w875_nl.webp 1x, https:\/\/down-vn.img.susercontent.com\/file\/sg-11134202-22090-8mxp9aiab1hv0c@resize_w1750_nl.webp 2x\" type=\"image\/webp\" class=\"UkIsx8\"><img decoding=\"async\" width=\"875\" loading=\"lazy\" class=\"uXN1L5 lazyload GqYslU\" srcset=\"https:\/\/down-vn.img.susercontent.com\/file\/sg-11134202-22090-8mxp9aiab1hv0c@resize_w875_nl 1x, https:\/\/down-vn.img.susercontent.com\/file\/sg-11134202-22090-8mxp9aiab1hv0c@resize_w1750_nl 2x\" src=\"https:\/\/down-vn.img.susercontent.com\/file\/sg-11134202-22090-8mxp9aiab1hv0c\" height=\"875\"><\/picture><\/div>\n<\/div>\n<div class=\"QN2lPu\">\n<div style=\"position: relative; width: 100%; padding-bottom: 100%;\"><picture class=\"UkIsx8\"><source srcset=\"https:\/\/down-vn.img.susercontent.com\/file\/sg-11134202-22090-cmfqt4qab1hvde@resize_w875_nl.webp 1x, https:\/\/down-vn.img.susercontent.com\/file\/sg-11134202-22090-cmfqt4qab1hvde@resize_w1750_nl.webp 2x\" type=\"image\/webp\" class=\"UkIsx8\"><img decoding=\"async\" width=\"875\" loading=\"lazy\" class=\"uXN1L5 lazyload GqYslU\" srcset=\"https:\/\/down-vn.img.susercontent.com\/file\/sg-11134202-22090-cmfqt4qab1hvde@resize_w875_nl 1x, https:\/\/down-vn.img.susercontent.com\/file\/sg-11134202-22090-cmfqt4qab1hvde@resize_w1750_nl 2x\" src=\"https:\/\/down-vn.img.susercontent.com\/file\/sg-11134202-22090-cmfqt4qab1hvde\" height=\"875\"><\/picture><\/div>\n<\/div>\n<div class=\"QN2lPu\">\n<div style=\"position: relative; width: 100%; padding-bottom: 100%;\"><picture class=\"UkIsx8\"><source srcset=\"https:\/\/down-vn.img.susercontent.com\/file\/1ef479834bfe4ee70df7ed5126cfe2e6@resize_w875_nl.webp 1x, https:\/\/down-vn.img.susercontent.com\/file\/1ef479834bfe4ee70df7ed5126cfe2e6@resize_w1750_nl.webp 2x\" type=\"image\/webp\" class=\"UkIsx8\"><img decoding=\"async\" width=\"875\" loading=\"lazy\" class=\"uXN1L5 lazyload QSLoEa GqYslU\" srcset=\"https:\/\/down-vn.img.susercontent.com\/file\/1ef479834bfe4ee70df7ed5126cfe2e6@resize_w875_nl 1x, https:\/\/down-vn.img.susercontent.com\/file\/1ef479834bfe4ee70df7ed5126cfe2e6@resize_w1750_nl 2x\" src=\"https:\/\/down-vn.img.susercontent.com\/file\/1ef479834bfe4ee70df7ed5126cfe2e6\" height=\"875\"><\/picture><\/div>\n<\/div>\n<div class=\"QN2lPu\">\n<div style=\"position: relative; width: 100%; padding-bottom: 100%;\"><picture class=\"UkIsx8\"><source srcset=\"https:\/\/down-vn.img.susercontent.com\/file\/sg-11134202-22090-w0ikc1fcb1hv68@resize_w875_nl.webp 1x, https:\/\/down-vn.img.susercontent.com\/file\/sg-11134202-22090-w0ikc1fcb1hv68@resize_w1750_nl.webp 2x\" type=\"image\/webp\" class=\"UkIsx8\"><img decoding=\"async\" width=\"875\" loading=\"lazy\" class=\"uXN1L5 lazyload QSLoEa GqYslU\" srcset=\"https:\/\/down-vn.img.susercontent.com\/file\/sg-11134202-22090-w0ikc1fcb1hv68@resize_w875_nl 1x, https:\/\/down-vn.img.susercontent.com\/file\/sg-11134202-22090-w0ikc1fcb1hv68@resize_w1750_nl 2x\" src=\"https:\/\/down-vn.img.susercontent.com\/file\/sg-11134202-22090-w0ikc1fcb1hv68\" height=\"875\"><\/picture><\/div>\n<\/div>\n<p class=\"QN2lPu\">\n<p class=\"QN2lPu\"> Th\u01b0\u01a1ng hi\u1ec7u: CARSLAN<\/p>\n<p class=\"QN2lPu\"> Xu\u1ea5t x\u1ee9: s\u1ea3n xu\u1ea5t t\u1ea1i Trung Qu\u1ed1c<\/p>\n<p class=\"QN2lPu\"> M\u00e0u s\u1eafc: \u0110en <\/p>\n<p class=\"QN2lPu\"> Kh\u1ed1i l\u01b0\u1ee3ng t\u1ecbnh: 6g<\/p>\n<p class=\"QN2lPu\"> H\u1ea1n s\u1eed d\u1ee5ng: 36 th\u00e1ng<\/p>\n<p class=\"QN2lPu\">\n<p class=\"QN2lPu\"> G\u00f3i h\u00e0ng bao g\u1ed3m: <\/p>\n<p class=\"QN2lPu\"> 1 * Mascara<\/p>\n<p class=\"QN2lPu\">\n<p class=\"QN2lPu\"> H\u01b0\u1edbng d\u1eabn s\u1eed d\u1ee5ng:<\/p>\n<p class=\"QN2lPu\"> 1. D\u00f9ng d\u1ee5ng c\u1ee5 u\u1ed1n mi \u0111\u1ec3 \u0111i\u1ec1u ch\u1ec9nh \u0111\u00fang \u0111\u1ed9 cong c\u1ee7a l\u00f4ng mi<\/p>\n<p class=\"QN2lPu\"> 2. Vu\u1ed1t l\u00ean t\u1eeb \u0111\u1ea7u m\u1eaft \u0111\u1ebfn cu\u1ed1i m\u1eaft, t\u1eeb g\u1ed1c l\u00f4ng mi theo h\u00ecnh ch\u1eef Z.<\/p>\n<p class=\"QN2lPu\"> 3. \u0110\u1eb7t \u0111\u1ea7u c\u1ecd theo chi\u1ec1u d\u1ecdc v\u00e0 ch\u1ea3i l\u00ean mi d\u01b0\u1edbi<\/p>\n<p class=\"QN2lPu\">\n<p class=\"QN2lPu\"> Th\u00e0nh ph\u1ea7n:<\/p>\n<p class=\"QN2lPu\"> [&#8220;N\u01b0\u1edbc&#8221;, &#8220;(Acrylic (este) \/ ethylhexyl acrylate \u0111\u1ed3ng tr\u00f9ng h\u1ee3p, laureth-21, n\u01b0\u1edbc)&#8221;, &#8220;s\u00e1p ong&#8221;, &#8220;propylene glycol&#8221;, &#8220;(s\u00e1p parafin, s\u00e1p t\u1ed5ng h\u1ee3p, glycol Montanate)&#8221;, &#8220;Polysorbate-80 &#8220;,&#8221; Polyvinylpyrrolidone &#8220;,&#8221; CI 77266 &#8220;,&#8221; Glyceryl Stearate &#8220;,&#8221; Propylene Glycol Stearate &#8220;,&#8221; Aluminium Magnesium Silicate &#8220;,&#8221; (Axit palmitic, axit stearic) &#8220;<\/p>\n<p class=\"QN2lPu\">\n<p class=\"QN2lPu\"> H\u01b0\u1edbng d\u1eabn b\u1ea3o qu\u1ea3n: \u0111\u1ec3 n\u01a1i tho\u00e1ng m\u00e1t, tr\u00e1nh \u00e1nh n\u1eafng m\u1eb7t tr\u1eddi<\/p>\n<\/div>\n","protected":false},"excerpt":{"rendered":"<p>Th\u1eddi gian giao h\u00e0ng d\u1ef1 ki\u1ebfn cho s\u1ea3n ph\u1ea9m n\u00e0y l\u00e0 t\u1eeb 7-9 ng\u00e0y C\u1eeda h\u00e0ng ch\u00ednh th\u1ee9c Carslan L\u00e0 m\u1ed9t th\u01b0\u01a1ng hi\u1ec7u m\u1ef9 ph\u1ea9m h\u00e0ng \u0111\u1ea7u t\u1ea1i Trung Qu\u1ed1c, Carslan lu\u00f4n b\u1eaft k\u1ecbp xu h\u01b0\u1edbng th\u1ebf gi\u1edbi v\u00e0 t\u1eadp trung v\u00e0o vi\u1ec7c kh\u00e1m ph\u00e1 v\u00e0 th\u1ec3 hi\u1ec7n v\u1ebb \u0111\u1eb9p. Truy\u1ec1n t\u1ea3i n\u0103ng l\u01b0\u1ee3ng t\u00edch&#8230;<\/p>\n","protected":false},"featured_media":14157,"comment_status":"open","ping_status":"closed","template":"","meta":[],"product_brand":[1536],"product_cat":[1324],"product_tag":[],"class_list":{"0":"post-14092","1":"product","2":"type-product","3":"status-publish","4":"has-post-thumbnail","6":"product_brand-carslan","7":"product_cat-eyes-mascara","9":"first","10":"instock","11":"sale","12":"shipping-taxable","13":"purchasable","14":"product-type-variable"},"_links":{"self":[{"href":"https:\/\/web-ban-le.mbws.vn\/sac-dep\/wp-json\/wp\/v2\/product\/14092","targetHints":{"allow":["GET"]}}],"collection":[{"href":"https:\/\/web-ban-le.mbws.vn\/sac-dep\/wp-json\/wp\/v2\/product"}],"about":[{"href":"https:\/\/web-ban-le.mbws.vn\/sac-dep\/wp-json\/wp\/v2\/types\/product"}],"replies":[{"embeddable":true,"href":"https:\/\/web-ban-le.mbws.vn\/sac-dep\/wp-json\/wp\/v2\/comments?post=14092"}],"wp:featuredmedia":[{"embeddable":true,"href":"https:\/\/web-ban-le.mbws.vn\/sac-dep\/wp-json\/wp\/v2\/media\/14157"}],"wp:attachment":[{"href":"https:\/\/web-ban-le.mbws.vn\/sac-dep\/wp-json\/wp\/v2\/media?parent=14092"}],"wp:term":[{"taxonomy":"product_brand","embeddable":true,"href":"https:\/\/web-ban-le.mbws.vn\/sac-dep\/wp-json\/wp\/v2\/product_brand?post=14092"},{"taxonomy":"product_cat","embeddable":true,"href":"https:\/\/web-ban-le.mbws.vn\/sac-dep\/wp-json\/wp\/v2\/product_cat?post=14092"},{"taxonomy":"product_tag","embeddable":true,"href":"https:\/\/web-ban-le.mbws.vn\/sac-dep\/wp-json\/wp\/v2\/product_tag?post=14092"}],"curies":[{"name":"wp","href":"https:\/\/api.w.org\/{rel}","templated":true}]}}