{"id":14137,"date":"2025-10-24T09:37:45","date_gmt":"2025-10-24T02:37:45","guid":{"rendered":"https:\/\/web-ban-le.mbws.vn\/sac-dep\/?post_type=product&#038;p=14137"},"modified":"2025-11-04T13:31:58","modified_gmt":"2025-11-04T06:31:58","slug":"bang-phan-mat-carslan-10-mau-da-chuc-nang-phan-bat-sang-tao-khoi-phan-ma-hong-12g","status":"publish","type":"product","link":"https:\/\/web-ban-le.mbws.vn\/sac-dep\/san-pham\/bang-phan-mat-carslan-10-mau-da-chuc-nang-phan-bat-sang-tao-khoi-phan-ma-hong-12g\/","title":{"rendered":"B\u1ea3ng Ph\u1ea5n M\u1eaft CARSLAN 10 M\u00e0u \u0111a Ch\u1ee9c N\u0103ng Ph\u1ea5n b\u1eaft s\u00e1ng T\u1ea1o kh\u1ed1i Ph\u1ea5n m\u00e1 h\u1ed3ng 12g"},"content":{"rendered":"<div class=\"e8lZp3\">\n<p class=\"QN2lPu\">Th\u1eddi gian giao h\u00e0ng d\u1ef1 ki\u1ebfn cho s\u1ea3n ph\u1ea9m n\u00e0y l\u00e0 t\u1eeb 7-9 ng\u00e0y<\/p>\n<p class=\"QN2lPu\">\n<p class=\"QN2lPu\">C\u1eeda h\u00e0ng ch\u00ednh h\u00e3ng Carslan<\/p>\n<p class=\"QN2lPu\">\n<p class=\"QN2lPu\">L\u00e0 m\u1ed9t th\u01b0\u01a1ng hi\u1ec7u m\u1ef9 ph\u1ea9m h\u00e0ng \u0111\u1ea7u t\u1ea1i Trung Qu\u1ed1c, Carslan lu\u00f4n b\u1eaft k\u1ecbp xu h\u01b0\u1edbng th\u1ebf gi\u1edbi v\u00e0 t\u1eadp trung v\u00e0o vi\u1ec7c kh\u00e1m ph\u00e1 v\u00e0 th\u1ec3 hi\u1ec7n v\u1ebb \u0111\u1eb9p c\u0169ng nh\u01b0 truy\u1ec1n t\u1ea3i n\u0103ng l\u01b0\u1ee3ng t\u00edch c\u1ef1c c\u1ee7a th\u1eddi trang v\u00e0 v\u1ebb \u0111\u1eb9p cho con ng\u01b0\u1eddi hi\u1ec7n \u0111\u1ea1i<\/p>\n<div class=\"QN2lPu\">\n<div style=\"position: relative; width: 100%; padding-bottom: 141.643%;\"><picture class=\"UkIsx8\"><source srcset=\"https:\/\/down-vn.img.susercontent.com\/file\/cn-11134208-7r98o-lo6c98apmnfnf3@resize_w875_nl.webp 1x, https:\/\/down-vn.img.susercontent.com\/file\/cn-11134208-7r98o-lo6c98apmnfnf3@resize_w1750_nl.webp 2x\" type=\"image\/webp\" class=\"UkIsx8\"><img decoding=\"async\" width=\"875\" loading=\"lazy\" class=\"uXN1L5 lazyload GqYslU\" srcset=\"https:\/\/down-vn.img.susercontent.com\/file\/cn-11134208-7r98o-lo6c98apmnfnf3@resize_w875_nl 1x, https:\/\/down-vn.img.susercontent.com\/file\/cn-11134208-7r98o-lo6c98apmnfnf3@resize_w1750_nl 2x\" src=\"https:\/\/down-vn.img.susercontent.com\/file\/cn-11134208-7r98o-lo6c98apmnfnf3\" height=\"1239\"><\/picture><\/div>\n<\/div>\n<div class=\"QN2lPu\">\n<div style=\"position: relative; width: 100%; padding-bottom: 141.643%;\"><picture class=\"UkIsx8\"><source srcset=\"https:\/\/down-vn.img.susercontent.com\/file\/cn-11134208-7r98o-lllxkv0g1fbl83@resize_w875_nl.webp 1x, https:\/\/down-vn.img.susercontent.com\/file\/cn-11134208-7r98o-lllxkv0g1fbl83@resize_w1750_nl.webp 2x\" type=\"image\/webp\" class=\"UkIsx8\"><img decoding=\"async\" width=\"875\" loading=\"lazy\" class=\"uXN1L5 lazyload GqYslU\" srcset=\"https:\/\/down-vn.img.susercontent.com\/file\/cn-11134208-7r98o-lllxkv0g1fbl83@resize_w875_nl 1x, https:\/\/down-vn.img.susercontent.com\/file\/cn-11134208-7r98o-lllxkv0g1fbl83@resize_w1750_nl 2x\" src=\"https:\/\/down-vn.img.susercontent.com\/file\/cn-11134208-7r98o-lllxkv0g1fbl83\" height=\"1239\"><\/picture><\/div>\n<\/div>\n<div class=\"QN2lPu\">\n<div style=\"position: relative; width: 100%; padding-bottom: 100%;\"><picture class=\"UkIsx8\"><source srcset=\"https:\/\/down-vn.img.susercontent.com\/file\/cn-11134208-7r98o-lllwul38o89d58@resize_w875_nl.webp 1x, https:\/\/down-vn.img.susercontent.com\/file\/cn-11134208-7r98o-lllwul38o89d58@resize_w1750_nl.webp 2x\" type=\"image\/webp\" class=\"UkIsx8\"><img decoding=\"async\" width=\"875\" loading=\"lazy\" class=\"uXN1L5 lazyload GqYslU\" srcset=\"https:\/\/down-vn.img.susercontent.com\/file\/cn-11134208-7r98o-lllwul38o89d58@resize_w875_nl 1x, https:\/\/down-vn.img.susercontent.com\/file\/cn-11134208-7r98o-lllwul38o89d58@resize_w1750_nl 2x\" src=\"https:\/\/down-vn.img.susercontent.com\/file\/cn-11134208-7r98o-lllwul38o89d58\" height=\"875\"><\/picture><\/div>\n<\/div>\n<p class=\"QN2lPu\">\n<p class=\"QN2lPu\">\n<div class=\"QN2lPu\">\n<div style=\"position: relative; width: 100%; padding-bottom: 141.643%;\"><picture class=\"UkIsx8\"><source srcset=\"https:\/\/down-vn.img.susercontent.com\/file\/cn-11134208-7r98o-lo6c98apo20343@resize_w875_nl.webp 1x, https:\/\/down-vn.img.susercontent.com\/file\/cn-11134208-7r98o-lo6c98apo20343@resize_w1750_nl.webp 2x\" type=\"image\/webp\" class=\"UkIsx8\"><img decoding=\"async\" width=\"875\" loading=\"lazy\" class=\"uXN1L5 lazyload GqYslU\" srcset=\"https:\/\/down-vn.img.susercontent.com\/file\/cn-11134208-7r98o-lo6c98apo20343@resize_w875_nl 1x, https:\/\/down-vn.img.susercontent.com\/file\/cn-11134208-7r98o-lo6c98apo20343@resize_w1750_nl 2x\" src=\"https:\/\/down-vn.img.susercontent.com\/file\/cn-11134208-7r98o-lo6c98apo20343\" height=\"1239\"><\/picture><\/div>\n<\/div>\n<div class=\"QN2lPu\">\n<div style=\"position: relative; width: 100%; padding-bottom: 100%;\"><picture class=\"UkIsx8\"><source srcset=\"https:\/\/down-vn.img.susercontent.com\/file\/cn-11134208-7r98o-lo6c98appgkjbb@resize_w875_nl.webp 1x, https:\/\/down-vn.img.susercontent.com\/file\/cn-11134208-7r98o-lo6c98appgkjbb@resize_w1750_nl.webp 2x\" type=\"image\/webp\" class=\"UkIsx8\"><img decoding=\"async\" width=\"875\" loading=\"lazy\" class=\"uXN1L5 lazyload GqYslU\" srcset=\"https:\/\/down-vn.img.susercontent.com\/file\/cn-11134208-7r98o-lo6c98appgkjbb@resize_w875_nl 1x, https:\/\/down-vn.img.susercontent.com\/file\/cn-11134208-7r98o-lo6c98appgkjbb@resize_w1750_nl 2x\" src=\"https:\/\/down-vn.img.susercontent.com\/file\/cn-11134208-7r98o-lo6c98appgkjbb\" height=\"875\"><\/picture><\/div>\n<\/div>\n<div class=\"QN2lPu\">\n<div style=\"position: relative; width: 100%; padding-bottom: 141.643%;\"><picture class=\"UkIsx8\"><source srcset=\"https:\/\/down-vn.img.susercontent.com\/file\/cn-11134208-7r98o-lllxkv0g71ldd0@resize_w875_nl.webp 1x, https:\/\/down-vn.img.susercontent.com\/file\/cn-11134208-7r98o-lllxkv0g71ldd0@resize_w1750_nl.webp 2x\" type=\"image\/webp\" class=\"UkIsx8\"><img decoding=\"async\" width=\"875\" loading=\"lazy\" class=\"uXN1L5 lazyload GqYslU\" srcset=\"https:\/\/down-vn.img.susercontent.com\/file\/cn-11134208-7r98o-lllxkv0g71ldd0@resize_w875_nl 1x, https:\/\/down-vn.img.susercontent.com\/file\/cn-11134208-7r98o-lllxkv0g71ldd0@resize_w1750_nl 2x\" src=\"https:\/\/down-vn.img.susercontent.com\/file\/cn-11134208-7r98o-lllxkv0g71ldd0\" height=\"1239\"><\/picture><\/div>\n<\/div>\n<div class=\"QN2lPu\">\n<div style=\"position: relative; width: 100%; padding-bottom: 141.643%;\"><picture class=\"UkIsx8\"><source srcset=\"https:\/\/down-vn.img.susercontent.com\/file\/cn-11134208-7r98o-lllxkv0g5n0x4d@resize_w875_nl.webp 1x, https:\/\/down-vn.img.susercontent.com\/file\/cn-11134208-7r98o-lllxkv0g5n0x4d@resize_w1750_nl.webp 2x\" type=\"image\/webp\" class=\"UkIsx8\"><img decoding=\"async\" width=\"875\" loading=\"lazy\" class=\"uXN1L5 lazyload GqYslU\" srcset=\"https:\/\/down-vn.img.susercontent.com\/file\/cn-11134208-7r98o-lllxkv0g5n0x4d@resize_w875_nl 1x, https:\/\/down-vn.img.susercontent.com\/file\/cn-11134208-7r98o-lllxkv0g5n0x4d@resize_w1750_nl 2x\" src=\"https:\/\/down-vn.img.susercontent.com\/file\/cn-11134208-7r98o-lllxkv0g5n0x4d\" height=\"1239\"><\/picture><\/div>\n<\/div>\n<div class=\"QN2lPu\">\n<div style=\"position: relative; width: 100%; padding-bottom: 100%;\"><picture class=\"UkIsx8\"><source srcset=\"https:\/\/down-vn.img.susercontent.com\/file\/sg-11134202-22090-cys14kyeb1hv74@resize_w875_nl.webp 1x, https:\/\/down-vn.img.susercontent.com\/file\/sg-11134202-22090-cys14kyeb1hv74@resize_w1750_nl.webp 2x\" type=\"image\/webp\" class=\"UkIsx8\"><img decoding=\"async\" width=\"875\" loading=\"lazy\" class=\"uXN1L5 lazyload GqYslU\" srcset=\"https:\/\/down-vn.img.susercontent.com\/file\/sg-11134202-22090-cys14kyeb1hv74@resize_w875_nl 1x, https:\/\/down-vn.img.susercontent.com\/file\/sg-11134202-22090-cys14kyeb1hv74@resize_w1750_nl 2x\" src=\"https:\/\/down-vn.img.susercontent.com\/file\/sg-11134202-22090-cys14kyeb1hv74\" height=\"875\"><\/picture><\/div>\n<\/div>\n<div class=\"QN2lPu\">\n<div style=\"position: relative; width: 100%; padding-bottom: 100%;\"><picture class=\"UkIsx8\"><source srcset=\"https:\/\/down-vn.img.susercontent.com\/file\/cn-11134208-7ras8-m517gpfqked719@resize_w875_nl.webp 1x, https:\/\/down-vn.img.susercontent.com\/file\/cn-11134208-7ras8-m517gpfqked719@resize_w1750_nl.webp 2x\" type=\"image\/webp\" class=\"UkIsx8\"><img decoding=\"async\" width=\"875\" loading=\"lazy\" class=\"uXN1L5 lazyload QSLoEa GqYslU\" srcset=\"https:\/\/down-vn.img.susercontent.com\/file\/cn-11134208-7ras8-m517gpfqked719@resize_w875_nl 1x, https:\/\/down-vn.img.susercontent.com\/file\/cn-11134208-7ras8-m517gpfqked719@resize_w1750_nl 2x\" src=\"https:\/\/down-vn.img.susercontent.com\/file\/cn-11134208-7ras8-m517gpfqked719\" height=\"875\"><\/picture><\/div>\n<\/div>\n<div class=\"QN2lPu\">\n<div style=\"position: relative; width: 100%; padding-bottom: 141.643%;\"><picture class=\"UkIsx8\"><source srcset=\"https:\/\/down-vn.img.susercontent.com\/file\/cn-11134208-7r98o-lo6cw9z76hmvb5@resize_w875_nl.webp 1x, https:\/\/down-vn.img.susercontent.com\/file\/cn-11134208-7r98o-lo6cw9z76hmvb5@resize_w1750_nl.webp 2x\" type=\"image\/webp\" class=\"UkIsx8\"><img decoding=\"async\" width=\"875\" loading=\"lazy\" class=\"uXN1L5 lazyload QSLoEa GqYslU\" srcset=\"https:\/\/down-vn.img.susercontent.com\/file\/cn-11134208-7r98o-lo6cw9z76hmvb5@resize_w875_nl 1x, https:\/\/down-vn.img.susercontent.com\/file\/cn-11134208-7r98o-lo6cw9z76hmvb5@resize_w1750_nl 2x\" src=\"https:\/\/down-vn.img.susercontent.com\/file\/cn-11134208-7r98o-lo6cw9z76hmvb5\" height=\"1239\"><\/picture><\/div>\n<\/div>\n<div class=\"QN2lPu\">\n<div style=\"position: relative; width: 100%; padding-bottom: 141.643%;\"><picture class=\"UkIsx8\"><source srcset=\"https:\/\/down-vn.img.susercontent.com\/file\/cn-11134208-7r98o-lo6cw9z77w7b7a@resize_w875_nl.webp 1x, https:\/\/down-vn.img.susercontent.com\/file\/cn-11134208-7r98o-lo6cw9z77w7b7a@resize_w1750_nl.webp 2x\" type=\"image\/webp\" class=\"UkIsx8\"><img decoding=\"async\" width=\"875\" loading=\"lazy\" class=\"uXN1L5 lazyload QSLoEa GqYslU\" srcset=\"https:\/\/down-vn.img.susercontent.com\/file\/cn-11134208-7r98o-lo6cw9z77w7b7a@resize_w875_nl 1x, https:\/\/down-vn.img.susercontent.com\/file\/cn-11134208-7r98o-lo6cw9z77w7b7a@resize_w1750_nl 2x\" src=\"https:\/\/down-vn.img.susercontent.com\/file\/cn-11134208-7r98o-lo6cw9z77w7b7a\" height=\"1239\"><\/picture><\/div>\n<\/div>\n<div class=\"QN2lPu\">\n<div style=\"position: relative; width: 100%; padding-bottom: 100%;\"><picture class=\"UkIsx8\"><source srcset=\"https:\/\/down-vn.img.susercontent.com\/file\/cn-11134208-7r98o-lo6cw9z79arr28@resize_w875_nl.webp 1x, https:\/\/down-vn.img.susercontent.com\/file\/cn-11134208-7r98o-lo6cw9z79arr28@resize_w1750_nl.webp 2x\" type=\"image\/webp\" class=\"UkIsx8\"><img decoding=\"async\" width=\"875\" loading=\"lazy\" class=\"uXN1L5 lazyload QSLoEa GqYslU\" srcset=\"https:\/\/down-vn.img.susercontent.com\/file\/cn-11134208-7r98o-lo6cw9z79arr28@resize_w875_nl 1x, https:\/\/down-vn.img.susercontent.com\/file\/cn-11134208-7r98o-lo6cw9z79arr28@resize_w1750_nl 2x\" src=\"https:\/\/down-vn.img.susercontent.com\/file\/cn-11134208-7r98o-lo6cw9z79arr28\" height=\"875\"><\/picture><\/div>\n<\/div>\n<p class=\"QN2lPu\">\n<p class=\"QN2lPu\">G\u00f3i h\u00e0ng bao g\u1ed3m: <\/p>\n<p class=\"QN2lPu\">1X Ph\u1ea5n m\u1eaft<\/p>\n<p class=\"QN2lPu\">\n<p class=\"QN2lPu\">L\u01b0u \u00fd: Do s\u1ef1 kh\u00e1c bi\u1ec7t gi\u1eefa c\u00e1c m\u00e0n h\u00ecnh kh\u00e1c nhau, h\u00ecnh \u1ea3nh c\u00f3 th\u1ec3 kh\u00f4ng ph\u1ea3n \u00e1nh m\u00e0u s\u1eafc th\u1ef1c t\u1ebf c\u1ee7a s\u1ea3n ph\u1ea9m. Ch\u00fang t\u00f4i \u0111\u1ea3m b\u1ea3o thi\u1ebft k\u1ebf s\u1ea3n ph\u1ea9m gi\u1ed1ng nh\u01b0 trong h\u00ecnh. Xin c\u1ea3m \u01a1n!<\/p>\n<p class=\"QN2lPu\">\n<p class=\"QN2lPu\">C\u00e1ch s\u1eed d\u1ee5ng.<\/p>\n<p class=\"QN2lPu\">\n<p class=\"QN2lPu\">1. D\u00f9ng m\u1ed9t m\u00e0u: d\u00f9ng que ch\u1ea5m ph\u1ea5n m\u1eaft nh\u00fang m\u1ed9t l\u01b0\u1ee3ng v\u1eeba \u0111\u1ee7 ph\u1ea5n m\u1eaft v\u00e0 ch\u1ea5m \u0111\u1ec1u d\u1ecdc theo g\u1ed1c l\u00f4ng mi \u0111\u1ebfn h\u1ed1c m\u1eaft.<\/p>\n<p class=\"QN2lPu\">2. S\u1eed d\u1ee5ng k\u1ebft h\u1ee3p: S\u1eed d\u1ee5ng m\u00e0u s\u00e1ng h\u01a1n l\u00e0m l\u1edbp n\u1ec1n, sau \u0111\u00f3 s\u1eed d\u1ee5ng m\u00e0u t\u1ed1i h\u01a1n \u0111\u1ec3 t\u0103ng \u0111\u1ed9 m\u1edd cho \u0111\u01b0\u1eddng vi\u1ec1n m\u1eaft.<\/p>\n<p class=\"QN2lPu\">\n<p class=\"QN2lPu\">H\u01b0\u1edbng d\u1eabn b\u1ea3o qu\u1ea3n: \u0110\u1ec3 \u1edf n\u01a1i tho\u00e1ng m\u00e1t, tr\u00e1nh \u00e1nh n\u1eafng m\u1eb7t tr\u1eddi.<\/p>\n<\/div>\n","protected":false},"excerpt":{"rendered":"<p>Th\u1eddi gian giao h\u00e0ng d\u1ef1 ki\u1ebfn cho s\u1ea3n ph\u1ea9m n\u00e0y l\u00e0 t\u1eeb 7-9 ng\u00e0y C\u1eeda h\u00e0ng ch\u00ednh h\u00e3ng Carslan L\u00e0 m\u1ed9t th\u01b0\u01a1ng hi\u1ec7u m\u1ef9 ph\u1ea9m h\u00e0ng \u0111\u1ea7u t\u1ea1i Trung Qu\u1ed1c, Carslan lu\u00f4n b\u1eaft k\u1ecbp xu h\u01b0\u1edbng th\u1ebf gi\u1edbi v\u00e0 t\u1eadp trung v\u00e0o vi\u1ec7c kh\u00e1m ph\u00e1 v\u00e0 th\u1ec3 hi\u1ec7n v\u1ebb \u0111\u1eb9p c\u0169ng nh\u01b0 truy\u1ec1n t\u1ea3i n\u0103ng&#8230;<\/p>\n","protected":false},"featured_media":14208,"comment_status":"open","ping_status":"closed","template":"","meta":[],"product_brand":[1536],"product_cat":[1304],"product_tag":[],"class_list":{"0":"post-14137","1":"product","2":"type-product","3":"status-publish","4":"has-post-thumbnail","6":"product_brand-carslan","7":"product_cat-mat-phan-mat","9":"first","10":"instock","11":"sale","12":"shipping-taxable","13":"purchasable","14":"product-type-variable"},"_links":{"self":[{"href":"https:\/\/web-ban-le.mbws.vn\/sac-dep\/wp-json\/wp\/v2\/product\/14137","targetHints":{"allow":["GET"]}}],"collection":[{"href":"https:\/\/web-ban-le.mbws.vn\/sac-dep\/wp-json\/wp\/v2\/product"}],"about":[{"href":"https:\/\/web-ban-le.mbws.vn\/sac-dep\/wp-json\/wp\/v2\/types\/product"}],"replies":[{"embeddable":true,"href":"https:\/\/web-ban-le.mbws.vn\/sac-dep\/wp-json\/wp\/v2\/comments?post=14137"}],"wp:featuredmedia":[{"embeddable":true,"href":"https:\/\/web-ban-le.mbws.vn\/sac-dep\/wp-json\/wp\/v2\/media\/14208"}],"wp:attachment":[{"href":"https:\/\/web-ban-le.mbws.vn\/sac-dep\/wp-json\/wp\/v2\/media?parent=14137"}],"wp:term":[{"taxonomy":"product_brand","embeddable":true,"href":"https:\/\/web-ban-le.mbws.vn\/sac-dep\/wp-json\/wp\/v2\/product_brand?post=14137"},{"taxonomy":"product_cat","embeddable":true,"href":"https:\/\/web-ban-le.mbws.vn\/sac-dep\/wp-json\/wp\/v2\/product_cat?post=14137"},{"taxonomy":"product_tag","embeddable":true,"href":"https:\/\/web-ban-le.mbws.vn\/sac-dep\/wp-json\/wp\/v2\/product_tag?post=14137"}],"curies":[{"name":"wp","href":"https:\/\/api.w.org\/{rel}","templated":true}]}}