{"id":14292,"date":"2025-10-24T09:39:15","date_gmt":"2025-10-24T02:39:15","guid":{"rendered":"https:\/\/web-ban-le.mbws.vn\/sac-dep\/?post_type=product&#038;p=14292"},"modified":"2025-11-04T13:31:58","modified_gmt":"2025-11-04T06:31:58","slug":"kem-nang-tong-da-carslan-nang-tong-duong-am-lam-sang-da-makeup-mini-10g","status":"publish","type":"product","link":"https:\/\/web-ban-le.mbws.vn\/sac-dep\/san-pham\/kem-nang-tong-da-carslan-nang-tong-duong-am-lam-sang-da-makeup-mini-10g\/","title":{"rendered":"Kem n\u00e2ng t\u00f4ng da Carslan n\u00e2ng t\u00f4ng d\u01b0\u1ee1ng \u1ea9m l\u00e0m s\u00e1ng da Makeup mini 10g"},"content":{"rendered":"<div class=\"e8lZp3\">\n<p class=\"QN2lPu\">Th\u1eddi gian giao h\u00e0ng d\u1ef1 ki\u1ebfn cho s\u1ea3n ph\u1ea9m n\u00e0y l\u00e0 t\u1eeb 7-9 ng\u00e0y<\/p>\n<p class=\"QN2lPu\">\n<p class=\"QN2lPu\">C\u1eeda h\u00e0ng ch\u00ednh h\u00e3ng c\u1ee7a Carslan<\/p>\n<p class=\"QN2lPu\">L\u00e0 m\u1ed9t th\u01b0\u01a1ng hi\u1ec7u m\u1ef9 ph\u1ea9m h\u00e0ng \u0111\u1ea7u t\u1ea1i Trung Qu\u1ed1c, Carslan theo xu h\u01b0\u1edbng th\u1ebf gi\u1edbi v\u00e0 t\u1eadp trung v\u00e0o vi\u1ec7c kh\u00e1m ph\u00e1 v\u00e0 th\u1ec3 hi\u1ec7n v\u1ebb \u0111\u1eb9p. \u0110\u1ec3 truy\u1ec1n t\u1ea3i n\u0103ng l\u01b0\u1ee3ng t\u00edch c\u1ef1c c\u1ee7a th\u1eddi trang v\u00e0 v\u1ebb \u0111\u1eb9p cho ng\u01b0\u1eddi hi\u1ec7n \u0111\u1ea1i<\/p>\n<p class=\"QN2lPu\">\n<p class=\"QN2lPu\">C\u00f4ng ngh\u1ec7 l\u00e0m s\u00e1ng nh\u01b0 g\u01b0\u01a1ng T\u1ef1 nhi\u00ean Kh\u00f4ng ph\u1ea3i tr\u1eafng gi\u1ea3<\/p>\n<p class=\"QN2lPu\">C\u00e1c h\u1ea1t ph\u1ea3n quang l\u00e2u d\u00e0i th\u00f4ng minh<\/p>\n<p class=\"QN2lPu\">\u0110i\u1ec1u ch\u1ec9nh \u00e1nh s\u00e1ng b\u1eb1ng &#8220;da&#8221;, gi\u1ed1ng nh\u01b0 s\u1ea3n ph\u1ea9m c\u00f3 m\u1ed9t t\u1ea5m ph\u1ea3n chi\u1ebfu<\/p>\n<p class=\"QN2lPu\">T\u1ea1o \u00e1nh s\u00e1ng lung linh t\u1ef1 nhi\u00ean<\/p>\n<p class=\"QN2lPu\">C\u00f4ng ngh\u1ec7 da v\u1eeba v\u1eb7n k\u00e9p<\/p>\n<p class=\"QN2lPu\">B\u1ed9t Micron &#8220;sandwich&#8221;<\/p>\n<p class=\"QN2lPu\">Chuy\u00ean v\u1ec1 c\u00f4ng ngh\u1ec7 &#8220;d\u1ea7u v\u00e0o b\u1ed9t&#8221; ch\u1ed1ng c\u1ecd x\u00e1t v\u00e0 kh\u00f4ng phai<\/p>\n<p class=\"QN2lPu\">Li\u1ec1n m\u1ea1ch &#8220;m\u1eb7t n\u1ea1 da&#8221;<\/p>\n<p class=\"QN2lPu\">\u0110\u00e1nh tan ngay sau khi thoa, b\u00e1m nh\u1eb9 v\u00e0o da<\/p>\n<p class=\"QN2lPu\">K\u1ebft c\u1ea5u kem m\u1ecbn v\u00e0 tinh t\u1ebf m\u00e0 kh\u00f4ng \u0111\u1ec3 l\u1ea1i d\u1ea5u v\u1ebft<\/p>\n<p class=\"QN2lPu\">B\u1eaft \u0111\u1ea7u ch\u1ebf \u0111\u1ed9 m\u00e1t m\u1ebb v\u00e0o m\u00f9a h\u00e8 c\u1ee7a b\u1ea1n<\/p>\n<p class=\"QN2lPu\">C\u00f4ng ngh\u1ec7 n\u00f3ng ch\u1ea3y sang b\u1ed9t l\u1ecfng<\/p>\n<p class=\"QN2lPu\">Ngay l\u1eadp t\u1ee9c tan ch\u1ea3y khi s\u1eed d\u1ee5ng, t\u01b0\u01a1i m\u1edbi v\u00e0 kh\u00f4ng d\u00ednh<\/p>\n<p class=\"QN2lPu\">Nh\u1eb9 v\u00e0 m\u1ecbn, l\u00e0m s\u00e1ng t\u1ef1 nhi\u00ean l\u00e0n da kh\u00f4ng b\u1ecb \u0111\u00f3ng b\u1ed9t<\/p>\n<p class=\"QN2lPu\">T\u1eeb m\u1eb7t \u0111\u1ebfn c\u01a1 th\u1ec3, t\u00f9y ch\u1ec9nh \u0111\u1ed9 s\u00e1ng c\u1ee7a b\u1ea1n cho c\u00e1c lo\u1ea1i da kh\u00e1c nhau<\/p>\n<p class=\"QN2lPu\">M\u00e0u t\u00edm<\/p>\n<p class=\"QN2lPu\">C\u00f3 th\u1ec3 \u0111\u01b0\u1ee3c s\u1eed d\u1ee5ng tr\u00ean to\u00e0n b\u1ed9 c\u01a1 th\u1ec3<\/p>\n<p class=\"QN2lPu\">\n<p class=\"QN2lPu\">Th\u01b0\u01a1ng hi\u1ec7u: Carslan <\/p>\n<p class=\"QN2lPu\">Xu\u1ea5t x\u1ee9: S\u1ea3n xu\u1ea5t t\u1ea1i Trung Qu\u1ed1c <\/p>\n<p class=\"QN2lPu\">M\u00e0u s\u1eafc: 4<\/p>\n<p class=\"QN2lPu\">H\u1ea1n s\u1eed d\u1ee5ng: 36 th\u00e1ng<\/p>\n<p class=\"QN2lPu\">L\u01b0u \u00fd: Do hi\u1ec7u \u1ee9ng \u00e1nh s\u00e1ng m\u00e0n h\u00ecnh, m\u00e0u s\u1eafc c\u1ee7a s\u1ea3n ph\u1ea9m th\u1ef1c t\u1ebf th\u1eadt c\u00f3 th\u1ec3 c\u00f3 \u0111\u00f4i ch\u00fat ch\u00eanh l\u1ec7ch..<\/p>\n<p class=\"QN2lPu\">\n<p class=\"QN2lPu\">G\u00f3i h\u00e0ng bao g\u1ed3m:<\/p>\n<p class=\"QN2lPu\">1 * Kem n\u00e2ng t\u00f4ng da nh\u1ecf 10g<\/p>\n<p class=\"QN2lPu\">\n<p class=\"QN2lPu\">H\u01b0\u1edbng d\u1eabn b\u1ea3o qu\u1ea3n: \u0110\u1eb7t \u1edf n\u01a1i tho\u00e1ng m\u00e1t, tr\u00e1nh \u00e1nh n\u1eafng m\u1eb7t tr\u1eddi<\/p>\n<p class=\"QN2lPu\">\n<p class=\"QN2lPu\">Th\u00e0nh ph\u1ea7n:<\/p>\n<p class=\"QN2lPu\">&#8220;N\u01b0\u1edbc&#8221;, &#8220;Butanediol&#8221;, &#8220;Glycerin&#8221;, &#8220;1,3-Propanediol&#8221;, &#8220;EDTA Disodium&#8221;, &#8220;(Butanediol, n\u01b0\u1edbc, chi\u1ebft xu\u1ea5t t\u1eeb r\u1ec5 GLYCYRRHIZA GLABRA)&#8221;, &#8220;(N\u01b0\u1edbc, chi\u1ebft xu\u1ea5t t\u1eeb b\u00f3ng \u0111\u00e8n LILIUM CANDIDUM, propylene glycol) &#8220;, Chi\u1ebft xu\u1ea5t hoa Anthemis Nobilis)&#8221;, &#8220;(n\u01b0\u1edbc, butanediol, chi\u1ebft xu\u1ea5t SAUSSUREA INVOLUCRATA), phenoxyethanol, Ethylhexylglycerin)&#8221;, &#8220;(N\u01b0\u1edbc, chi\u1ebft xu\u1ea5t GOSSYPIUM HERBACEUM,&#8221; (Butanediol, chi\u1ebft xu\u1ea5t t\u1eeb r\u1ec5 c\u00e2y hoa s\u00fang tr\u1eafng (NYMPHAEA ALBA))<\/p>\n<\/div>\n","protected":false},"excerpt":{"rendered":"<p>Th\u1eddi gian giao h\u00e0ng d\u1ef1 ki\u1ebfn cho s\u1ea3n ph\u1ea9m n\u00e0y l\u00e0 t\u1eeb 7-9 ng\u00e0y C\u1eeda h\u00e0ng ch\u00ednh h\u00e3ng c\u1ee7a Carslan L\u00e0 m\u1ed9t th\u01b0\u01a1ng hi\u1ec7u m\u1ef9 ph\u1ea9m h\u00e0ng \u0111\u1ea7u t\u1ea1i Trung Qu\u1ed1c, Carslan theo xu h\u01b0\u1edbng th\u1ebf gi\u1edbi v\u00e0 t\u1eadp trung v\u00e0o vi\u1ec7c kh\u00e1m ph\u00e1 v\u00e0 th\u1ec3 hi\u1ec7n v\u1ebb \u0111\u1eb9p. \u0110\u1ec3 truy\u1ec1n t\u1ea3i n\u0103ng l\u01b0\u1ee3ng t\u00edch&#8230;<\/p>\n","protected":false},"featured_media":14335,"comment_status":"open","ping_status":"closed","template":"","meta":[],"product_brand":[1536],"product_cat":[1269],"product_tag":[],"class_list":{"0":"post-14292","1":"product","2":"type-product","3":"status-publish","4":"has-post-thumbnail","6":"product_brand-carslan","7":"product_cat-mat-kem-lot","9":"first","10":"instock","11":"sale","12":"shipping-taxable","13":"purchasable","14":"product-type-simple"},"_links":{"self":[{"href":"https:\/\/web-ban-le.mbws.vn\/sac-dep\/wp-json\/wp\/v2\/product\/14292","targetHints":{"allow":["GET"]}}],"collection":[{"href":"https:\/\/web-ban-le.mbws.vn\/sac-dep\/wp-json\/wp\/v2\/product"}],"about":[{"href":"https:\/\/web-ban-le.mbws.vn\/sac-dep\/wp-json\/wp\/v2\/types\/product"}],"replies":[{"embeddable":true,"href":"https:\/\/web-ban-le.mbws.vn\/sac-dep\/wp-json\/wp\/v2\/comments?post=14292"}],"wp:featuredmedia":[{"embeddable":true,"href":"https:\/\/web-ban-le.mbws.vn\/sac-dep\/wp-json\/wp\/v2\/media\/14335"}],"wp:attachment":[{"href":"https:\/\/web-ban-le.mbws.vn\/sac-dep\/wp-json\/wp\/v2\/media?parent=14292"}],"wp:term":[{"taxonomy":"product_brand","embeddable":true,"href":"https:\/\/web-ban-le.mbws.vn\/sac-dep\/wp-json\/wp\/v2\/product_brand?post=14292"},{"taxonomy":"product_cat","embeddable":true,"href":"https:\/\/web-ban-le.mbws.vn\/sac-dep\/wp-json\/wp\/v2\/product_cat?post=14292"},{"taxonomy":"product_tag","embeddable":true,"href":"https:\/\/web-ban-le.mbws.vn\/sac-dep\/wp-json\/wp\/v2\/product_tag?post=14292"}],"curies":[{"name":"wp","href":"https:\/\/api.w.org\/{rel}","templated":true}]}}