{"id":14293,"date":"2025-10-24T09:39:15","date_gmt":"2025-10-24T02:39:15","guid":{"rendered":"https:\/\/web-ban-le.mbws.vn\/sac-dep\/?post_type=product&#038;p=14293"},"modified":"2025-11-04T13:31:57","modified_gmt":"2025-11-04T06:31:57","slug":"phan-ke-may-carslan-hieu-ung-kep-3g","status":"publish","type":"product","link":"https:\/\/web-ban-le.mbws.vn\/sac-dep\/san-pham\/phan-ke-may-carslan-hieu-ung-kep-3g\/","title":{"rendered":"Ph\u1ea5n k\u1ebb m\u00e0y Carslan hi\u1ec7u \u1ee9ng k\u00e9p 3g"},"content":{"rendered":"<div class=\"e8lZp3\">\n<p class=\"QN2lPu\">Th\u1eddi gian giao h\u00e0ng d\u1ef1 ki\u1ebfn cho s\u1ea3n ph\u1ea9m n\u00e0y l\u00e0 t\u1eeb 7-9 ng\u00e0y<\/p>\n<p class=\"QN2lPu\">\n<p class=\"QN2lPu\">\n<p class=\"QN2lPu\">\n<p class=\"QN2lPu\">C\u1eeda h\u00e0ng ch\u00ednh h\u00e3ng c\u1ee7a Carslan<\/p>\n<p class=\"QN2lPu\">\n<p class=\"QN2lPu\">\u3010V\u1ec1 th\u01b0\u01a1ng hi\u1ec7u\u3011<\/p>\n<p class=\"QN2lPu\">\n<p class=\"QN2lPu\">Ra m\u1eaft n\u0103m 2001, t\u1eadp trung v\u00e0o R&amp;D v\u00e0 \u0111\u1ed5i m\u1edbi, t\u1ea1o ra c\u00e1c s\u1ea3n ph\u1ea9m t\u1ed1t v\u1edbi s\u1ef1 kh\u00e9o l\u00e9o<\/p>\n<p class=\"QN2lPu\">\n<p class=\"QN2lPu\">Lu\u00f4n duy tr\u00ec c\u1ea3m gi\u00e1c h\u00e0o h\u1ee9ng v\u1ec1 xu h\u01b0\u1edbng th\u1eddi trang qu\u1ed1c t\u1ebf v\u00e0 v\u0103n h\u00f3a th\u1eddi trang tr\u1ebb trung, v\u00e0 s\u1eed d\u1ee5ng th\u1ea9m m\u1ef9 qu\u1ed1c t\u1ebf \u0111\u1ec3 x\u00e1c \u0111\u1ecbnh xu h\u01b0\u1edbng trang \u0111i\u1ec3m. S\u1eed d\u1ee5ng ch\u1ea5t l\u01b0\u1ee3ng th\u1ebf gi\u1edbi \u0111\u1ec3 x\u00e2y d\u1ef1ng c\u00e1c s\u1ea3n ph\u1ea9m danh ti\u1ebfng<\/p>\n<div class=\"QN2lPu\">\n<div style=\"position: relative; width: 100%; padding-bottom: 147.275%;\"><picture class=\"UkIsx8\"><source srcset=\"https:\/\/down-vn.img.susercontent.com\/file\/cn-11134208-7r98o-lodrj5852cm285@resize_w875_nl.webp 1x, https:\/\/down-vn.img.susercontent.com\/file\/cn-11134208-7r98o-lodrj5852cm285@resize_w1750_nl.webp 2x\" type=\"image\/webp\" class=\"UkIsx8\"><img decoding=\"async\" width=\"875\" loading=\"lazy\" class=\"uXN1L5 lazyload GqYslU\" srcset=\"https:\/\/down-vn.img.susercontent.com\/file\/cn-11134208-7r98o-lodrj5852cm285@resize_w875_nl 1x, https:\/\/down-vn.img.susercontent.com\/file\/cn-11134208-7r98o-lodrj5852cm285@resize_w1750_nl 2x\" src=\"https:\/\/down-vn.img.susercontent.com\/file\/cn-11134208-7r98o-lodrj5852cm285\" height=\"1289\"><\/picture><\/div>\n<\/div>\n<div class=\"QN2lPu\">\n<div style=\"position: relative; width: 100%; padding-bottom: 80.1925%;\"><picture class=\"UkIsx8\"><source srcset=\"https:\/\/down-vn.img.susercontent.com\/file\/cn-11134208-7r98o-lodrj5853r6i53@resize_w875_nl.webp 1x, https:\/\/down-vn.img.susercontent.com\/file\/cn-11134208-7r98o-lodrj5853r6i53@resize_w1750_nl.webp 2x\" type=\"image\/webp\" class=\"UkIsx8\"><img decoding=\"async\" width=\"875\" loading=\"lazy\" class=\"uXN1L5 lazyload GqYslU\" srcset=\"https:\/\/down-vn.img.susercontent.com\/file\/cn-11134208-7r98o-lodrj5853r6i53@resize_w875_nl 1x, https:\/\/down-vn.img.susercontent.com\/file\/cn-11134208-7r98o-lodrj5853r6i53@resize_w1750_nl 2x\" src=\"https:\/\/down-vn.img.susercontent.com\/file\/cn-11134208-7r98o-lodrj5853r6i53\" height=\"702\"><\/picture><\/div>\n<\/div>\n<div class=\"QN2lPu\">\n<div style=\"position: relative; width: 100%; padding-bottom: 200%;\"><picture class=\"UkIsx8\"><source srcset=\"https:\/\/down-vn.img.susercontent.com\/file\/cn-11134208-7r98o-lodrj58555qy68@resize_w875_nl.webp 1x, https:\/\/down-vn.img.susercontent.com\/file\/cn-11134208-7r98o-lodrj58555qy68@resize_w1750_nl.webp 2x\" type=\"image\/webp\" class=\"UkIsx8\"><img decoding=\"async\" width=\"875\" loading=\"lazy\" class=\"uXN1L5 lazyload GqYslU\" srcset=\"https:\/\/down-vn.img.susercontent.com\/file\/cn-11134208-7r98o-lodrj58555qy68@resize_w875_nl 1x, https:\/\/down-vn.img.susercontent.com\/file\/cn-11134208-7r98o-lodrj58555qy68@resize_w1750_nl 2x\" src=\"https:\/\/down-vn.img.susercontent.com\/file\/cn-11134208-7r98o-lodrj58555qy68\" height=\"1750\"><\/picture><\/div>\n<\/div>\n<div class=\"QN2lPu\">\n<div style=\"position: relative; width: 100%; padding-bottom: 199.601%;\"><picture class=\"UkIsx8\"><source srcset=\"https:\/\/down-vn.img.susercontent.com\/file\/cn-11134208-7r98o-lodrj5856kbe8c@resize_w875_nl.webp 1x, https:\/\/down-vn.img.susercontent.com\/file\/cn-11134208-7r98o-lodrj5856kbe8c@resize_w1750_nl.webp 2x\" type=\"image\/webp\" class=\"UkIsx8\"><img decoding=\"async\" width=\"875\" loading=\"lazy\" class=\"uXN1L5 lazyload GqYslU\" srcset=\"https:\/\/down-vn.img.susercontent.com\/file\/cn-11134208-7r98o-lodrj5856kbe8c@resize_w875_nl 1x, https:\/\/down-vn.img.susercontent.com\/file\/cn-11134208-7r98o-lodrj5856kbe8c@resize_w1750_nl 2x\" src=\"https:\/\/down-vn.img.susercontent.com\/file\/cn-11134208-7r98o-lodrj5856kbe8c\" height=\"1747\"><\/picture><\/div>\n<\/div>\n<div class=\"QN2lPu\">\n<div style=\"position: relative; width: 100%; padding-bottom: 115.741%;\"><picture class=\"UkIsx8\"><source srcset=\"https:\/\/down-vn.img.susercontent.com\/file\/cn-11134208-7r98o-lodrj5857yvu9d@resize_w875_nl.webp 1x, https:\/\/down-vn.img.susercontent.com\/file\/cn-11134208-7r98o-lodrj5857yvu9d@resize_w1750_nl.webp 2x\" type=\"image\/webp\" class=\"UkIsx8\"><img decoding=\"async\" width=\"875\" loading=\"lazy\" class=\"uXN1L5 lazyload GqYslU\" srcset=\"https:\/\/down-vn.img.susercontent.com\/file\/cn-11134208-7r98o-lodrj5857yvu9d@resize_w875_nl 1x, https:\/\/down-vn.img.susercontent.com\/file\/cn-11134208-7r98o-lodrj5857yvu9d@resize_w1750_nl 2x\" src=\"https:\/\/down-vn.img.susercontent.com\/file\/cn-11134208-7r98o-lodrj5857yvu9d\" height=\"1013\"><\/picture><\/div>\n<\/div>\n<div class=\"QN2lPu\">\n<div style=\"position: relative; width: 100%; padding-bottom: 118.765%;\"><picture class=\"UkIsx8\"><source srcset=\"https:\/\/down-vn.img.susercontent.com\/file\/cn-11134208-7r98o-lodrj5859dga11@resize_w875_nl.webp 1x, https:\/\/down-vn.img.susercontent.com\/file\/cn-11134208-7r98o-lodrj5859dga11@resize_w1750_nl.webp 2x\" type=\"image\/webp\" class=\"UkIsx8\"><img decoding=\"async\" width=\"875\" loading=\"lazy\" class=\"uXN1L5 lazyload GqYslU\" srcset=\"https:\/\/down-vn.img.susercontent.com\/file\/cn-11134208-7r98o-lodrj5859dga11@resize_w875_nl 1x, https:\/\/down-vn.img.susercontent.com\/file\/cn-11134208-7r98o-lodrj5859dga11@resize_w1750_nl 2x\" src=\"https:\/\/down-vn.img.susercontent.com\/file\/cn-11134208-7r98o-lodrj5859dga11\" height=\"1039\"><\/picture><\/div>\n<\/div>\n<div class=\"QN2lPu\">\n<div style=\"position: relative; width: 100%; padding-bottom: 99.4036%;\"><picture class=\"UkIsx8\"><source srcset=\"https:\/\/down-vn.img.susercontent.com\/file\/cn-11134208-7r98o-lodrj585as0qad@resize_w875_nl.webp 1x, https:\/\/down-vn.img.susercontent.com\/file\/cn-11134208-7r98o-lodrj585as0qad@resize_w1750_nl.webp 2x\" type=\"image\/webp\" class=\"UkIsx8\"><img decoding=\"async\" width=\"875\" loading=\"lazy\" class=\"uXN1L5 lazyload QSLoEa GqYslU\" srcset=\"https:\/\/down-vn.img.susercontent.com\/file\/cn-11134208-7r98o-lodrj585as0qad@resize_w875_nl 1x, https:\/\/down-vn.img.susercontent.com\/file\/cn-11134208-7r98o-lodrj585as0qad@resize_w1750_nl 2x\" src=\"https:\/\/down-vn.img.susercontent.com\/file\/cn-11134208-7r98o-lodrj585as0qad\" height=\"870\"><\/picture><\/div>\n<\/div>\n<div class=\"QN2lPu\">\n<div style=\"position: relative; width: 100%; padding-bottom: 82.5764%;\"><picture class=\"UkIsx8\"><source srcset=\"https:\/\/down-vn.img.susercontent.com\/file\/cn-11134208-7r98o-lodrj585c6l6ab@resize_w875_nl.webp 1x, https:\/\/down-vn.img.susercontent.com\/file\/cn-11134208-7r98o-lodrj585c6l6ab@resize_w1750_nl.webp 2x\" type=\"image\/webp\" class=\"UkIsx8\"><img decoding=\"async\" width=\"875\" loading=\"lazy\" class=\"uXN1L5 lazyload QSLoEa GqYslU\" srcset=\"https:\/\/down-vn.img.susercontent.com\/file\/cn-11134208-7r98o-lodrj585c6l6ab@resize_w875_nl 1x, https:\/\/down-vn.img.susercontent.com\/file\/cn-11134208-7r98o-lodrj585c6l6ab@resize_w1750_nl 2x\" src=\"https:\/\/down-vn.img.susercontent.com\/file\/cn-11134208-7r98o-lodrj585c6l6ab\" height=\"723\"><\/picture><\/div>\n<\/div>\n<div class=\"QN2lPu\">\n<div style=\"position: relative; width: 100%; padding-bottom: 134.048%;\"><picture class=\"UkIsx8\"><source srcset=\"https:\/\/down-vn.img.susercontent.com\/file\/cn-11134208-7r98o-lodrj585dl5mbd@resize_w875_nl.webp 1x, https:\/\/down-vn.img.susercontent.com\/file\/cn-11134208-7r98o-lodrj585dl5mbd@resize_w1750_nl.webp 2x\" type=\"image\/webp\" class=\"UkIsx8\"><img decoding=\"async\" width=\"875\" loading=\"lazy\" class=\"uXN1L5 lazyload QSLoEa GqYslU\" srcset=\"https:\/\/down-vn.img.susercontent.com\/file\/cn-11134208-7r98o-lodrj585dl5mbd@resize_w875_nl 1x, https:\/\/down-vn.img.susercontent.com\/file\/cn-11134208-7r98o-lodrj585dl5mbd@resize_w1750_nl 2x\" src=\"https:\/\/down-vn.img.susercontent.com\/file\/cn-11134208-7r98o-lodrj585dl5mbd\" height=\"1173\"><\/picture><\/div>\n<\/div>\n<div class=\"QN2lPu\">\n<div style=\"position: relative; width: 100%; padding-bottom: 148.368%;\"><picture class=\"UkIsx8\"><source srcset=\"https:\/\/down-vn.img.susercontent.com\/file\/cn-11134208-7r98o-lodrj585ezq228@resize_w875_nl.webp 1x, https:\/\/down-vn.img.susercontent.com\/file\/cn-11134208-7r98o-lodrj585ezq228@resize_w1750_nl.webp 2x\" type=\"image\/webp\" class=\"UkIsx8\"><img decoding=\"async\" width=\"875\" loading=\"lazy\" class=\"uXN1L5 lazyload QSLoEa GqYslU\" srcset=\"https:\/\/down-vn.img.susercontent.com\/file\/cn-11134208-7r98o-lodrj585ezq228@resize_w875_nl 1x, https:\/\/down-vn.img.susercontent.com\/file\/cn-11134208-7r98o-lodrj585ezq228@resize_w1750_nl 2x\" src=\"https:\/\/down-vn.img.susercontent.com\/file\/cn-11134208-7r98o-lodrj585ezq228\" height=\"1298\"><\/picture><\/div>\n<\/div>\n<p class=\"QN2lPu\">\n<p class=\"QN2lPu\">Th\u01b0\u01a1ng hi\u1ec7u: CARSLAN<\/p>\n<p class=\"QN2lPu\">\n<p class=\"QN2lPu\">Lo\u1ea1i: Ph\u1ea5n k\u1ebb m\u00e0y<\/p>\n<p class=\"QN2lPu\">\n<p class=\"QN2lPu\">D\u00e0nh cho: Unisex <\/p>\n<p class=\"QN2lPu\">\n<p class=\"QN2lPu\">Ch\u1ee7 \u0111\u1ec1: L\u00e0m \u0111\u1eb9p<\/p>\n<p class=\"QN2lPu\">\n<p class=\"QN2lPu\">M\u00e0u s\u1eafc: 2 m\u00e0u<\/p>\n<p class=\"QN2lPu\">\n<p class=\"QN2lPu\">Kh\u1ed1i l\u01b0\u1ee3ng t\u1ecbnh: 3g<\/p>\n<p class=\"QN2lPu\">\n<p class=\"QN2lPu\">Xu\u1ea5t x\u1ee9: s\u1ea3n xu\u1ea5t t\u1ea1i Trung Qu\u1ed1c<\/p>\n<p class=\"QN2lPu\">\n<p class=\"QN2lPu\">H\u1ea1n s\u1eed d\u1ee5ng: 36 th\u00e1ng<\/p>\n<p class=\"QN2lPu\">\n<p class=\"QN2lPu\">\n<p class=\"QN2lPu\">\n<p class=\"QN2lPu\">C\u00e1ch s\u1eed d\u1ee5ng:<\/p>\n<p class=\"QN2lPu\">\n<p class=\"QN2lPu\">K\u1ebb t\u1eeb trung t\u00e2m ra ngo\u00e0i \u0111\u1ec3 c\u00f3 v\u1ebb ngo\u00e0i t\u1ef1 nhi\u00ean, ti\u1ebfp t\u1ee5c \u0111\u00e1nh ch\u1ed3ng nhi\u1ec1u l\u1edbp \u0111\u1ec3 t\u1ea1o \u0111\u1ed9 \u0111\u1eadm mong mu\u1ed1n<\/p>\n<p class=\"QN2lPu\">\n<p class=\"QN2lPu\">\n<p class=\"QN2lPu\">\n<p class=\"QN2lPu\">L\u01b0u \u00fd:<\/p>\n<p class=\"QN2lPu\">\n<p class=\"QN2lPu\">1. Do s\u1ef1 kh\u00e1c bi\u1ec7t gi\u1eefa c\u00e1c m\u00e0n h\u00ecnh kh\u00e1c nhau, h\u00ecnh \u1ea3nh c\u00f3 th\u1ec3 kh\u00f4ng hi\u1ec3n th\u1ecb \u0111\u00fang m\u00e0u s\u1eafc th\u1ef1c t\u1ebf c\u1ee7a s\u1ea3n ph\u1ea9m. Ch\u00fang t\u00f4i \u0111\u1ea3m b\u1ea3o ki\u1ec3u d\u00e1ng s\u1ebd gi\u1ed1ng trong \u1ea3nh. C\u1ea3m \u01a1n b\u1ea1n!<\/p>\n<p class=\"QN2lPu\">\n<p class=\"QN2lPu\">2. H\u01b0\u1edbng d\u1eabn b\u1ea3o qu\u1ea3n: \u0110\u1eb7t \u1edf n\u01a1i tho\u00e1ng m\u00e1t, tr\u00e1nh \u00e1nh n\u1eafng m\u1eb7t tr\u1eddi<\/p>\n<p class=\"QN2lPu\">\n<p class=\"QN2lPu\">\n<p class=\"QN2lPu\">\n<p class=\"QN2lPu\">Th\u00e0nh ph\u1ea7n: &#8220;Talc&#8221;, &#8220;Polymethicone&#8221;, &#8220;(Mica, Lauroyl Lysine, Polymethicone)&#8221;, &#8220;(Mica, CI 77891)&#8221;, &#8220;CI 77499&#8221;, &#8220;Poly two Methylsiloxane&#8221;, &#8220;CI 77891&#8243;,&#8221; CI 77492 &#8220;,&#8221; (silica, triethoxctylsilane)&#8221;, &#8220;CI 77891&#8221;, &#8220;CI 77492&#8221;, &#8220;,&#8221; Phenyl trimethyl Siloxane&#8221;, &#8220;Butyl Octanol Salicylate&#8221;<\/p>\n<\/div>\n","protected":false},"excerpt":{"rendered":"<p>Th\u1eddi gian giao h\u00e0ng d\u1ef1 ki\u1ebfn cho s\u1ea3n ph\u1ea9m n\u00e0y l\u00e0 t\u1eeb 7-9 ng\u00e0y C\u1eeda h\u00e0ng ch\u00ednh h\u00e3ng c\u1ee7a Carslan \u3010V\u1ec1 th\u01b0\u01a1ng hi\u1ec7u\u3011 Ra m\u1eaft n\u0103m 2001, t\u1eadp trung v\u00e0o R&amp;D v\u00e0 \u0111\u1ed5i m\u1edbi, t\u1ea1o ra c\u00e1c s\u1ea3n ph\u1ea9m t\u1ed1t v\u1edbi s\u1ef1 kh\u00e9o l\u00e9o Lu\u00f4n duy tr\u00ec c\u1ea3m gi\u00e1c h\u00e0o h\u1ee9ng v\u1ec1 xu h\u01b0\u1edbng th\u1eddi&#8230;<\/p>\n","protected":false},"featured_media":14345,"comment_status":"open","ping_status":"closed","template":"","meta":[],"product_brand":[1536],"product_cat":[1370],"product_tag":[],"class_list":{"0":"post-14293","1":"product","2":"type-product","3":"status-publish","4":"has-post-thumbnail","6":"product_brand-carslan","7":"product_cat-mat-ke-may","9":"first","10":"instock","11":"sale","12":"shipping-taxable","13":"purchasable","14":"product-type-variable"},"_links":{"self":[{"href":"https:\/\/web-ban-le.mbws.vn\/sac-dep\/wp-json\/wp\/v2\/product\/14293","targetHints":{"allow":["GET"]}}],"collection":[{"href":"https:\/\/web-ban-le.mbws.vn\/sac-dep\/wp-json\/wp\/v2\/product"}],"about":[{"href":"https:\/\/web-ban-le.mbws.vn\/sac-dep\/wp-json\/wp\/v2\/types\/product"}],"replies":[{"embeddable":true,"href":"https:\/\/web-ban-le.mbws.vn\/sac-dep\/wp-json\/wp\/v2\/comments?post=14293"}],"wp:featuredmedia":[{"embeddable":true,"href":"https:\/\/web-ban-le.mbws.vn\/sac-dep\/wp-json\/wp\/v2\/media\/14345"}],"wp:attachment":[{"href":"https:\/\/web-ban-le.mbws.vn\/sac-dep\/wp-json\/wp\/v2\/media?parent=14293"}],"wp:term":[{"taxonomy":"product_brand","embeddable":true,"href":"https:\/\/web-ban-le.mbws.vn\/sac-dep\/wp-json\/wp\/v2\/product_brand?post=14293"},{"taxonomy":"product_cat","embeddable":true,"href":"https:\/\/web-ban-le.mbws.vn\/sac-dep\/wp-json\/wp\/v2\/product_cat?post=14293"},{"taxonomy":"product_tag","embeddable":true,"href":"https:\/\/web-ban-le.mbws.vn\/sac-dep\/wp-json\/wp\/v2\/product_tag?post=14293"}],"curies":[{"name":"wp","href":"https:\/\/api.w.org\/{rel}","templated":true}]}}