{"id":14294,"date":"2025-10-24T09:39:15","date_gmt":"2025-10-24T02:39:15","guid":{"rendered":"https:\/\/web-ban-le.mbws.vn\/sac-dep\/?post_type=product&#038;p=14294"},"modified":"2025-11-04T13:31:57","modified_gmt":"2025-11-04T06:31:57","slug":"son-tint-duong-am-carslan-lam-sang-nep-nhan-trong-28-ngay-trang-diem-va-cham-soc-da-trong-mot-4-5g","status":"publish","type":"product","link":"https:\/\/web-ban-le.mbws.vn\/sac-dep\/san-pham\/son-tint-duong-am-carslan-lam-sang-nep-nhan-trong-28-ngay-trang-diem-va-cham-soc-da-trong-mot-4-5g\/","title":{"rendered":"Son tint d\u01b0\u1ee1ng \u1ea9m CARSLAN l\u00e0m s\u00e1ng n\u1ebfp nh\u0103n trong 28 ng\u00e0y trang \u0111i\u1ec3m v\u00e0 ch\u0103m s\u00f3c da trong m\u1ed9t 4.5g"},"content":{"rendered":"<div class=\"e8lZp3\">\n<p class=\"QN2lPu\">C\u1eeda h\u00e0ng ch\u00ednh th\u1ee9c c\u1ee7a Carslan<\/p>\n<p class=\"QN2lPu\">\n<p class=\"QN2lPu\">L\u00e0 th\u01b0\u01a1ng hi\u1ec7u m\u1ef9 ph\u1ea9m h\u00e0ng \u0111\u1ea7u t\u1ea1i Trung Qu\u1ed1c, Carslan b\u1eaft k\u1ecbp xu h\u01b0\u1edbng th\u1ebf gi\u1edbi v\u00e0 t\u1eadp trung v\u00e0o vi\u1ec7c kh\u00e1m ph\u00e1 v\u00e0 th\u1ec3 hi\u1ec7n v\u1ebb \u0111\u1eb9p. Truy\u1ec1n t\u1ea3i n\u0103ng l\u01b0\u1ee3ng t\u00edch c\u1ef1c c\u1ee7a th\u1eddi trang v\u00e0 v\u1ebb \u0111\u1eb9p cho con ng\u01b0\u1eddi hi\u1ec7n \u0111\u1ea1i<\/p>\n<div class=\"QN2lPu\">\n<div style=\"position: relative; width: 100%; padding-bottom: 163.132%;\"><picture class=\"UkIsx8\"><source srcset=\"https:\/\/down-vn.img.susercontent.com\/file\/cn-11134208-820l4-mf9eum8ykj62bd@resize_w875_nl.webp 1x, https:\/\/down-vn.img.susercontent.com\/file\/cn-11134208-820l4-mf9eum8ykj62bd@resize_w1750_nl.webp 2x\" type=\"image\/webp\" class=\"UkIsx8\"><img decoding=\"async\" width=\"875\" loading=\"lazy\" class=\"uXN1L5 lazyload GqYslU\" srcset=\"https:\/\/down-vn.img.susercontent.com\/file\/cn-11134208-820l4-mf9eum8ykj62bd@resize_w875_nl 1x, https:\/\/down-vn.img.susercontent.com\/file\/cn-11134208-820l4-mf9eum8ykj62bd@resize_w1750_nl 2x\" src=\"https:\/\/down-vn.img.susercontent.com\/file\/cn-11134208-820l4-mf9eum8ykj62bd\" height=\"1427\"><\/picture><\/div>\n<\/div>\n<div class=\"QN2lPu\">\n<div style=\"position: relative; width: 100%; padding-bottom: 163.132%;\"><picture class=\"UkIsx8\"><source srcset=\"https:\/\/down-vn.img.susercontent.com\/file\/cn-11134208-820l4-mf9eum8ylxqi8f@resize_w875_nl.webp 1x, https:\/\/down-vn.img.susercontent.com\/file\/cn-11134208-820l4-mf9eum8ylxqi8f@resize_w1750_nl.webp 2x\" type=\"image\/webp\" class=\"UkIsx8\"><img decoding=\"async\" width=\"875\" loading=\"lazy\" class=\"uXN1L5 lazyload GqYslU\" srcset=\"https:\/\/down-vn.img.susercontent.com\/file\/cn-11134208-820l4-mf9eum8ylxqi8f@resize_w875_nl 1x, https:\/\/down-vn.img.susercontent.com\/file\/cn-11134208-820l4-mf9eum8ylxqi8f@resize_w1750_nl 2x\" src=\"https:\/\/down-vn.img.susercontent.com\/file\/cn-11134208-820l4-mf9eum8ylxqi8f\" height=\"1427\"><\/picture><\/div>\n<\/div>\n<div class=\"QN2lPu\">\n<div style=\"position: relative; width: 100%; padding-bottom: 163.132%;\"><picture class=\"UkIsx8\"><source srcset=\"https:\/\/down-vn.img.susercontent.com\/file\/cn-11134208-820l4-mf9eum8yncayd9@resize_w875_nl.webp 1x, https:\/\/down-vn.img.susercontent.com\/file\/cn-11134208-820l4-mf9eum8yncayd9@resize_w1750_nl.webp 2x\" type=\"image\/webp\" class=\"UkIsx8\"><img decoding=\"async\" width=\"875\" loading=\"lazy\" class=\"uXN1L5 lazyload GqYslU\" srcset=\"https:\/\/down-vn.img.susercontent.com\/file\/cn-11134208-820l4-mf9eum8yncayd9@resize_w875_nl 1x, https:\/\/down-vn.img.susercontent.com\/file\/cn-11134208-820l4-mf9eum8yncayd9@resize_w1750_nl 2x\" src=\"https:\/\/down-vn.img.susercontent.com\/file\/cn-11134208-820l4-mf9eum8yncayd9\" height=\"1427\"><\/picture><\/div>\n<\/div>\n<div class=\"QN2lPu\">\n<div style=\"position: relative; width: 100%; padding-bottom: 163.132%;\"><picture class=\"UkIsx8\"><source srcset=\"https:\/\/down-vn.img.susercontent.com\/file\/cn-11134208-820l4-mf9f78f88ky5d5@resize_w875_nl.webp 1x, https:\/\/down-vn.img.susercontent.com\/file\/cn-11134208-820l4-mf9f78f88ky5d5@resize_w1750_nl.webp 2x\" type=\"image\/webp\" class=\"UkIsx8\"><img decoding=\"async\" width=\"875\" loading=\"lazy\" class=\"uXN1L5 lazyload GqYslU\" srcset=\"https:\/\/down-vn.img.susercontent.com\/file\/cn-11134208-820l4-mf9f78f88ky5d5@resize_w875_nl 1x, https:\/\/down-vn.img.susercontent.com\/file\/cn-11134208-820l4-mf9f78f88ky5d5@resize_w1750_nl 2x\" src=\"https:\/\/down-vn.img.susercontent.com\/file\/cn-11134208-820l4-mf9f78f88ky5d5\" height=\"1427\"><\/picture><\/div>\n<\/div>\n<div class=\"QN2lPu\">\n<div style=\"position: relative; width: 100%; padding-bottom: 163.132%;\"><picture class=\"UkIsx8\"><source srcset=\"https:\/\/down-vn.img.susercontent.com\/file\/cn-11134208-820l4-mf9f78f89zil9f@resize_w875_nl.webp 1x, https:\/\/down-vn.img.susercontent.com\/file\/cn-11134208-820l4-mf9f78f89zil9f@resize_w1750_nl.webp 2x\" type=\"image\/webp\" class=\"UkIsx8\"><img decoding=\"async\" width=\"875\" loading=\"lazy\" class=\"uXN1L5 lazyload GqYslU\" srcset=\"https:\/\/down-vn.img.susercontent.com\/file\/cn-11134208-820l4-mf9f78f89zil9f@resize_w875_nl 1x, https:\/\/down-vn.img.susercontent.com\/file\/cn-11134208-820l4-mf9f78f89zil9f@resize_w1750_nl 2x\" src=\"https:\/\/down-vn.img.susercontent.com\/file\/cn-11134208-820l4-mf9f78f89zil9f\" height=\"1427\"><\/picture><\/div>\n<\/div>\n<div class=\"QN2lPu\">\n<div style=\"position: relative; width: 100%; padding-bottom: 163.132%;\"><picture class=\"UkIsx8\"><source srcset=\"https:\/\/down-vn.img.susercontent.com\/file\/cn-11134208-820l4-mf9f78f8be3172@resize_w875_nl.webp 1x, https:\/\/down-vn.img.susercontent.com\/file\/cn-11134208-820l4-mf9f78f8be3172@resize_w1750_nl.webp 2x\" type=\"image\/webp\" class=\"UkIsx8\"><img decoding=\"async\" width=\"875\" loading=\"lazy\" class=\"uXN1L5 lazyload GqYslU\" srcset=\"https:\/\/down-vn.img.susercontent.com\/file\/cn-11134208-820l4-mf9f78f8be3172@resize_w875_nl 1x, https:\/\/down-vn.img.susercontent.com\/file\/cn-11134208-820l4-mf9f78f8be3172@resize_w1750_nl 2x\" src=\"https:\/\/down-vn.img.susercontent.com\/file\/cn-11134208-820l4-mf9f78f8be3172\" height=\"1427\"><\/picture><\/div>\n<\/div>\n<div class=\"QN2lPu\">\n<div style=\"position: relative; width: 100%; padding-bottom: 163.132%;\"><picture class=\"UkIsx8\"><source srcset=\"https:\/\/down-vn.img.susercontent.com\/file\/cn-11134208-820l4-mf9f78f8csnh61@resize_w875_nl.webp 1x, https:\/\/down-vn.img.susercontent.com\/file\/cn-11134208-820l4-mf9f78f8csnh61@resize_w1750_nl.webp 2x\" type=\"image\/webp\" class=\"UkIsx8\"><img decoding=\"async\" width=\"875\" loading=\"lazy\" class=\"uXN1L5 lazyload GqYslU\" srcset=\"https:\/\/down-vn.img.susercontent.com\/file\/cn-11134208-820l4-mf9f78f8csnh61@resize_w875_nl 1x, https:\/\/down-vn.img.susercontent.com\/file\/cn-11134208-820l4-mf9f78f8csnh61@resize_w1750_nl 2x\" src=\"https:\/\/down-vn.img.susercontent.com\/file\/cn-11134208-820l4-mf9f78f8csnh61\" height=\"1427\"><\/picture><\/div>\n<\/div>\n<div class=\"QN2lPu\">\n<div style=\"position: relative; width: 100%; padding-bottom: 163.132%;\"><picture class=\"UkIsx8\"><source srcset=\"https:\/\/down-vn.img.susercontent.com\/file\/cn-11134208-820l4-mf9f78f8e77x35@resize_w875_nl.webp 1x, https:\/\/down-vn.img.susercontent.com\/file\/cn-11134208-820l4-mf9f78f8e77x35@resize_w1750_nl.webp 2x\" type=\"image\/webp\" class=\"UkIsx8\"><img decoding=\"async\" width=\"875\" loading=\"lazy\" class=\"uXN1L5 lazyload GqYslU\" srcset=\"https:\/\/down-vn.img.susercontent.com\/file\/cn-11134208-820l4-mf9f78f8e77x35@resize_w875_nl 1x, https:\/\/down-vn.img.susercontent.com\/file\/cn-11134208-820l4-mf9f78f8e77x35@resize_w1750_nl 2x\" src=\"https:\/\/down-vn.img.susercontent.com\/file\/cn-11134208-820l4-mf9f78f8e77x35\" height=\"1427\"><\/picture><\/div>\n<\/div>\n<div class=\"QN2lPu\">\n<div style=\"position: relative; width: 100%; padding-bottom: 163.132%;\"><picture class=\"UkIsx8\"><source srcset=\"https:\/\/down-vn.img.susercontent.com\/file\/cn-11134208-820l4-mf9f78f8flsd1f@resize_w875_nl.webp 1x, https:\/\/down-vn.img.susercontent.com\/file\/cn-11134208-820l4-mf9f78f8flsd1f@resize_w1750_nl.webp 2x\" type=\"image\/webp\" class=\"UkIsx8\"><img decoding=\"async\" width=\"875\" loading=\"lazy\" class=\"uXN1L5 lazyload QSLoEa GqYslU\" srcset=\"https:\/\/down-vn.img.susercontent.com\/file\/cn-11134208-820l4-mf9f78f8flsd1f@resize_w875_nl 1x, https:\/\/down-vn.img.susercontent.com\/file\/cn-11134208-820l4-mf9f78f8flsd1f@resize_w1750_nl 2x\" src=\"https:\/\/down-vn.img.susercontent.com\/file\/cn-11134208-820l4-mf9f78f8flsd1f\" height=\"1427\"><\/picture><\/div>\n<\/div>\n<div class=\"QN2lPu\">\n<div style=\"position: relative; width: 100%; padding-bottom: 163.132%;\"><picture class=\"UkIsx8\"><source srcset=\"https:\/\/down-vn.img.susercontent.com\/file\/cn-11134208-820l4-mf9f78f8h0ct29@resize_w875_nl.webp 1x, https:\/\/down-vn.img.susercontent.com\/file\/cn-11134208-820l4-mf9f78f8h0ct29@resize_w1750_nl.webp 2x\" type=\"image\/webp\" class=\"UkIsx8\"><img decoding=\"async\" width=\"875\" loading=\"lazy\" class=\"uXN1L5 lazyload QSLoEa GqYslU\" srcset=\"https:\/\/down-vn.img.susercontent.com\/file\/cn-11134208-820l4-mf9f78f8h0ct29@resize_w875_nl 1x, https:\/\/down-vn.img.susercontent.com\/file\/cn-11134208-820l4-mf9f78f8h0ct29@resize_w1750_nl 2x\" src=\"https:\/\/down-vn.img.susercontent.com\/file\/cn-11134208-820l4-mf9f78f8h0ct29\" height=\"1427\"><\/picture><\/div>\n<\/div>\n<div class=\"QN2lPu\">\n<div style=\"position: relative; width: 100%; padding-bottom: 163.132%;\"><picture class=\"UkIsx8\"><source srcset=\"https:\/\/down-vn.img.susercontent.com\/file\/cn-11134208-820l4-mf9f78f8iex99b@resize_w875_nl.webp 1x, https:\/\/down-vn.img.susercontent.com\/file\/cn-11134208-820l4-mf9f78f8iex99b@resize_w1750_nl.webp 2x\" type=\"image\/webp\" class=\"UkIsx8\"><img decoding=\"async\" width=\"875\" loading=\"lazy\" class=\"uXN1L5 lazyload QSLoEa GqYslU\" srcset=\"https:\/\/down-vn.img.susercontent.com\/file\/cn-11134208-820l4-mf9f78f8iex99b@resize_w875_nl 1x, https:\/\/down-vn.img.susercontent.com\/file\/cn-11134208-820l4-mf9f78f8iex99b@resize_w1750_nl 2x\" src=\"https:\/\/down-vn.img.susercontent.com\/file\/cn-11134208-820l4-mf9f78f8iex99b\" height=\"1427\"><\/picture><\/div>\n<\/div>\n<div class=\"QN2lPu\">\n<div style=\"position: relative; width: 100%; padding-bottom: 162.602%;\"><picture class=\"UkIsx8\"><source srcset=\"https:\/\/down-vn.img.susercontent.com\/file\/cn-11134208-820l4-mf9f78f8jthp82@resize_w875_nl.webp 1x, https:\/\/down-vn.img.susercontent.com\/file\/cn-11134208-820l4-mf9f78f8jthp82@resize_w1750_nl.webp 2x\" type=\"image\/webp\" class=\"UkIsx8\"><img decoding=\"async\" width=\"875\" loading=\"lazy\" class=\"uXN1L5 lazyload QSLoEa GqYslU\" srcset=\"https:\/\/down-vn.img.susercontent.com\/file\/cn-11134208-820l4-mf9f78f8jthp82@resize_w875_nl 1x, https:\/\/down-vn.img.susercontent.com\/file\/cn-11134208-820l4-mf9f78f8jthp82@resize_w1750_nl 2x\" src=\"https:\/\/down-vn.img.susercontent.com\/file\/cn-11134208-820l4-mf9f78f8jthp82\" height=\"1423\"><\/picture><\/div>\n<\/div>\n<p class=\"QN2lPu\">Th\u01b0\u01a1ng hi\u1ec7u: CARSLAN<\/p>\n<p class=\"QN2lPu\">Xu\u1ea5t x\u1ee9: S\u1ea3n xu\u1ea5t t\u1ea1i Trung Qu\u1ed1c<\/p>\n<p class=\"QN2lPu\">Kh\u1ed1i l\u01b0\u1ee3ng t\u1ecbnh: 4,5g<\/p>\n<p class=\"QN2lPu\">Th\u1eddi h\u1ea1n s\u1eed d\u1ee5ng: 36 th\u00e1ng<\/p>\n<p class=\"QN2lPu\">L\u01b0u \u00fd: Do s\u1ef1 kh\u00e1c bi\u1ec7t gi\u1eefa c\u00e1c m\u00e0n h\u00ecnh kh\u00e1c nhau, h\u00ecnh \u1ea3nh c\u00f3 th\u1ec3 kh\u00f4ng ph\u1ea3n \u00e1nh m\u00e0u s\u1eafc th\u1ef1c t\u1ebf c\u1ee7a m\u1eb7t h\u00e0ng. Ch\u00fang t\u00f4i \u0111\u1ea3m b\u1ea3o phong c\u00e1ch gi\u1ed1ng nh\u01b0 trong h\u00ecnh \u1ea3nh. C\u1ea3m \u01a1n b\u1ea1n!<\/p>\n<p class=\"QN2lPu\">\u0110\u00f3ng g\u00f3i:  <\/p>\n<p class=\"QN2lPu\">Serum m\u00f4i 1X<\/p>\n<p class=\"QN2lPu\">H\u01b0\u1edbng d\u1eabn: <\/p>\n<p class=\"QN2lPu\">\u00c1p d\u1ee5ng t\u1eeb gi\u1eefa ra ngo\u00e0i \u0111\u1ec3 c\u00f3 m\u1ed9t c\u00e1i nh\u00ecn t\u1ef1 nhi\u00ean, ti\u1ebfp t\u1ee5c t\u1ea1o l\u1edbp \u0111\u1ec3 x\u00e2y d\u1ef1ng theo c\u01b0\u1eddng \u0111\u1ed9 mong mu\u1ed1n<\/p>\n<p class=\"QN2lPu\">\n<p class=\"QN2lPu\">H\u01b0\u1edbng d\u1eabn b\u1ea3o qu\u1ea3n: \u0111\u1ec3 n\u01a1i tho\u00e1ng m\u00e1t, tr\u00e1nh \u00e1nh n\u1eafng m\u1eb7t tr\u1eddi<\/p>\n<\/div>\n","protected":false},"excerpt":{"rendered":"<p>C\u1eeda h\u00e0ng ch\u00ednh th\u1ee9c c\u1ee7a Carslan L\u00e0 th\u01b0\u01a1ng hi\u1ec7u m\u1ef9 ph\u1ea9m h\u00e0ng \u0111\u1ea7u t\u1ea1i Trung Qu\u1ed1c, Carslan b\u1eaft k\u1ecbp xu h\u01b0\u1edbng th\u1ebf gi\u1edbi v\u00e0 t\u1eadp trung v\u00e0o vi\u1ec7c kh\u00e1m ph\u00e1 v\u00e0 th\u1ec3 hi\u1ec7n v\u1ebb \u0111\u1eb9p. Truy\u1ec1n t\u1ea3i n\u0103ng l\u01b0\u1ee3ng t\u00edch c\u1ef1c c\u1ee7a th\u1eddi trang v\u00e0 v\u1ebb \u0111\u1eb9p cho con ng\u01b0\u1eddi hi\u1ec7n \u0111\u1ea1i Th\u01b0\u01a1ng hi\u1ec7u: CARSLAN&#8230;<\/p>\n","protected":false},"featured_media":14357,"comment_status":"open","ping_status":"closed","template":"","meta":[],"product_brand":[1536],"product_cat":[1371],"product_tag":[],"class_list":{"0":"post-14294","1":"product","2":"type-product","3":"status-publish","4":"has-post-thumbnail","6":"product_brand-carslan","7":"product_cat-duong-moi-khac","9":"first","10":"instock","11":"sale","12":"shipping-taxable","13":"purchasable","14":"product-type-variable"},"_links":{"self":[{"href":"https:\/\/web-ban-le.mbws.vn\/sac-dep\/wp-json\/wp\/v2\/product\/14294","targetHints":{"allow":["GET"]}}],"collection":[{"href":"https:\/\/web-ban-le.mbws.vn\/sac-dep\/wp-json\/wp\/v2\/product"}],"about":[{"href":"https:\/\/web-ban-le.mbws.vn\/sac-dep\/wp-json\/wp\/v2\/types\/product"}],"replies":[{"embeddable":true,"href":"https:\/\/web-ban-le.mbws.vn\/sac-dep\/wp-json\/wp\/v2\/comments?post=14294"}],"wp:featuredmedia":[{"embeddable":true,"href":"https:\/\/web-ban-le.mbws.vn\/sac-dep\/wp-json\/wp\/v2\/media\/14357"}],"wp:attachment":[{"href":"https:\/\/web-ban-le.mbws.vn\/sac-dep\/wp-json\/wp\/v2\/media?parent=14294"}],"wp:term":[{"taxonomy":"product_brand","embeddable":true,"href":"https:\/\/web-ban-le.mbws.vn\/sac-dep\/wp-json\/wp\/v2\/product_brand?post=14294"},{"taxonomy":"product_cat","embeddable":true,"href":"https:\/\/web-ban-le.mbws.vn\/sac-dep\/wp-json\/wp\/v2\/product_cat?post=14294"},{"taxonomy":"product_tag","embeddable":true,"href":"https:\/\/web-ban-le.mbws.vn\/sac-dep\/wp-json\/wp\/v2\/product_tag?post=14294"}],"curies":[{"name":"wp","href":"https:\/\/api.w.org\/{rel}","templated":true}]}}