{"id":14342,"date":"2025-10-24T09:39:38","date_gmt":"2025-10-24T02:39:38","guid":{"rendered":"https:\/\/web-ban-le.mbws.vn\/sac-dep\/?post_type=product&#038;p=14342"},"modified":"2025-11-04T13:31:57","modified_gmt":"2025-11-04T06:31:57","slug":"nuoc-tay-trang-carslan-lam-sach-sau-hieu-qua-500ml","status":"publish","type":"product","link":"https:\/\/web-ban-le.mbws.vn\/sac-dep\/san-pham\/nuoc-tay-trang-carslan-lam-sach-sau-hieu-qua-500ml\/","title":{"rendered":"N\u01b0\u1edbc T\u1ea9y Trang Carslan L\u00e0m S\u1ea1ch S\u00e2u Hi\u1ec7u Qu\u1ea3 500ml"},"content":{"rendered":"<div class=\"e8lZp3\">\n<p class=\"QN2lPu\">Th\u1eddi gian giao h\u00e0ng d\u1ef1 ki\u1ebfn cho s\u1ea3n ph\u1ea9m n\u00e0y l\u00e0 t\u1eeb 7-9 ng\u00e0y<\/p>\n<p class=\"QN2lPu\">\n<p class=\"QN2lPu\">C\u1eeda h\u00e0ng ch\u00ednh h\u00e3ng Carslan<\/p>\n<p class=\"QN2lPu\">\n<p class=\"QN2lPu\">Ra \u0111\u1eddi n\u0103m 2001, t\u1eadp trung v\u00e0o nghi\u00ean c\u1ee9u, ph\u00e1t tri\u1ec3n v\u00e0 \u0111\u1ed5i m\u1edbi, t\u1ea1o ra nh\u1eefng s\u1ea3n ph\u1ea9m t\u1ed1t v\u1edbi s\u1ef1 kh\u00e9o l\u00e9o<\/p>\n<p class=\"QN2lPu\">Lu\u00f4n duy tr\u00ec s\u1ef1 nh\u1ea1y b\u00e9n v\u1ec1 xu h\u01b0\u1edbng th\u1eddi trang qu\u1ed1c t\u1ebf v\u00e0 v\u0103n h\u00f3a th\u1eddi trang tr\u1ebb, \u0111\u1ed3ng th\u1eddi s\u1eed d\u1ee5ng th\u1ea9m m\u1ef9 qu\u1ed1c t\u1ebf \u0111\u1ec3 x\u00e1c \u0111\u1ecbnh xu h\u01b0\u1edbng trang \u0111i\u1ec3m. S\u1eed d\u1ee5ng ch\u1ea5t l\u01b0\u1ee3ng th\u1ebf gi\u1edbi \u0111\u1ec3 x\u00e2y d\u1ef1ng c\u00e1c s\u1ea3n ph\u1ea9m danh ti\u1ebfng<\/p>\n<p class=\"QN2lPu\">\n<div class=\"QN2lPu\">\n<div style=\"position: relative; width: 100%; padding-bottom: 100%;\"><picture class=\"UkIsx8\"><source srcset=\"https:\/\/down-vn.img.susercontent.com\/file\/sg-11134202-22090-ioiwgxlqa1hv36@resize_w875_nl.webp 1x, https:\/\/down-vn.img.susercontent.com\/file\/sg-11134202-22090-ioiwgxlqa1hv36@resize_w1750_nl.webp 2x\" type=\"image\/webp\" class=\"UkIsx8\"><img decoding=\"async\" width=\"875\" loading=\"lazy\" class=\"uXN1L5 lazyload GqYslU\" srcset=\"https:\/\/down-vn.img.susercontent.com\/file\/sg-11134202-22090-ioiwgxlqa1hv36@resize_w875_nl 1x, https:\/\/down-vn.img.susercontent.com\/file\/sg-11134202-22090-ioiwgxlqa1hv36@resize_w1750_nl 2x\" src=\"https:\/\/down-vn.img.susercontent.com\/file\/sg-11134202-22090-ioiwgxlqa1hv36\" height=\"875\"><\/picture><\/div>\n<\/div>\n<p class=\"QN2lPu\">\n<div class=\"QN2lPu\">\n<div style=\"position: relative; width: 100%; padding-bottom: 100%;\"><picture class=\"UkIsx8\"><source srcset=\"https:\/\/down-vn.img.susercontent.com\/file\/5ac65aba9d9a45fc5c05e63771a436b7@resize_w875_nl.webp 1x, https:\/\/down-vn.img.susercontent.com\/file\/5ac65aba9d9a45fc5c05e63771a436b7@resize_w1750_nl.webp 2x\" type=\"image\/webp\" class=\"UkIsx8\"><img decoding=\"async\" width=\"875\" loading=\"lazy\" class=\"uXN1L5 lazyload GqYslU\" srcset=\"https:\/\/down-vn.img.susercontent.com\/file\/5ac65aba9d9a45fc5c05e63771a436b7@resize_w875_nl 1x, https:\/\/down-vn.img.susercontent.com\/file\/5ac65aba9d9a45fc5c05e63771a436b7@resize_w1750_nl 2x\" src=\"https:\/\/down-vn.img.susercontent.com\/file\/5ac65aba9d9a45fc5c05e63771a436b7\" height=\"875\"><\/picture><\/div>\n<\/div>\n<p class=\"QN2lPu\">\n<div class=\"QN2lPu\">\n<div style=\"position: relative; width: 100%; padding-bottom: 100%;\"><picture class=\"UkIsx8\"><source srcset=\"https:\/\/down-vn.img.susercontent.com\/file\/sg-11134202-22090-i1vepeira1hv76@resize_w875_nl.webp 1x, https:\/\/down-vn.img.susercontent.com\/file\/sg-11134202-22090-i1vepeira1hv76@resize_w1750_nl.webp 2x\" type=\"image\/webp\" class=\"UkIsx8\"><img decoding=\"async\" width=\"875\" loading=\"lazy\" class=\"uXN1L5 lazyload GqYslU\" srcset=\"https:\/\/down-vn.img.susercontent.com\/file\/sg-11134202-22090-i1vepeira1hv76@resize_w875_nl 1x, https:\/\/down-vn.img.susercontent.com\/file\/sg-11134202-22090-i1vepeira1hv76@resize_w1750_nl 2x\" src=\"https:\/\/down-vn.img.susercontent.com\/file\/sg-11134202-22090-i1vepeira1hv76\" height=\"875\"><\/picture><\/div>\n<\/div>\n<div class=\"QN2lPu\">\n<div style=\"position: relative; width: 100%; padding-bottom: 100%;\"><picture class=\"UkIsx8\"><source srcset=\"https:\/\/down-vn.img.susercontent.com\/file\/sg-11134202-22090-kc6hnexra1hv73@resize_w875_nl.webp 1x, https:\/\/down-vn.img.susercontent.com\/file\/sg-11134202-22090-kc6hnexra1hv73@resize_w1750_nl.webp 2x\" type=\"image\/webp\" class=\"UkIsx8\"><img decoding=\"async\" width=\"875\" loading=\"lazy\" class=\"uXN1L5 lazyload GqYslU\" srcset=\"https:\/\/down-vn.img.susercontent.com\/file\/sg-11134202-22090-kc6hnexra1hv73@resize_w875_nl 1x, https:\/\/down-vn.img.susercontent.com\/file\/sg-11134202-22090-kc6hnexra1hv73@resize_w1750_nl 2x\" src=\"https:\/\/down-vn.img.susercontent.com\/file\/sg-11134202-22090-kc6hnexra1hv73\" height=\"875\"><\/picture><\/div>\n<\/div>\n<p class=\"QN2lPu\">\n<div class=\"QN2lPu\">\n<div style=\"position: relative; width: 100%; padding-bottom: 100%;\"><picture class=\"UkIsx8\"><source srcset=\"https:\/\/down-vn.img.susercontent.com\/file\/fb069fa4b7b3c5a26720b85dea873bd0@resize_w875_nl.webp 1x, https:\/\/down-vn.img.susercontent.com\/file\/fb069fa4b7b3c5a26720b85dea873bd0@resize_w1750_nl.webp 2x\" type=\"image\/webp\" class=\"UkIsx8\"><img decoding=\"async\" width=\"875\" loading=\"lazy\" class=\"uXN1L5 lazyload GqYslU\" srcset=\"https:\/\/down-vn.img.susercontent.com\/file\/fb069fa4b7b3c5a26720b85dea873bd0@resize_w875_nl 1x, https:\/\/down-vn.img.susercontent.com\/file\/fb069fa4b7b3c5a26720b85dea873bd0@resize_w1750_nl 2x\" src=\"https:\/\/down-vn.img.susercontent.com\/file\/fb069fa4b7b3c5a26720b85dea873bd0\" height=\"875\"><\/picture><\/div>\n<\/div>\n<p class=\"QN2lPu\">Th\u01b0\u01a1ng hi\u1ec7u: Carslan<\/p>\n<p class=\"QN2lPu\">Lo\u1ea1i s\u1ea3n ph\u1ea9m: N\u01b0\u1edbc t\u1ea9y trang<\/p>\n<p class=\"QN2lPu\">D\u00e0nh cho: Unisex<\/p>\n<p class=\"QN2lPu\">Th\u1ec3 t\u00edch th\u1ef1c: 500ml<\/p>\n<p class=\"QN2lPu\">Xu\u1ea5t x\u1ee9: S\u1ea3n xu\u1ea5t t\u1ea1i Trung Qu\u1ed1c<\/p>\n<p class=\"QN2lPu\">H\u1ea1n s\u1eed d\u1ee5ng: 36 th\u00e1ng<\/p>\n<p class=\"QN2lPu\">C\u00e1ch s\u1eed d\u1ee5ng:<\/p>\n<p class=\"QN2lPu\">\u0110\u1ed5 n\u01b0\u1edbc t\u1ea9y trang ra mi\u1ebfng b\u00f4ng, lau nh\u1eb9 nh\u00e0ng l\u00ean m\u1eb7t, sau \u0111\u00f3 r\u1eeda s\u1ea1ch b\u1eb1ng n\u01b0\u1edbc \u1ea5m.<\/p>\n<p class=\"QN2lPu\">\n<p class=\"QN2lPu\">G\u00f3i h\u00e0ng bao g\u1ed3m: <\/p>\n<p class=\"QN2lPu\">1 * N\u01b0\u1edbc t\u1ea9y trang 500ml<\/p>\n<p class=\"QN2lPu\">\n<p class=\"QN2lPu\">L\u01b0u \u00fd:<\/p>\n<p class=\"QN2lPu\">1. Do ch\u00eanh l\u1ec7ch c\u00e0i \u0111\u1eb7t \u00e1nh s\u00e1ng v\u00e0 m\u00e0n h\u00ecnh, m\u00e0u s\u1eafc s\u1ea3n ph\u1ea9m c\u00f3 th\u1ec3 h\u01a1i kh\u00e1c so v\u1edbi h\u00ecnh \u1ea3nh. Ch\u00fang t\u00f4i \u0111\u1ea3m b\u1ea3o phong c\u00e1ch gi\u1ed1ng nh\u01b0 trong h\u00ecnh \u1ea3nh. C\u1ea3m \u01a1n b\u1ea1n!<\/p>\n<p class=\"QN2lPu\">2. C\u00e1ch b\u1ea3o qu\u1ea3n: \u0111\u1ec3 n\u01a1i tho\u00e1ng m\u00e1t, tr\u00e1nh \u00e1nh n\u1eafng m\u1eb7t tr\u1eddi<\/p>\n<p class=\"QN2lPu\">\n<p class=\"QN2lPu\">Th\u00e0nh ph\u1ea7n: [&#8221; Isononyl isononanoate &#8220;, &#8221; polyethylene &#8220;, &#8221; (axit polyhydroxystearic, diisostearyl malate, CI 15850) &#8220;, &#8221; polydecene hydro h\u00f3a &#8220;, &#8221; (polydimethyl Silicone, polydimethylsiloxane \/ vinyl polydimethylsiloxane cross- polyme \u0111\u01b0\u1ee3c li\u00ean k\u1ebft) &#8220;, &#8221; (polyhydroxystearic acid, CI 19140, diisostearyl malate) &#8220;, &#8221; S\u00e1p \u0111\u1ea1i d\u01b0\u01a1ng &#8220;, &#8221; (Silica, HDI \/ polyme li\u00ean k\u1ebft ch\u00e9o Trimethylolhexyl lacton) &#8220;<\/p>\n<\/div>\n","protected":false},"excerpt":{"rendered":"<p>Th\u1eddi gian giao h\u00e0ng d\u1ef1 ki\u1ebfn cho s\u1ea3n ph\u1ea9m n\u00e0y l\u00e0 t\u1eeb 7-9 ng\u00e0y C\u1eeda h\u00e0ng ch\u00ednh h\u00e3ng Carslan Ra \u0111\u1eddi n\u0103m 2001, t\u1eadp trung v\u00e0o nghi\u00ean c\u1ee9u, ph\u00e1t tri\u1ec3n v\u00e0 \u0111\u1ed5i m\u1edbi, t\u1ea1o ra nh\u1eefng s\u1ea3n ph\u1ea9m t\u1ed1t v\u1edbi s\u1ef1 kh\u00e9o l\u00e9o Lu\u00f4n duy tr\u00ec s\u1ef1 nh\u1ea1y b\u00e9n v\u1ec1 xu h\u01b0\u1edbng th\u1eddi trang qu\u1ed1c&#8230;<\/p>\n","protected":false},"featured_media":14411,"comment_status":"open","ping_status":"closed","template":"","meta":[],"product_brand":[1536],"product_cat":[1373],"product_tag":[],"class_list":{"0":"post-14342","1":"product","2":"type-product","3":"status-publish","4":"has-post-thumbnail","6":"product_brand-carslan","7":"product_cat-tay-trang","9":"first","10":"instock","11":"sale","12":"shipping-taxable","13":"purchasable","14":"product-type-simple"},"_links":{"self":[{"href":"https:\/\/web-ban-le.mbws.vn\/sac-dep\/wp-json\/wp\/v2\/product\/14342","targetHints":{"allow":["GET"]}}],"collection":[{"href":"https:\/\/web-ban-le.mbws.vn\/sac-dep\/wp-json\/wp\/v2\/product"}],"about":[{"href":"https:\/\/web-ban-le.mbws.vn\/sac-dep\/wp-json\/wp\/v2\/types\/product"}],"replies":[{"embeddable":true,"href":"https:\/\/web-ban-le.mbws.vn\/sac-dep\/wp-json\/wp\/v2\/comments?post=14342"}],"wp:featuredmedia":[{"embeddable":true,"href":"https:\/\/web-ban-le.mbws.vn\/sac-dep\/wp-json\/wp\/v2\/media\/14411"}],"wp:attachment":[{"href":"https:\/\/web-ban-le.mbws.vn\/sac-dep\/wp-json\/wp\/v2\/media?parent=14342"}],"wp:term":[{"taxonomy":"product_brand","embeddable":true,"href":"https:\/\/web-ban-le.mbws.vn\/sac-dep\/wp-json\/wp\/v2\/product_brand?post=14342"},{"taxonomy":"product_cat","embeddable":true,"href":"https:\/\/web-ban-le.mbws.vn\/sac-dep\/wp-json\/wp\/v2\/product_cat?post=14342"},{"taxonomy":"product_tag","embeddable":true,"href":"https:\/\/web-ban-le.mbws.vn\/sac-dep\/wp-json\/wp\/v2\/product_tag?post=14342"}],"curies":[{"name":"wp","href":"https:\/\/api.w.org\/{rel}","templated":true}]}}