{"id":14669,"date":"2025-10-24T09:42:34","date_gmt":"2025-10-24T02:42:34","guid":{"rendered":"https:\/\/web-ban-le.mbws.vn\/sac-dep\/?post_type=product&#038;p=14669"},"modified":"2025-11-04T13:31:56","modified_gmt":"2025-11-04T06:31:56","slug":"phan-nuoc-carslan-tinh-te-bam-chat-duong-am-lau-troi-kiem-dau-dung-trang-diem-mat-13-5g","status":"publish","type":"product","link":"https:\/\/web-ban-le.mbws.vn\/sac-dep\/san-pham\/phan-nuoc-carslan-tinh-te-bam-chat-duong-am-lau-troi-kiem-dau-dung-trang-diem-mat-13-5g\/","title":{"rendered":"Ph\u1ea5n n\u01b0\u1edbc CARSLAN tinh t\u1ebf b\u00e1m ch\u1eb7t d\u01b0\u1ee1ng \u1ea9m l\u00e2u tr\u00f4i ki\u1ec1m d\u1ea7u d\u00f9ng trang \u0111i\u1ec3m m\u1eb7t 13.5g"},"content":{"rendered":"<div class=\"e8lZp3\">\n<p class=\"QN2lPu\">C\u1eeda h\u00e0ng ch\u00ednh th\u1ee9c c\u1ee7a Carslan<\/p>\n<p class=\"QN2lPu\">\n<p class=\"QN2lPu\">Carslan \u0111\u01b0\u1ee3c th\u00e0nh l\u1eadp v\u00e0o n\u0103m 2001. L\u00e0 th\u01b0\u01a1ng hi\u1ec7u m\u1ef9 ph\u1ea9m h\u00e0ng \u0111\u1ea7u t\u1ea1i Trung Qu\u1ed1c, Carslan b\u1eaft k\u1ecbp xu h\u01b0\u1edbng th\u1ebf gi\u1edbi v\u00e0 t\u1eadp trung v\u00e0o vi\u1ec7c kh\u00e1m ph\u00e1 v\u00e0 th\u1ec3 hi\u1ec7n v\u1ebb \u0111\u1eb9p. Truy\u1ec1n t\u1ea3i n\u0103ng l\u01b0\u1ee3ng t\u00edch c\u1ef1c c\u1ee7a th\u1eddi trang v\u00e0 v\u1ebb \u0111\u1eb9p cho con ng\u01b0\u1eddi hi\u1ec7n \u0111\u1ea1i<\/p>\n<div class=\"QN2lPu\">\n<div style=\"position: relative; width: 100%; padding-bottom: 187.617%;\"><picture class=\"UkIsx8\"><source srcset=\"https:\/\/down-vn.img.susercontent.com\/file\/cn-11134208-820l4-mf9c0ji1vthpe8@resize_w875_nl.webp 1x, https:\/\/down-vn.img.susercontent.com\/file\/cn-11134208-820l4-mf9c0ji1vthpe8@resize_w1750_nl.webp 2x\" type=\"image\/webp\" class=\"UkIsx8\"><img decoding=\"async\" width=\"875\" loading=\"lazy\" class=\"uXN1L5 lazyload GqYslU\" srcset=\"https:\/\/down-vn.img.susercontent.com\/file\/cn-11134208-820l4-mf9c0ji1vthpe8@resize_w875_nl 1x, https:\/\/down-vn.img.susercontent.com\/file\/cn-11134208-820l4-mf9c0ji1vthpe8@resize_w1750_nl 2x\" src=\"https:\/\/down-vn.img.susercontent.com\/file\/cn-11134208-820l4-mf9c0ji1vthpe8\" height=\"1642\"><\/picture><\/div>\n<\/div>\n<div class=\"QN2lPu\">\n<div style=\"position: relative; width: 100%; padding-bottom: 183.486%;\"><picture class=\"UkIsx8\"><source srcset=\"https:\/\/down-vn.img.susercontent.com\/file\/cn-11134208-820l4-mf9c0ji1x82531@resize_w875_nl.webp 1x, https:\/\/down-vn.img.susercontent.com\/file\/cn-11134208-820l4-mf9c0ji1x82531@resize_w1750_nl.webp 2x\" type=\"image\/webp\" class=\"UkIsx8\"><img decoding=\"async\" width=\"875\" loading=\"lazy\" class=\"uXN1L5 lazyload GqYslU\" srcset=\"https:\/\/down-vn.img.susercontent.com\/file\/cn-11134208-820l4-mf9c0ji1x82531@resize_w875_nl 1x, https:\/\/down-vn.img.susercontent.com\/file\/cn-11134208-820l4-mf9c0ji1x82531@resize_w1750_nl 2x\" src=\"https:\/\/down-vn.img.susercontent.com\/file\/cn-11134208-820l4-mf9c0ji1x82531\" height=\"1606\"><\/picture><\/div>\n<\/div>\n<div class=\"QN2lPu\">\n<div style=\"position: relative; width: 100%; padding-bottom: 183.486%;\"><picture class=\"UkIsx8\"><source srcset=\"https:\/\/down-vn.img.susercontent.com\/file\/cn-11134208-820l4-mf9c0ji1ymmlbc@resize_w875_nl.webp 1x, https:\/\/down-vn.img.susercontent.com\/file\/cn-11134208-820l4-mf9c0ji1ymmlbc@resize_w1750_nl.webp 2x\" type=\"image\/webp\" class=\"UkIsx8\"><img decoding=\"async\" width=\"875\" loading=\"lazy\" class=\"uXN1L5 lazyload GqYslU\" srcset=\"https:\/\/down-vn.img.susercontent.com\/file\/cn-11134208-820l4-mf9c0ji1ymmlbc@resize_w875_nl 1x, https:\/\/down-vn.img.susercontent.com\/file\/cn-11134208-820l4-mf9c0ji1ymmlbc@resize_w1750_nl 2x\" src=\"https:\/\/down-vn.img.susercontent.com\/file\/cn-11134208-820l4-mf9c0ji1ymmlbc\" height=\"1606\"><\/picture><\/div>\n<\/div>\n<div class=\"QN2lPu\">\n<div style=\"position: relative; width: 100%; padding-bottom: 183.486%;\"><picture class=\"UkIsx8\"><source srcset=\"https:\/\/down-vn.img.susercontent.com\/file\/cn-11134208-820l4-mf9c0ji201715c@resize_w875_nl.webp 1x, https:\/\/down-vn.img.susercontent.com\/file\/cn-11134208-820l4-mf9c0ji201715c@resize_w1750_nl.webp 2x\" type=\"image\/webp\" class=\"UkIsx8\"><img decoding=\"async\" width=\"875\" loading=\"lazy\" class=\"uXN1L5 lazyload GqYslU\" srcset=\"https:\/\/down-vn.img.susercontent.com\/file\/cn-11134208-820l4-mf9c0ji201715c@resize_w875_nl 1x, https:\/\/down-vn.img.susercontent.com\/file\/cn-11134208-820l4-mf9c0ji201715c@resize_w1750_nl 2x\" src=\"https:\/\/down-vn.img.susercontent.com\/file\/cn-11134208-820l4-mf9c0ji201715c\" height=\"1606\"><\/picture><\/div>\n<\/div>\n<div class=\"QN2lPu\">\n<div style=\"position: relative; width: 100%; padding-bottom: 183.486%;\"><picture class=\"UkIsx8\"><source srcset=\"https:\/\/down-vn.img.susercontent.com\/file\/cn-11134208-820l4-mf9c0ji21frh6e@resize_w875_nl.webp 1x, https:\/\/down-vn.img.susercontent.com\/file\/cn-11134208-820l4-mf9c0ji21frh6e@resize_w1750_nl.webp 2x\" type=\"image\/webp\" class=\"UkIsx8\"><img decoding=\"async\" width=\"875\" loading=\"lazy\" class=\"uXN1L5 lazyload GqYslU\" srcset=\"https:\/\/down-vn.img.susercontent.com\/file\/cn-11134208-820l4-mf9c0ji21frh6e@resize_w875_nl 1x, https:\/\/down-vn.img.susercontent.com\/file\/cn-11134208-820l4-mf9c0ji21frh6e@resize_w1750_nl 2x\" src=\"https:\/\/down-vn.img.susercontent.com\/file\/cn-11134208-820l4-mf9c0ji21frh6e\" height=\"1606\"><\/picture><\/div>\n<\/div>\n<div class=\"QN2lPu\">\n<div style=\"position: relative; width: 100%; padding-bottom: 183.486%;\"><picture class=\"UkIsx8\"><source srcset=\"https:\/\/down-vn.img.susercontent.com\/file\/cn-11134208-820l4-mf9c0ji22ubx6e@resize_w875_nl.webp 1x, https:\/\/down-vn.img.susercontent.com\/file\/cn-11134208-820l4-mf9c0ji22ubx6e@resize_w1750_nl.webp 2x\" type=\"image\/webp\" class=\"UkIsx8\"><img decoding=\"async\" width=\"875\" loading=\"lazy\" class=\"uXN1L5 lazyload GqYslU\" srcset=\"https:\/\/down-vn.img.susercontent.com\/file\/cn-11134208-820l4-mf9c0ji22ubx6e@resize_w875_nl 1x, https:\/\/down-vn.img.susercontent.com\/file\/cn-11134208-820l4-mf9c0ji22ubx6e@resize_w1750_nl 2x\" src=\"https:\/\/down-vn.img.susercontent.com\/file\/cn-11134208-820l4-mf9c0ji22ubx6e\" height=\"1606\"><\/picture><\/div>\n<\/div>\n<div class=\"QN2lPu\">\n<div style=\"position: relative; width: 100%; padding-bottom: 183.486%;\"><picture class=\"UkIsx8\"><source srcset=\"https:\/\/down-vn.img.susercontent.com\/file\/cn-11134208-820l4-mf9c0ji248wd70@resize_w875_nl.webp 1x, https:\/\/down-vn.img.susercontent.com\/file\/cn-11134208-820l4-mf9c0ji248wd70@resize_w1750_nl.webp 2x\" type=\"image\/webp\" class=\"UkIsx8\"><img decoding=\"async\" width=\"875\" loading=\"lazy\" class=\"uXN1L5 lazyload GqYslU\" srcset=\"https:\/\/down-vn.img.susercontent.com\/file\/cn-11134208-820l4-mf9c0ji248wd70@resize_w875_nl 1x, https:\/\/down-vn.img.susercontent.com\/file\/cn-11134208-820l4-mf9c0ji248wd70@resize_w1750_nl 2x\" src=\"https:\/\/down-vn.img.susercontent.com\/file\/cn-11134208-820l4-mf9c0ji248wd70\" height=\"1606\"><\/picture><\/div>\n<\/div>\n<div class=\"QN2lPu\">\n<div style=\"position: relative; width: 100%; padding-bottom: 183.486%;\"><picture class=\"UkIsx8\"><source srcset=\"https:\/\/down-vn.img.susercontent.com\/file\/cn-11134208-820l4-mf9c0ji25ngt3e@resize_w875_nl.webp 1x, https:\/\/down-vn.img.susercontent.com\/file\/cn-11134208-820l4-mf9c0ji25ngt3e@resize_w1750_nl.webp 2x\" type=\"image\/webp\" class=\"UkIsx8\"><img decoding=\"async\" width=\"875\" loading=\"lazy\" class=\"uXN1L5 lazyload QSLoEa GqYslU\" srcset=\"https:\/\/down-vn.img.susercontent.com\/file\/cn-11134208-820l4-mf9c0ji25ngt3e@resize_w875_nl 1x, https:\/\/down-vn.img.susercontent.com\/file\/cn-11134208-820l4-mf9c0ji25ngt3e@resize_w1750_nl 2x\" src=\"https:\/\/down-vn.img.susercontent.com\/file\/cn-11134208-820l4-mf9c0ji25ngt3e\" height=\"1606\"><\/picture><\/div>\n<\/div>\n<div class=\"QN2lPu\">\n<div style=\"position: relative; width: 100%; padding-bottom: 183.486%;\"><picture class=\"UkIsx8\"><source srcset=\"https:\/\/down-vn.img.susercontent.com\/file\/cn-11134208-820l4-mf9c5hb9patk2b@resize_w875_nl.webp 1x, https:\/\/down-vn.img.susercontent.com\/file\/cn-11134208-820l4-mf9c5hb9patk2b@resize_w1750_nl.webp 2x\" type=\"image\/webp\" class=\"UkIsx8\"><img decoding=\"async\" width=\"875\" loading=\"lazy\" class=\"uXN1L5 lazyload QSLoEa GqYslU\" srcset=\"https:\/\/down-vn.img.susercontent.com\/file\/cn-11134208-820l4-mf9c5hb9patk2b@resize_w875_nl 1x, https:\/\/down-vn.img.susercontent.com\/file\/cn-11134208-820l4-mf9c5hb9patk2b@resize_w1750_nl 2x\" src=\"https:\/\/down-vn.img.susercontent.com\/file\/cn-11134208-820l4-mf9c5hb9patk2b\" height=\"1606\"><\/picture><\/div>\n<\/div>\n<div class=\"QN2lPu\">\n<div style=\"position: relative; width: 100%; padding-bottom: 183.486%;\"><picture class=\"UkIsx8\"><source srcset=\"https:\/\/down-vn.img.susercontent.com\/file\/cn-11134208-820l4-mf9c5hb619fude@resize_w875_nl.webp 1x, https:\/\/down-vn.img.susercontent.com\/file\/cn-11134208-820l4-mf9c5hb619fude@resize_w1750_nl.webp 2x\" type=\"image\/webp\" class=\"UkIsx8\"><img decoding=\"async\" width=\"875\" loading=\"lazy\" class=\"uXN1L5 lazyload QSLoEa GqYslU\" srcset=\"https:\/\/down-vn.img.susercontent.com\/file\/cn-11134208-820l4-mf9c5hb619fude@resize_w875_nl 1x, https:\/\/down-vn.img.susercontent.com\/file\/cn-11134208-820l4-mf9c5hb619fude@resize_w1750_nl 2x\" src=\"https:\/\/down-vn.img.susercontent.com\/file\/cn-11134208-820l4-mf9c5hb619fude\" height=\"1606\"><\/picture><\/div>\n<\/div>\n<div class=\"QN2lPu\">\n<div style=\"position: relative; width: 100%; padding-bottom: 183.486%;\"><picture class=\"UkIsx8\"><source srcset=\"https:\/\/down-vn.img.susercontent.com\/file\/cn-11134208-820l4-mf9c5hb62o0a96@resize_w875_nl.webp 1x, https:\/\/down-vn.img.susercontent.com\/file\/cn-11134208-820l4-mf9c5hb62o0a96@resize_w1750_nl.webp 2x\" type=\"image\/webp\" class=\"UkIsx8\"><img decoding=\"async\" width=\"875\" loading=\"lazy\" class=\"uXN1L5 lazyload QSLoEa GqYslU\" srcset=\"https:\/\/down-vn.img.susercontent.com\/file\/cn-11134208-820l4-mf9c5hb62o0a96@resize_w875_nl 1x, https:\/\/down-vn.img.susercontent.com\/file\/cn-11134208-820l4-mf9c5hb62o0a96@resize_w1750_nl 2x\" src=\"https:\/\/down-vn.img.susercontent.com\/file\/cn-11134208-820l4-mf9c5hb62o0a96\" height=\"1606\"><\/picture><\/div>\n<\/div>\n<div class=\"QN2lPu\">\n<div style=\"position: relative; width: 100%; padding-bottom: 181.159%;\"><picture class=\"UkIsx8\"><source srcset=\"https:\/\/down-vn.img.susercontent.com\/file\/cn-11134208-820l4-mf9c5hb642kqcc@resize_w875_nl.webp 1x, https:\/\/down-vn.img.susercontent.com\/file\/cn-11134208-820l4-mf9c5hb642kqcc@resize_w1750_nl.webp 2x\" type=\"image\/webp\" class=\"UkIsx8\"><img decoding=\"async\" width=\"875\" loading=\"lazy\" class=\"uXN1L5 lazyload QSLoEa GqYslU\" srcset=\"https:\/\/down-vn.img.susercontent.com\/file\/cn-11134208-820l4-mf9c5hb642kqcc@resize_w875_nl 1x, https:\/\/down-vn.img.susercontent.com\/file\/cn-11134208-820l4-mf9c5hb642kqcc@resize_w1750_nl 2x\" src=\"https:\/\/down-vn.img.susercontent.com\/file\/cn-11134208-820l4-mf9c5hb642kqcc\" height=\"1585\"><\/picture><\/div>\n<\/div>\n<p class=\"QN2lPu\">\n<p class=\"QN2lPu\">Th\u01b0\u01a1ng hi\u1ec7u: CARSLAN<\/p>\n<p class=\"QN2lPu\">Xu\u1ea5t x\u1ee9: S\u1ea3n xu\u1ea5t t\u1ea1i Trung Qu\u1ed1c<\/p>\n<p class=\"QN2lPu\">NW: 13,5g<\/p>\n<p class=\"QN2lPu\">Th\u1eddi h\u1ea1n s\u1eed d\u1ee5ng: 36 th\u00e1ng<\/p>\n<p class=\"QN2lPu\">\n<p class=\"QN2lPu\">\u0110\u00f3ng g\u00f3i:<\/p>\n<p class=\"QN2lPu\">1 * Kem \u0111\u1ec7m 13,5g<\/p>\n<p class=\"QN2lPu\">\n<p class=\"QN2lPu\">H\u01b0\u1edbng d\u1eabn: <\/p>\n<p class=\"QN2lPu\">B\u01af\u1edaC 1<\/p>\n<p class=\"QN2lPu\">D\u00f9ng kem d\u01b0\u1ee1ng \u1ea9m l\u00e0m kem n\u1ec1n tr\u01b0\u1edbc khi trang \u0111i\u1ec3m \u0111\u1ec3 l\u1edbp n\u1ec1n b\u00e1m t\u1ed1t h\u01a1n<\/p>\n<p class=\"QN2lPu\">B\u01af\u1edaC 2<\/p>\n<p class=\"QN2lPu\">Nh\u1ea5n \u0111\u1ec3 b\u1ed9t nh\u1ea3 ra v\u00e0 \u1ea5n \u0111\u1ec1u l\u00ean n\u1eafp \u0110\u1ec7m \u0111\u1ec3 b\u1ed9t \u0111\u1ec1u ra ngo\u00e0i.<\/p>\n<p class=\"QN2lPu\">B\u01b0\u1edbc 3<\/p>\n<p class=\"QN2lPu\">V\u1ed7 nh\u1eb9 l\u00ean da, d\u00f9ng \u0111\u1ea7u b\u00f4ng ph\u1ea5n che c\u00e1c chi ti\u1ebft nh\u01b0 kh\u00f3e m\u1eaft v\u00e0 kh\u00f3e m\u0169i.<\/p>\n<p class=\"QN2lPu\">\n<p class=\"QN2lPu\">H\u01b0\u1edbng d\u1eabn b\u1ea3o qu\u1ea3n: \u0111\u1ec3 n\u01a1i tho\u00e1ng m\u00e1t, tr\u00e1nh \u00e1nh n\u1eafng m\u1eb7t tr\u1eddi<\/p>\n<\/div>\n","protected":false},"excerpt":{"rendered":"<p>C\u1eeda h\u00e0ng ch\u00ednh th\u1ee9c c\u1ee7a Carslan Carslan \u0111\u01b0\u1ee3c th\u00e0nh l\u1eadp v\u00e0o n\u0103m 2001. L\u00e0 th\u01b0\u01a1ng hi\u1ec7u m\u1ef9 ph\u1ea9m h\u00e0ng \u0111\u1ea7u t\u1ea1i Trung Qu\u1ed1c, Carslan b\u1eaft k\u1ecbp xu h\u01b0\u1edbng th\u1ebf gi\u1edbi v\u00e0 t\u1eadp trung v\u00e0o vi\u1ec7c kh\u00e1m ph\u00e1 v\u00e0 th\u1ec3 hi\u1ec7n v\u1ebb \u0111\u1eb9p. Truy\u1ec1n t\u1ea3i n\u0103ng l\u01b0\u1ee3ng t\u00edch c\u1ef1c c\u1ee7a th\u1eddi trang v\u00e0 v\u1ebb \u0111\u1eb9p cho&#8230;<\/p>\n","protected":false},"featured_media":14745,"comment_status":"open","ping_status":"closed","template":"","meta":[],"product_brand":[1536],"product_cat":[1242],"product_tag":[],"class_list":{"0":"post-14669","1":"product","2":"type-product","3":"status-publish","4":"has-post-thumbnail","6":"product_brand-carslan","7":"product_cat-mat-kem-nen","9":"first","10":"instock","11":"sale","12":"shipping-taxable","13":"purchasable","14":"product-type-variable"},"_links":{"self":[{"href":"https:\/\/web-ban-le.mbws.vn\/sac-dep\/wp-json\/wp\/v2\/product\/14669","targetHints":{"allow":["GET"]}}],"collection":[{"href":"https:\/\/web-ban-le.mbws.vn\/sac-dep\/wp-json\/wp\/v2\/product"}],"about":[{"href":"https:\/\/web-ban-le.mbws.vn\/sac-dep\/wp-json\/wp\/v2\/types\/product"}],"replies":[{"embeddable":true,"href":"https:\/\/web-ban-le.mbws.vn\/sac-dep\/wp-json\/wp\/v2\/comments?post=14669"}],"wp:featuredmedia":[{"embeddable":true,"href":"https:\/\/web-ban-le.mbws.vn\/sac-dep\/wp-json\/wp\/v2\/media\/14745"}],"wp:attachment":[{"href":"https:\/\/web-ban-le.mbws.vn\/sac-dep\/wp-json\/wp\/v2\/media?parent=14669"}],"wp:term":[{"taxonomy":"product_brand","embeddable":true,"href":"https:\/\/web-ban-le.mbws.vn\/sac-dep\/wp-json\/wp\/v2\/product_brand?post=14669"},{"taxonomy":"product_cat","embeddable":true,"href":"https:\/\/web-ban-le.mbws.vn\/sac-dep\/wp-json\/wp\/v2\/product_cat?post=14669"},{"taxonomy":"product_tag","embeddable":true,"href":"https:\/\/web-ban-le.mbws.vn\/sac-dep\/wp-json\/wp\/v2\/product_tag?post=14669"}],"curies":[{"name":"wp","href":"https:\/\/api.w.org\/{rel}","templated":true}]}}