{"id":14796,"date":"2025-10-24T09:43:36","date_gmt":"2025-10-24T02:43:36","guid":{"rendered":"https:\/\/web-ban-le.mbws.vn\/sac-dep\/?post_type=product&#038;p=14796"},"modified":"2025-11-04T13:31:56","modified_gmt":"2025-11-04T06:31:56","slug":"%e3%80%90danh-cho-thanh-vien%e3%80%91-kem-lot-chong-nang-carslan-spf50-pa-5g1","status":"publish","type":"product","link":"https:\/\/web-ban-le.mbws.vn\/sac-dep\/san-pham\/%e3%80%90danh-cho-thanh-vien%e3%80%91-kem-lot-chong-nang-carslan-spf50-pa-5g1\/","title":{"rendered":"\u3010D\u00e0nh cho th\u00e0nh vi\u00ean\u3011 Kem l\u00f3t ch\u1ed1ng n\u1eafng Carslan SPF50+ PA+++ 5g*1"},"content":{"rendered":"<div class=\"e8lZp3\">\n<p class=\"QN2lPu\">C\u1eeda h\u00e0ng ch\u00ednh th\u1ee9c c\u1ee7a Carslan<\/p>\n<p class=\"QN2lPu\">\n<p class=\"QN2lPu\">L\u00e0 th\u01b0\u01a1ng hi\u1ec7u m\u1ef9 ph\u1ea9m h\u00e0ng \u0111\u1ea7u t\u1ea1i Trung Qu\u1ed1c, Carslan b\u1eaft k\u1ecbp xu h\u01b0\u1edbng th\u1ebf gi\u1edbi v\u00e0 t\u1eadp trung v\u00e0o vi\u1ec7c kh\u00e1m ph\u00e1 v\u00e0 th\u1ec3 hi\u1ec7n v\u1ebb \u0111\u1eb9p. Truy\u1ec1n t\u1ea3i n\u0103ng l\u01b0\u1ee3ng t\u00edch c\u1ef1c c\u1ee7a th\u1eddi trang v\u00e0 v\u1ebb \u0111\u1eb9p \u0111\u1ebfn con ng\u01b0\u1eddi hi\u1ec7n \u0111\u1ea1i.<\/p>\n<p class=\"QN2lPu\">\n<p class=\"QN2lPu\">Th\u01b0\u01a1ng hi\u1ec7u: CARSLAN<\/p>\n<p class=\"QN2lPu\">XU\u1ea4T X\u1ee8: S\u1ea2N XU\u1ea4T T\u1ea0I TRUNG QU\u1ed0C<\/p>\n<p class=\"QN2lPu\">M\u00e0u s\u1eafc: 2 m\u00e0u<\/p>\n<p class=\"QN2lPu\">NW: 5g<\/p>\n<p class=\"QN2lPu\">Th\u1eddi h\u1ea1n s\u1eed d\u1ee5ng: 36 th\u00e1ng<\/p>\n<p class=\"QN2lPu\">\n<p class=\"QN2lPu\">\u0110\u00f3ng g\u00f3i:<\/p>\n<p class=\"QN2lPu\">1 * Kem l\u00f3t ch\u1ed1ng n\u1eafng Carslan mini SPF50 + PA + + + 5g<\/p>\n<p class=\"QN2lPu\">\n<p class=\"QN2lPu\">Xin l\u01b0u \u00fd r\u1eb1ng mi\u1ebfng b\u1ecdt bi\u1ec3n c\u1ea7n \u0111\u01b0\u1ee3c mua v\u1edbi gi\u00e1 t\u0103ng v\u00e0 l\u1ea5y c\u00f9ng nhau<\/p>\n<p class=\"QN2lPu\">\n<p class=\"QN2lPu\">H\u01b0\u1edbng d\u1eabn: <\/p>\n<p class=\"QN2lPu\">Nh\u00fang kem n\u1ec1n d\u1ea1ng l\u1ecfng b\u1eb1ng mi\u1ebfng b\u1ecdt bi\u1ec3n trang \u0111i\u1ec3m ho\u1eb7c c\u1ecd, sau \u0111\u00f3 nh\u1eb9 nh\u00e0ng t\u00e1n \u0111\u1ec1u l\u00ean m\u1eb7t.<\/p>\n<p class=\"QN2lPu\">\n<p class=\"QN2lPu\">H\u01b0\u1edbng d\u1eabn b\u1ea3o qu\u1ea3n: \u0111\u1ec3 n\u01a1i tho\u00e1ng m\u00e1t, tr\u00e1nh \u00e1nh n\u1eafng m\u1eb7t tr\u1eddi<\/p>\n<\/div>\n","protected":false},"excerpt":{"rendered":"<p>C\u1eeda h\u00e0ng ch\u00ednh th\u1ee9c c\u1ee7a Carslan L\u00e0 th\u01b0\u01a1ng hi\u1ec7u m\u1ef9 ph\u1ea9m h\u00e0ng \u0111\u1ea7u t\u1ea1i Trung Qu\u1ed1c, Carslan b\u1eaft k\u1ecbp xu h\u01b0\u1edbng th\u1ebf gi\u1edbi v\u00e0 t\u1eadp trung v\u00e0o vi\u1ec7c kh\u00e1m ph\u00e1 v\u00e0 th\u1ec3 hi\u1ec7n v\u1ebb \u0111\u1eb9p. Truy\u1ec1n t\u1ea3i n\u0103ng l\u01b0\u1ee3ng t\u00edch c\u1ef1c c\u1ee7a th\u1eddi trang v\u00e0 v\u1ebb \u0111\u1eb9p \u0111\u1ebfn con ng\u01b0\u1eddi hi\u1ec7n \u0111\u1ea1i. Th\u01b0\u01a1ng hi\u1ec7u: CARSLAN&#8230;<\/p>\n","protected":false},"featured_media":14861,"comment_status":"open","ping_status":"closed","template":"","meta":[],"product_brand":[1536],"product_cat":[1269],"product_tag":[],"class_list":{"0":"post-14796","1":"product","2":"type-product","3":"status-publish","4":"has-post-thumbnail","6":"product_brand-carslan","7":"product_cat-mat-kem-lot","9":"first","10":"instock","11":"sale","12":"shipping-taxable","13":"purchasable","14":"product-type-variable"},"_links":{"self":[{"href":"https:\/\/web-ban-le.mbws.vn\/sac-dep\/wp-json\/wp\/v2\/product\/14796","targetHints":{"allow":["GET"]}}],"collection":[{"href":"https:\/\/web-ban-le.mbws.vn\/sac-dep\/wp-json\/wp\/v2\/product"}],"about":[{"href":"https:\/\/web-ban-le.mbws.vn\/sac-dep\/wp-json\/wp\/v2\/types\/product"}],"replies":[{"embeddable":true,"href":"https:\/\/web-ban-le.mbws.vn\/sac-dep\/wp-json\/wp\/v2\/comments?post=14796"}],"wp:featuredmedia":[{"embeddable":true,"href":"https:\/\/web-ban-le.mbws.vn\/sac-dep\/wp-json\/wp\/v2\/media\/14861"}],"wp:attachment":[{"href":"https:\/\/web-ban-le.mbws.vn\/sac-dep\/wp-json\/wp\/v2\/media?parent=14796"}],"wp:term":[{"taxonomy":"product_brand","embeddable":true,"href":"https:\/\/web-ban-le.mbws.vn\/sac-dep\/wp-json\/wp\/v2\/product_brand?post=14796"},{"taxonomy":"product_cat","embeddable":true,"href":"https:\/\/web-ban-le.mbws.vn\/sac-dep\/wp-json\/wp\/v2\/product_cat?post=14796"},{"taxonomy":"product_tag","embeddable":true,"href":"https:\/\/web-ban-le.mbws.vn\/sac-dep\/wp-json\/wp\/v2\/product_tag?post=14796"}],"curies":[{"name":"wp","href":"https:\/\/api.w.org\/{rel}","templated":true}]}}