{"id":14839,"date":"2025-10-24T09:43:57","date_gmt":"2025-10-24T02:43:57","guid":{"rendered":"https:\/\/web-ban-le.mbws.vn\/sac-dep\/?post_type=product&#038;p=14839"},"modified":"2025-11-04T13:31:55","modified_gmt":"2025-11-04T06:31:55","slug":"kem-nen-carslan-black-magnet-khang-nuoc-mo-hoi-nhu-da-tran-bam-nen-ben-mau-suot-24h-7-5g","status":"publish","type":"product","link":"https:\/\/web-ban-le.mbws.vn\/sac-dep\/san-pham\/kem-nen-carslan-black-magnet-khang-nuoc-mo-hoi-nhu-da-tran-bam-nen-ben-mau-suot-24h-7-5g\/","title":{"rendered":"Kem n\u1ec1n Carslan Black Magnet Kh\u00e1ng n\u01b0\u1edbc m\u1ed3 h\u00f4i Nh\u01b0 da tr\u1ea7n B\u00e1m n\u1ec1n B\u1ec1n m\u00e0u su\u1ed1t 24H 7.5g"},"content":{"rendered":"<div class=\"e8lZp3\">\n<p class=\"QN2lPu\">C\u1eeda h\u00e0ng ch\u00ednh th\u1ee9c c\u1ee7a Carslan<\/p>\n<p class=\"QN2lPu\">\n<p class=\"QN2lPu\">L\u00e0 th\u01b0\u01a1ng hi\u1ec7u m\u1ef9 ph\u1ea9m h\u00e0ng \u0111\u1ea7u t\u1ea1i Trung Qu\u1ed1c, Carslan b\u1eaft k\u1ecbp xu h\u01b0\u1edbng th\u1ebf gi\u1edbi v\u00e0 t\u1eadp trung v\u00e0o vi\u1ec7c kh\u00e1m ph\u00e1 v\u00e0 th\u1ec3 hi\u1ec7n v\u1ebb \u0111\u1eb9p. Truy\u1ec1n t\u1ea3i n\u0103ng l\u01b0\u1ee3ng t\u00edch c\u1ef1c c\u1ee7a th\u1eddi trang v\u00e0 v\u1ebb \u0111\u1eb9p cho con ng\u01b0\u1eddi hi\u1ec7n \u0111\u1ea1i<\/p>\n<div class=\"QN2lPu\">\n<div style=\"position: relative; width: 100%; padding-bottom: 159.236%;\"><picture class=\"UkIsx8\"><source srcset=\"https:\/\/down-vn.img.susercontent.com\/file\/cn-11134208-820l4-mefkj0k87myv43@resize_w875_nl.webp 1x, https:\/\/down-vn.img.susercontent.com\/file\/cn-11134208-820l4-mefkj0k87myv43@resize_w1750_nl.webp 2x\" type=\"image\/webp\" class=\"UkIsx8\"><img decoding=\"async\" width=\"875\" loading=\"lazy\" class=\"uXN1L5 lazyload GqYslU\" srcset=\"https:\/\/down-vn.img.susercontent.com\/file\/cn-11134208-820l4-mefkj0k87myv43@resize_w875_nl 1x, https:\/\/down-vn.img.susercontent.com\/file\/cn-11134208-820l4-mefkj0k87myv43@resize_w1750_nl 2x\" src=\"https:\/\/down-vn.img.susercontent.com\/file\/cn-11134208-820l4-mefkj0k87myv43\" height=\"1393\"><\/picture><\/div>\n<\/div>\n<div class=\"QN2lPu\">\n<div style=\"position: relative; width: 100%; padding-bottom: 159.236%;\"><picture class=\"UkIsx8\"><source srcset=\"https:\/\/down-vn.img.susercontent.com\/file\/cn-11134208-820l4-mefkj0k891jbff@resize_w875_nl.webp 1x, https:\/\/down-vn.img.susercontent.com\/file\/cn-11134208-820l4-mefkj0k891jbff@resize_w1750_nl.webp 2x\" type=\"image\/webp\" class=\"UkIsx8\"><img decoding=\"async\" width=\"875\" loading=\"lazy\" class=\"uXN1L5 lazyload GqYslU\" srcset=\"https:\/\/down-vn.img.susercontent.com\/file\/cn-11134208-820l4-mefkj0k891jbff@resize_w875_nl 1x, https:\/\/down-vn.img.susercontent.com\/file\/cn-11134208-820l4-mefkj0k891jbff@resize_w1750_nl 2x\" src=\"https:\/\/down-vn.img.susercontent.com\/file\/cn-11134208-820l4-mefkj0k891jbff\" height=\"1393\"><\/picture><\/div>\n<\/div>\n<div class=\"QN2lPu\">\n<div style=\"position: relative; width: 100%; padding-bottom: 159.236%;\"><picture class=\"UkIsx8\"><source srcset=\"https:\/\/down-vn.img.susercontent.com\/file\/cn-11134208-820l4-mefkj0k8ag3r66@resize_w875_nl.webp 1x, https:\/\/down-vn.img.susercontent.com\/file\/cn-11134208-820l4-mefkj0k8ag3r66@resize_w1750_nl.webp 2x\" type=\"image\/webp\" class=\"UkIsx8\"><img decoding=\"async\" width=\"875\" loading=\"lazy\" class=\"uXN1L5 lazyload GqYslU\" srcset=\"https:\/\/down-vn.img.susercontent.com\/file\/cn-11134208-820l4-mefkj0k8ag3r66@resize_w875_nl 1x, https:\/\/down-vn.img.susercontent.com\/file\/cn-11134208-820l4-mefkj0k8ag3r66@resize_w1750_nl 2x\" src=\"https:\/\/down-vn.img.susercontent.com\/file\/cn-11134208-820l4-mefkj0k8ag3r66\" height=\"1393\"><\/picture><\/div>\n<\/div>\n<div class=\"QN2lPu\">\n<div style=\"position: relative; width: 100%; padding-bottom: 159.236%;\"><picture class=\"UkIsx8\"><source srcset=\"https:\/\/down-vn.img.susercontent.com\/file\/cn-11134208-820l4-mefkj0k8buo70f@resize_w875_nl.webp 1x, https:\/\/down-vn.img.susercontent.com\/file\/cn-11134208-820l4-mefkj0k8buo70f@resize_w1750_nl.webp 2x\" type=\"image\/webp\" class=\"UkIsx8\"><img decoding=\"async\" width=\"875\" loading=\"lazy\" class=\"uXN1L5 lazyload GqYslU\" srcset=\"https:\/\/down-vn.img.susercontent.com\/file\/cn-11134208-820l4-mefkj0k8buo70f@resize_w875_nl 1x, https:\/\/down-vn.img.susercontent.com\/file\/cn-11134208-820l4-mefkj0k8buo70f@resize_w1750_nl 2x\" src=\"https:\/\/down-vn.img.susercontent.com\/file\/cn-11134208-820l4-mefkj0k8buo70f\" height=\"1393\"><\/picture><\/div>\n<\/div>\n<div class=\"QN2lPu\">\n<div style=\"position: relative; width: 100%; padding-bottom: 159.236%;\"><picture class=\"UkIsx8\"><source srcset=\"https:\/\/down-vn.img.susercontent.com\/file\/cn-11134208-820l4-mefkj0k8d98n35@resize_w875_nl.webp 1x, https:\/\/down-vn.img.susercontent.com\/file\/cn-11134208-820l4-mefkj0k8d98n35@resize_w1750_nl.webp 2x\" type=\"image\/webp\" class=\"UkIsx8\"><img decoding=\"async\" width=\"875\" loading=\"lazy\" class=\"uXN1L5 lazyload GqYslU\" srcset=\"https:\/\/down-vn.img.susercontent.com\/file\/cn-11134208-820l4-mefkj0k8d98n35@resize_w875_nl 1x, https:\/\/down-vn.img.susercontent.com\/file\/cn-11134208-820l4-mefkj0k8d98n35@resize_w1750_nl 2x\" src=\"https:\/\/down-vn.img.susercontent.com\/file\/cn-11134208-820l4-mefkj0k8d98n35\" height=\"1393\"><\/picture><\/div>\n<\/div>\n<div class=\"QN2lPu\">\n<div style=\"position: relative; width: 100%; padding-bottom: 159.236%;\"><picture class=\"UkIsx8\"><source srcset=\"https:\/\/down-vn.img.susercontent.com\/file\/cn-11134208-820l4-mefkj0k8ent392@resize_w875_nl.webp 1x, https:\/\/down-vn.img.susercontent.com\/file\/cn-11134208-820l4-mefkj0k8ent392@resize_w1750_nl.webp 2x\" type=\"image\/webp\" class=\"UkIsx8\"><img decoding=\"async\" width=\"875\" loading=\"lazy\" class=\"uXN1L5 lazyload GqYslU\" srcset=\"https:\/\/down-vn.img.susercontent.com\/file\/cn-11134208-820l4-mefkj0k8ent392@resize_w875_nl 1x, https:\/\/down-vn.img.susercontent.com\/file\/cn-11134208-820l4-mefkj0k8ent392@resize_w1750_nl 2x\" src=\"https:\/\/down-vn.img.susercontent.com\/file\/cn-11134208-820l4-mefkj0k8ent392\" height=\"1393\"><\/picture><\/div>\n<\/div>\n<div class=\"QN2lPu\">\n<div style=\"position: relative; width: 100%; padding-bottom: 159.236%;\"><picture class=\"UkIsx8\"><source srcset=\"https:\/\/down-vn.img.susercontent.com\/file\/cn-11134208-820l4-mefkj0k8g2dj98@resize_w875_nl.webp 1x, https:\/\/down-vn.img.susercontent.com\/file\/cn-11134208-820l4-mefkj0k8g2dj98@resize_w1750_nl.webp 2x\" type=\"image\/webp\" class=\"UkIsx8\"><img decoding=\"async\" width=\"875\" loading=\"lazy\" class=\"uXN1L5 lazyload GqYslU\" srcset=\"https:\/\/down-vn.img.susercontent.com\/file\/cn-11134208-820l4-mefkj0k8g2dj98@resize_w875_nl 1x, https:\/\/down-vn.img.susercontent.com\/file\/cn-11134208-820l4-mefkj0k8g2dj98@resize_w1750_nl 2x\" src=\"https:\/\/down-vn.img.susercontent.com\/file\/cn-11134208-820l4-mefkj0k8g2dj98\" height=\"1393\"><\/picture><\/div>\n<\/div>\n<div class=\"QN2lPu\">\n<div style=\"position: relative; width: 100%; padding-bottom: 159.236%;\"><picture class=\"UkIsx8\"><source srcset=\"https:\/\/down-vn.img.susercontent.com\/file\/cn-11134208-820l4-mefkj0k8hgxze7@resize_w875_nl.webp 1x, https:\/\/down-vn.img.susercontent.com\/file\/cn-11134208-820l4-mefkj0k8hgxze7@resize_w1750_nl.webp 2x\" type=\"image\/webp\" class=\"UkIsx8\"><img decoding=\"async\" width=\"875\" loading=\"lazy\" class=\"uXN1L5 lazyload QSLoEa GqYslU\" srcset=\"https:\/\/down-vn.img.susercontent.com\/file\/cn-11134208-820l4-mefkj0k8hgxze7@resize_w875_nl 1x, https:\/\/down-vn.img.susercontent.com\/file\/cn-11134208-820l4-mefkj0k8hgxze7@resize_w1750_nl 2x\" src=\"https:\/\/down-vn.img.susercontent.com\/file\/cn-11134208-820l4-mefkj0k8hgxze7\" height=\"1393\"><\/picture><\/div>\n<\/div>\n<div class=\"QN2lPu\">\n<div style=\"position: relative; width: 100%; padding-bottom: 159.236%;\"><picture class=\"UkIsx8\"><source srcset=\"https:\/\/down-vn.img.susercontent.com\/file\/cn-11134208-820l4-mefkj0k8ivif0e@resize_w875_nl.webp 1x, https:\/\/down-vn.img.susercontent.com\/file\/cn-11134208-820l4-mefkj0k8ivif0e@resize_w1750_nl.webp 2x\" type=\"image\/webp\" class=\"UkIsx8\"><img decoding=\"async\" width=\"875\" loading=\"lazy\" class=\"uXN1L5 lazyload QSLoEa GqYslU\" srcset=\"https:\/\/down-vn.img.susercontent.com\/file\/cn-11134208-820l4-mefkj0k8ivif0e@resize_w875_nl 1x, https:\/\/down-vn.img.susercontent.com\/file\/cn-11134208-820l4-mefkj0k8ivif0e@resize_w1750_nl 2x\" src=\"https:\/\/down-vn.img.susercontent.com\/file\/cn-11134208-820l4-mefkj0k8ivif0e\" height=\"1393\"><\/picture><\/div>\n<\/div>\n<div class=\"QN2lPu\">\n<div style=\"position: relative; width: 100%; padding-bottom: 159.236%;\"><picture class=\"UkIsx8\"><source srcset=\"https:\/\/down-vn.img.susercontent.com\/file\/cn-11134208-820l4-mefkj0k8ka2v83@resize_w875_nl.webp 1x, https:\/\/down-vn.img.susercontent.com\/file\/cn-11134208-820l4-mefkj0k8ka2v83@resize_w1750_nl.webp 2x\" type=\"image\/webp\" class=\"UkIsx8\"><img decoding=\"async\" width=\"875\" loading=\"lazy\" class=\"uXN1L5 lazyload QSLoEa GqYslU\" srcset=\"https:\/\/down-vn.img.susercontent.com\/file\/cn-11134208-820l4-mefkj0k8ka2v83@resize_w875_nl 1x, https:\/\/down-vn.img.susercontent.com\/file\/cn-11134208-820l4-mefkj0k8ka2v83@resize_w1750_nl 2x\" src=\"https:\/\/down-vn.img.susercontent.com\/file\/cn-11134208-820l4-mefkj0k8ka2v83\" height=\"1393\"><\/picture><\/div>\n<\/div>\n<div class=\"QN2lPu\">\n<div style=\"position: relative; width: 100%; padding-bottom: 159.236%;\"><picture class=\"UkIsx8\"><source srcset=\"https:\/\/down-vn.img.susercontent.com\/file\/cn-11134208-820l4-mefkx467zh1j34@resize_w875_nl.webp 1x, https:\/\/down-vn.img.susercontent.com\/file\/cn-11134208-820l4-mefkx467zh1j34@resize_w1750_nl.webp 2x\" type=\"image\/webp\" class=\"UkIsx8\"><img decoding=\"async\" width=\"875\" loading=\"lazy\" class=\"uXN1L5 lazyload QSLoEa GqYslU\" srcset=\"https:\/\/down-vn.img.susercontent.com\/file\/cn-11134208-820l4-mefkx467zh1j34@resize_w875_nl 1x, https:\/\/down-vn.img.susercontent.com\/file\/cn-11134208-820l4-mefkx467zh1j34@resize_w1750_nl 2x\" src=\"https:\/\/down-vn.img.susercontent.com\/file\/cn-11134208-820l4-mefkx467zh1j34\" height=\"1393\"><\/picture><\/div>\n<\/div>\n<div class=\"QN2lPu\">\n<div style=\"position: relative; width: 100%; padding-bottom: 158.479%;\"><picture class=\"UkIsx8\"><source srcset=\"https:\/\/down-vn.img.susercontent.com\/file\/cn-11134208-820l4-mefkx46ahddt99@resize_w875_nl.webp 1x, https:\/\/down-vn.img.susercontent.com\/file\/cn-11134208-820l4-mefkx46ahddt99@resize_w1750_nl.webp 2x\" type=\"image\/webp\" class=\"UkIsx8\"><img decoding=\"async\" width=\"875\" loading=\"lazy\" class=\"uXN1L5 lazyload QSLoEa GqYslU\" srcset=\"https:\/\/down-vn.img.susercontent.com\/file\/cn-11134208-820l4-mefkx46ahddt99@resize_w875_nl 1x, https:\/\/down-vn.img.susercontent.com\/file\/cn-11134208-820l4-mefkx46ahddt99@resize_w1750_nl 2x\" src=\"https:\/\/down-vn.img.susercontent.com\/file\/cn-11134208-820l4-mefkx46ahddt99\" height=\"1387\"><\/picture><\/div>\n<\/div>\n<\/div>\n","protected":false},"excerpt":{"rendered":"<p>C\u1eeda h\u00e0ng ch\u00ednh th\u1ee9c c\u1ee7a Carslan L\u00e0 th\u01b0\u01a1ng hi\u1ec7u m\u1ef9 ph\u1ea9m h\u00e0ng \u0111\u1ea7u t\u1ea1i Trung Qu\u1ed1c, Carslan b\u1eaft k\u1ecbp xu h\u01b0\u1edbng th\u1ebf gi\u1edbi v\u00e0 t\u1eadp trung v\u00e0o vi\u1ec7c kh\u00e1m ph\u00e1 v\u00e0 th\u1ec3 hi\u1ec7n v\u1ebb \u0111\u1eb9p. Truy\u1ec1n t\u1ea3i n\u0103ng l\u01b0\u1ee3ng t\u00edch c\u1ef1c c\u1ee7a th\u1eddi trang v\u00e0 v\u1ebb \u0111\u1eb9p cho con ng\u01b0\u1eddi hi\u1ec7n \u0111\u1ea1i<\/p>\n","protected":false},"featured_media":14892,"comment_status":"open","ping_status":"closed","template":"","meta":[],"product_brand":[1536],"product_cat":[1242],"product_tag":[],"class_list":{"0":"post-14839","1":"product","2":"type-product","3":"status-publish","4":"has-post-thumbnail","6":"product_brand-carslan","7":"product_cat-mat-kem-nen","9":"first","10":"instock","11":"sale","12":"shipping-taxable","13":"purchasable","14":"product-type-variable"},"_links":{"self":[{"href":"https:\/\/web-ban-le.mbws.vn\/sac-dep\/wp-json\/wp\/v2\/product\/14839","targetHints":{"allow":["GET"]}}],"collection":[{"href":"https:\/\/web-ban-le.mbws.vn\/sac-dep\/wp-json\/wp\/v2\/product"}],"about":[{"href":"https:\/\/web-ban-le.mbws.vn\/sac-dep\/wp-json\/wp\/v2\/types\/product"}],"replies":[{"embeddable":true,"href":"https:\/\/web-ban-le.mbws.vn\/sac-dep\/wp-json\/wp\/v2\/comments?post=14839"}],"wp:featuredmedia":[{"embeddable":true,"href":"https:\/\/web-ban-le.mbws.vn\/sac-dep\/wp-json\/wp\/v2\/media\/14892"}],"wp:attachment":[{"href":"https:\/\/web-ban-le.mbws.vn\/sac-dep\/wp-json\/wp\/v2\/media?parent=14839"}],"wp:term":[{"taxonomy":"product_brand","embeddable":true,"href":"https:\/\/web-ban-le.mbws.vn\/sac-dep\/wp-json\/wp\/v2\/product_brand?post=14839"},{"taxonomy":"product_cat","embeddable":true,"href":"https:\/\/web-ban-le.mbws.vn\/sac-dep\/wp-json\/wp\/v2\/product_cat?post=14839"},{"taxonomy":"product_tag","embeddable":true,"href":"https:\/\/web-ban-le.mbws.vn\/sac-dep\/wp-json\/wp\/v2\/product_tag?post=14839"}],"curies":[{"name":"wp","href":"https:\/\/api.w.org\/{rel}","templated":true}]}}