{"id":14080,"date":"2025-10-29T08:57:13","date_gmt":"2025-10-29T01:57:13","guid":{"rendered":"https:\/\/web-ban-le.mbws.vn\/suc-khoe\/?post_type=product&#038;p=14080"},"modified":"2025-10-29T08:57:36","modified_gmt":"2025-10-29T01:57:36","slug":"vistamin-b1-dai-uy-vitamin-b1","status":"publish","type":"product","link":"https:\/\/web-ban-le.mbws.vn\/suc-khoe\/san-pham\/vistamin-b1-dai-uy-vitamin-b1\/","title":{"rendered":"Vistamin B1 \u0110\u1ea1i Uy &#8211; Vitamin B1"},"content":{"rendered":"<div class=\"e8lZp3\">\n<p class=\"QN2lPu\">TH\u00d4NG TIN S\u1ea2N PH\u1ea8M<\/p>\n<p class=\"QN2lPu\">\n<p class=\"QN2lPu\">Vistamin B1 &#8211; Thiamin Mononitrate  <\/p>\n<p class=\"QN2lPu\">\n<p class=\"QN2lPu\">Ti\u00eau chu\u1ea9n: 10\/2020\/\u0110\u1ea1i Uy <\/p>\n<p class=\"QN2lPu\">\n<p class=\"QN2lPu\">S\u1ed1 \u0110KSP: 4649\/2020\/\u0110KSP <\/p>\n<p class=\"QN2lPu\">\n<p class=\"QN2lPu\">&#8211; Th\u00e0nh ph\u1ea7n:<\/p>\n<p class=\"QN2lPu\">\n<p class=\"QN2lPu\">Vitamin B1 2,5mg<\/p>\n<p class=\"QN2lPu\">\n<p class=\"QN2lPu\">Pepsin 2,5mg<\/p>\n<p class=\"QN2lPu\">\n<p class=\"QN2lPu\">\n<p class=\"QN2lPu\">Ph\u1ee5 li\u1ec7u: magnesi stearate, tinh b\u1ed9t v\u1eeba \u0111\u1ee7 1 vi\u00ean  <\/p>\n<p class=\"QN2lPu\">\n<p class=\"QN2lPu\">\n<p class=\"QN2lPu\">\n<p class=\"QN2lPu\">\n<p class=\"QN2lPu\">C\u00d4NG D\u1ee4NG<\/p>\n<p class=\"QN2lPu\">\n<p class=\"QN2lPu\">\n<p class=\"QN2lPu\">B\u1ed5 sung vitamin B1 cho c\u01a1 th\u1ec3, h\u1ed7 tr\u1ee3 c\u1ea3i thi\u1ec7n t\u00ecnh tr\u1ea1ng thi\u1ebfu h\u1ee5t vitamin nh\u00f3m B1  <\/p>\n<p class=\"QN2lPu\">\n<p class=\"QN2lPu\">\n<p class=\"QN2lPu\">\n<p class=\"QN2lPu\">H\u01af\u1edaNG D\u1eaaN S\u1eec D\u1ee4NG<\/p>\n<p class=\"QN2lPu\">\n<p class=\"QN2lPu\">\n<p class=\"QN2lPu\">&#8211; \u0110\u1ed1i t\u01b0\u1ee3ng s\u1eed d\u1ee5ng: D\u00f9ng cho ng\u01b0\u1eddi l\u1edbn v\u00e0 tr\u1ebb em tr\u00ean 7 tu\u1ed5i<\/p>\n<p class=\"QN2lPu\">\n<p class=\"QN2lPu\">\n<p class=\"QN2lPu\">&#8211; C\u00e1ch d\u00f9ng:<\/p>\n<p class=\"QN2lPu\">\n<p class=\"QN2lPu\">\n<p class=\"QN2lPu\">Tr\u1ebb em tr\u00ean 7 tu\u1ed5i: ng\u00e0y u\u1ed1ng 1 l\u1ea7n, m\u1ed7i l\u1ea7n 1-2 vi\u00ean<\/p>\n<p class=\"QN2lPu\">\n<p class=\"QN2lPu\">Ng\u01b0\u1eddi l\u1edbn: ng\u00e0y u\u1ed1ng 1 l\u1ea7n, m\u1ed7i l\u1ea7n 2-4 vi\u00ean<\/p>\n<p class=\"QN2lPu\">\n<p class=\"QN2lPu\">\n<p class=\"QN2lPu\">&#8211; B\u1ea3o qu\u1ea3n:\u0110\u1ec3 n\u01a1i kh\u00f4 r\u00e1o tho\u00e1ng m\u00e1t, tr\u00e1nh \u00e1nh n\u1eafng tr\u1ef1c ti\u1ebfp<\/p>\n<p class=\"QN2lPu\">\n<p class=\"QN2lPu\">\n<p class=\"QN2lPu\">\n<p class=\"QN2lPu\">\n<p class=\"QN2lPu\">\u2714 S\u1ea3n ph\u1ea9m n\u00e0y kh\u00f4ng ph\u1ea3i l\u00e0 thu\u1ed1c v\u00e0 kh\u00f4ng c\u00f3 t\u00e1c d\u1ee5ng thay th\u1ebf thu\u1ed1c ch\u1eefa b\u1ec7nh. Kh\u00f4ng d\u00f9ng cho ng\u01b0\u1eddi m\u1eabn c\u1ea3m v\u1edbi b\u1ea5t k\u1ef3 th\u00e0nh ph\u1ea7n n\u00e0o c\u1ee7a s\u1ea3n ph\u1ea9m. \u0110\u1ecdc k\u1ef9 h\u01b0\u1edbng d\u1eabn s\u1eed d\u1ee5ng tr\u01b0\u1edbc khi d\u00f9ng.<\/p>\n<\/div>\n","protected":false},"excerpt":{"rendered":"<p>TH\u00d4NG TIN S\u1ea2N PH\u1ea8M Vistamin B1 &#8211; Thiamin Mononitrate Ti\u00eau chu\u1ea9n: 10\/2020\/\u0110\u1ea1i Uy S\u1ed1 \u0110KSP: 4649\/2020\/\u0110KSP &#8211; Th\u00e0nh ph\u1ea7n: Vitamin B1 2,5mg Pepsin 2,5mg Ph\u1ee5 li\u1ec7u: magnesi stearate, tinh b\u1ed9t v\u1eeba \u0111\u1ee7 1 vi\u00ean C\u00d4NG D\u1ee4NG B\u1ed5 sung vitamin B1 cho c\u01a1 th\u1ec3, h\u1ed7 tr\u1ee3 c\u1ea3i thi\u1ec7n t\u00ecnh tr\u1ea1ng thi\u1ebfu h\u1ee5t vitamin nh\u00f3m B1 H\u01af\u1edaNG&#8230;<\/p>\n","protected":false},"featured_media":14095,"comment_status":"open","ping_status":"closed","template":"","meta":[],"product_brand":[],"product_cat":[1229],"product_tag":[],"class_list":{"0":"post-14080","1":"product","2":"type-product","3":"status-publish","4":"has-post-thumbnail","6":"product_cat-ho-tro-suc-khoe","8":"first","9":"instock","10":"sale","11":"shipping-taxable","12":"purchasable","13":"product-type-variable"},"_links":{"self":[{"href":"https:\/\/web-ban-le.mbws.vn\/suc-khoe\/wp-json\/wp\/v2\/product\/14080","targetHints":{"allow":["GET"]}}],"collection":[{"href":"https:\/\/web-ban-le.mbws.vn\/suc-khoe\/wp-json\/wp\/v2\/product"}],"about":[{"href":"https:\/\/web-ban-le.mbws.vn\/suc-khoe\/wp-json\/wp\/v2\/types\/product"}],"replies":[{"embeddable":true,"href":"https:\/\/web-ban-le.mbws.vn\/suc-khoe\/wp-json\/wp\/v2\/comments?post=14080"}],"wp:featuredmedia":[{"embeddable":true,"href":"https:\/\/web-ban-le.mbws.vn\/suc-khoe\/wp-json\/wp\/v2\/media\/14095"}],"wp:attachment":[{"href":"https:\/\/web-ban-le.mbws.vn\/suc-khoe\/wp-json\/wp\/v2\/media?parent=14080"}],"wp:term":[{"taxonomy":"product_brand","embeddable":true,"href":"https:\/\/web-ban-le.mbws.vn\/suc-khoe\/wp-json\/wp\/v2\/product_brand?post=14080"},{"taxonomy":"product_cat","embeddable":true,"href":"https:\/\/web-ban-le.mbws.vn\/suc-khoe\/wp-json\/wp\/v2\/product_cat?post=14080"},{"taxonomy":"product_tag","embeddable":true,"href":"https:\/\/web-ban-le.mbws.vn\/suc-khoe\/wp-json\/wp\/v2\/product_tag?post=14080"}],"curies":[{"name":"wp","href":"https:\/\/api.w.org\/{rel}","templated":true}]}}