{"id":14081,"date":"2025-10-29T08:57:13","date_gmt":"2025-10-29T01:57:13","guid":{"rendered":"https:\/\/web-ban-le.mbws.vn\/suc-khoe\/?post_type=product&#038;p=14081"},"modified":"2025-10-29T08:57:26","modified_gmt":"2025-10-29T01:57:26","slug":"newusarion-pp-pharco-viem-day-than-kinh-dau-day-than-kinh-dau-nhuc-xuong-khop-hop-50-vien-bao-duong-chau-ngan-pharma","status":"publish","type":"product","link":"https:\/\/web-ban-le.mbws.vn\/suc-khoe\/san-pham\/newusarion-pp-pharco-viem-day-than-kinh-dau-day-than-kinh-dau-nhuc-xuong-khop-hop-50-vien-bao-duong-chau-ngan-pharma\/","title":{"rendered":"NEWUSARION PP.Pharco vi\u00eam d\u00e2y th\u1ea7n kinh, \u0111au d\u00e2y th\u1ea7n kinh, \u0111au nh\u1ee9c x\u01b0\u01a1ng kh\u1edbp H\u1ed9p 50 vi\u00ean Bao \u0110\u01b0\u1eddng &#8211; Ch\u00e2u Ng\u00e2n Pharma"},"content":{"rendered":"<div class=\"e8lZp3\">\n<p class=\"QN2lPu\">NEWUSARION PP.Pharco vi\u00eam d\u00e2y th\u1ea7n kinh, \u0111au d\u00e2y th\u1ea7n kinh, \u0111au nh\u1ee9c x\u01b0\u01a1ng kh\u1edbp H\u1ed9p 50 vi\u00ean Bao \u0110\u01b0\u1eddng &#8211; Ch\u00e2u Ng\u00e2n<\/p>\n<p class=\"QN2lPu\">1.Th\u00e0nh ph\u1ea7n<\/p>\n<p class=\"QN2lPu\">1 vi\u00ean n\u00e9n bao \u0111\u01b0\u1eddng c\u00f3 ch\u1ee9a:<\/p>\n<p class=\"QN2lPu\">Vitamin B1\u2026\u2026\u2026\u2026\u2026\u2026\u2026\u2026\u2026..\u2026\u2026..10,0mg<\/p>\n<p class=\"QN2lPu\">(Thiamin Mononitrate)<\/p>\n<p class=\"QN2lPu\">Vitamin B6\u2026\u2026\u2026\u2026\u2026\u2026\u2026.\u2026\u2026\u2026\u2026\u202610,0mg<\/p>\n<p class=\"QN2lPu\">(Pyridoxine Hydrochloride)<\/p>\n<p class=\"QN2lPu\">Vitamin B12\u2026\u2026\u2026\u2026\u2026\u2026\u2026\u2026\u2026..\u2026\u2026\u20262,0mg<\/p>\n<p class=\"QN2lPu\">(Cyanocobalamin)<\/p>\n<p class=\"QN2lPu\">2.C\u00f4ng d\u1ee5ng <\/p>\n<p class=\"QN2lPu\">\u2013 C\u1ea3i thi\u1ec7n t\u00ecnh tr\u1ea1ng suy nh\u01b0\u1ee3c do thi\u1ebfu vitamin B1, B6 v\u00e0 B12<\/p>\n<p class=\"QN2lPu\">\u2013 T\u0103ng c\u01b0\u1eddng ho\u1ea1t \u0111\u1ed9ng c\u1ee7a h\u1ec7 th\u1ea7n kinh<\/p>\n<p class=\"QN2lPu\">\u2013 B\u1ed5 sung c\u00e1c axit amin thi\u1ebft y\u1ebfu, gi\u00fap h\u1ed7 tr\u1ee3 ch\u1ee9c n\u0103ng gan m\u1eadt, gi\u00fap \u0103n ngon.<\/p>\n<p class=\"QN2lPu\">3.\u0110\u1ed1i t\u01b0\u1ee3ng s\u1eed d\u1ee5ng<\/p>\n<p class=\"QN2lPu\">Ng\u01b0\u1eddi b\u1ecb thi\u1ebfu ho\u1eb7c c\u00f3 nguy c\u01a1 thi\u1ebfu vitamin B1, B6, B12<\/p>\n<p class=\"QN2lPu\">Ng\u01b0\u1eddi b\u1ecb vi\u00eam d\u00e2y th\u1ea7n kinh, \u0111au d\u00e2y th\u1ea7n kinh, \u0111au nh\u1ee9c x\u01b0\u01a1ng kh\u1edbp.<\/p>\n<p class=\"QN2lPu\">4.Li\u1ec1u d\u00f9ng<\/p>\n<p class=\"QN2lPu\">U\u1ed1ng 1 \u2013 2 vi\u00ean\/ l\u1ea7n x 2 \u2013 3 l\u1ea7n\/ng\u00e0y.<\/p>\n<p class=\"QN2lPu\">5.Quy c\u00e1ch \u0111\u00f3ng g\u00f3i<\/p>\n<p class=\"QN2lPu\">H\u1ed9p 10 v\u1ec9 x 10 vi\u00ean n\u00e9n bao \u0111\u01b0\u1eddng<\/p>\n<p class=\"QN2lPu\">Th\u1ef1c ph\u1ea9m n\u00e0y kh\u00f4ng ph\u1ea3i l\u00e0 thu\u1ed1c, kh\u00f4ng c\u00f3 t\u00e1c d\u1ee5ng thay th\u1ebf thu\u1ed1c ch\u1eefa b\u1ec7nh.<\/p>\n<p class=\"QN2lPu\">6.H\u1ea1n s\u1eed d\u1ee5ng<\/p>\n<p class=\"QN2lPu\">24 th\u00e1ng k\u1ec3 t\u1eeb ng\u00e0y s\u1ea3n xu\u1ea5t (H\u1ea1n s\u1eed d\u1ee5ng \u0111\u01b0\u1ee3c ghi tr\u00ean bao b\u00ec s\u1ea3n ph\u1ea9m)<\/p>\n<p class=\"QN2lPu\">#vitaminb1<\/p>\n<p class=\"QN2lPu\"> #vitaminb6 #vitaminb12 #vitamin3b #viemdaythankinh #newUSARION #chaunganpharma #phongphu<\/p>\n<\/div>\n","protected":false},"excerpt":{"rendered":"<p>NEWUSARION PP.Pharco vi\u00eam d\u00e2y th\u1ea7n kinh, \u0111au d\u00e2y th\u1ea7n kinh, \u0111au nh\u1ee9c x\u01b0\u01a1ng kh\u1edbp H\u1ed9p 50 vi\u00ean Bao \u0110\u01b0\u1eddng &#8211; Ch\u00e2u Ng\u00e2n 1.Th\u00e0nh ph\u1ea7n 1 vi\u00ean n\u00e9n bao \u0111\u01b0\u1eddng c\u00f3 ch\u1ee9a: Vitamin B1\u2026\u2026\u2026\u2026\u2026\u2026\u2026\u2026\u2026..\u2026\u2026..10,0mg (Thiamin Mononitrate) Vitamin B6\u2026\u2026\u2026\u2026\u2026\u2026\u2026.\u2026\u2026\u2026\u2026\u202610,0mg (Pyridoxine Hydrochloride) Vitamin B12\u2026\u2026\u2026\u2026\u2026\u2026\u2026\u2026\u2026..\u2026\u2026\u20262,0mg (Cyanocobalamin) 2.C\u00f4ng d\u1ee5ng \u2013 C\u1ea3i thi\u1ec7n t\u00ecnh tr\u1ea1ng suy nh\u01b0\u1ee3c do thi\u1ebfu vitamin B1,&#8230;<\/p>\n","protected":false},"featured_media":14107,"comment_status":"open","ping_status":"closed","template":"","meta":[],"product_brand":[],"product_cat":[1229],"product_tag":[],"class_list":{"0":"post-14081","1":"product","2":"type-product","3":"status-publish","4":"has-post-thumbnail","6":"product_cat-ho-tro-suc-khoe","8":"first","9":"instock","10":"sale","11":"shipping-taxable","12":"purchasable","13":"product-type-simple"},"_links":{"self":[{"href":"https:\/\/web-ban-le.mbws.vn\/suc-khoe\/wp-json\/wp\/v2\/product\/14081","targetHints":{"allow":["GET"]}}],"collection":[{"href":"https:\/\/web-ban-le.mbws.vn\/suc-khoe\/wp-json\/wp\/v2\/product"}],"about":[{"href":"https:\/\/web-ban-le.mbws.vn\/suc-khoe\/wp-json\/wp\/v2\/types\/product"}],"replies":[{"embeddable":true,"href":"https:\/\/web-ban-le.mbws.vn\/suc-khoe\/wp-json\/wp\/v2\/comments?post=14081"}],"wp:featuredmedia":[{"embeddable":true,"href":"https:\/\/web-ban-le.mbws.vn\/suc-khoe\/wp-json\/wp\/v2\/media\/14107"}],"wp:attachment":[{"href":"https:\/\/web-ban-le.mbws.vn\/suc-khoe\/wp-json\/wp\/v2\/media?parent=14081"}],"wp:term":[{"taxonomy":"product_brand","embeddable":true,"href":"https:\/\/web-ban-le.mbws.vn\/suc-khoe\/wp-json\/wp\/v2\/product_brand?post=14081"},{"taxonomy":"product_cat","embeddable":true,"href":"https:\/\/web-ban-le.mbws.vn\/suc-khoe\/wp-json\/wp\/v2\/product_cat?post=14081"},{"taxonomy":"product_tag","embeddable":true,"href":"https:\/\/web-ban-le.mbws.vn\/suc-khoe\/wp-json\/wp\/v2\/product_tag?post=14081"}],"curies":[{"name":"wp","href":"https:\/\/api.w.org\/{rel}","templated":true}]}}