{"id":14083,"date":"2025-10-29T08:57:14","date_gmt":"2025-10-29T01:57:14","guid":{"rendered":"https:\/\/web-ban-le.mbws.vn\/suc-khoe\/?post_type=product&#038;p=14083"},"modified":"2025-10-29T08:57:37","modified_gmt":"2025-10-29T01:57:37","slug":"vien-uong-tieu-hoa-huong-lien-becberin-5mg-dai-uy-lo-80-vien-500-vien","status":"publish","type":"product","link":"https:\/\/web-ban-le.mbws.vn\/suc-khoe\/san-pham\/vien-uong-tieu-hoa-huong-lien-becberin-5mg-dai-uy-lo-80-vien-500-vien\/","title":{"rendered":"Vi\u00ean u\u1ed1ng ti\u00eau h\u00f3a H\u01b0\u01a1ng Li\u00ean (Becberin 5mg) \u0110\u1ea1i Uy L\u1ecd 80 vi\u00ean &#8211; 500 vi\u00ean"},"content":{"rendered":"<div class=\"e8lZp3\">\n<p class=\"QN2lPu\">1. Th\u00e0nh ph\u1ea7n c\u1ee7a BECBERZINE (\u0110\u1ea1i Uy)<\/p>\n<p class=\"QN2lPu\">Cao d\u01b0\u1ee3c li\u1ec7u 22,5mg t\u01b0\u01a1ng \u0111\u01b0\u01a1ng:<\/p>\n<p class=\"QN2lPu\">Ho\u00e0ng li\u00ean ch\u00e2n g\u00e0 (Coptis quinquesecta) 75mg<\/p>\n<p class=\"QN2lPu\">Ho\u00e0ng \u0111\u1eb1ng (Fibraurea tinctoria Lour) 75mg<\/p>\n<p class=\"QN2lPu\">Ba ch\u1ebd (Desmodium cephatotes) 50mg<\/p>\n<p class=\"QN2lPu\">M\u1ed9c h\u01b0\u01a1ng (Saussurea lappa Clarke) 25mg<\/p>\n<p class=\"QN2lPu\">Ph\u1ee5 li\u1ec7u: calci carbonate, magnesi stearate, nipagil, nipasol, tinh b\u1ed9t v\u1eeba \u0111\u1ee7 1 vi\u00ean n\u00e9n.<\/p>\n<p class=\"QN2lPu\">\n<p class=\"QN2lPu\">2. C\u00f4ng d\u1ee5ng c\u1ee7a BECBERZINE (\u0110\u1ea1i Uy)<\/p>\n<p class=\"QN2lPu\">H\u1ed7 tr\u1ee3 gi\u1ea3m tri\u1ec7u ch\u1ee9ng r\u1ed1i lo\u1ea1n ti\u00eau ho\u00e1, \u0111\u1ea7y b\u1ee5ng, ti\u00eau ch\u1ea3y do \u0103n u\u1ed1ng.<\/p>\n<p class=\"QN2lPu\">\n<p class=\"QN2lPu\">3. Li\u1ec1u l\u01b0\u1ee3ng v\u00e0 c\u00e1ch d\u00f9ng c\u1ee7a BECBERZINE (\u0110\u1ea1i Uy)<\/p>\n<p class=\"QN2lPu\">Ng\u01b0\u1eddi l\u1edbn: M\u1ed7i l\u1ea7n 12 &#8211; 15 vi\u00ean, ng\u00e0y 2 l\u1ea7n<\/p>\n<p class=\"QN2lPu\">\n<p class=\"QN2lPu\">4. \u0110\u1ed1i t\u01b0\u1ee3ng s\u1eed d\u1ee5ng<\/p>\n<p class=\"QN2lPu\">D\u00f9ng cho ng\u01b0\u1eddi b\u1ecb r\u1ed1i lo\u1ea1n ti\u00eau h\u00f3a, ti\u00eau ch\u1ea3y, ng\u01b0\u1eddi b\u1ecb \u0111\u1ea1i tr\u00e0ng.<\/p>\n<p class=\"QN2lPu\">\n<p class=\"QN2lPu\">5. B\u1ea3o qu\u1ea3n<\/p>\n<p class=\"QN2lPu\">N\u01a1i kh\u00f4 m\u00e1t, tr\u00e1nh \u00e1nh s\u00e1ng tr\u1ef1c ti\u1ebfp.<\/p>\n<p class=\"QN2lPu\">\n<p class=\"QN2lPu\">6. L\u01b0u \u00fd<\/p>\n<p class=\"QN2lPu\">Th\u01b0\u0323c ph\u1ea9m n\u00e0y kh\u00f4ng ph\u1ea3i l\u00e0 thu\u1ed1c v\u00e0 kh\u00f4ng c\u00f3 t\u00e1c d\u1ee5ng thay th\u1ebf thu\u1ed1c <\/p>\n<p class=\"QN2lPu\">Kh\u00f4ng d\u00f9ng cho ng\u01b0\u1eddi m\u1eabn c\u1ea3m v\u1edbi b\u1ea5t k\u1ef3 th\u00e0nh ph\u1ea7n n\u00e0o c\u1ee7a s\u1ea3n ph\u1ea9m.<\/p>\n<p class=\"QN2lPu\">#Ho\u00e0ng_li\u00ean #m\u1ed9c_h\u01b0\u01a1ng  #r\u1ed1i_lo\u1ea1n_ti\u00eau_ho\u00e1 #\u0111\u1ea7y_b\u1ee5ng #ti\u00eau_ch\u1ea3y<\/p>\n<\/div>\n","protected":false},"excerpt":{"rendered":"<p>1. Th\u00e0nh ph\u1ea7n c\u1ee7a BECBERZINE (\u0110\u1ea1i Uy) Cao d\u01b0\u1ee3c li\u1ec7u 22,5mg t\u01b0\u01a1ng \u0111\u01b0\u01a1ng: Ho\u00e0ng li\u00ean ch\u00e2n g\u00e0 (Coptis quinquesecta) 75mg Ho\u00e0ng \u0111\u1eb1ng (Fibraurea tinctoria Lour) 75mg Ba ch\u1ebd (Desmodium cephatotes) 50mg M\u1ed9c h\u01b0\u01a1ng (Saussurea lappa Clarke) 25mg Ph\u1ee5 li\u1ec7u: calci carbonate, magnesi stearate, nipagil, nipasol, tinh b\u1ed9t v\u1eeba \u0111\u1ee7 1 vi\u00ean n\u00e9n. 2. C\u00f4ng d\u1ee5ng&#8230;<\/p>\n","protected":false},"featured_media":14118,"comment_status":"open","ping_status":"closed","template":"","meta":[],"product_brand":[],"product_cat":[1229],"product_tag":[],"class_list":{"0":"post-14083","1":"product","2":"type-product","3":"status-publish","4":"has-post-thumbnail","6":"product_cat-ho-tro-suc-khoe","8":"first","9":"instock","10":"sale","11":"shipping-taxable","12":"purchasable","13":"product-type-variable"},"_links":{"self":[{"href":"https:\/\/web-ban-le.mbws.vn\/suc-khoe\/wp-json\/wp\/v2\/product\/14083","targetHints":{"allow":["GET"]}}],"collection":[{"href":"https:\/\/web-ban-le.mbws.vn\/suc-khoe\/wp-json\/wp\/v2\/product"}],"about":[{"href":"https:\/\/web-ban-le.mbws.vn\/suc-khoe\/wp-json\/wp\/v2\/types\/product"}],"replies":[{"embeddable":true,"href":"https:\/\/web-ban-le.mbws.vn\/suc-khoe\/wp-json\/wp\/v2\/comments?post=14083"}],"wp:featuredmedia":[{"embeddable":true,"href":"https:\/\/web-ban-le.mbws.vn\/suc-khoe\/wp-json\/wp\/v2\/media\/14118"}],"wp:attachment":[{"href":"https:\/\/web-ban-le.mbws.vn\/suc-khoe\/wp-json\/wp\/v2\/media?parent=14083"}],"wp:term":[{"taxonomy":"product_brand","embeddable":true,"href":"https:\/\/web-ban-le.mbws.vn\/suc-khoe\/wp-json\/wp\/v2\/product_brand?post=14083"},{"taxonomy":"product_cat","embeddable":true,"href":"https:\/\/web-ban-le.mbws.vn\/suc-khoe\/wp-json\/wp\/v2\/product_cat?post=14083"},{"taxonomy":"product_tag","embeddable":true,"href":"https:\/\/web-ban-le.mbws.vn\/suc-khoe\/wp-json\/wp\/v2\/product_tag?post=14083"}],"curies":[{"name":"wp","href":"https:\/\/api.w.org\/{rel}","templated":true}]}}