{"id":14085,"date":"2025-10-29T08:57:14","date_gmt":"2025-10-29T01:57:14","guid":{"rendered":"https:\/\/web-ban-le.mbws.vn\/suc-khoe\/?post_type=product&#038;p=14085"},"modified":"2025-10-29T08:57:40","modified_gmt":"2025-10-29T01:57:40","slug":"vien-uong-nhuan-trang-bis-acodi-n-usar","status":"publish","type":"product","link":"https:\/\/web-ban-le.mbws.vn\/suc-khoe\/san-pham\/vien-uong-nhuan-trang-bis-acodi-n-usar\/","title":{"rendered":"Vi\u00ean u\u1ed1ng nhu\u1eadn tr\u00e0ng BIS-ACODI-N USAR"},"content":{"rendered":"<div class=\"e8lZp3\">\n<p class=\"QN2lPu\">Vi\u00ean u\u1ed1ng nhu\u1eadn tr\u00e0ng BIS-ACODI-N USAR PP.Pharco H\u1ed9p 50 vi\u00ean&nbsp;<\/p>\n<p class=\"QN2lPu\">\n<p class=\"QN2lPu\">TH\u00c0NH PH\u1ea6N:<\/p>\n<p class=\"QN2lPu\">\n<p class=\"QN2lPu\">Trong 1 vi\u00ean c\u00f3 ch\u1ee9a:<\/p>\n<p class=\"QN2lPu\">\n<p class=\"QN2lPu\">Cao Th\u1ea3o quy\u1ebft minh: &#8230;&#8230;&#8230;&#8230;&#8230;&#8230;&#8230;&#8230;&#8230;&#8230;..50 mg<\/p>\n<p class=\"QN2lPu\">\n<p class=\"QN2lPu\">Cao L\u00f4 h\u1ed9i: &#8230;&#8230;&#8230;&#8230;&#8230;&#8230;&#8230;&#8230;&#8230;&#8230;&#8230;&#8230;&#8230;&#8230;&#8230;&#8230;&#8230;..49 mg<\/p>\n<p class=\"QN2lPu\">\n<p class=\"QN2lPu\">C\u00d4NG D\u1ee4NG:<\/p>\n<p class=\"QN2lPu\">\n<p class=\"QN2lPu\">Gi\u00fap nhu\u1eadn tr\u00e0ng, l\u00e0m t\u0103ng nhu \u0111\u1ed9ng ru\u1ed9t.<\/p>\n<p class=\"QN2lPu\">\n<p class=\"QN2lPu\">Gi\u00fap l\u00e0m gi\u1ea3m c\u00e1c tri\u1ec7u ch\u1ee9ng t\u00e1o b\u00f3n.<\/p>\n<p class=\"QN2lPu\">\n<p class=\"QN2lPu\">\u0110\u1ed0I T\u01af\u1ee2NG S\u1eec D\u1ee4NG:<\/p>\n<p class=\"QN2lPu\">\n<p class=\"QN2lPu\">Ng\u01b0\u1eddi b\u1ecb t\u00e1o b\u00f3n.<\/p>\n<p class=\"QN2lPu\">\n<p class=\"QN2lPu\">C\u00c1CH D\u00d9NG:<\/p>\n<p class=\"QN2lPu\">\n<p class=\"QN2lPu\">Tr\u1ebb em 6 tu\u1ed5i \u0111\u1ebfn 10 tu\u1ed5i: U\u1ed1ng 1 vi\u00ean v\u00e0o bu\u1ed5i t\u1ed1i.<\/p>\n<p class=\"QN2lPu\">\n<p class=\"QN2lPu\">Ng\u01b0\u1eddi l\u1edbn v\u00e0 tr\u1ebb em tr\u00ean 10 tu\u1ed5i: U\u1ed1ng 1-2 vi\u00ean v\u00e0o bu\u1ed5i t\u1ed1i. C\u00f3 th\u1ec3 d\u00f9ng 3-4 vi\u00ean khi c\u1ea7n thi\u1ebft.<\/p>\n<p class=\"QN2lPu\">\n<p class=\"QN2lPu\">QUY C\u00c1CH \u0110\u00d3NG G\u00d3I:<\/p>\n<p class=\"QN2lPu\">\n<p class=\"QN2lPu\">H\u1ed9p 50 vi\u00ean, 5 v\u1ec9 x 10 vi\u00ean<\/p>\n<p class=\"QN2lPu\">\n<p class=\"QN2lPu\">Th\u1eddi h\u1ea1n s\u1eed d\u1ee5ng: 36 th\u00e1ng k\u1ec3 t\u1eeb ng\u00e0y s\u1ea3n xu\u1ea5t.<\/p>\n<p class=\"QN2lPu\">S\u1ea3n ph\u1ea9m n\u00e0y kh\u00f4ng ph\u1ea3i l\u00e0 thu\u1ed1c, kh\u00f4ng c\u00f3 t\u00e1c d\u1ee5ng thay th\u1ebf thu\u1ed1c<\/p>\n<\/div>\n","protected":false},"excerpt":{"rendered":"<p>Vi\u00ean u\u1ed1ng nhu\u1eadn tr\u00e0ng BIS-ACODI-N USAR PP.Pharco H\u1ed9p 50 vi\u00ean&nbsp; TH\u00c0NH PH\u1ea6N: Trong 1 vi\u00ean c\u00f3 ch\u1ee9a: Cao Th\u1ea3o quy\u1ebft minh: &#8230;&#8230;&#8230;&#8230;&#8230;&#8230;&#8230;&#8230;&#8230;&#8230;..50 mg Cao L\u00f4 h\u1ed9i: &#8230;&#8230;&#8230;&#8230;&#8230;&#8230;&#8230;&#8230;&#8230;&#8230;&#8230;&#8230;&#8230;&#8230;&#8230;&#8230;&#8230;..49 mg C\u00d4NG D\u1ee4NG: Gi\u00fap nhu\u1eadn tr\u00e0ng, l\u00e0m t\u0103ng nhu \u0111\u1ed9ng ru\u1ed9t. Gi\u00fap l\u00e0m gi\u1ea3m c\u00e1c tri\u1ec7u ch\u1ee9ng t\u00e1o b\u00f3n. \u0110\u1ed0I T\u01af\u1ee2NG S\u1eec D\u1ee4NG: Ng\u01b0\u1eddi b\u1ecb t\u00e1o b\u00f3n. C\u00c1CH&#8230;<\/p>\n","protected":false},"featured_media":14144,"comment_status":"open","ping_status":"closed","template":"","meta":[],"product_brand":[],"product_cat":[1229],"product_tag":[],"class_list":{"0":"post-14085","1":"product","2":"type-product","3":"status-publish","4":"has-post-thumbnail","6":"product_cat-ho-tro-suc-khoe","8":"first","9":"instock","10":"sale","11":"shipping-taxable","12":"purchasable","13":"product-type-simple"},"_links":{"self":[{"href":"https:\/\/web-ban-le.mbws.vn\/suc-khoe\/wp-json\/wp\/v2\/product\/14085","targetHints":{"allow":["GET"]}}],"collection":[{"href":"https:\/\/web-ban-le.mbws.vn\/suc-khoe\/wp-json\/wp\/v2\/product"}],"about":[{"href":"https:\/\/web-ban-le.mbws.vn\/suc-khoe\/wp-json\/wp\/v2\/types\/product"}],"replies":[{"embeddable":true,"href":"https:\/\/web-ban-le.mbws.vn\/suc-khoe\/wp-json\/wp\/v2\/comments?post=14085"}],"wp:featuredmedia":[{"embeddable":true,"href":"https:\/\/web-ban-le.mbws.vn\/suc-khoe\/wp-json\/wp\/v2\/media\/14144"}],"wp:attachment":[{"href":"https:\/\/web-ban-le.mbws.vn\/suc-khoe\/wp-json\/wp\/v2\/media?parent=14085"}],"wp:term":[{"taxonomy":"product_brand","embeddable":true,"href":"https:\/\/web-ban-le.mbws.vn\/suc-khoe\/wp-json\/wp\/v2\/product_brand?post=14085"},{"taxonomy":"product_cat","embeddable":true,"href":"https:\/\/web-ban-le.mbws.vn\/suc-khoe\/wp-json\/wp\/v2\/product_cat?post=14085"},{"taxonomy":"product_tag","embeddable":true,"href":"https:\/\/web-ban-le.mbws.vn\/suc-khoe\/wp-json\/wp\/v2\/product_tag?post=14085"}],"curies":[{"name":"wp","href":"https:\/\/api.w.org\/{rel}","templated":true}]}}