{"id":14086,"date":"2025-10-29T08:57:14","date_gmt":"2025-10-29T01:57:14","guid":{"rendered":"https:\/\/web-ban-le.mbws.vn\/suc-khoe\/?post_type=product&#038;p=14086"},"modified":"2025-10-29T08:58:01","modified_gmt":"2025-10-29T01:58:01","slug":"vien-bo-gan-ha-men-gan-gan-nhiem-mo-glutasulfen-gluta-sulfenchau-ngan-pharma","status":"publish","type":"product","link":"https:\/\/web-ban-le.mbws.vn\/suc-khoe\/san-pham\/vien-bo-gan-ha-men-gan-gan-nhiem-mo-glutasulfen-gluta-sulfenchau-ngan-pharma\/","title":{"rendered":"Vi\u00ean B\u1ed5 gan &#8211; H\u1ea1 men gan &#8211; Gan nhi\u1ec5m m\u1ee1 -Glutasulfen &#8211; Gluta sulfenCh\u00e2u Ng\u00e2n Pharma"},"content":{"rendered":"<div class=\"e8lZp3\">\n<p class=\"QN2lPu\">1. Th\u00e0nh ph\u1ea7n c\u1ee7a GlutaSulfen<\/p>\n<p class=\"QN2lPu\">Gi\u1ea3o c\u1ed5 lam 100mg, Di\u1ec7p h\u1ea1 ch\u00e2u 100mg, C\u00e0 gai leo 100mg, Cardus marianus (K\u1ebf s\u1eefa) 50mg, Ph\u1ee5 li\u1ec7u \u0111\u01b0\u1eddng v\u00e0 tinh b\u1ed9t v\u1eeba \u0111\u1ee7 1 vi\u00ean<\/p>\n<p class=\"QN2lPu\">\n<p class=\"QN2lPu\">2. C\u00f4ng d\u1ee5ng c\u1ee7a GlutaSulfen<\/p>\n<p class=\"QN2lPu\">&#8211; B\u1ed5 gan<\/p>\n<p class=\"QN2lPu\">&#8211; H\u1ea1 men gan<\/p>\n<p class=\"QN2lPu\">&#8211; Gan nhi\u1ec5m m\u1ee1<\/p>\n<p class=\"QN2lPu\">&#8211; B\u1ea3o v\u1ec7 gan<\/p>\n<p class=\"QN2lPu\">&#8211; T\u0103ng c\u01b0\u1eddng ch\u1ee9c n\u0103ng gan trong c\u00e1c tr\u01b0\u1eddng h\u1ee3p: vi\u00eam gan c\u1ea5p t\u00ednh v\u00e0 m\u1ea1n t\u00ednh, x\u01a1 gan, gan nhi\u1ec5m m\u1ee1, ng\u01b0\u1eddi b\u1ecb gan do u\u1ed1ng nhi\u1ec1u r\u01b0\u1ee3u bia, h\u00fat thu\u1ed1c l\u00e1.<\/p>\n<p class=\"QN2lPu\">\n<p class=\"QN2lPu\">3. Li\u1ec1u l\u01b0\u1ee3ng v\u00e0 c\u00e1ch d\u00f9ng c\u1ee7a GlutaSulfen<\/p>\n<p class=\"QN2lPu\">Ng\u00e0y u\u1ed1ng 2 l\u1ea7n, m\u1ed7i l\u1ea7n 1 vi\u00ean<\/p>\n<p class=\"QN2lPu\">\n<p class=\"QN2lPu\">4. \u0110\u1ed1i t\u01b0\u1ee3ng s\u1eed d\u1ee5ng<\/p>\n<p class=\"QN2lPu\">Ng\u01b0\u1eddi b\u1ecb suy gi\u1ea3m ch\u1ee9c n\u0103ng gan do: vi\u00eam gan c\u1ea5p t\u00ednh v\u00e0 m\u1ea1n t\u00ednh, x\u01a1 gan, gan nhi\u1ec5m m\u1ee1, ng\u01b0\u1eddi b\u1ecb gan do u\u1ed1ng nhi\u1ec1u r\u01b0\u1ee3u bia, h\u00fat thu\u1ed1c l\u00e1<\/p>\n<p class=\"QN2lPu\">\n<p class=\"QN2lPu\">5. B\u1ea3o qu\u1ea3n<\/p>\n<p class=\"QN2lPu\">N\u01a1i kh\u00f4 tho\u00e1ng, nhi\u1ec7t \u0111\u1ed9 d\u01b0\u1edbi 30\u00b0C, tr\u00e1nh \u00e1nh s\u00e1ng tr\u1ef1c ti\u1ebfp<\/p>\n<p class=\"QN2lPu\">\n<p class=\"QN2lPu\">6. L\u01b0u \u00fd<\/p>\n<p class=\"QN2lPu\">S\u1ea3n ph\u1ea9m n\u00e0y kh\u00f4ng ph\u1ea3i thu\u1ed1c, kh\u00f4ng c\u00f3 t\u00e1c d\u1ee5ng thay th\u1ebf thu\u1ed1c ch\u1eefa b\u1ec7nh<\/p>\n<\/div>\n","protected":false},"excerpt":{"rendered":"<p>1. Th\u00e0nh ph\u1ea7n c\u1ee7a GlutaSulfen Gi\u1ea3o c\u1ed5 lam 100mg, Di\u1ec7p h\u1ea1 ch\u00e2u 100mg, C\u00e0 gai leo 100mg, Cardus marianus (K\u1ebf s\u1eefa) 50mg, Ph\u1ee5 li\u1ec7u \u0111\u01b0\u1eddng v\u00e0 tinh b\u1ed9t v\u1eeba \u0111\u1ee7 1 vi\u00ean 2. C\u00f4ng d\u1ee5ng c\u1ee7a GlutaSulfen &#8211; B\u1ed5 gan &#8211; H\u1ea1 men gan &#8211; Gan nhi\u1ec5m m\u1ee1 &#8211; B\u1ea3o v\u1ec7 gan &#8211; T\u0103ng c\u01b0\u1eddng&#8230;<\/p>\n","protected":false},"featured_media":14145,"comment_status":"open","ping_status":"closed","template":"","meta":[],"product_brand":[],"product_cat":[1229],"product_tag":[],"class_list":{"0":"post-14086","1":"product","2":"type-product","3":"status-publish","4":"has-post-thumbnail","6":"product_cat-ho-tro-suc-khoe","8":"first","9":"instock","10":"sale","11":"shipping-taxable","12":"purchasable","13":"product-type-variable"},"_links":{"self":[{"href":"https:\/\/web-ban-le.mbws.vn\/suc-khoe\/wp-json\/wp\/v2\/product\/14086","targetHints":{"allow":["GET"]}}],"collection":[{"href":"https:\/\/web-ban-le.mbws.vn\/suc-khoe\/wp-json\/wp\/v2\/product"}],"about":[{"href":"https:\/\/web-ban-le.mbws.vn\/suc-khoe\/wp-json\/wp\/v2\/types\/product"}],"replies":[{"embeddable":true,"href":"https:\/\/web-ban-le.mbws.vn\/suc-khoe\/wp-json\/wp\/v2\/comments?post=14086"}],"wp:featuredmedia":[{"embeddable":true,"href":"https:\/\/web-ban-le.mbws.vn\/suc-khoe\/wp-json\/wp\/v2\/media\/14145"}],"wp:attachment":[{"href":"https:\/\/web-ban-le.mbws.vn\/suc-khoe\/wp-json\/wp\/v2\/media?parent=14086"}],"wp:term":[{"taxonomy":"product_brand","embeddable":true,"href":"https:\/\/web-ban-le.mbws.vn\/suc-khoe\/wp-json\/wp\/v2\/product_brand?post=14086"},{"taxonomy":"product_cat","embeddable":true,"href":"https:\/\/web-ban-le.mbws.vn\/suc-khoe\/wp-json\/wp\/v2\/product_cat?post=14086"},{"taxonomy":"product_tag","embeddable":true,"href":"https:\/\/web-ban-le.mbws.vn\/suc-khoe\/wp-json\/wp\/v2\/product_tag?post=14086"}],"curies":[{"name":"wp","href":"https:\/\/api.w.org\/{rel}","templated":true}]}}