{"id":14088,"date":"2025-10-29T08:57:14","date_gmt":"2025-10-29T01:57:14","guid":{"rendered":"https:\/\/web-ban-le.mbws.vn\/suc-khoe\/?post_type=product&#038;p=14088"},"modified":"2025-10-29T08:58:01","modified_gmt":"2025-10-29T01:58:01","slug":"vien-ngam-giam-ho-dau-hong-vi-bac-ha-painpain-vang-xanh-do-tuyp-24-vien-tuyp-20-vien-chau-ngan-pharma","status":"publish","type":"product","link":"https:\/\/web-ban-le.mbws.vn\/suc-khoe\/san-pham\/vien-ngam-giam-ho-dau-hong-vi-bac-ha-painpain-vang-xanh-do-tuyp-24-vien-tuyp-20-vien-chau-ngan-pharma\/","title":{"rendered":"Vi\u00ean ng\u1eadm gi\u1ea3m ho \u0111au h\u1ecdng v\u1ecb b\u1ea1c h\u00e0 PAINPAIN v\u00e0ng xanh \u0111\u1ecf &#8211; Tu\u00fdp 24 vi\u00ean Tu\u00fdp 20 vi\u00ean &#8211; Ch\u00e2u Ng\u00e2n Pharma"},"content":{"rendered":"<div class=\"e8lZp3\">\n<p class=\"QN2lPu\">Gi\u00fap l\u00e0m d\u1ecbu \u0111au r\u00e1t h\u1ecdng, gi\u1ea3m ho, khan ti\u1ebfng.<\/p>\n<p class=\"QN2lPu\">\n<p class=\"QN2lPu\">TH\u00c0NH PH\u1ea6N<\/p>\n<p class=\"QN2lPu\"> Bromelaine 20mg; Menthol 2mg<\/p>\n<p class=\"QN2lPu\">\n<p class=\"QN2lPu\">C\u00c1CH D\u00d9NG<\/p>\n<p class=\"QN2lPu\">Ng\u1eadm cho tan trong mi\u1ec7ng.<\/p>\n<p class=\"QN2lPu\">&#8211; Ng\u01b0\u1eddi l\u1edbn : 1 vi\u00ean\/l\u1ea7n, ng\u00e0y t\u1ed1i \u0111a 06 vi\u00ean.<\/p>\n<p class=\"QN2lPu\">-Tr\u1ebb em tr\u00ean 6 tu\u1ed5i : 1 vi\u00ean \/l\u1ea7n, ng\u00e0y 2- 3 l\u1ea7n.<\/p>\n<p class=\"QN2lPu\">Kh\u00f4ng n\u00ean d\u00f9ng cho tr\u1ebb em d\u01b0\u1edbi 6 tu\u1ed5i, ph\u1ee5 n\u1eef c\u00f3 thai v\u00e0 cho con b\u00fa.<\/p>\n<p class=\"QN2lPu\">\n<p class=\"QN2lPu\">B\u1ea2O QU\u1ea2N<\/p>\n<p class=\"QN2lPu\">N\u01a1i kh\u00f4 r\u00e1o, nhi\u1ec7t \u0111\u1ed9 kh\u00f4ng qu\u00e2 30C, tr\u00e1nh \u00e1nh s\u00e1ng<\/p>\n<p class=\"QN2lPu\">\n<p class=\"QN2lPu\">QUY C\u00c1CH<\/p>\n<p class=\"QN2lPu\">Tu\u00fdp 24 vi\u00ean &#8211; Tu\u00fdp 20 vi\u00ean<\/p>\n<p class=\"QN2lPu\">\n<p class=\"QN2lPu\">S\u1ea2N PH\u1ea8M KH\u00d4NG PH\u1ea2I L\u00c0 THU\u1ed0C KH\u00d4NG THAY TH\u1ebe THU\u1ed0C CH\u1eeeA B\u1ec6NH<\/p>\n<\/div>\n","protected":false},"excerpt":{"rendered":"<p>Gi\u00fap l\u00e0m d\u1ecbu \u0111au r\u00e1t h\u1ecdng, gi\u1ea3m ho, khan ti\u1ebfng. TH\u00c0NH PH\u1ea6N Bromelaine 20mg; Menthol 2mg C\u00c1CH D\u00d9NG Ng\u1eadm cho tan trong mi\u1ec7ng. &#8211; Ng\u01b0\u1eddi l\u1edbn : 1 vi\u00ean\/l\u1ea7n, ng\u00e0y t\u1ed1i \u0111a 06 vi\u00ean. -Tr\u1ebb em tr\u00ean 6 tu\u1ed5i : 1 vi\u00ean \/l\u1ea7n, ng\u00e0y 2- 3 l\u1ea7n. Kh\u00f4ng n\u00ean d\u00f9ng cho tr\u1ebb em d\u01b0\u1edbi 6&#8230;<\/p>\n","protected":false},"featured_media":14153,"comment_status":"open","ping_status":"closed","template":"","meta":[],"product_brand":[],"product_cat":[1229],"product_tag":[],"class_list":{"0":"post-14088","1":"product","2":"type-product","3":"status-publish","4":"has-post-thumbnail","6":"product_cat-ho-tro-suc-khoe","8":"first","9":"instock","10":"sale","11":"shipping-taxable","12":"purchasable","13":"product-type-variable"},"_links":{"self":[{"href":"https:\/\/web-ban-le.mbws.vn\/suc-khoe\/wp-json\/wp\/v2\/product\/14088","targetHints":{"allow":["GET"]}}],"collection":[{"href":"https:\/\/web-ban-le.mbws.vn\/suc-khoe\/wp-json\/wp\/v2\/product"}],"about":[{"href":"https:\/\/web-ban-le.mbws.vn\/suc-khoe\/wp-json\/wp\/v2\/types\/product"}],"replies":[{"embeddable":true,"href":"https:\/\/web-ban-le.mbws.vn\/suc-khoe\/wp-json\/wp\/v2\/comments?post=14088"}],"wp:featuredmedia":[{"embeddable":true,"href":"https:\/\/web-ban-le.mbws.vn\/suc-khoe\/wp-json\/wp\/v2\/media\/14153"}],"wp:attachment":[{"href":"https:\/\/web-ban-le.mbws.vn\/suc-khoe\/wp-json\/wp\/v2\/media?parent=14088"}],"wp:term":[{"taxonomy":"product_brand","embeddable":true,"href":"https:\/\/web-ban-le.mbws.vn\/suc-khoe\/wp-json\/wp\/v2\/product_brand?post=14088"},{"taxonomy":"product_cat","embeddable":true,"href":"https:\/\/web-ban-le.mbws.vn\/suc-khoe\/wp-json\/wp\/v2\/product_cat?post=14088"},{"taxonomy":"product_tag","embeddable":true,"href":"https:\/\/web-ban-le.mbws.vn\/suc-khoe\/wp-json\/wp\/v2\/product_tag?post=14088"}],"curies":[{"name":"wp","href":"https:\/\/api.w.org\/{rel}","templated":true}]}}