{"id":14089,"date":"2025-10-29T08:57:14","date_gmt":"2025-10-29T01:57:14","guid":{"rendered":"https:\/\/web-ban-le.mbws.vn\/suc-khoe\/?post_type=product&#038;p=14089"},"modified":"2025-10-29T08:57:52","modified_gmt":"2025-10-29T01:57:52","slug":"calcium-d-pp-pharco-chai-100-vien-bo-sung-canxi-ngua-loang-xuong-giup-tang-chieu-cao","status":"publish","type":"product","link":"https:\/\/web-ban-le.mbws.vn\/suc-khoe\/san-pham\/calcium-d-pp-pharco-chai-100-vien-bo-sung-canxi-ngua-loang-xuong-giup-tang-chieu-cao\/","title":{"rendered":"CALCIUM \u2013 D PP.Pharco Chai 100 vi\u00ean &#8211; B\u1ed5 sung canxi ng\u1eeba lo\u00e3ng x\u01b0\u01a1ng &#8211; gi\u00fap t\u0103ng chi\u1ec1u cao"},"content":{"rendered":"<div class=\"e8lZp3\">\n<p class=\"QN2lPu\">CALCIUM \u2013 D PP.Pharco Chai 100 vi\u00ean N\u00e9n&nbsp;<\/p>\n<p class=\"QN2lPu\">\n<p class=\"QN2lPu\">TH\u00c0NH PH\u1ea6N:<\/p>\n<p class=\"QN2lPu\">\n<p class=\"QN2lPu\">Calci gluconate 200 mg<\/p>\n<p class=\"QN2lPu\">\n<p class=\"QN2lPu\">Vitamin D3 20 UI<\/p>\n<p class=\"QN2lPu\">\n<p class=\"QN2lPu\">C\u00d4NG D\u1ee4NG<\/p>\n<p class=\"QN2lPu\">\n<p class=\"QN2lPu\">B\u1ed5 sung Calcium cho c\u01a1 th\u1ec3 \u1edf ng\u01b0\u1eddi l\u1edbn tu\u1ed5i, ph\u1ee5 n\u1eef sau m\u00e3n kinh (ph\u00f2ng lo\u00e3ng x\u01b0\u01a1ng, gi\u1ea3m \u0111au nh\u1ee9c), ph\u1ee5 n\u1eef c\u00f3 thai &amp; cho con b\u00fa, tr\u1ebb \u0111ang l\u1edbn (t\u0103ng chi\u1ec1u cao, c\u00f2i x\u01b0\u01a1ng, suy dinh d\u01b0\u1ee1ng), b\u1ec7nh nh\u00e2n g\u00e3y x\u01b0\u01a1ng (gi\u00fap mau l\u00e0nh x\u01b0\u01a1ng).<\/p>\n<p class=\"QN2lPu\">\n<p class=\"QN2lPu\">Li\u1ec1u l\u01b0\u1ee3ng &#8211; C\u00e1ch d\u00f9ng<\/p>\n<p class=\"QN2lPu\">\n<p class=\"QN2lPu\">U\u1ed1ng 2 vi\u00ean x 1 ho\u1eb7c 2 l\u1ea7n m\u1ed7i ng\u00e0y.<\/p>\n<p class=\"QN2lPu\">\n<p class=\"QN2lPu\">L\u01afU \u00dd:<\/p>\n<p class=\"QN2lPu\">\n<p class=\"QN2lPu\">T\u0103ng Ca m\u00e1u. S\u1ecfi th\u1eadn, suy th\u1eadn n\u1eb7ng. Tr\u1ebb &lt; 12 th\u00e1ng.<\/p>\n<p class=\"QN2lPu\">S\u1ea3n ph\u1ea9m n\u00e0y kh\u00f4ng ph\u1ea3i l\u00e0 thu\u1ed1c, kh\u00f4ng c\u00f3 t\u00e1c d\u1ee5ng thay th\u1ebf thu\u1ed1c ch\u1eefa b\u1ec7nh<\/p>\n<p class=\"QN2lPu\">#vitamiind #canxi #calci #tangchieucao<\/p>\n<p class=\"QN2lPu\">\n<\/div>\n","protected":false},"excerpt":{"rendered":"<p>CALCIUM \u2013 D PP.Pharco Chai 100 vi\u00ean N\u00e9n&nbsp; TH\u00c0NH PH\u1ea6N: Calci gluconate 200 mg Vitamin D3 20 UI C\u00d4NG D\u1ee4NG B\u1ed5 sung Calcium cho c\u01a1 th\u1ec3 \u1edf ng\u01b0\u1eddi l\u1edbn tu\u1ed5i, ph\u1ee5 n\u1eef sau m\u00e3n kinh (ph\u00f2ng lo\u00e3ng x\u01b0\u01a1ng, gi\u1ea3m \u0111au nh\u1ee9c), ph\u1ee5 n\u1eef c\u00f3 thai &amp; cho con b\u00fa, tr\u1ebb \u0111ang l\u1edbn (t\u0103ng chi\u1ec1u cao,&#8230;<\/p>\n","protected":false},"featured_media":14165,"comment_status":"open","ping_status":"closed","template":"","meta":[],"product_brand":[],"product_cat":[1229],"product_tag":[],"class_list":{"0":"post-14089","1":"product","2":"type-product","3":"status-publish","4":"has-post-thumbnail","6":"product_cat-ho-tro-suc-khoe","8":"first","9":"instock","10":"sale","11":"shipping-taxable","12":"purchasable","13":"product-type-simple"},"_links":{"self":[{"href":"https:\/\/web-ban-le.mbws.vn\/suc-khoe\/wp-json\/wp\/v2\/product\/14089","targetHints":{"allow":["GET"]}}],"collection":[{"href":"https:\/\/web-ban-le.mbws.vn\/suc-khoe\/wp-json\/wp\/v2\/product"}],"about":[{"href":"https:\/\/web-ban-le.mbws.vn\/suc-khoe\/wp-json\/wp\/v2\/types\/product"}],"replies":[{"embeddable":true,"href":"https:\/\/web-ban-le.mbws.vn\/suc-khoe\/wp-json\/wp\/v2\/comments?post=14089"}],"wp:featuredmedia":[{"embeddable":true,"href":"https:\/\/web-ban-le.mbws.vn\/suc-khoe\/wp-json\/wp\/v2\/media\/14165"}],"wp:attachment":[{"href":"https:\/\/web-ban-le.mbws.vn\/suc-khoe\/wp-json\/wp\/v2\/media?parent=14089"}],"wp:term":[{"taxonomy":"product_brand","embeddable":true,"href":"https:\/\/web-ban-le.mbws.vn\/suc-khoe\/wp-json\/wp\/v2\/product_brand?post=14089"},{"taxonomy":"product_cat","embeddable":true,"href":"https:\/\/web-ban-le.mbws.vn\/suc-khoe\/wp-json\/wp\/v2\/product_cat?post=14089"},{"taxonomy":"product_tag","embeddable":true,"href":"https:\/\/web-ban-le.mbws.vn\/suc-khoe\/wp-json\/wp\/v2\/product_tag?post=14089"}],"curies":[{"name":"wp","href":"https:\/\/api.w.org\/{rel}","templated":true}]}}