{"id":14094,"date":"2025-10-29T08:57:14","date_gmt":"2025-10-29T01:57:14","guid":{"rendered":"https:\/\/web-ban-le.mbws.vn\/suc-khoe\/?post_type=product&#038;p=14094"},"modified":"2025-10-29T08:58:22","modified_gmt":"2025-10-29T01:58:22","slug":"vien-ho-dau-eurosan-plus-eurosan-fort-hop-100-vien","status":"publish","type":"product","link":"https:\/\/web-ban-le.mbws.vn\/suc-khoe\/san-pham\/vien-ho-dau-eurosan-plus-eurosan-fort-hop-100-vien\/","title":{"rendered":"Vi\u00ean ho d\u1ea7u Eurosan Plus &#8211; Eurosan Fort H\u1ed9p 100 vi\u00ean"},"content":{"rendered":"<div class=\"e8lZp3\">\n<p class=\"QN2lPu\">1. Th\u00e0nh ph\u1ea7n c\u1ee7a Eurosan Plus<\/p>\n<p class=\"QN2lPu\">Eucalyptol 108 mg, tinh d\u1ea7u tr\u00e0m 56mg, mentol 0,6mg, tinh d\u1ea7u t\u1ea7n 0,2mg, tinh d\u1ea7u g\u1eebng 0,8mg<\/p>\n<p class=\"QN2lPu\">Th\u00e0nh ph\u1ea7n kh\u00e1c: Gelatin, glycerin, lecithin, erythrosine, d\u1ea7u c\u1ecd, nipagin, nipasol, d\u1ea7u \u0111\u1eadu n\u00e0nh, n\u01b0\u1edbc c\u1ea5t<\/p>\n<p class=\"QN2lPu\">\n<p class=\"QN2lPu\">2. C\u00f4ng d\u1ee5ng c\u1ee7a Eurosan Plus<\/p>\n<p class=\"QN2lPu\">Gi\u00fap b\u1ed5 ph\u1ebf, l\u00e0m \u1ea5m gi\u1ecdng, gi\u1ea3m ho, gi\u1ea3m \u0111au r\u00e1t h\u1ecdng, th\u00f4ng m\u0169i h\u1ecdng.<\/p>\n<p class=\"QN2lPu\">\n<p class=\"QN2lPu\">3. Li\u1ec1u l\u01b0\u1ee3ng v\u00e0 c\u00e1ch d\u00f9ng c\u1ee7a Eurosan Plus<\/p>\n<p class=\"QN2lPu\">Ng\u01b0\u1eddi l\u1edbn: u\u1ed1ng 2 vi\u00ean, ng\u00e0y 3 l\u1ea7n.<\/p>\n<p class=\"QN2lPu\">Tr\u1ebb em tr\u00ean 2 tu\u1ed5i: u\u1ed1ng l\u1ea7n 1 vi\u00ean, ng\u00e0y 3 l\u1ea7n.<\/p>\n<p class=\"QN2lPu\">\n<p class=\"QN2lPu\">4. \u0110\u1ed1i t\u01b0\u1ee3ng s\u1eed d\u1ee5ng<\/p>\n<p class=\"QN2lPu\">Ng\u01b0\u1eddi l\u1edbn v\u00e0 tr\u1ebb em tr\u00ean 2 tu\u1ed5i.<\/p>\n<p class=\"QN2lPu\">\n<p class=\"QN2lPu\">5. B\u1ea3o qu\u1ea3n<\/p>\n<p class=\"QN2lPu\">\u0110\u1ec3 n\u01a1i kh\u00f4 r\u00e1o, tho\u00e1ng m\u00e1t, tr\u00e1nh \u00e1nh s\u00e1ng.<\/p>\n<p class=\"QN2lPu\">\n<p class=\"QN2lPu\">6. L\u01b0u \u00fd<\/p>\n<p class=\"QN2lPu\">S\u1ea3n ph\u1ea9m n\u00e0y kh\u00f4ng ph\u1ea3i l\u00e0 thu\u1ed1c, kh\u00f4ng c\u00f3 t\u00e1c d\u1ee5ng thay th\u1ebf thu\u1ed1c ch\u1eefa b\u1ec7nh.<\/p>\n<p class=\"QN2lPu\">\n<p class=\"QN2lPu\">&#8212;&#8212;&#8212;&#8212;&#8212;&#8212;&#8212;&#8212;&#8212;&#8212;&#8212;&#8212;&#8212;&#8212;&#8212;-<\/p>\n<p class=\"QN2lPu\">1. Th\u00e0nh ph\u1ea7n c\u1ee7a Eurosan Fort<\/p>\n<p class=\"QN2lPu\">Eucalyptol 100,5mg<\/p>\n<p class=\"QN2lPu\">Tinh d\u1ea7u tr\u00e0m 50mg<\/p>\n<p class=\"QN2lPu\">Menthol 0,5mg<\/p>\n<p class=\"QN2lPu\">Tinh d\u1ea7u t\u1ea7n 0,36mg<\/p>\n<p class=\"QN2lPu\">Tinh d\u1ea7u g\u1eebng 0,75mg<\/p>\n<p class=\"QN2lPu\">Th\u00e0nh ph\u1ea7n kh\u00e1c: Gelatin, glycerin, lecithin, erythrosine, d\u1ea7u c\u1ecd, nipagin, nipasol, d\u1ea7u \u0111\u1eadu n\u00e0nh, n\u01b0\u1edbc c\u1ea5t.<\/p>\n<p class=\"QN2lPu\">\n<p class=\"QN2lPu\">2. C\u00f4ng d\u1ee5ng c\u1ee7a Eurosan Fort<\/p>\n<p class=\"QN2lPu\">Gi\u00fap gi\u1ea3m ho, \u0111au r\u00e1t h\u1ecdng, khan ti\u1ebfng, h\u00f3a \u0111\u1eddm.<\/p>\n<p class=\"QN2lPu\">Gi\u00fap gi\u1ea3m c\u00e1c tri\u1ec7u ch\u1ee9ng c\u1ee7a vi\u00eam \u0111\u01b0\u1eddng h\u00f4 h\u1ea5p tr\u00ean, c\u1ea3m l\u1ea1nh, s\u1ed5 m\u0169i.<\/p>\n<p class=\"QN2lPu\">\n<p class=\"QN2lPu\">3. Li\u1ec1u l\u01b0\u1ee3ng v\u00e0 c\u00e1ch d\u00f9ng c\u1ee7a Eurosan Fort<\/p>\n<p class=\"QN2lPu\">Ng\u01b0\u1eddi l\u1edbn: u\u1ed1ng 2 vi\u00ean, ng\u00e0y 3 l\u1ea7n.<\/p>\n<p class=\"QN2lPu\">Tr\u1ebb em tr\u00ean 2 tu\u1ed5i: u\u1ed1ng l\u1ea7n 1 vi\u00ean, ng\u00e0y 3 l\u1ea7n.<\/p>\n<p class=\"QN2lPu\">\n<p class=\"QN2lPu\">4. \u0110\u1ed1i t\u01b0\u1ee3ng s\u1eed d\u1ee5ng<\/p>\n<p class=\"QN2lPu\">Ng\u01b0\u1eddi l\u1edbn v\u00e0 tr\u1ebb em tr\u00ean 2 tu\u1ed5i.<\/p>\n<p class=\"QN2lPu\">\n<p class=\"QN2lPu\">5. B\u1ea3o qu\u1ea3n<\/p>\n<p class=\"QN2lPu\">\u0110\u1ec3 n\u01a1i kh\u00f4 r\u00e1o, tho\u00e1ng m\u00e1t, tr\u00e1nh \u00e1nh s\u00e1ng.<\/p>\n<p class=\"QN2lPu\">\n<p class=\"QN2lPu\">6. L\u01b0u \u00fd<\/p>\n<p class=\"QN2lPu\">S\u1ea3n ph\u1ea9m n\u00e0y kh\u00f4ng ph\u1ea3i l\u00e0 thu\u1ed1c, kh\u00f4ng c\u00f3 t\u00e1c d\u1ee5ng thay th\u1ebf thu\u1ed1c ch\u1eefa b\u1ec7nh.<\/p>\n<\/div>\n","protected":false},"excerpt":{"rendered":"<p>1. Th\u00e0nh ph\u1ea7n c\u1ee7a Eurosan Plus Eucalyptol 108 mg, tinh d\u1ea7u tr\u00e0m 56mg, mentol 0,6mg, tinh d\u1ea7u t\u1ea7n 0,2mg, tinh d\u1ea7u g\u1eebng 0,8mg Th\u00e0nh ph\u1ea7n kh\u00e1c: Gelatin, glycerin, lecithin, erythrosine, d\u1ea7u c\u1ecd, nipagin, nipasol, d\u1ea7u \u0111\u1eadu n\u00e0nh, n\u01b0\u1edbc c\u1ea5t 2. C\u00f4ng d\u1ee5ng c\u1ee7a Eurosan Plus Gi\u00fap b\u1ed5 ph\u1ebf, l\u00e0m \u1ea5m gi\u1ecdng, gi\u1ea3m ho, gi\u1ea3m \u0111au&#8230;<\/p>\n","protected":false},"featured_media":14191,"comment_status":"open","ping_status":"closed","template":"","meta":[],"product_brand":[],"product_cat":[1229],"product_tag":[],"class_list":{"0":"post-14094","1":"product","2":"type-product","3":"status-publish","4":"has-post-thumbnail","6":"product_cat-ho-tro-suc-khoe","8":"first","9":"instock","10":"sale","11":"shipping-taxable","12":"purchasable","13":"product-type-variable"},"_links":{"self":[{"href":"https:\/\/web-ban-le.mbws.vn\/suc-khoe\/wp-json\/wp\/v2\/product\/14094","targetHints":{"allow":["GET"]}}],"collection":[{"href":"https:\/\/web-ban-le.mbws.vn\/suc-khoe\/wp-json\/wp\/v2\/product"}],"about":[{"href":"https:\/\/web-ban-le.mbws.vn\/suc-khoe\/wp-json\/wp\/v2\/types\/product"}],"replies":[{"embeddable":true,"href":"https:\/\/web-ban-le.mbws.vn\/suc-khoe\/wp-json\/wp\/v2\/comments?post=14094"}],"wp:featuredmedia":[{"embeddable":true,"href":"https:\/\/web-ban-le.mbws.vn\/suc-khoe\/wp-json\/wp\/v2\/media\/14191"}],"wp:attachment":[{"href":"https:\/\/web-ban-le.mbws.vn\/suc-khoe\/wp-json\/wp\/v2\/media?parent=14094"}],"wp:term":[{"taxonomy":"product_brand","embeddable":true,"href":"https:\/\/web-ban-le.mbws.vn\/suc-khoe\/wp-json\/wp\/v2\/product_brand?post=14094"},{"taxonomy":"product_cat","embeddable":true,"href":"https:\/\/web-ban-le.mbws.vn\/suc-khoe\/wp-json\/wp\/v2\/product_cat?post=14094"},{"taxonomy":"product_tag","embeddable":true,"href":"https:\/\/web-ban-le.mbws.vn\/suc-khoe\/wp-json\/wp\/v2\/product_tag?post=14094"}],"curies":[{"name":"wp","href":"https:\/\/api.w.org\/{rel}","templated":true}]}}