{"id":14133,"date":"2025-10-29T08:57:37","date_gmt":"2025-10-29T01:57:37","guid":{"rendered":"https:\/\/web-ban-le.mbws.vn\/suc-khoe\/?post_type=product&#038;p=14133"},"modified":"2025-10-29T08:58:10","modified_gmt":"2025-10-29T01:58:10","slug":"top-pp-pharco-chai-24-vien-giup-bo-phoi-ly-khi-ho-tro-giam-ho-gio-ho-khan-chau-ngan-pharma","status":"publish","type":"product","link":"https:\/\/web-ban-le.mbws.vn\/suc-khoe\/san-pham\/top-pp-pharco-chai-24-vien-giup-bo-phoi-ly-khi-ho-tro-giam-ho-gio-ho-khan-chau-ngan-pharma\/","title":{"rendered":"TOP-PP.PHARCO Chai 24 vi\u00ean &#8211; Gi\u00fap b\u1ed5 ph\u1ed5i, l\u00fd kh\u00ed, h\u1ed7 tr\u1ee3 gi\u1ea3m ho gi\u00f3, ho khan &#8211; Ch\u00e2u Ng\u00e2n Pharma"},"content":{"rendered":"<div class=\"e8lZp3\">\n<p class=\"QN2lPu\">C\u00d4NG D\u1ee4NG:<\/p>\n<p class=\"QN2lPu\">\n<p class=\"QN2lPu\">Gi\u00fap b\u1ed5 ph\u1ed5i, l\u00fd kh\u00ed, h\u1ed7 tr\u1ee3 gi\u1ea3m ho gi\u00f3, ho khan, ho do thay \u0111\u1ed5i th\u1eddi ti\u1ebft<\/p>\n<p class=\"QN2lPu\">\n<p class=\"QN2lPu\">TH\u00c0NH PH\u1ea6N<\/p>\n<p class=\"QN2lPu\">\n<p class=\"QN2lPu\">Cao Vi\u1ec5n Ch\u00ed 30 mg<\/p>\n<p class=\"QN2lPu\">Cao C\u00e1t c\u00e1nh&nbsp; 10 mg<\/p>\n<p class=\"QN2lPu\">Cao Cam Th\u1ea3o &nbsp;10 mg<\/p>\n<p class=\"QN2lPu\">\n<p class=\"QN2lPu\">\u0110\u1ed0I T\u01af\u1ee2NG:<\/p>\n<p class=\"QN2lPu\">\n<p class=\"QN2lPu\">Nh\u1eefng ng\u01b0\u1eddi ho gi\u00f3, ho khan, ho do thay \u0111\u1ed5i th\u1eddi ti\u1ebft<\/p>\n<p class=\"QN2lPu\">\n<p class=\"QN2lPu\">C\u00c1CH D\u00d9NG:<\/p>\n<p class=\"QN2lPu\">\n<p class=\"QN2lPu\">Ng\u01b0\u1eddi&nbsp; l\u1edbn: u\u1ed1ng 2-4 vi\u00ean\/ng\u00e0y<\/p>\n<p class=\"QN2lPu\">\n<p class=\"QN2lPu\">Tr\u1ebb em tr\u00ean 2 tu\u1ed5i: u\u1ed1ng 1-2 vi\u00ean\/ng\u00e0y<\/p>\n<p class=\"QN2lPu\">\n<p class=\"QN2lPu\">B\u1ea2O QU\u1ea2N<\/p>\n<p class=\"QN2lPu\">\n<p class=\"QN2lPu\">&#8211; B\u1ea3o qu\u1ea3n n\u01a1i kh\u00f4 m\u00e1t, tr\u00e1nh \u00e1nh n\u1eafng tr\u1ef1c ti\u1ebfp. \u0110\u1ec3 xa t\u1ea7m tay tr\u1ebb em.<\/p>\n<p class=\"QN2lPu\">\n<p class=\"QN2lPu\">QUY C\u00c1CH<\/p>\n<p class=\"QN2lPu\">\n<p class=\"QN2lPu\">Chai 24 <\/p>\n<p class=\"QN2lPu\">vi\u00ean<\/p>\n<p class=\"QN2lPu\">S\u1ea3n ph\u1ea9m n\u00e0y kh\u00f4ng ph\u1ea3i l\u00e0 thu\u1ed1c, kh\u00f4ng c\u00f3 t\u00e1c d\u1ee5ng thay th\u1ebf thu\u1ed1c<\/p>\n<\/div>\n","protected":false},"excerpt":{"rendered":"<p>C\u00d4NG D\u1ee4NG: Gi\u00fap b\u1ed5 ph\u1ed5i, l\u00fd kh\u00ed, h\u1ed7 tr\u1ee3 gi\u1ea3m ho gi\u00f3, ho khan, ho do thay \u0111\u1ed5i th\u1eddi ti\u1ebft TH\u00c0NH PH\u1ea6N Cao Vi\u1ec5n Ch\u00ed 30 mg Cao C\u00e1t c\u00e1nh&nbsp; 10 mg Cao Cam Th\u1ea3o &nbsp;10 mg \u0110\u1ed0I T\u01af\u1ee2NG: Nh\u1eefng ng\u01b0\u1eddi ho gi\u00f3, ho khan, ho do thay \u0111\u1ed5i th\u1eddi ti\u1ebft C\u00c1CH D\u00d9NG: Ng\u01b0\u1eddi&nbsp; l\u1edbn:&#8230;<\/p>\n","protected":false},"featured_media":14198,"comment_status":"open","ping_status":"closed","template":"","meta":[],"product_brand":[],"product_cat":[1229],"product_tag":[],"class_list":{"0":"post-14133","1":"product","2":"type-product","3":"status-publish","4":"has-post-thumbnail","6":"product_cat-ho-tro-suc-khoe","8":"first","9":"instock","10":"shipping-taxable","11":"purchasable","12":"product-type-simple"},"_links":{"self":[{"href":"https:\/\/web-ban-le.mbws.vn\/suc-khoe\/wp-json\/wp\/v2\/product\/14133","targetHints":{"allow":["GET"]}}],"collection":[{"href":"https:\/\/web-ban-le.mbws.vn\/suc-khoe\/wp-json\/wp\/v2\/product"}],"about":[{"href":"https:\/\/web-ban-le.mbws.vn\/suc-khoe\/wp-json\/wp\/v2\/types\/product"}],"replies":[{"embeddable":true,"href":"https:\/\/web-ban-le.mbws.vn\/suc-khoe\/wp-json\/wp\/v2\/comments?post=14133"}],"wp:featuredmedia":[{"embeddable":true,"href":"https:\/\/web-ban-le.mbws.vn\/suc-khoe\/wp-json\/wp\/v2\/media\/14198"}],"wp:attachment":[{"href":"https:\/\/web-ban-le.mbws.vn\/suc-khoe\/wp-json\/wp\/v2\/media?parent=14133"}],"wp:term":[{"taxonomy":"product_brand","embeddable":true,"href":"https:\/\/web-ban-le.mbws.vn\/suc-khoe\/wp-json\/wp\/v2\/product_brand?post=14133"},{"taxonomy":"product_cat","embeddable":true,"href":"https:\/\/web-ban-le.mbws.vn\/suc-khoe\/wp-json\/wp\/v2\/product_cat?post=14133"},{"taxonomy":"product_tag","embeddable":true,"href":"https:\/\/web-ban-le.mbws.vn\/suc-khoe\/wp-json\/wp\/v2\/product_tag?post=14133"}],"curies":[{"name":"wp","href":"https:\/\/api.w.org\/{rel}","templated":true}]}}