{"id":14134,"date":"2025-10-29T08:57:37","date_gmt":"2025-10-29T01:57:37","guid":{"rendered":"https:\/\/web-ban-le.mbws.vn\/suc-khoe\/?post_type=product&#038;p=14134"},"modified":"2025-10-29T08:58:12","modified_gmt":"2025-10-29T01:58:12","slug":"sua-ong-chua-mekophar-20-vien","status":"publish","type":"product","link":"https:\/\/web-ban-le.mbws.vn\/suc-khoe\/san-pham\/sua-ong-chua-mekophar-20-vien\/","title":{"rendered":"S\u1eefa Ong Ch\u00faa Mekophar 20 vi\u00ean"},"content":{"rendered":"<div class=\"e8lZp3\">\n<p class=\"QN2lPu\">1. M\u00f4 t\u1ea3 s\u1ea3n ph\u1ea9m S\u1eefa Ong Ch\u00faa Mekophar<\/p>\n<p class=\"QN2lPu\">\u2014 S\u1eefa ong ch\u00faa ch\u1ee9a protein (c\u00f3 \u0111\u1ebfn 20 acid amin c\u1ea7n thi\u1ebft cho c\u00e1c ho\u1ea1t \u0111\u1ed9ng c\u1ee7a c\u01a1 th\u00e9, \u0111\u1eb7c bi\u1ec7t cho s\u1ef1 bi\u1ebfn d\u01b0\u1ee1ng c\u1ee7a n\u00e3o), glucid, lipid, c\u00e1c mu\u1ed1i v\u00f4 c\u01a1 v\u00e0 c\u00e1c vitamin nh\u01b0: B1, B2, B3, B6, PP, H,&#8230;<\/p>\n<p class=\"QN2lPu\">\u2014 S\u1eefa ong ch\u00faa c\u00f3 t\u00e1c d\u1ee5ng th\u00fac \u0111\u1ea9y s\u1ef1 h\u00ecnh th\u00e0nh t\u1ebf b\u00e0o m\u1edbi, l\u00e0m ch\u1eadm s\u1ef1 tho\u00e1i bi\u1ebfn c\u1ee7a c\u00e1c t\u1ebf b\u00e0o hi\u1ec7n h\u1eefu, \u0111i\u1ec1u h\u00f2a huy\u1ebft \u00e1p, duy tr\u00ec t\u00ednh b\u1ec1n c\u1ee7a th\u00e0nh m\u1ea1ch m\u00e1u v\u00e0 gi\u00fap ng\u0103n ng\u1eeba b\u1ec7nh x\u01a1 v\u1eefa \u0111\u1ed9ng m\u1ea1ch.<\/p>\n<p class=\"QN2lPu\">\u2014 S\u1eefa ong ch\u00faa c\u00f2n c\u00f3 kh\u1ea3 n\u0103ng th\u00fac \u0111\u1ea9y qu\u00e1 tr\u00ecnh t\u1ea1o h\u1ed3ng c\u1ea7u, y\u1ec3m tr\u1ee3 v\u00e0 th\u00fac \u0111\u1ea9y h\u1ec7 mi\u1ec5n nhi\u1ec5m (nh\u1ea5t l\u00e0 \u1edf ng\u01b0\u1eddi gi\u00e0 th\u01b0\u1eddng b\u1ecb suy gi\u1ea3m h\u1ec7 mi\u1ec5n d\u1ecbch), nh\u1edd \u0111\u00f3 gi\u00fap ng\u0103n ng\u1eeba \u0111\u01b0\u1ee3c nhi\u1ec1u lo\u1ea1i b\u1ec7nh.<\/p>\n<p class=\"QN2lPu\">\n<p class=\"QN2lPu\">2. Th\u00e0nh ph\u1ea7n c\u1ee7a S\u1eefa Ong Ch\u00faa Mekophar<\/p>\n<p class=\"QN2lPu\">S\u1eefa ong ch\u00faa (Lac Regis Apis) t\u01b0\u01a1ng \u0111\u01b0\u01a1ng v\u1edbi protein to\u00e0n ph\u1ea7n 2,8 mg<\/p>\n<p class=\"QN2lPu\">Ph\u1ee5 li\u1ec7u: vanilin, magnesium stearate, carboxymethyl cellulose sodium, povidone K29\/32, \u0111\u01b0\u1eddngtr\u1eafng, m\u00e0u tartrazine.<\/p>\n<p class=\"QN2lPu\">\n<p class=\"QN2lPu\">3. C\u00f4ng d\u1ee5ng c\u1ee7a S\u1eefa Ong Ch\u00faa Mekophar<\/p>\n<p class=\"QN2lPu\">B\u1ed3i d\u01b0\u1ee1ng cho ng\u01b0\u1eddi gi\u00e0 y\u1ebfu, ng\u01b0\u1eddi b\u1ec7nh m\u1edbi kh\u1ecfi, tr\u1ebb em suy dinh d\u01b0\u1ee1ng, bi\u1ebfng \u0103n.<\/p>\n<p class=\"QN2lPu\">\n<p class=\"QN2lPu\">4. Li\u1ec1u l\u01b0\u1ee3ng v\u00e0 c\u00e1ch d\u00f9ng c\u1ee7a S\u1eefa Ong Ch\u00faa Mekophar<\/p>\n<p class=\"QN2lPu\">Ng\u1eadm cho tan t\u1eeb t\u1eeb trong mi\u1ec7ng.<\/p>\n<p class=\"QN2lPu\">&#8211; Ng\u01b0\u1eddi l\u1edbn: 4 &#8211; 8 vi\u00ean\/ng\u00e0y, chia 2 l\u1ea7n.<\/p>\n<p class=\"QN2lPu\">&#8211; Tr\u1ebb em: 2 &#8211; 4 vi\u00ean\/ng\u00e0y, chia 2 l\u1ea7n.<\/p>\n<p class=\"QN2lPu\">Th\u1eddi gian s\u1eed d\u1ee5ng t\u1ed1i thi\u1ec3u 20 ng\u00e0y (v\u00ec sau khi d\u00f9ng 3 &#8211; 4 tu\u1ea7n m\u1edbi b\u1eaft \u0111\u1ea7u c\u00f3 hi\u1ec7u qu\u1ea3). C\u00f3 th\u1ec3 s\u1eed d\u1ee5ng li\u00ean t\u1ee5c 6 &#8211; 10 tu\u1ea7n.<\/p>\n<p class=\"QN2lPu\">\n<p class=\"QN2lPu\">5. \u0110\u1ed1i t\u01b0\u1ee3ng s\u1eed d\u1ee5ng<\/p>\n<p class=\"QN2lPu\">Ng\u01b0\u1eddi l\u1edbn v\u00e0 tr\u1ebb em.<\/p>\n<p class=\"QN2lPu\">\n<p class=\"QN2lPu\">6. B\u1ea3o qu\u1ea3n<\/p>\n<p class=\"QN2lPu\">N\u01a1i kh\u00f4, m\u00e1t, tr\u00e1nh \u00e1nh n\u1eafng tr\u1ef1c ti\u1ebfp<\/p>\n<p class=\"QN2lPu\">#suaongchua <\/p>\n<p class=\"QN2lPu\">S\u1ea3n ph\u1ea9m n\u00e0y kh\u00f4ng ph\u1ea3i l\u00e0 thu\u1ed1c, kh\u00f4ng c\u00f3 t\u00e1c d\u1ee5ng thay th\u1ebf thu\u1ed1c<\/p>\n<\/div>\n","protected":false},"excerpt":{"rendered":"<p>1. M\u00f4 t\u1ea3 s\u1ea3n ph\u1ea9m S\u1eefa Ong Ch\u00faa Mekophar \u2014 S\u1eefa ong ch\u00faa ch\u1ee9a protein (c\u00f3 \u0111\u1ebfn 20 acid amin c\u1ea7n thi\u1ebft cho c\u00e1c ho\u1ea1t \u0111\u1ed9ng c\u1ee7a c\u01a1 th\u00e9, \u0111\u1eb7c bi\u1ec7t cho s\u1ef1 bi\u1ebfn d\u01b0\u1ee1ng c\u1ee7a n\u00e3o), glucid, lipid, c\u00e1c mu\u1ed1i v\u00f4 c\u01a1 v\u00e0 c\u00e1c vitamin nh\u01b0: B1, B2, B3, B6, PP, H,&#8230; \u2014 S\u1eefa&#8230;<\/p>\n","protected":false},"featured_media":14199,"comment_status":"open","ping_status":"closed","template":"","meta":[],"product_brand":[],"product_cat":[1229],"product_tag":[],"class_list":{"0":"post-14134","1":"product","2":"type-product","3":"status-publish","4":"has-post-thumbnail","6":"product_cat-ho-tro-suc-khoe","8":"first","9":"instock","10":"sale","11":"shipping-taxable","12":"purchasable","13":"product-type-simple"},"_links":{"self":[{"href":"https:\/\/web-ban-le.mbws.vn\/suc-khoe\/wp-json\/wp\/v2\/product\/14134","targetHints":{"allow":["GET"]}}],"collection":[{"href":"https:\/\/web-ban-le.mbws.vn\/suc-khoe\/wp-json\/wp\/v2\/product"}],"about":[{"href":"https:\/\/web-ban-le.mbws.vn\/suc-khoe\/wp-json\/wp\/v2\/types\/product"}],"replies":[{"embeddable":true,"href":"https:\/\/web-ban-le.mbws.vn\/suc-khoe\/wp-json\/wp\/v2\/comments?post=14134"}],"wp:featuredmedia":[{"embeddable":true,"href":"https:\/\/web-ban-le.mbws.vn\/suc-khoe\/wp-json\/wp\/v2\/media\/14199"}],"wp:attachment":[{"href":"https:\/\/web-ban-le.mbws.vn\/suc-khoe\/wp-json\/wp\/v2\/media?parent=14134"}],"wp:term":[{"taxonomy":"product_brand","embeddable":true,"href":"https:\/\/web-ban-le.mbws.vn\/suc-khoe\/wp-json\/wp\/v2\/product_brand?post=14134"},{"taxonomy":"product_cat","embeddable":true,"href":"https:\/\/web-ban-le.mbws.vn\/suc-khoe\/wp-json\/wp\/v2\/product_cat?post=14134"},{"taxonomy":"product_tag","embeddable":true,"href":"https:\/\/web-ban-le.mbws.vn\/suc-khoe\/wp-json\/wp\/v2\/product_tag?post=14134"}],"curies":[{"name":"wp","href":"https:\/\/api.w.org\/{rel}","templated":true}]}}