{"id":14135,"date":"2025-10-29T08:57:37","date_gmt":"2025-10-29T01:57:37","guid":{"rendered":"https:\/\/web-ban-le.mbws.vn\/suc-khoe\/?post_type=product&#038;p=14135"},"modified":"2025-10-29T08:58:15","modified_gmt":"2025-10-29T01:58:15","slug":"ho-tro-an-than-de-ngu-ngu-ngon-giac-stilusar-60-pp-pharco-hop-100-vien-chau-ngan-pharma","status":"publish","type":"product","link":"https:\/\/web-ban-le.mbws.vn\/suc-khoe\/san-pham\/ho-tro-an-than-de-ngu-ngu-ngon-giac-stilusar-60-pp-pharco-hop-100-vien-chau-ngan-pharma\/","title":{"rendered":"H\u1ed7 tr\u1ee3 an th\u1ea7n &#8211; d\u1ec5 ng\u0169 &#8211; ng\u1ee7 ngon gi\u1ea5c  STILUSAR 60 PP.Pharco &#8211; H\u1ed9p 100 vi\u00ean &#8211; Ch\u00e2u Ng\u00e2n Pharma"},"content":{"rendered":"<div class=\"e8lZp3\">\n<p class=\"QN2lPu\">Th\u00e0nh ph\u1ea7n:<\/p>\n<p class=\"QN2lPu\">\n<p class=\"QN2lPu\">M\u1ed7i vi\u00ean StiluSar-60 ch\u1ee9a 60mg cao h\u1ed7n h\u1ee3p t\u01b0\u01a1ng \u0111\u01b0\u01a1ng th\u1ea3o m\u1ed9c th\u00f4 t\u1ef7 l\u1ec7 1:20<\/p>\n<p class=\"QN2lPu\">\n<p class=\"QN2lPu\">B\u00ecnh v\u00f4i 450mg<\/p>\n<p class=\"QN2lPu\">L\u1ea1c ti\u00ean 450mg<\/p>\n<p class=\"QN2lPu\">T\u00e2m sen 300mg<\/p>\n<p class=\"QN2lPu\">\n<p class=\"QN2lPu\">C\u00f4ng d\u1ee5ng:<\/p>\n<p class=\"QN2lPu\">\n<p class=\"QN2lPu\">H\u1ed5 tr\u1ee3 an th\u1ea7n, gi\u00fap d\u1ec5 ng\u1ee7, ng\u1ee7 ngon gi\u1ea5c<\/p>\n<p class=\"QN2lPu\">\n<p class=\"QN2lPu\">C\u00e1ch d\u00f9ng &#8211; Li\u1ec1u d\u00f9ng<\/p>\n<p class=\"QN2lPu\">\n<p class=\"QN2lPu\">Ng\u01b0\u1eddi l\u1edbn m\u1ea5t ng\u1ee7, kh\u00f3 ng\u1ee7, ng\u1ee7 kh\u00f4ng ngon gi\u1ea5c.<\/p>\n<p class=\"QN2lPu\">Ng\u01b0\u1eddi l\u1edbn: u\u1ed1ng 2 vi\u00ean m\u1ed7i ng\u00e0y, tr\u01b0\u1edbc khi \u0111i ng\u1ee7 30-60 ph\u00fat<\/p>\n<p class=\"QN2lPu\">Ch\u1ed1ng ch\u1ec9 \u0111\u1ecbnh<\/p>\n<p class=\"QN2lPu\">M\u1eabn c\u1ea3m v\u1edbi b\u1ea5t c\u1ee9 th\u00e0nh ph\u1ea7n n\u00e0o c\u1ee7a&nbsp;thu\u1ed1c.<\/p>\n<p class=\"QN2lPu\">Ng\u01b0\u1eddi \u0111ang v\u1eadn h\u00e0nh t\u00e0u xe, m\u00e1y m\u00f3c, ng\u01b0\u1eddi tr\u1ea7m c\u1ea3m.<\/p>\n<p class=\"QN2lPu\">Ph\u1ee5 n\u1eef c\u00f3 thai, cho con b\u00fa, tham kh\u1ea3o \u00fd ki\u1ebfn chuy\u00ean gia tr\u01b0\u1edbc khi d\u00f9ng<\/p>\n<p class=\"QN2lPu\">\n<p class=\"QN2lPu\">B\u1ea3o qu\u1ea3n:<\/p>\n<p class=\"QN2lPu\">\n<p class=\"QN2lPu\">N\u01a1i kh\u00f4 r\u00e1o, tho\u00e1ng m\u00e1t, tr\u00e1nh \u00e1nh s\u00e1ng tr\u1ef1c ti\u1ebfp.<\/p>\n<p class=\"QN2lPu\">\n<p class=\"QN2lPu\">Quy c\u00e1ch:<\/p>\n<p class=\"QN2lPu\">\n<p class=\"QN2lPu\">H\u1ed9p 100 vi\u00ean<\/p>\n<p class=\"QN2lPu\">\n<p class=\"QN2lPu\">Nh\u00e0 s\u1ea3n xu\u1ea5t<\/p>\n<p class=\"QN2lPu\">\n<p class=\"QN2lPu\">Phong Ph\u00fa<\/p>\n<p class=\"QN2lPu\">#anthan #matngu #khongu #ngukhongngongiac #StiluSar #binhvoi #lactien #tamsen #phongphu #chaunganpharma #ngungon #dengu<\/p>\n<\/div>\n","protected":false},"excerpt":{"rendered":"<p>Th\u00e0nh ph\u1ea7n: M\u1ed7i vi\u00ean StiluSar-60 ch\u1ee9a 60mg cao h\u1ed7n h\u1ee3p t\u01b0\u01a1ng \u0111\u01b0\u01a1ng th\u1ea3o m\u1ed9c th\u00f4 t\u1ef7 l\u1ec7 1:20 B\u00ecnh v\u00f4i 450mg L\u1ea1c ti\u00ean 450mg T\u00e2m sen 300mg C\u00f4ng d\u1ee5ng: H\u1ed5 tr\u1ee3 an th\u1ea7n, gi\u00fap d\u1ec5 ng\u1ee7, ng\u1ee7 ngon gi\u1ea5c C\u00e1ch d\u00f9ng &#8211; Li\u1ec1u d\u00f9ng Ng\u01b0\u1eddi l\u1edbn m\u1ea5t ng\u1ee7, kh\u00f3 ng\u1ee7, ng\u1ee7 kh\u00f4ng ngon gi\u1ea5c. Ng\u01b0\u1eddi&#8230;<\/p>\n","protected":false},"featured_media":14201,"comment_status":"open","ping_status":"closed","template":"","meta":[],"product_brand":[],"product_cat":[1229],"product_tag":[],"class_list":{"0":"post-14135","1":"product","2":"type-product","3":"status-publish","4":"has-post-thumbnail","6":"product_cat-ho-tro-suc-khoe","8":"first","9":"instock","10":"sale","11":"shipping-taxable","12":"purchasable","13":"product-type-simple"},"_links":{"self":[{"href":"https:\/\/web-ban-le.mbws.vn\/suc-khoe\/wp-json\/wp\/v2\/product\/14135","targetHints":{"allow":["GET"]}}],"collection":[{"href":"https:\/\/web-ban-le.mbws.vn\/suc-khoe\/wp-json\/wp\/v2\/product"}],"about":[{"href":"https:\/\/web-ban-le.mbws.vn\/suc-khoe\/wp-json\/wp\/v2\/types\/product"}],"replies":[{"embeddable":true,"href":"https:\/\/web-ban-le.mbws.vn\/suc-khoe\/wp-json\/wp\/v2\/comments?post=14135"}],"wp:featuredmedia":[{"embeddable":true,"href":"https:\/\/web-ban-le.mbws.vn\/suc-khoe\/wp-json\/wp\/v2\/media\/14201"}],"wp:attachment":[{"href":"https:\/\/web-ban-le.mbws.vn\/suc-khoe\/wp-json\/wp\/v2\/media?parent=14135"}],"wp:term":[{"taxonomy":"product_brand","embeddable":true,"href":"https:\/\/web-ban-le.mbws.vn\/suc-khoe\/wp-json\/wp\/v2\/product_brand?post=14135"},{"taxonomy":"product_cat","embeddable":true,"href":"https:\/\/web-ban-le.mbws.vn\/suc-khoe\/wp-json\/wp\/v2\/product_cat?post=14135"},{"taxonomy":"product_tag","embeddable":true,"href":"https:\/\/web-ban-le.mbws.vn\/suc-khoe\/wp-json\/wp\/v2\/product_tag?post=14135"}],"curies":[{"name":"wp","href":"https:\/\/api.w.org\/{rel}","templated":true}]}}