{"id":14136,"date":"2025-10-29T08:57:37","date_gmt":"2025-10-29T01:57:37","guid":{"rendered":"https:\/\/web-ban-le.mbws.vn\/suc-khoe\/?post_type=product&#038;p=14136"},"modified":"2025-10-29T08:58:22","modified_gmt":"2025-10-29T01:58:22","slug":"vien-uong-boi-bo-suc-khoe-multivitamin-chai-400-500-vien-hoa-duoc","status":"publish","type":"product","link":"https:\/\/web-ban-le.mbws.vn\/suc-khoe\/san-pham\/vien-uong-boi-bo-suc-khoe-multivitamin-chai-400-500-vien-hoa-duoc\/","title":{"rendered":"Vi\u00ean u\u1ed1ng b\u1ed3i b\u1ed5 s\u1ee9c kh\u1ecfe Multivitamin Chai 400 &#8211; 500 vi\u00ean H\u00f3a D\u01b0\u1ee3c"},"content":{"rendered":"<div class=\"e8lZp3\">\n<p class=\"QN2lPu\">Th\u00e0nh ph\u1ea7n: Vitamin B1 1mg, Vitamin B5 1mg, Vitamin B6 1mg, Vitamin PP 5mg,Vitamin B9 0,2mg, Ferrous sulfat 4,5mg<\/p>\n<p class=\"QN2lPu\">C\u00f4ng d\u1ee5ng: Gi\u00fap b\u1ed5 sung c\u00e1c vitamin v\u00e0 kho\u00e1ng ch\u1ea5t cho c\u01a1 th\u1ec3.N\u00e2ng cao s\u1ee9c \u0111\u1ec1 kh\u00e1ng.Gi\u00fap t\u0103ng c\u01b0\u1eddng s\u1ee9c kh\u1ecfe, k\u00edch th\u00edch \u0103n ngon mi\u1ec7ng<\/p>\n<p class=\"QN2lPu\">C\u00e1ch d\u00f9ng: <\/p>\n<p class=\"QN2lPu\">u\u1ed1ng tr\u01b0\u1edbc b\u1eefa \u0103n 30 ph\u00fat. Ng\u01b0\u1eddi l\u1edbn: 2 vi\u00ean\/ng\u00e0y, ng\u00e0y 2 l\u1ea7n. <\/p>\n<p class=\"QN2lPu\">Tr\u1ebb em tr\u00ean 2 tu\u1ed5i: 1 vi\u00ean\/ng\u00e0y, ng\u00e0y 2 l\u1ea7n<\/p>\n<p class=\"QN2lPu\">\u0110\u1ed1i t\u01b0\u1ee3ng s\u1eed d\u1ee5ng: <\/p>\n<p class=\"QN2lPu\">Ng\u01b0\u1eddi suy nh\u01b0\u1ee3c c\u01a1 th\u1ec3, g\u1ea7y y\u1ebfu, c\u00f2i x\u01b0\u01a1ng, suy dinh d\u01b0\u1ee1ng. Ng\u01b0\u1eddi m\u1edbi \u1ed1m d\u1eady, ng\u01b0\u1eddi c\u00f3 s\u1ee9c \u0111\u1ec1 kh\u00e1ng k\u00e9m<\/p>\n<p class=\"QN2lPu\">B\u1ea3o qu\u1ea3n: N\u01a1i kh\u00f4 r\u00e1o, tho\u00e1ng m\u00e1t, tr\u00e1nh \u00e1nh s\u00e1ng tr\u1ef1c ti\u1ebfp<\/p>\n<p class=\"QN2lPu\">Kh\u00f4ng d\u00f9ng cho ng\u01b0\u1eddi b\u1ecb m\u1eabn c\u1ea3m v\u1edbi b\u1ea5t c\u1ee9 th\u00e0nh ph\u1ea7n n\u00e0o c\u1ee7a s\u1ea3n ph\u1ea9m<\/p>\n<p class=\"QN2lPu\">S\u1ea3n ph\u1ea9m n\u00e0y kh\u00f4ng ph\u1ea3i l\u00e0 thu\u1ed1c, kh\u00f4ng thay th\u1ebf thu\u1ed1c <\/p>\n<p class=\"QN2lPu\">Multivitaminvitamin b<\/p>\n<\/div>\n","protected":false},"excerpt":{"rendered":"<p>Th\u00e0nh ph\u1ea7n: Vitamin B1 1mg, Vitamin B5 1mg, Vitamin B6 1mg, Vitamin PP 5mg,Vitamin B9 0,2mg, Ferrous sulfat 4,5mg C\u00f4ng d\u1ee5ng: Gi\u00fap b\u1ed5 sung c\u00e1c vitamin v\u00e0 kho\u00e1ng ch\u1ea5t cho c\u01a1 th\u1ec3.N\u00e2ng cao s\u1ee9c \u0111\u1ec1 kh\u00e1ng.Gi\u00fap t\u0103ng c\u01b0\u1eddng s\u1ee9c kh\u1ecfe, k\u00edch th\u00edch \u0103n ngon mi\u1ec7ng C\u00e1ch d\u00f9ng: u\u1ed1ng tr\u01b0\u1edbc b\u1eefa \u0103n 30 ph\u00fat. Ng\u01b0\u1eddi l\u1edbn:&#8230;<\/p>\n","protected":false},"featured_media":14204,"comment_status":"open","ping_status":"closed","template":"","meta":[],"product_brand":[],"product_cat":[1229],"product_tag":[],"class_list":{"0":"post-14136","1":"product","2":"type-product","3":"status-publish","4":"has-post-thumbnail","6":"product_cat-ho-tro-suc-khoe","8":"first","9":"instock","10":"sale","11":"shipping-taxable","12":"purchasable","13":"product-type-variable"},"_links":{"self":[{"href":"https:\/\/web-ban-le.mbws.vn\/suc-khoe\/wp-json\/wp\/v2\/product\/14136","targetHints":{"allow":["GET"]}}],"collection":[{"href":"https:\/\/web-ban-le.mbws.vn\/suc-khoe\/wp-json\/wp\/v2\/product"}],"about":[{"href":"https:\/\/web-ban-le.mbws.vn\/suc-khoe\/wp-json\/wp\/v2\/types\/product"}],"replies":[{"embeddable":true,"href":"https:\/\/web-ban-le.mbws.vn\/suc-khoe\/wp-json\/wp\/v2\/comments?post=14136"}],"wp:featuredmedia":[{"embeddable":true,"href":"https:\/\/web-ban-le.mbws.vn\/suc-khoe\/wp-json\/wp\/v2\/media\/14204"}],"wp:attachment":[{"href":"https:\/\/web-ban-le.mbws.vn\/suc-khoe\/wp-json\/wp\/v2\/media?parent=14136"}],"wp:term":[{"taxonomy":"product_brand","embeddable":true,"href":"https:\/\/web-ban-le.mbws.vn\/suc-khoe\/wp-json\/wp\/v2\/product_brand?post=14136"},{"taxonomy":"product_cat","embeddable":true,"href":"https:\/\/web-ban-le.mbws.vn\/suc-khoe\/wp-json\/wp\/v2\/product_cat?post=14136"},{"taxonomy":"product_tag","embeddable":true,"href":"https:\/\/web-ban-le.mbws.vn\/suc-khoe\/wp-json\/wp\/v2\/product_tag?post=14136"}],"curies":[{"name":"wp","href":"https:\/\/api.w.org\/{rel}","templated":true}]}}