{"id":14138,"date":"2025-10-29T08:57:37","date_gmt":"2025-10-29T01:57:37","guid":{"rendered":"https:\/\/web-ban-le.mbws.vn\/suc-khoe\/?post_type=product&#038;p=14138"},"modified":"2025-10-29T08:58:26","modified_gmt":"2025-10-29T01:58:26","slug":"diep-ha-chau-plus-hop-100-vien-chau-ngan-pharma","status":"publish","type":"product","link":"https:\/\/web-ban-le.mbws.vn\/suc-khoe\/san-pham\/diep-ha-chau-plus-hop-100-vien-chau-ngan-pharma\/","title":{"rendered":"DI\u1ec6P H\u1ea0 CH\u00c2U PLUS H\u1ed9p 100 vi\u00ean &#8211; Ch\u00e2u Ng\u00e2n Pharma"},"content":{"rendered":"<div class=\"e8lZp3\">\n<p class=\"QN2lPu\">DI\u1ec6P H\u1ea0 CH\u00c2U PLUS PP.Pharco H\u1ed9p 100 vi\u00ean &#8211; Ch\u00e2u Ng\u00e2n<\/p>\n<p class=\"QN2lPu\">TH\u00c0NH PH\u1ea6N:<\/p>\n<p class=\"QN2lPu\">Trong 1 vi\u00ean c\u00f3 ch\u1ee9a:<\/p>\n<p class=\"QN2lPu\">Cao kh\u00f4 Di\u1ec7p h\u1ea1 ch\u00e2u &#8230;&#8230;&#8230;&#8230;&#8230;&#8230;&#8230;&#8230;&#8230;.80 mg<\/p>\n<p class=\"QN2lPu\">Cao kh\u00f4 Actiso &#8230;&#8230;&#8230;&#8230;&#8230;&#8230;&#8230;&#8230;&#8230;&#8230;&#8230;&#8230;&#8230;40 mg<\/p>\n<p class=\"QN2lPu\">C\u00d4NG D\u1ee4NG:<\/p>\n<p class=\"QN2lPu\">H\u1ed7 tr\u1ee3 gi\u1ea3i \u0111\u1ed9c gan, gi\u00fap b\u1ea3o v\u1ec7 v\u00e0 t\u0103ng c\u01b0\u1eddng ch\u1ee9c n\u0103ng gan, <\/p>\n<p class=\"QN2lPu\">H\u1ed7 tr\u1ee3 h\u1ea1n ch\u1ebf t\u00e1c h\u1ea1i do r\u01b0\u1ee3u bia, h\u00f3a ch\u1ea5t \u1ea3nh h\u01b0\u1edfng \u0111\u1ebfn gan.<\/p>\n<p class=\"QN2lPu\">\u0110\u1ed0I T\u01af\u1ee2NG S\u1eec D\u1ee4NG:<\/p>\n<p class=\"QN2lPu\">Ng\u01b0\u1eddi ch\u1ee9c n\u0103ng gan suy gi\u1ea3m do vi\u00eam gan, x\u01a1 gan v\u1edbi c\u00e1c bi\u1ec3u hi\u1ec7n: M\u1ea9n ng\u1ee9a, m\u1ec1 \u0111ay, m\u1ec7t m\u1ecfi, v\u00e0ng da, \u0103n u\u1ed1ng kh\u00f3 ti\u00eau, men gan cao. <\/p>\n<p class=\"QN2lPu\">Ng\u01b0\u1eddi u\u1ed1ng nhi\u1ec1u r\u01b0\u1ee3u bia, h\u00f3a ch\u1ea5t c\u00f3 h\u1ea1i cho gan.<\/p>\n<p class=\"QN2lPu\">C\u00c1CH D\u00d9NG:<\/p>\n<p class=\"QN2lPu\">M\u1ed7i l\u1ea7n u\u1ed1ng 2 &#8211; 3 vi\u00ean, ng\u00e0y u\u1ed1ng 2 l\u1ea7n.<\/p>\n<p class=\"QN2lPu\">Quy c\u00e1ch: H\u1ed9p 100 vi\u00ean, 10 v\u1ec9 x 10 vi\u00ean nang c\u1ee9ng.<\/p>\n<p class=\"QN2lPu\">H\u1ea1n s\u1eed d\u1ee5ng: 36 th\u00e1ng k\u1ec3 t\u1eeb ng\u00e0y s\u1ea3n xu\u1ea5t. <\/p>\n<p class=\"QN2lPu\">S\u1ea3n ph\u1ea9m n\u00e0y kh\u00f4ng ph\u1ea3i l\u00e0 thu\u1ed1c, ko c\u00f3 t\u00e1c d\u1ee5ng thay th\u1ebf thu\u1ed1c<\/p>\n<p class=\"QN2lPu\">#diephachau #di\u1ec7p_h\u1ea1_ch\u00e2u<\/p>\n<p class=\"QN2lPu\">#gi\u1ea3i_\u0111\u1ed9c_gan #giaidocgan<\/p>\n<\/div>\n","protected":false},"excerpt":{"rendered":"<p>DI\u1ec6P H\u1ea0 CH\u00c2U PLUS PP.Pharco H\u1ed9p 100 vi\u00ean &#8211; Ch\u00e2u Ng\u00e2n TH\u00c0NH PH\u1ea6N: Trong 1 vi\u00ean c\u00f3 ch\u1ee9a: Cao kh\u00f4 Di\u1ec7p h\u1ea1 ch\u00e2u &#8230;&#8230;&#8230;&#8230;&#8230;&#8230;&#8230;&#8230;&#8230;.80 mg Cao kh\u00f4 Actiso &#8230;&#8230;&#8230;&#8230;&#8230;&#8230;&#8230;&#8230;&#8230;&#8230;&#8230;&#8230;&#8230;40 mg C\u00d4NG D\u1ee4NG: H\u1ed7 tr\u1ee3 gi\u1ea3i \u0111\u1ed9c gan, gi\u00fap b\u1ea3o v\u1ec7 v\u00e0 t\u0103ng c\u01b0\u1eddng ch\u1ee9c n\u0103ng gan, H\u1ed7 tr\u1ee3 h\u1ea1n ch\u1ebf t\u00e1c h\u1ea1i do r\u01b0\u1ee3u bia,&#8230;<\/p>\n","protected":false},"featured_media":14225,"comment_status":"open","ping_status":"closed","template":"","meta":[],"product_brand":[],"product_cat":[1229],"product_tag":[],"class_list":{"0":"post-14138","1":"product","2":"type-product","3":"status-publish","4":"has-post-thumbnail","6":"product_cat-ho-tro-suc-khoe","8":"first","9":"instock","10":"sale","11":"shipping-taxable","12":"purchasable","13":"product-type-simple"},"_links":{"self":[{"href":"https:\/\/web-ban-le.mbws.vn\/suc-khoe\/wp-json\/wp\/v2\/product\/14138","targetHints":{"allow":["GET"]}}],"collection":[{"href":"https:\/\/web-ban-le.mbws.vn\/suc-khoe\/wp-json\/wp\/v2\/product"}],"about":[{"href":"https:\/\/web-ban-le.mbws.vn\/suc-khoe\/wp-json\/wp\/v2\/types\/product"}],"replies":[{"embeddable":true,"href":"https:\/\/web-ban-le.mbws.vn\/suc-khoe\/wp-json\/wp\/v2\/comments?post=14138"}],"wp:featuredmedia":[{"embeddable":true,"href":"https:\/\/web-ban-le.mbws.vn\/suc-khoe\/wp-json\/wp\/v2\/media\/14225"}],"wp:attachment":[{"href":"https:\/\/web-ban-le.mbws.vn\/suc-khoe\/wp-json\/wp\/v2\/media?parent=14138"}],"wp:term":[{"taxonomy":"product_brand","embeddable":true,"href":"https:\/\/web-ban-le.mbws.vn\/suc-khoe\/wp-json\/wp\/v2\/product_brand?post=14138"},{"taxonomy":"product_cat","embeddable":true,"href":"https:\/\/web-ban-le.mbws.vn\/suc-khoe\/wp-json\/wp\/v2\/product_cat?post=14138"},{"taxonomy":"product_tag","embeddable":true,"href":"https:\/\/web-ban-le.mbws.vn\/suc-khoe\/wp-json\/wp\/v2\/product_tag?post=14138"}],"curies":[{"name":"wp","href":"https:\/\/api.w.org\/{rel}","templated":true}]}}