{"id":14139,"date":"2025-10-29T08:57:38","date_gmt":"2025-10-29T01:57:38","guid":{"rendered":"https:\/\/web-ban-le.mbws.vn\/suc-khoe\/?post_type=product&#038;p=14139"},"modified":"2025-10-29T08:58:27","modified_gmt":"2025-10-29T01:58:27","slug":"bobina-plus-chau-ngan-pharma","status":"publish","type":"product","link":"https:\/\/web-ban-le.mbws.vn\/suc-khoe\/san-pham\/bobina-plus-chau-ngan-pharma\/","title":{"rendered":"BOBINA Plus &#8211; Ch\u00e2u Ng\u00e2n Pharma"},"content":{"rendered":"<div class=\"e8lZp3\">\n<p class=\"QN2lPu\">*Th\u00e0nh ph\u1ea7n c\u1ee7a BOBINA PLUS<\/p>\n<p class=\"QN2lPu\">\ufe63L-Arginine HCl: 100mg<\/p>\n<p class=\"QN2lPu\">\ufe63Cao \u0111\u1eb7c h\u1ed7n h\u1ee3p 300mg-t\u01b0\u01a1ng \u0111\u01b0\u01a1ng v\u1edbi 2050mg d\u01b0\u1ee3c li\u1ec7u bao g\u1ed3m: <\/p>\n<p class=\"QN2lPu\">\uf06cCao c\u00e0 gai leo: 500mg; <\/p>\n<p class=\"QN2lPu\">\uf06cDi\u1ec7p h\u1ea1 ch\u00e2u: 500mg; <\/p>\n<p class=\"QN2lPu\">\uf06cB\u1ed3 b\u1ed3: 300mg; <\/p>\n<p class=\"QN2lPu\">\uf06cC\u00fac gai: 200mg; <\/p>\n<p class=\"QN2lPu\">\uf06cActiso: 200mg; <\/p>\n<p class=\"QN2lPu\">\uf06cRau m\u00e1: 150mg<\/p>\n<p class=\"QN2lPu\">Ph\u1ee5 li\u1ec7u: Calci carbonat, talc, nipagin, nipazol, pylyvinyl Pyrrolidone K30, magnesi stearate v\u1eeba \u0111\u1ee7 1 vi\u00ean.<\/p>\n<p class=\"QN2lPu\">*D\u1ea1ng b\u00e0o ch\u1ebf: Vi\u00ean nang c\u1ee9ng.<\/p>\n<p class=\"QN2lPu\">*Quy c\u00e1ch \u0111\u00f3ng g\u00f3i: L\u1ecd 60 vi\u00ean.<\/p>\n<p class=\"QN2lPu\">*C\u00f4ng d\u1ee5ng c\u1ee7a BOBINA PLUS<\/p>\n<p class=\"QN2lPu\">\ufe63Ng\u01b0\u1eddi ch\u1ee9c n\u0103ng gan k\u00e9m do:vi\u00eam gan, x\u01a1 gan, gan nhi\u1ec5m m\u1ee1, men gan cao.<\/p>\n<p class=\"QN2lPu\">\ufe63Ng\u01b0\u1eddi hay d\u00f9ng nhi\u1ec1u r\u01b0\u1ee3u bia, s\u1eed d\u1ee5ng thu\u1ed1c g\u00e2y h\u1ea1i cho gan.<\/p>\n<p class=\"QN2lPu\">*C\u00e1ch d\u00f9ng &#8211; Li\u1ec1u d\u00f9ng BOBINA PLUS<\/p>\n<p class=\"QN2lPu\">\ufe63Ng\u01b0\u1eddi l\u1edbn v\u00e0 tr\u1ebb em&gt;12 tu\u1ed5i: m\u1ed7i l\u1ea7n u\u1ed1ng 2 vi\u00ean\/l\u1ea7n x 2 l\u1ea7n\/ng\u00e0y, tr\u01b0\u1edbc ho\u1eb7c sau \u0103n.<\/p>\n<p class=\"QN2lPu\">\ufe63Trong tr\u01b0\u1eddng h\u1ee3p c\u1ea7n thi\u1ebft: m\u1ed7i l\u1ea7n u\u1ed1ng 3 vi\u00ean x 2 l\u1ea7n\/ng\u00e0y, tr\u01b0\u1edbc ho\u1eb7c sau \u0103n.<\/p>\n<p class=\"QN2lPu\">\ufe63M\u1ed7i \u0111\u1ee3t n\u00ean d\u00f9ng 90-120 ng\u00e0y \u0111\u1ec3 \u0111\u1ea1t hi\u1ec7u qu\u1ea3.<\/p>\n<p class=\"QN2lPu\">*L\u01b0u \u00fd khi s\u1eed d\u1ee5ng BOBINA PLUS<\/p>\n<p class=\"QN2lPu\">\ufe63V\u1edbi c\u00e1c s\u1ea3n ph\u1ea9m h\u1ebft h\u1ea1n s\u1eed d\u1ee5ng ho\u1eb7c xu\u1ea5t hi\u1ec7n c\u00e1c bi\u1ec3u hi\u1ec7n l\u1ea1 tr\u00ean s\u1ea3n ph\u1ea9m nh\u01b0 m\u1ed1c, \u0111\u1ed5i m\u00e0u, ch\u1ea3y n\u01b0\u1edbc th\u00ec kh\u00f4ng n\u00ean s\u1eed d\u1ee5ng ti\u1ebfp.<\/p>\n<p class=\"QN2lPu\">\ufe63Kh\u00f4ng \u0111\u1ec3 s\u1ea3n ph\u1ea9m g\u1ea7n n\u01a1i tr\u1ebb em ch\u01a1i \u0111\u00f9a, tr\u00e1nh tr\u01b0\u1eddng h\u1ee3p tr\u1ebb em c\u00f3 th\u1ec3 ngh\u1ecbch v\u00e0 v\u00f4 t\u00ecnh u\u1ed1ng ph\u1ea3i.<\/p>\n<\/div>\n","protected":false},"excerpt":{"rendered":"<p>*Th\u00e0nh ph\u1ea7n c\u1ee7a BOBINA PLUS \ufe63L-Arginine HCl: 100mg \ufe63Cao \u0111\u1eb7c h\u1ed7n h\u1ee3p 300mg-t\u01b0\u01a1ng \u0111\u01b0\u01a1ng v\u1edbi 2050mg d\u01b0\u1ee3c li\u1ec7u bao g\u1ed3m: \uf06cCao c\u00e0 gai leo: 500mg; \uf06cDi\u1ec7p h\u1ea1 ch\u00e2u: 500mg; \uf06cB\u1ed3 b\u1ed3: 300mg; \uf06cC\u00fac gai: 200mg; \uf06cActiso: 200mg; \uf06cRau m\u00e1: 150mg Ph\u1ee5 li\u1ec7u: Calci carbonat, talc, nipagin, nipazol, pylyvinyl Pyrrolidone K30, magnesi stearate v\u1eeba \u0111\u1ee7 1&#8230;<\/p>\n","protected":false},"featured_media":14228,"comment_status":"open","ping_status":"closed","template":"","meta":[],"product_brand":[],"product_cat":[1229],"product_tag":[],"class_list":{"0":"post-14139","1":"product","2":"type-product","3":"status-publish","4":"has-post-thumbnail","6":"product_cat-ho-tro-suc-khoe","8":"first","9":"instock","10":"sale","11":"shipping-taxable","12":"purchasable","13":"product-type-simple"},"_links":{"self":[{"href":"https:\/\/web-ban-le.mbws.vn\/suc-khoe\/wp-json\/wp\/v2\/product\/14139","targetHints":{"allow":["GET"]}}],"collection":[{"href":"https:\/\/web-ban-le.mbws.vn\/suc-khoe\/wp-json\/wp\/v2\/product"}],"about":[{"href":"https:\/\/web-ban-le.mbws.vn\/suc-khoe\/wp-json\/wp\/v2\/types\/product"}],"replies":[{"embeddable":true,"href":"https:\/\/web-ban-le.mbws.vn\/suc-khoe\/wp-json\/wp\/v2\/comments?post=14139"}],"wp:featuredmedia":[{"embeddable":true,"href":"https:\/\/web-ban-le.mbws.vn\/suc-khoe\/wp-json\/wp\/v2\/media\/14228"}],"wp:attachment":[{"href":"https:\/\/web-ban-le.mbws.vn\/suc-khoe\/wp-json\/wp\/v2\/media?parent=14139"}],"wp:term":[{"taxonomy":"product_brand","embeddable":true,"href":"https:\/\/web-ban-le.mbws.vn\/suc-khoe\/wp-json\/wp\/v2\/product_brand?post=14139"},{"taxonomy":"product_cat","embeddable":true,"href":"https:\/\/web-ban-le.mbws.vn\/suc-khoe\/wp-json\/wp\/v2\/product_cat?post=14139"},{"taxonomy":"product_tag","embeddable":true,"href":"https:\/\/web-ban-le.mbws.vn\/suc-khoe\/wp-json\/wp\/v2\/product_tag?post=14139"}],"curies":[{"name":"wp","href":"https:\/\/api.w.org\/{rel}","templated":true}]}}